{"id":7060,"date":"2017-06-20T18:33:43","date_gmt":"2017-06-20T18:33:43","guid":{"rendered":"https:\/\/sienteomana.com\/en\/?page_id=7060"},"modified":"2023-04-14T07:32:09","modified_gmt":"2023-04-14T07:32:09","slug":"disfruta-omana-alta","status":"publish","type":"page","link":"https:\/\/sienteomana.com\/en\/disfruta-omana-alta\/","title":{"rendered":"DISCOVER, FEEL, ENJOY"},"content":{"rendered":"<div class=\"standard_wrapper\">\n<div  class=\"one_third withsmallpadding ppb_text\" style=\"padding:30px 0 30px 0;\" >\n<div class=\"standard_wrapper\">\n<div class=\"page_content_wrapper\">\n<div class=\"inner\">\n<div style=\"margin:auto;width:100%\">\n<h1><span style=\"color: #000000;\">OMA\u00d1A ALTA<br \/>\n<\/span><\/h1>\n<p><a href=\"https:\/\/sienteomana.com\/wp-content\/uploads\/sites\/2\/2019\/03\/mapasig.jpg\" target=\"_blank\" rel=\"noopener\"><img decoding=\"async\" loading=\"lazy\" class=\"alignnone size-medium wp-image-10639\" src=\"https:\/\/sienteomana.com\/wp-content\/uploads\/sites\/2\/2019\/03\/mapasig-300x294.jpg\" alt=\"\" width=\"300\" height=\"294\" \/><\/a><\/p>\n<\/div>\n<\/div>\n<\/div>\n<\/div>\n<\/div>\n<\/div>\n<div class=\"standard_wrapper\">\n<div  class=\"one_third withsmallpadding ppb_text\" style=\"padding:30px 0 30px 0;\" >\n<div class=\"standard_wrapper\">\n<div class=\"page_content_wrapper\">\n<div class=\"inner\">\n<div style=\"margin:auto;width:100%\">\n<p>We welcome you to the municipality of Murias de Paredes, Oma\u00f1a Alta, biosphere Reserve. A millenary land that offers you a unique natural environment and a rich cultural legacy that its inhabitants have been able to preserve to this day.<\/p>\n<p>Walk through its valleys and mountains, enjoy the sounds of the water, breathe the cool breeze of the neveros. Walk along its paths and discover some of the inhabitants of its forests. Visit each village and chat with their people, dance at their parties, get excited with their traditions still in force. Search your interior as you walk the forgotten path to Santiago. Savor the rich gastronomy of the mountain.<\/p>\n<p>This website will help you discover, feel and enjoy your trip to this land. It offers you tools to know the history, culture and traditions of the municipality and to explore its natural and ethnographic routes. On its pages you will find the description and links to the online maps of the routes, as well as useful information to find accommodation and eat in each town.<\/p>\n<p>Let yourself go, discover, feel and enjoy. You&#8217;ll be surprised!<\/p>\n<\/div>\n<\/div>\n<\/div>\n<\/div>\n<\/div>\n<\/div>\n<div class=\"standard_wrapper\">\n<div  class=\"one_third last withsmallpadding ppb_text\" style=\"padding:30px 0 30px 0;\" >\n<div class=\"standard_wrapper\">\n<div class=\"page_content_wrapper\">\n<div class=\"inner\">\n<div style=\"margin:auto;width:100%\">\n<h3>SITUATION<\/h3>\n<p>CAPITAL: MURIAS DE PAREDES<\/p>\n<p>LATITUDE: 42 \u00ba 51 \u2032 0\u00bb N<\/p>\n<p>LONGITUDE: 6 \u00ba 11 \u2032 28\u00bb O<\/p>\n<p>DISTANCES:<\/p>\n<p>20 KM TO VILLABLINO<\/p>\n<p>71 KM TO LE\u00d3N<\/p>\n<p>202 KM TO VALLADOLID<\/p>\n<p>389 KM TO MADRID<\/p>\n<p>1534 KM TO BRUSSELS<\/p>\n<\/div>\n<\/div>\n<\/div>\n<\/div>\n<\/div>\n<\/div>\n","protected":false},"excerpt":{"rendered":"<p>OMA\u00d1A ALTA We welcome you to the municipality of Murias de Paredes, Oma\u00f1a Alta, biosphere Reserve. A millenary land that offers you a unique natural environment and a rich cultural legacy that its inhabitants have been able to preserve to [&hellip;]<\/p>\n","protected":false},"author":1,"featured_media":0,"parent":0,"menu_order":0,"comment_status":"closed","ping_status":"closed","template":"","meta":{"inline_featured_image":false,"footnotes":""},"class_list":["post-7060","page","type-page","status-publish","hentry"],"yoast_head":"<!-- This site is optimized with the Yoast SEO plugin v27.3 - https:\/\/yoast.com\/product\/yoast-seo-wordpress\/ -->\n<title>DISCOVER, FEEL, ENJOY - (EN) Siente Oma\u00f1a<\/title>\n<meta name=\"robots\" content=\"index, follow, max-snippet:-1, max-image-preview:large, max-video-preview:-1\" \/>\n<link rel=\"canonical\" href=\"https:\/\/sienteomana.com\/en\/disfruta-omana-alta\/\" \/>\n<meta property=\"og:locale\" content=\"es_ES\" \/>\n<meta property=\"og:type\" content=\"article\" \/>\n<meta property=\"og:title\" content=\"DISCOVER, FEEL, ENJOY - (EN) Siente Oma\u00f1a\" \/>\n<meta property=\"og:description\" content=\"OMA\u00d1A ALTA We welcome you to the municipality of Murias de Paredes, Oma\u00f1a Alta, biosphere Reserve. A millenary land that offers you a unique natural environment and a rich cultural legacy that its inhabitants have been able to preserve to [&hellip;]\" \/>\n<meta property=\"og:url\" content=\"https:\/\/sienteomana.com\/en\/disfruta-omana-alta\/\" \/>\n<meta property=\"og:site_name\" content=\"(EN) Siente Oma\u00f1a\" \/>\n<meta property=\"article:modified_time\" content=\"2023-04-14T07:32:09+00:00\" \/>\n<meta property=\"og:image\" content=\"https:\/\/sienteomana.com\/wp-content\/uploads\/sites\/2\/2019\/03\/mapasig-300x294.jpg\" \/>\n<meta name=\"twitter:card\" content=\"summary_large_image\" \/>\n<meta name=\"twitter:label1\" content=\"Tiempo de lectura\" \/>\n\t<meta name=\"twitter:data1\" content=\"2 minutos\" \/>\n<script type=\"application\/ld+json\" class=\"yoast-schema-graph\">{\"@context\":\"https:\\\/\\\/schema.org\",\"@graph\":[{\"@type\":\"WebPage\",\"@id\":\"https:\\\/\\\/sienteomana.com\\\/en\\\/disfruta-omana-alta\\\/\",\"url\":\"https:\\\/\\\/sienteomana.com\\\/en\\\/disfruta-omana-alta\\\/\",\"name\":\"DISCOVER, FEEL, ENJOY - (EN) Siente Oma\u00f1a\",\"isPartOf\":{\"@id\":\"https:\\\/\\\/sienteomana.com\\\/en\\\/#website\"},\"primaryImageOfPage\":{\"@id\":\"https:\\\/\\\/sienteomana.com\\\/en\\\/disfruta-omana-alta\\\/#primaryimage\"},\"image\":{\"@id\":\"https:\\\/\\\/sienteomana.com\\\/en\\\/disfruta-omana-alta\\\/#primaryimage\"},\"thumbnailUrl\":\"https:\\\/\\\/sienteomana.com\\\/wp-content\\\/uploads\\\/sites\\\/2\\\/2019\\\/03\\\/mapasig-300x294.jpg\",\"datePublished\":\"2017-06-20T18:33:43+00:00\",\"dateModified\":\"2023-04-14T07:32:09+00:00\",\"breadcrumb\":{\"@id\":\"https:\\\/\\\/sienteomana.com\\\/en\\\/disfruta-omana-alta\\\/#breadcrumb\"},\"inLanguage\":\"es\",\"potentialAction\":[{\"@type\":\"ReadAction\",\"target\":[\"https:\\\/\\\/sienteomana.com\\\/en\\\/disfruta-omana-alta\\\/\"]}]},{\"@type\":\"ImageObject\",\"inLanguage\":\"es\",\"@id\":\"https:\\\/\\\/sienteomana.com\\\/en\\\/disfruta-omana-alta\\\/#primaryimage\",\"url\":\"https:\\\/\\\/sienteomana.com\\\/wp-content\\\/uploads\\\/sites\\\/2\\\/2019\\\/03\\\/mapasig-300x294.jpg\",\"contentUrl\":\"https:\\\/\\\/sienteomana.com\\\/wp-content\\\/uploads\\\/sites\\\/2\\\/2019\\\/03\\\/mapasig-300x294.jpg\"},{\"@type\":\"BreadcrumbList\",\"@id\":\"https:\\\/\\\/sienteomana.com\\\/en\\\/disfruta-omana-alta\\\/#breadcrumb\",\"itemListElement\":[{\"@type\":\"ListItem\",\"position\":1,\"name\":\"Home\",\"item\":\"https:\\\/\\\/sienteomana.com\\\/en\\\/\"},{\"@type\":\"ListItem\",\"position\":2,\"name\":\"DISCOVER, FEEL, ENJOY\"}]},{\"@type\":\"WebSite\",\"@id\":\"https:\\\/\\\/sienteomana.com\\\/en\\\/#website\",\"url\":\"https:\\\/\\\/sienteomana.com\\\/en\\\/\",\"name\":\"(EN) Siente Oma\u00f1a\",\"description\":\"Oma\u00f1a\",\"potentialAction\":[{\"@type\":\"SearchAction\",\"target\":{\"@type\":\"EntryPoint\",\"urlTemplate\":\"https:\\\/\\\/sienteomana.com\\\/en\\\/?s={search_term_string}\"},\"query-input\":{\"@type\":\"PropertyValueSpecification\",\"valueRequired\":true,\"valueName\":\"search_term_string\"}}],\"inLanguage\":\"es\"}]}<\/script>\n<!-- \/ Yoast SEO plugin. -->","yoast_head_json":{"title":"DISCOVER, FEEL, ENJOY - (EN) Siente Oma\u00f1a","robots":{"index":"index","follow":"follow","max-snippet":"max-snippet:-1","max-image-preview":"max-image-preview:large","max-video-preview":"max-video-preview:-1"},"canonical":"https:\/\/sienteomana.com\/en\/disfruta-omana-alta\/","og_locale":"es_ES","og_type":"article","og_title":"DISCOVER, FEEL, ENJOY - (EN) Siente Oma\u00f1a","og_description":"OMA\u00d1A ALTA We welcome you to the municipality of Murias de Paredes, Oma\u00f1a Alta, biosphere Reserve. A millenary land that offers you a unique natural environment and a rich cultural legacy that its inhabitants have been able to preserve to [&hellip;]","og_url":"https:\/\/sienteomana.com\/en\/disfruta-omana-alta\/","og_site_name":"(EN) Siente Oma\u00f1a","article_modified_time":"2023-04-14T07:32:09+00:00","og_image":[{"url":"https:\/\/sienteomana.com\/wp-content\/uploads\/sites\/2\/2019\/03\/mapasig-300x294.jpg","type":"","width":"","height":""}],"twitter_card":"summary_large_image","twitter_misc":{"Tiempo de lectura":"2 minutos"},"schema":{"@context":"https:\/\/schema.org","@graph":[{"@type":"WebPage","@id":"https:\/\/sienteomana.com\/en\/disfruta-omana-alta\/","url":"https:\/\/sienteomana.com\/en\/disfruta-omana-alta\/","name":"DISCOVER, FEEL, ENJOY - (EN) Siente Oma\u00f1a","isPartOf":{"@id":"https:\/\/sienteomana.com\/en\/#website"},"primaryImageOfPage":{"@id":"https:\/\/sienteomana.com\/en\/disfruta-omana-alta\/#primaryimage"},"image":{"@id":"https:\/\/sienteomana.com\/en\/disfruta-omana-alta\/#primaryimage"},"thumbnailUrl":"https:\/\/sienteomana.com\/wp-content\/uploads\/sites\/2\/2019\/03\/mapasig-300x294.jpg","datePublished":"2017-06-20T18:33:43+00:00","dateModified":"2023-04-14T07:32:09+00:00","breadcrumb":{"@id":"https:\/\/sienteomana.com\/en\/disfruta-omana-alta\/#breadcrumb"},"inLanguage":"es","potentialAction":[{"@type":"ReadAction","target":["https:\/\/sienteomana.com\/en\/disfruta-omana-alta\/"]}]},{"@type":"ImageObject","inLanguage":"es","@id":"https:\/\/sienteomana.com\/en\/disfruta-omana-alta\/#primaryimage","url":"https:\/\/sienteomana.com\/wp-content\/uploads\/sites\/2\/2019\/03\/mapasig-300x294.jpg","contentUrl":"https:\/\/sienteomana.com\/wp-content\/uploads\/sites\/2\/2019\/03\/mapasig-300x294.jpg"},{"@type":"BreadcrumbList","@id":"https:\/\/sienteomana.com\/en\/disfruta-omana-alta\/#breadcrumb","itemListElement":[{"@type":"ListItem","position":1,"name":"Home","item":"https:\/\/sienteomana.com\/en\/"},{"@type":"ListItem","position":2,"name":"DISCOVER, FEEL, ENJOY"}]},{"@type":"WebSite","@id":"https:\/\/sienteomana.com\/en\/#website","url":"https:\/\/sienteomana.com\/en\/","name":"(EN) Siente Oma\u00f1a","description":"Oma\u00f1a","potentialAction":[{"@type":"SearchAction","target":{"@type":"EntryPoint","urlTemplate":"https:\/\/sienteomana.com\/en\/?s={search_term_string}"},"query-input":{"@type":"PropertyValueSpecification","valueRequired":true,"valueName":"search_term_string"}}],"inLanguage":"es"}]}},"_links":{"self":[{"href":"https:\/\/sienteomana.com\/en\/wp-json\/wp\/v2\/pages\/7060","targetHints":{"allow":["GET"]}}],"collection":[{"href":"https:\/\/sienteomana.com\/en\/wp-json\/wp\/v2\/pages"}],"about":[{"href":"https:\/\/sienteomana.com\/en\/wp-json\/wp\/v2\/types\/page"}],"author":[{"embeddable":true,"href":"https:\/\/sienteomana.com\/en\/wp-json\/wp\/v2\/users\/1"}],"replies":[{"embeddable":true,"href":"https:\/\/sienteomana.com\/en\/wp-json\/wp\/v2\/comments?post=7060"}],"version-history":[{"count":214,"href":"https:\/\/sienteomana.com\/en\/wp-json\/wp\/v2\/pages\/7060\/revisions"}],"predecessor-version":[{"id":14757,"href":"https:\/\/sienteomana.com\/en\/wp-json\/wp\/v2\/pages\/7060\/revisions\/14757"}],"wp:attachment":[{"href":"https:\/\/sienteomana.com\/en\/wp-json\/wp\/v2\/media?parent=7060"}],"curies":[{"name":"wp","href":"https:\/\/api.w.org\/{rel}","templated":true}]}}