{"id":13159,"date":"2020-11-26T12:51:51","date_gmt":"2020-11-26T12:51:51","guid":{"rendered":"https:\/\/sienteomana.com\/en\/?page_id=13159"},"modified":"2023-08-24T15:11:58","modified_gmt":"2023-08-24T15:11:58","slug":"subida-al-miro-paxarin-desde-lazado","status":"publish","type":"page","link":"https:\/\/sienteomana.com\/en\/subida-al-miro-paxarin-desde-lazado\/","title":{"rendered":"ASCENT TO THE MIRO PAXARIN FROM LAZADO"},"content":{"rendered":"<div class=\"standard_wrapper\">\n<div  class=\"one_half withsmallpadding ppb_text\" style=\"padding:30px 0 30px 0;\" >\n<div class=\"standard_wrapper\">\n<div class=\"page_content_wrapper\">\n<div class=\"inner\">\n<div style=\"margin:auto;width:100%\">\n<h1 style=\"text-align: left;\"><span style=\"color: #99cc00;\">ASCENT TO THE MIRO PAXARIN FROM LAZADO<br \/>\n<\/span><\/h1>\n<p style=\"text-align: justify;\">We start from Lazado in the direction of Senra, where we take a track on our right that goes up the right side of the stream. Following the path we will find a fork and follow the same track on the left side of the stream, so we cross it and further on, at the end of the track, we will continue along the meadow with a hut.  From this point, we find a stretch without a path to the summit of Miro de la Laguna and continue along the ridge until we reach first Pe\u00f1a de las Fanas and then Paxarin.<br \/>\nTo return to Lazado we can go back the same way or continue and make a circular route.<\/p>\n<p style=\"text-align: justify;\"><strong>Option circular route:<\/strong><br \/>\n15&#8217;9 km \/\/ 7 h 20 min.<\/p>\n<p style=\"text-align: justify\"><strong>.<br \/>\nFrom Paxar\u00edn, we continue to Pe\u00f1a las \u00c1guilas where we then start to descend through scrubland until we take a path that we follow to reach Lazado.<\/p>\n<p style=\"text-align: justify;\">\n<\/div>\n<\/div>\n<\/div>\n<\/div>\n<\/div>\n<\/div>\n<div class=\"standard_wrapper\">\n<div  class=\"one_half withsmallpadding ppb_text\" style=\"padding:30px 0 30px 0;\" >\n<div class=\"standard_wrapper\">\n<div class=\"page_content_wrapper\">\n<div class=\"inner\">\n<div style=\"margin:auto;width:100%\">\n<h1 style=\"text-align: left;\"><span style=\"color: #99cc00;\">ASCENT TO THE MIRO PAXARIN FROM LAZADO<br \/>\n<\/span><\/h1>\n<p style=\"text-align: justify;\">We start from Lazado in the direction of Senra, where we take a track on our right that goes up the right side of the stream. Following the path we will find a fork and follow the same track on the left side of the stream, so we cross it and further on, at the end of the track, we will continue along the meadow with a hut.  From this point, we find a stretch without a path to the summit of Miro de la Laguna and continue along the ridge until we reach first Pe\u00f1a de las Fanas and then Paxarin.<br \/>\nTo return to Lazado we can go back the same way or continue and make a circular route.<\/p>\n<p style=\"text-align: justify;\"><strong>Option circular route:<\/strong><br \/>\n15&#8217;9 km \/\/ 7 h 20 min.<\/p>\n<p style=\"text-align: justify\"><strong>.<br \/>\nFrom Paxar\u00edn, we continue to Pe\u00f1a las \u00c1guilas where we then start to descend through scrubland until we take a path that we follow to reach Lazado.<\/p>\n<p style=\"text-align: justify;\">\n<\/div>\n<\/div>\n<\/div>\n<\/div>\n<\/div>\n<\/div>\n<div class=\"standard_wrapper\">\n<div  class=\"one_half withsmallpadding ppb_text\" style=\"padding:30px 0 30px 0;\" >\n<div class=\"standard_wrapper\">\n<div class=\"page_content_wrapper\">\n<div class=\"inner\">\n<div style=\"margin:auto;width:100%\">\n<h1 style=\"text-align: left;\"><span style=\"color: #99cc00;\">ASCENT TO THE MIRO PAXARIN FROM LAZADO<br \/>\n<\/span><\/h1>\n<p style=\"text-align: justify;\">We start from Lazado in the direction of Senra, where we take a track on our right that goes up the right side of the stream. Following the path we will find a fork and follow the same track on the left side of the stream, so we cross it and further on, at the end of the track, we will continue along the meadow with a hut.  From this point, we find a stretch without a path to the summit of Miro de la Laguna and continue along the ridge until we reach first Pe\u00f1a de las Fanas and then Paxarin.<br \/>\nTo return to Lazado we can go back the same way or continue and make a circular route.<\/p>\n<p style=\"text-align: justify;\"><strong>Option circular route:<\/strong><br \/>\n15&#8217;9 km \/\/ 7 h 20 min.<\/p>\n<p style=\"text-align: justify\"><strong>.<br \/>\nFrom Paxar\u00edn, we continue to Pe\u00f1a las \u00c1guilas where we then start to descend through scrubland until we take a path that we follow to reach Lazado.<\/p>\n<p style=\"text-align: justify;\">\n<\/div>\n<\/div>\n<\/div>\n<\/div>\n<\/div>\n<\/div>\n<div class=\"standard_wrapper\">\n<div  class=\"one_half withsmallpadding ppb_text\" style=\"padding:30px 0 30px 0;\" >\n<div class=\"standard_wrapper\">\n<div class=\"page_content_wrapper\">\n<div class=\"inner\">\n<div style=\"margin:auto;width:100%\">\n<h3><span style=\"text-decoration: underline; color: #000000;\">MUNICIPALITY<\/span><\/h3>\n<p style=\"padding-left: 30px;\">Murias de Paredes<\/p>\n<h3><span style=\"text-decoration: underline; color: #000000;\">TYPE OF PATH<\/span><\/h3>\n<p style=\"padding-left: 30px;\">Pedestrian walkway with cycle touring sections (MTB)<\/p>\n<p style=\"padding-left: 30px;\">\n<\/div>\n<\/div>\n<\/div>\n<\/div>\n<\/div>\n<\/div>\n<div class=\"standard_wrapper\">\n<div  class=\"one_half last withsmallpadding ppb_text\" style=\"padding:30px 0 30px 0;\" >\n<div class=\"standard_wrapper\">\n<div class=\"page_content_wrapper\">\n<div class=\"inner\">\n<div style=\"margin:auto;width:100%\">\n<h3><span style=\"text-decoration: underline; color: #99cc00;\"><span style=\"color: #000000; text-decoration: underline;\">TECHNICAL DATA<\/span><\/span><\/h3>\n<p style=\"padding-left: 40px;\">Approximate duration: 6 h 30 min (Round trip)<br \/>\nDistance: 13 km (round trip)<br \/>\nType of route: Linear (with the possibility of being circular)<br \/>\nDifficulty: Medium<br \/>\nElevation gain: 601 m<br \/>\nMaximum altitude: 1.883 m<br \/>\nMinimum altitude: 1.282 m<\/p>\n<\/div>\n<\/div>\n<\/div>\n<\/div>\n<\/div>\n<\/div>\n<div class=\"standard_wrapper\">\n<div  class=\"one_half last withsmallpadding ppb_text\" style=\"padding:30px 0 30px 0;\" >\n<div class=\"standard_wrapper\">\n<div class=\"page_content_wrapper\">\n<div class=\"inner\">\n<div style=\"margin:auto;width:100%\">\n<h3><span style=\"text-decoration: underline; color: #99cc00;\"><span style=\"color: #000000; text-decoration: underline;\">TECHNICAL DATA<\/span><\/span><\/h3>\n<p style=\"padding-left: 40px;\">Approximate duration: 6 h 30 min (Round trip)<br \/>\nDistance: 13 km (round trip)<br \/>\nType of route: Linear (with the possibility of being circular)<br \/>\nDifficulty: Medium<br \/>\nElevation gain: 601 m<br \/>\nMaximum altitude: 1.883 m<br \/>\nMinimum altitude: 1.282 m<\/p>\n<\/div>\n<\/div>\n<\/div>\n<\/div>\n<\/div>\n<\/div>\n<div  class=\"one withsmallpadding ppb_text\" style=\"padding:30px;\" >\n<p><iframe loading=\"lazy\" src=\"https:\/\/www.google.com\/maps\/d\/embed?mid=1R-GS6V76eA1Dj0wDjkWY-Q0wmWOxDZxt\" width=\"100%\" height=\"600\"><\/iframe><\/p>\n<\/div>\n<div  class=\"one withsmallpadding ppb_header \" style=\"text-align:left;padding:30px 0 30px 0;\" >\n<div class=\"standard_wrapper\">\n<div class=\"page_content_wrapper\">\n<div class=\"inner\">\n<div style=\"margin:auto;width:100%\">\n<h2 class=\"ppb_title\" style=\"\">DOWNLOAD THE ROUTE<\/h2>\n<hr class=\"title_break left\" style=\"\"\/>\n<div class=\"ppb_header_content\">\n<p>Click on the different versions and download the route directly to your gps device or smartphone &#8211; walk with all the info at your fingertips!<\/p>\n<\/div>\n<\/div>\n<\/div>\n<\/div>\n<\/div>\n<\/div>\n<div class=\"standard_wrapper\">\n<div  class=\"one_third withsmallpadding ppb_text\" style=\"padding:30px 0 30px 0;\" >\n<div class=\"standard_wrapper\">\n<div class=\"page_content_wrapper\">\n<div class=\"inner\">\n<div style=\"margin:auto;width:100%\">\n<p><a href=\"https:\/\/drive.google.com\/file\/d\/1wXICRcu2htt6t3I5aUI4lEXh5yQHH3bC\/view?usp=sharing\"><img decoding=\"async\" loading=\"lazy\" class=\"size-full wp-image-12121 aligncenter\" src=\"https:\/\/sienteomana.com\/wp-content\/uploads\/sites\/2\/2019\/04\/gpx1-e1556101291655.png\" alt=\"\" width=\"50\" height=\"107\" \/><\/a><\/p>\n<\/div>\n<\/div>\n<\/div>\n<\/div>\n<\/div>\n<\/div>\n<div class=\"standard_wrapper\">\n<div  class=\"one_third withsmallpadding ppb_text\" style=\"padding:30px 0 30px 0;\" >\n<div class=\"standard_wrapper\">\n<div class=\"page_content_wrapper\">\n<div class=\"inner\">\n<div style=\"margin:auto;width:100%\">\n<p><a href=\"https:\/\/drive.google.com\/file\/d\/1nstX8R4Np7dUw0xDwclFsL_YmuB57k7_\/view?usp=sharing\"><img decoding=\"async\" loading=\"lazy\" class=\"size-full wp-image-12120 aligncenter\" src=\"https:\/\/sienteomana.com\/wp-content\/uploads\/sites\/2\/2019\/04\/kmz1-e1556101305482.png\" alt=\"\" width=\"50\" height=\"107\" \/><\/a><\/p>\n<\/div>\n<\/div>\n<\/div>\n<\/div>\n<\/div>\n<\/div>\n<div class=\"standard_wrapper\">\n<div  class=\"one_third last withsmallpadding ppb_text\" style=\"padding:30px 0 30px 0;\" >\n<div class=\"standard_wrapper\">\n<div class=\"page_content_wrapper\">\n<div class=\"inner\">\n<div style=\"margin:auto;width:100%\">\n<p><a href=\"https:\/\/www.google.com\/maps\/d\/edit?mid=1R-GS6V76eA1Dj0wDjkWY-Q0wmWOxDZxt&#038;usp=sharing\"><img decoding=\"async\" loading=\"lazy\" class=\"size-full wp-image-12111 aligncenter\" src=\"https:\/\/sienteomana.com\/wp-content\/uploads\/sites\/2\/2019\/04\/phone-e1556100835250.png\" alt=\"\" width=\"50\" height=\"107\" \/><\/a><\/p>\n<\/div>\n<\/div>\n<\/div>\n<\/div>\n<\/div>\n<\/div>\n","protected":false},"excerpt":{"rendered":"<p>ASCENT TO THE MIRO PAXARIN FROM LAZADO We start from Lazado in the direction of Senra, where we take a track on our right that goes up the right side of the stream. Following the path we will find a [&hellip;]<\/p>\n","protected":false},"author":1,"featured_media":0,"parent":0,"menu_order":0,"comment_status":"closed","ping_status":"closed","template":"","meta":{"inline_featured_image":false,"footnotes":""},"class_list":["post-13159","page","type-page","status-publish","hentry"],"yoast_head":"<!-- This site is optimized with the Yoast SEO plugin v27.3 - https:\/\/yoast.com\/product\/yoast-seo-wordpress\/ -->\n<title>ASCENT TO THE MIRO PAXARIN FROM LAZADO - (EN) Siente Oma\u00f1a<\/title>\n<meta name=\"robots\" content=\"index, follow, max-snippet:-1, max-image-preview:large, max-video-preview:-1\" \/>\n<link rel=\"canonical\" href=\"https:\/\/sienteomana.com\/en\/subida-al-miro-paxarin-desde-lazado\/\" \/>\n<meta property=\"og:locale\" content=\"es_ES\" \/>\n<meta property=\"og:type\" content=\"article\" \/>\n<meta property=\"og:title\" content=\"ASCENT TO THE MIRO PAXARIN FROM LAZADO - (EN) Siente Oma\u00f1a\" \/>\n<meta property=\"og:description\" content=\"ASCENT TO THE MIRO PAXARIN FROM LAZADO We start from Lazado in the direction of Senra, where we take a track on our right that goes up the right side of the stream. Following the path we will find a [&hellip;]\" \/>\n<meta property=\"og:url\" content=\"https:\/\/sienteomana.com\/en\/subida-al-miro-paxarin-desde-lazado\/\" \/>\n<meta property=\"og:site_name\" content=\"(EN) Siente Oma\u00f1a\" \/>\n<meta property=\"article:modified_time\" content=\"2023-08-24T15:11:58+00:00\" \/>\n<meta property=\"og:image\" content=\"https:\/\/sienteomana.com\/wp-content\/uploads\/sites\/2\/2019\/04\/gpx1-e1556101291655.png\" \/>\n<meta name=\"twitter:card\" content=\"summary_large_image\" \/>\n<meta name=\"twitter:label1\" content=\"Tiempo de lectura\" \/>\n\t<meta name=\"twitter:data1\" content=\"4 minutos\" \/>\n<script type=\"application\/ld+json\" class=\"yoast-schema-graph\">{\"@context\":\"https:\\\/\\\/schema.org\",\"@graph\":[{\"@type\":\"WebPage\",\"@id\":\"https:\\\/\\\/sienteomana.com\\\/en\\\/subida-al-miro-paxarin-desde-lazado\\\/\",\"url\":\"https:\\\/\\\/sienteomana.com\\\/en\\\/subida-al-miro-paxarin-desde-lazado\\\/\",\"name\":\"ASCENT TO THE MIRO PAXARIN FROM LAZADO - (EN) Siente Oma\u00f1a\",\"isPartOf\":{\"@id\":\"https:\\\/\\\/sienteomana.com\\\/en\\\/#website\"},\"primaryImageOfPage\":{\"@id\":\"https:\\\/\\\/sienteomana.com\\\/en\\\/subida-al-miro-paxarin-desde-lazado\\\/#primaryimage\"},\"image\":{\"@id\":\"https:\\\/\\\/sienteomana.com\\\/en\\\/subida-al-miro-paxarin-desde-lazado\\\/#primaryimage\"},\"thumbnailUrl\":\"https:\\\/\\\/sienteomana.com\\\/wp-content\\\/uploads\\\/sites\\\/2\\\/2019\\\/04\\\/gpx1-e1556101291655.png\",\"datePublished\":\"2020-11-26T12:51:51+00:00\",\"dateModified\":\"2023-08-24T15:11:58+00:00\",\"breadcrumb\":{\"@id\":\"https:\\\/\\\/sienteomana.com\\\/en\\\/subida-al-miro-paxarin-desde-lazado\\\/#breadcrumb\"},\"inLanguage\":\"es\",\"potentialAction\":[{\"@type\":\"ReadAction\",\"target\":[\"https:\\\/\\\/sienteomana.com\\\/en\\\/subida-al-miro-paxarin-desde-lazado\\\/\"]}]},{\"@type\":\"ImageObject\",\"inLanguage\":\"es\",\"@id\":\"https:\\\/\\\/sienteomana.com\\\/en\\\/subida-al-miro-paxarin-desde-lazado\\\/#primaryimage\",\"url\":\"https:\\\/\\\/sienteomana.com\\\/wp-content\\\/uploads\\\/sites\\\/2\\\/2019\\\/04\\\/gpx1-e1556101291655.png\",\"contentUrl\":\"https:\\\/\\\/sienteomana.com\\\/wp-content\\\/uploads\\\/sites\\\/2\\\/2019\\\/04\\\/gpx1-e1556101291655.png\"},{\"@type\":\"BreadcrumbList\",\"@id\":\"https:\\\/\\\/sienteomana.com\\\/en\\\/subida-al-miro-paxarin-desde-lazado\\\/#breadcrumb\",\"itemListElement\":[{\"@type\":\"ListItem\",\"position\":1,\"name\":\"Home\",\"item\":\"https:\\\/\\\/sienteomana.com\\\/en\\\/\"},{\"@type\":\"ListItem\",\"position\":2,\"name\":\"ASCENT TO THE MIRO PAXARIN FROM LAZADO\"}]},{\"@type\":\"WebSite\",\"@id\":\"https:\\\/\\\/sienteomana.com\\\/en\\\/#website\",\"url\":\"https:\\\/\\\/sienteomana.com\\\/en\\\/\",\"name\":\"(EN) Siente Oma\u00f1a\",\"description\":\"Oma\u00f1a\",\"potentialAction\":[{\"@type\":\"SearchAction\",\"target\":{\"@type\":\"EntryPoint\",\"urlTemplate\":\"https:\\\/\\\/sienteomana.com\\\/en\\\/?s={search_term_string}\"},\"query-input\":{\"@type\":\"PropertyValueSpecification\",\"valueRequired\":true,\"valueName\":\"search_term_string\"}}],\"inLanguage\":\"es\"}]}<\/script>\n<!-- \/ Yoast SEO plugin. -->","yoast_head_json":{"title":"ASCENT TO THE MIRO PAXARIN FROM LAZADO - (EN) Siente Oma\u00f1a","robots":{"index":"index","follow":"follow","max-snippet":"max-snippet:-1","max-image-preview":"max-image-preview:large","max-video-preview":"max-video-preview:-1"},"canonical":"https:\/\/sienteomana.com\/en\/subida-al-miro-paxarin-desde-lazado\/","og_locale":"es_ES","og_type":"article","og_title":"ASCENT TO THE MIRO PAXARIN FROM LAZADO - (EN) Siente Oma\u00f1a","og_description":"ASCENT TO THE MIRO PAXARIN FROM LAZADO We start from Lazado in the direction of Senra, where we take a track on our right that goes up the right side of the stream. Following the path we will find a [&hellip;]","og_url":"https:\/\/sienteomana.com\/en\/subida-al-miro-paxarin-desde-lazado\/","og_site_name":"(EN) Siente Oma\u00f1a","article_modified_time":"2023-08-24T15:11:58+00:00","og_image":[{"url":"https:\/\/sienteomana.com\/wp-content\/uploads\/sites\/2\/2019\/04\/gpx1-e1556101291655.png","type":"","width":"","height":""}],"twitter_card":"summary_large_image","twitter_misc":{"Tiempo de lectura":"4 minutos"},"schema":{"@context":"https:\/\/schema.org","@graph":[{"@type":"WebPage","@id":"https:\/\/sienteomana.com\/en\/subida-al-miro-paxarin-desde-lazado\/","url":"https:\/\/sienteomana.com\/en\/subida-al-miro-paxarin-desde-lazado\/","name":"ASCENT TO THE MIRO PAXARIN FROM LAZADO - (EN) Siente Oma\u00f1a","isPartOf":{"@id":"https:\/\/sienteomana.com\/en\/#website"},"primaryImageOfPage":{"@id":"https:\/\/sienteomana.com\/en\/subida-al-miro-paxarin-desde-lazado\/#primaryimage"},"image":{"@id":"https:\/\/sienteomana.com\/en\/subida-al-miro-paxarin-desde-lazado\/#primaryimage"},"thumbnailUrl":"https:\/\/sienteomana.com\/wp-content\/uploads\/sites\/2\/2019\/04\/gpx1-e1556101291655.png","datePublished":"2020-11-26T12:51:51+00:00","dateModified":"2023-08-24T15:11:58+00:00","breadcrumb":{"@id":"https:\/\/sienteomana.com\/en\/subida-al-miro-paxarin-desde-lazado\/#breadcrumb"},"inLanguage":"es","potentialAction":[{"@type":"ReadAction","target":["https:\/\/sienteomana.com\/en\/subida-al-miro-paxarin-desde-lazado\/"]}]},{"@type":"ImageObject","inLanguage":"es","@id":"https:\/\/sienteomana.com\/en\/subida-al-miro-paxarin-desde-lazado\/#primaryimage","url":"https:\/\/sienteomana.com\/wp-content\/uploads\/sites\/2\/2019\/04\/gpx1-e1556101291655.png","contentUrl":"https:\/\/sienteomana.com\/wp-content\/uploads\/sites\/2\/2019\/04\/gpx1-e1556101291655.png"},{"@type":"BreadcrumbList","@id":"https:\/\/sienteomana.com\/en\/subida-al-miro-paxarin-desde-lazado\/#breadcrumb","itemListElement":[{"@type":"ListItem","position":1,"name":"Home","item":"https:\/\/sienteomana.com\/en\/"},{"@type":"ListItem","position":2,"name":"ASCENT TO THE MIRO PAXARIN FROM LAZADO"}]},{"@type":"WebSite","@id":"https:\/\/sienteomana.com\/en\/#website","url":"https:\/\/sienteomana.com\/en\/","name":"(EN) Siente Oma\u00f1a","description":"Oma\u00f1a","potentialAction":[{"@type":"SearchAction","target":{"@type":"EntryPoint","urlTemplate":"https:\/\/sienteomana.com\/en\/?s={search_term_string}"},"query-input":{"@type":"PropertyValueSpecification","valueRequired":true,"valueName":"search_term_string"}}],"inLanguage":"es"}]}},"_links":{"self":[{"href":"https:\/\/sienteomana.com\/en\/wp-json\/wp\/v2\/pages\/13159","targetHints":{"allow":["GET"]}}],"collection":[{"href":"https:\/\/sienteomana.com\/en\/wp-json\/wp\/v2\/pages"}],"about":[{"href":"https:\/\/sienteomana.com\/en\/wp-json\/wp\/v2\/types\/page"}],"author":[{"embeddable":true,"href":"https:\/\/sienteomana.com\/en\/wp-json\/wp\/v2\/users\/1"}],"replies":[{"embeddable":true,"href":"https:\/\/sienteomana.com\/en\/wp-json\/wp\/v2\/comments?post=13159"}],"version-history":[{"count":17,"href":"https:\/\/sienteomana.com\/en\/wp-json\/wp\/v2\/pages\/13159\/revisions"}],"predecessor-version":[{"id":14977,"href":"https:\/\/sienteomana.com\/en\/wp-json\/wp\/v2\/pages\/13159\/revisions\/14977"}],"wp:attachment":[{"href":"https:\/\/sienteomana.com\/en\/wp-json\/wp\/v2\/media?parent=13159"}],"curies":[{"name":"wp","href":"https:\/\/api.w.org\/{rel}","templated":true}]}}