{"id":13144,"date":"2020-11-26T12:47:56","date_gmt":"2020-11-26T12:47:56","guid":{"rendered":"https:\/\/sienteomana.com\/en\/?page_id=13144"},"modified":"2023-08-24T15:07:16","modified_gmt":"2023-08-24T15:07:16","slug":"subida-al-cubichon-desde-murias-de-paredes","status":"publish","type":"page","link":"https:\/\/sienteomana.com\/en\/subida-al-cubichon-desde-murias-de-paredes\/","title":{"rendered":"ASCENT TO CUBICHON FROM MURIAS DE PAREDES"},"content":{"rendered":"<div class=\"standard_wrapper\">\n<div  class=\"one_half withsmallpadding ppb_text\" style=\"padding:30px 0 30px 0;\" >\n<div class=\"standard_wrapper\">\n<div class=\"page_content_wrapper\">\n<div class=\"inner\">\n<div style=\"margin:auto;width:100%\">\n<h1 style=\"text-align: left;\"><span style=\"color: #99cc00;\">ASCENT TO CUBICHON FROM MURIAS DE PAREDES<br \/>\n<\/span><\/h1>\n<p style=\"text-align: justify;\">We start from the Casona de los Condes de Luna, in Murias de Paredes. From here, we go up the road towards Villablino until we reach the Pharmacy. Once past the Pharmacy, we follow the path in front of us, ascending through the Vallao to Pe\u00f1a Yuces. Then take the path on the left which, after a slight ascent, takes you to Pe\u00f1a El Cubich\u00f3n (1,516 m).<\/p>\n<p>To return to Murias we simply have to retrace our steps.<\/p>\n<\/div>\n<\/div>\n<\/div>\n<\/div>\n<\/div>\n<\/div>\n<div class=\"standard_wrapper\">\n<div  class=\"one_half withsmallpadding ppb_text\" style=\"padding:30px 0 30px 0;\" >\n<div class=\"standard_wrapper\">\n<div class=\"page_content_wrapper\">\n<div class=\"inner\">\n<div style=\"margin:auto;width:100%\">\n<h1 style=\"text-align: left;\"><span style=\"color: #99cc00;\">ASCENT TO CUBICHON FROM MURIAS DE PAREDES<br \/>\n<\/span><\/h1>\n<p style=\"text-align: justify;\">We start from the Casona de los Condes de Luna, in Murias de Paredes. From here, we go up the road towards Villablino until we reach the Pharmacy. Once past the Pharmacy, we follow the path in front of us, ascending through the Vallao to Pe\u00f1a Yuces. Then take the path on the left which, after a slight ascent, takes you to Pe\u00f1a El Cubich\u00f3n (1,516 m).<\/p>\n<p>To return to Murias we simply have to retrace our steps.<\/p>\n<\/div>\n<\/div>\n<\/div>\n<\/div>\n<\/div>\n<\/div>\n<div class=\"standard_wrapper\">\n<div  class=\"one_half withsmallpadding ppb_text\" style=\"padding:30px 0 30px 0;\" >\n<div class=\"standard_wrapper\">\n<div class=\"page_content_wrapper\">\n<div class=\"inner\">\n<div style=\"margin:auto;width:100%\">\n<h1 style=\"text-align: left;\"><span style=\"color: #99cc00;\">ASCENT TO CUBICHON FROM MURIAS DE PAREDES<br \/>\n<\/span><\/h1>\n<p style=\"text-align: justify;\">We start from the Casona de los Condes de Luna, in Murias de Paredes. From here, we go up the road towards Villablino until we reach the Pharmacy. Once past the Pharmacy, we follow the path in front of us, ascending through the Vallao to Pe\u00f1a Yuces. Then take the path on the left which, after a slight ascent, takes you to Pe\u00f1a El Cubich\u00f3n (1,516 m).<\/p>\n<p>To return to Murias we simply have to retrace our steps.<\/p>\n<\/div>\n<\/div>\n<\/div>\n<\/div>\n<\/div>\n<\/div>\n<div class=\"standard_wrapper\">\n<div  class=\"one_half withsmallpadding ppb_text\" style=\"padding:30px 0 30px 0;\" >\n<div class=\"standard_wrapper\">\n<div class=\"page_content_wrapper\">\n<div class=\"inner\">\n<div style=\"margin:auto;width:100%\">\n<h3><span style=\"text-decoration: underline; color: #000000;\">MUNICIPALITY<\/span><\/h3>\n<p style=\"padding-left: 30px;\">Murias de Paredes<\/p>\n<h3><span style=\"text-decoration: underline; color: #000000;\">TYPE OF PATH<\/span><\/h3>\n<p style=\"padding-left: 30px;\">Pedestrian walkway with cycle touring sections (MTB)<\/p>\n<h3><span style=\"text-decoration: underline; color: #000000;\">COORDINATES<\/span><\/h3>\n<p style=\"padding-left: 30px;\">Inicio y llegada: <span id=\"coordinates\"><span class=\"plainlinks nourlexpansion\"><span class=\"geo-default\"><span class=\"geo-dms\" title=\"Mapas, fotos y otros datos de 42\u00b050\u203256\u2033N 6\u00b011\u203228\u2033O\"><span class=\"latitude\">2\u00b050\u203256\u2033N <\/span><span class=\"longitude\">6\u00b011\u203228\u2033O<\/span><\/span><\/span><\/span><\/span><\/p>\n<\/div>\n<\/div>\n<\/div>\n<\/div>\n<\/div>\n<\/div>\n<div class=\"standard_wrapper\">\n<div  class=\"one_half last withsmallpadding ppb_text\" style=\"padding:30px 0 30px 0;\" >\n<div class=\"standard_wrapper\">\n<div class=\"page_content_wrapper\">\n<div class=\"inner\">\n<div style=\"margin:auto;width:100%\">\n<h3><span style=\"text-decoration: underline; color: #99cc00;\"><span style=\"color: #000000; text-decoration: underline;\">TECHNICAL DATA<\/span><br \/>\n<\/span><\/h3>\n<p style=\"padding-left: 40px;\">Approximate duration: 1 h 15 min (Return trip)<br \/>\nDistance: 2&#8217;64 km (Round trip)<br \/>\nType of route: Linear<br \/>\nDifficulty: Easy<br \/>\nElevation gain: 111 m<br \/>\nMaximum altitude: 1366 m<br \/>\nMinimum altitude: 1.255 m<\/p>\n<\/div>\n<\/div>\n<\/div>\n<\/div>\n<\/div>\n<\/div>\n<div class=\"standard_wrapper\">\n<div  class=\"one_half last withsmallpadding ppb_text\" style=\"padding:30px 0 30px 0;\" >\n<div class=\"standard_wrapper\">\n<div class=\"page_content_wrapper\">\n<div class=\"inner\">\n<div style=\"margin:auto;width:100%\">\n<h3><span style=\"text-decoration: underline; color: #99cc00;\"><span style=\"color: #000000; text-decoration: underline;\">TECHNICAL DATA<\/span><br \/>\n<\/span><\/h3>\n<p style=\"padding-left: 40px;\">Approximate duration: 1 h 15 min (Return trip)<br \/>\nDistance: 2&#8217;64 km (Round trip)<br \/>\nType of route: Linear<br \/>\nDifficulty: Easy<br \/>\nElevation gain: 111 m<br \/>\nMaximum altitude: 1366 m<br \/>\nMinimum altitude: 1.255 m<\/p>\n<\/div>\n<\/div>\n<\/div>\n<\/div>\n<\/div>\n<\/div>\n<div  class=\"one withsmallpadding ppb_text\" style=\"padding:30px;\" >\n<p><iframe loading=\"lazy\" src=\"https:\/\/www.google.com\/maps\/d\/embed?mid=1-YCl8tj886qF99jtGBMbqLfFM3eCfegx\" width=\"100%\" height=\"600\"><\/iframe><\/p>\n<\/div>\n<div  class=\"one withsmallpadding ppb_header \" style=\"text-align:left;padding:30px 0 30px 0;\" >\n<div class=\"standard_wrapper\">\n<div class=\"page_content_wrapper\">\n<div class=\"inner\">\n<div style=\"margin:auto;width:100%\">\n<h2 class=\"ppb_title\" style=\"\">DOWNLOAD THE ROUTE<\/h2>\n<hr class=\"title_break left\" style=\"\"\/>\n<div class=\"ppb_header_content\">\n<p>Click on the different versions and download the route directly to your gps device or smartphone &#8211; walk with all the info at your fingertips!<\/p>\n<\/div>\n<\/div>\n<\/div>\n<\/div>\n<\/div>\n<\/div>\n<div class=\"standard_wrapper\">\n<div  class=\"one_third withsmallpadding ppb_text\" style=\"padding:30px 0 30px 0;\" >\n<div class=\"standard_wrapper\">\n<div class=\"page_content_wrapper\">\n<div class=\"inner\">\n<div style=\"margin:auto;width:100%\">\n<p><a href=\"https:\/\/drive.google.com\/file\/d\/1tHiIPNViX9oeYGMpZrKsWy0Y58fZMPfI\/view?usp=sharing\"><img decoding=\"async\" loading=\"lazy\" class=\"size-full wp-image-12121 aligncenter\" src=\"https:\/\/sienteomana.com\/wp-content\/uploads\/sites\/2\/2019\/04\/gpx1-e1556101291655.png\" alt=\"\" width=\"50\" height=\"107\" \/><\/a><\/p>\n<\/div>\n<\/div>\n<\/div>\n<\/div>\n<\/div>\n<\/div>\n<div class=\"standard_wrapper\">\n<div  class=\"one_third withsmallpadding ppb_text\" style=\"padding:30px 0 30px 0;\" >\n<div class=\"standard_wrapper\">\n<div class=\"page_content_wrapper\">\n<div class=\"inner\">\n<div style=\"margin:auto;width:100%\">\n<p><a href=\"https:\/\/drive.google.com\/file\/d\/1fiw3Gthyf2s__Q75dLdHT8Ye7crPLckM\/view?usp=sharing\"><img decoding=\"async\" loading=\"lazy\" class=\"size-full wp-image-12120 aligncenter\" src=\"https:\/\/sienteomana.com\/wp-content\/uploads\/sites\/2\/2019\/04\/kmz1-e1556101305482.png\" alt=\"\" width=\"50\" height=\"107\" \/><\/a><\/p>\n<\/div>\n<\/div>\n<\/div>\n<\/div>\n<\/div>\n<\/div>\n<div class=\"standard_wrapper\">\n<div  class=\"one_third last withsmallpadding ppb_text\" style=\"padding:30px 0 30px 0;\" >\n<div class=\"standard_wrapper\">\n<div class=\"page_content_wrapper\">\n<div class=\"inner\">\n<div style=\"margin:auto;width:100%\">\n<p><a href=\"https:\/\/www.google.com\/maps\/d\/edit?mid=1-YCl8tj886qF99jtGBMbqLfFM3eCfegx&#038;usp=sharing\"><img decoding=\"async\" loading=\"lazy\" class=\"size-full wp-image-12111 aligncenter\" src=\"https:\/\/sienteomana.com\/wp-content\/uploads\/sites\/2\/2019\/04\/phone-e1556100835250.png\" alt=\"\" width=\"50\" height=\"107\" \/><\/a><\/p>\n<\/div>\n<\/div>\n<\/div>\n<\/div>\n<\/div>\n<\/div>\n","protected":false},"excerpt":{"rendered":"<p>ASCENT TO CUBICHON FROM MURIAS DE PAREDES We start from the Casona de los Condes de Luna, in Murias de Paredes. From here, we go up the road towards Villablino until we reach the Pharmacy. Once past the Pharmacy, we [&hellip;]<\/p>\n","protected":false},"author":1,"featured_media":0,"parent":0,"menu_order":0,"comment_status":"closed","ping_status":"closed","template":"","meta":{"inline_featured_image":false,"footnotes":""},"class_list":["post-13144","page","type-page","status-publish","hentry"],"yoast_head":"<!-- This site is optimized with the Yoast SEO plugin v27.3 - https:\/\/yoast.com\/product\/yoast-seo-wordpress\/ -->\n<title>ASCENT TO CUBICHON FROM MURIAS DE PAREDES - (EN) Siente Oma\u00f1a<\/title>\n<meta name=\"robots\" content=\"index, follow, max-snippet:-1, max-image-preview:large, max-video-preview:-1\" \/>\n<link rel=\"canonical\" href=\"https:\/\/sienteomana.com\/en\/subida-al-cubichon-desde-murias-de-paredes\/\" \/>\n<meta property=\"og:locale\" content=\"es_ES\" \/>\n<meta property=\"og:type\" content=\"article\" \/>\n<meta property=\"og:title\" content=\"ASCENT TO CUBICHON FROM MURIAS DE PAREDES - (EN) Siente Oma\u00f1a\" \/>\n<meta property=\"og:description\" content=\"ASCENT TO CUBICHON FROM MURIAS DE PAREDES We start from the Casona de los Condes de Luna, in Murias de Paredes. From here, we go up the road towards Villablino until we reach the Pharmacy. Once past the Pharmacy, we [&hellip;]\" \/>\n<meta property=\"og:url\" content=\"https:\/\/sienteomana.com\/en\/subida-al-cubichon-desde-murias-de-paredes\/\" \/>\n<meta property=\"og:site_name\" content=\"(EN) Siente Oma\u00f1a\" \/>\n<meta property=\"article:modified_time\" content=\"2023-08-24T15:07:16+00:00\" \/>\n<meta property=\"og:image\" content=\"https:\/\/sienteomana.com\/wp-content\/uploads\/sites\/2\/2019\/04\/gpx1-e1556101291655.png\" \/>\n<meta name=\"twitter:card\" content=\"summary_large_image\" \/>\n<meta name=\"twitter:label1\" content=\"Tiempo de lectura\" \/>\n\t<meta name=\"twitter:data1\" content=\"3 minutos\" \/>\n<script type=\"application\/ld+json\" class=\"yoast-schema-graph\">{\"@context\":\"https:\\\/\\\/schema.org\",\"@graph\":[{\"@type\":\"WebPage\",\"@id\":\"https:\\\/\\\/sienteomana.com\\\/en\\\/subida-al-cubichon-desde-murias-de-paredes\\\/\",\"url\":\"https:\\\/\\\/sienteomana.com\\\/en\\\/subida-al-cubichon-desde-murias-de-paredes\\\/\",\"name\":\"ASCENT TO CUBICHON FROM MURIAS DE PAREDES - (EN) Siente Oma\u00f1a\",\"isPartOf\":{\"@id\":\"https:\\\/\\\/sienteomana.com\\\/en\\\/#website\"},\"primaryImageOfPage\":{\"@id\":\"https:\\\/\\\/sienteomana.com\\\/en\\\/subida-al-cubichon-desde-murias-de-paredes\\\/#primaryimage\"},\"image\":{\"@id\":\"https:\\\/\\\/sienteomana.com\\\/en\\\/subida-al-cubichon-desde-murias-de-paredes\\\/#primaryimage\"},\"thumbnailUrl\":\"https:\\\/\\\/sienteomana.com\\\/wp-content\\\/uploads\\\/sites\\\/2\\\/2019\\\/04\\\/gpx1-e1556101291655.png\",\"datePublished\":\"2020-11-26T12:47:56+00:00\",\"dateModified\":\"2023-08-24T15:07:16+00:00\",\"breadcrumb\":{\"@id\":\"https:\\\/\\\/sienteomana.com\\\/en\\\/subida-al-cubichon-desde-murias-de-paredes\\\/#breadcrumb\"},\"inLanguage\":\"es\",\"potentialAction\":[{\"@type\":\"ReadAction\",\"target\":[\"https:\\\/\\\/sienteomana.com\\\/en\\\/subida-al-cubichon-desde-murias-de-paredes\\\/\"]}]},{\"@type\":\"ImageObject\",\"inLanguage\":\"es\",\"@id\":\"https:\\\/\\\/sienteomana.com\\\/en\\\/subida-al-cubichon-desde-murias-de-paredes\\\/#primaryimage\",\"url\":\"https:\\\/\\\/sienteomana.com\\\/wp-content\\\/uploads\\\/sites\\\/2\\\/2019\\\/04\\\/gpx1-e1556101291655.png\",\"contentUrl\":\"https:\\\/\\\/sienteomana.com\\\/wp-content\\\/uploads\\\/sites\\\/2\\\/2019\\\/04\\\/gpx1-e1556101291655.png\"},{\"@type\":\"BreadcrumbList\",\"@id\":\"https:\\\/\\\/sienteomana.com\\\/en\\\/subida-al-cubichon-desde-murias-de-paredes\\\/#breadcrumb\",\"itemListElement\":[{\"@type\":\"ListItem\",\"position\":1,\"name\":\"Home\",\"item\":\"https:\\\/\\\/sienteomana.com\\\/en\\\/\"},{\"@type\":\"ListItem\",\"position\":2,\"name\":\"ASCENT TO CUBICHON FROM MURIAS DE PAREDES\"}]},{\"@type\":\"WebSite\",\"@id\":\"https:\\\/\\\/sienteomana.com\\\/en\\\/#website\",\"url\":\"https:\\\/\\\/sienteomana.com\\\/en\\\/\",\"name\":\"(EN) Siente Oma\u00f1a\",\"description\":\"Oma\u00f1a\",\"potentialAction\":[{\"@type\":\"SearchAction\",\"target\":{\"@type\":\"EntryPoint\",\"urlTemplate\":\"https:\\\/\\\/sienteomana.com\\\/en\\\/?s={search_term_string}\"},\"query-input\":{\"@type\":\"PropertyValueSpecification\",\"valueRequired\":true,\"valueName\":\"search_term_string\"}}],\"inLanguage\":\"es\"}]}<\/script>\n<!-- \/ Yoast SEO plugin. -->","yoast_head_json":{"title":"ASCENT TO CUBICHON FROM MURIAS DE PAREDES - (EN) Siente Oma\u00f1a","robots":{"index":"index","follow":"follow","max-snippet":"max-snippet:-1","max-image-preview":"max-image-preview:large","max-video-preview":"max-video-preview:-1"},"canonical":"https:\/\/sienteomana.com\/en\/subida-al-cubichon-desde-murias-de-paredes\/","og_locale":"es_ES","og_type":"article","og_title":"ASCENT TO CUBICHON FROM MURIAS DE PAREDES - (EN) Siente Oma\u00f1a","og_description":"ASCENT TO CUBICHON FROM MURIAS DE PAREDES We start from the Casona de los Condes de Luna, in Murias de Paredes. From here, we go up the road towards Villablino until we reach the Pharmacy. Once past the Pharmacy, we [&hellip;]","og_url":"https:\/\/sienteomana.com\/en\/subida-al-cubichon-desde-murias-de-paredes\/","og_site_name":"(EN) Siente Oma\u00f1a","article_modified_time":"2023-08-24T15:07:16+00:00","og_image":[{"url":"https:\/\/sienteomana.com\/wp-content\/uploads\/sites\/2\/2019\/04\/gpx1-e1556101291655.png","type":"","width":"","height":""}],"twitter_card":"summary_large_image","twitter_misc":{"Tiempo de lectura":"3 minutos"},"schema":{"@context":"https:\/\/schema.org","@graph":[{"@type":"WebPage","@id":"https:\/\/sienteomana.com\/en\/subida-al-cubichon-desde-murias-de-paredes\/","url":"https:\/\/sienteomana.com\/en\/subida-al-cubichon-desde-murias-de-paredes\/","name":"ASCENT TO CUBICHON FROM MURIAS DE PAREDES - (EN) Siente Oma\u00f1a","isPartOf":{"@id":"https:\/\/sienteomana.com\/en\/#website"},"primaryImageOfPage":{"@id":"https:\/\/sienteomana.com\/en\/subida-al-cubichon-desde-murias-de-paredes\/#primaryimage"},"image":{"@id":"https:\/\/sienteomana.com\/en\/subida-al-cubichon-desde-murias-de-paredes\/#primaryimage"},"thumbnailUrl":"https:\/\/sienteomana.com\/wp-content\/uploads\/sites\/2\/2019\/04\/gpx1-e1556101291655.png","datePublished":"2020-11-26T12:47:56+00:00","dateModified":"2023-08-24T15:07:16+00:00","breadcrumb":{"@id":"https:\/\/sienteomana.com\/en\/subida-al-cubichon-desde-murias-de-paredes\/#breadcrumb"},"inLanguage":"es","potentialAction":[{"@type":"ReadAction","target":["https:\/\/sienteomana.com\/en\/subida-al-cubichon-desde-murias-de-paredes\/"]}]},{"@type":"ImageObject","inLanguage":"es","@id":"https:\/\/sienteomana.com\/en\/subida-al-cubichon-desde-murias-de-paredes\/#primaryimage","url":"https:\/\/sienteomana.com\/wp-content\/uploads\/sites\/2\/2019\/04\/gpx1-e1556101291655.png","contentUrl":"https:\/\/sienteomana.com\/wp-content\/uploads\/sites\/2\/2019\/04\/gpx1-e1556101291655.png"},{"@type":"BreadcrumbList","@id":"https:\/\/sienteomana.com\/en\/subida-al-cubichon-desde-murias-de-paredes\/#breadcrumb","itemListElement":[{"@type":"ListItem","position":1,"name":"Home","item":"https:\/\/sienteomana.com\/en\/"},{"@type":"ListItem","position":2,"name":"ASCENT TO CUBICHON FROM MURIAS DE PAREDES"}]},{"@type":"WebSite","@id":"https:\/\/sienteomana.com\/en\/#website","url":"https:\/\/sienteomana.com\/en\/","name":"(EN) Siente Oma\u00f1a","description":"Oma\u00f1a","potentialAction":[{"@type":"SearchAction","target":{"@type":"EntryPoint","urlTemplate":"https:\/\/sienteomana.com\/en\/?s={search_term_string}"},"query-input":{"@type":"PropertyValueSpecification","valueRequired":true,"valueName":"search_term_string"}}],"inLanguage":"es"}]}},"_links":{"self":[{"href":"https:\/\/sienteomana.com\/en\/wp-json\/wp\/v2\/pages\/13144","targetHints":{"allow":["GET"]}}],"collection":[{"href":"https:\/\/sienteomana.com\/en\/wp-json\/wp\/v2\/pages"}],"about":[{"href":"https:\/\/sienteomana.com\/en\/wp-json\/wp\/v2\/types\/page"}],"author":[{"embeddable":true,"href":"https:\/\/sienteomana.com\/en\/wp-json\/wp\/v2\/users\/1"}],"replies":[{"embeddable":true,"href":"https:\/\/sienteomana.com\/en\/wp-json\/wp\/v2\/comments?post=13144"}],"version-history":[{"count":28,"href":"https:\/\/sienteomana.com\/en\/wp-json\/wp\/v2\/pages\/13144\/revisions"}],"predecessor-version":[{"id":14973,"href":"https:\/\/sienteomana.com\/en\/wp-json\/wp\/v2\/pages\/13144\/revisions\/14973"}],"wp:attachment":[{"href":"https:\/\/sienteomana.com\/en\/wp-json\/wp\/v2\/media?parent=13144"}],"curies":[{"name":"wp","href":"https:\/\/api.w.org\/{rel}","templated":true}]}}