{"id":13105,"date":"2020-11-26T12:35:08","date_gmt":"2020-11-26T12:35:08","guid":{"rendered":"https:\/\/sienteomana.com\/en\/?page_id=13105"},"modified":"2021-09-23T11:46:09","modified_gmt":"2021-09-23T11:46:09","slug":"senra-cirujales","status":"publish","type":"page","link":"https:\/\/sienteomana.com\/en\/senra-cirujales\/","title":{"rendered":"SENRA &#8211; CIRUJALES"},"content":{"rendered":"<div class=\"standard_wrapper\">\n<div  class=\"one_half withsmallpadding ppb_text\" style=\"padding:30px 0 30px 0;\" >\n<div class=\"standard_wrapper\">\n<div class=\"page_content_wrapper\">\n<div class=\"inner\">\n<div style=\"margin:auto;width:100%\">\n<h1 style=\"text-align: left;\"><span style=\"color: #99cc00;\">SENRA &#8211; CIRUJALES<br \/>\n<\/span><\/h1>\n<p style=\"text-align: justify;\">Partimos desde Senra, exactamente desde su fuente. Pasamos por los arenales y siguiendo el r\u00edo Oma\u00f1a seguiremos la senda principal hasta cruzar el arroyo de Muriaserina.<\/p>\n<p style=\"text-align: justify;\">Una vez que crucemos el arroyo seguiremos la senda, dejando otra a nuestra derecha y m\u00e1s adelante otra tambi\u00e9n a la derecha. Seguiremos siempre la senda principal sin tomar ning\u00fan tipo de desv\u00edo, primero nos ascender\u00e1 hac\u00eda la Bra\u00f1uela, descenderemos un poco hacia la Or\u00f1uela y volveremos a ascender hasta llegar a la Campona, desde aqu\u00ed nos permitir\u00e1 seguir por el Arzado, la Pe\u00f1a el Miro, Pozas de Linares, Cerro Posada, el Collado de San Vicente y, por \u00faltimo, atravesaremos el Manantial de las Llamas del Cuerno.<\/p>\n<p style=\"text-align: justify;\">Una vez que pasamos por el Manantial y comenzamos a descender un poco por el Collado Mar\u00edn, encontraremos un cruce donde seguiremos la senda de la izquierda, la cual nos llevar\u00e1 hasta el pueblo de Villar de Oma\u00f1a.<\/p>\n<p>Desde Villar de Oma\u00f1a atravesaremos el pueblo y seguiremos la carretera que nos lleva hasta el pueblo de Cirujales.<\/p>\n<p>Para regresar a Senra volveremos sobre nuestros pasos.<\/p>\n<p>\u00a0<\/p>\n<\/div>\n<\/div>\n<\/div>\n<\/div>\n<\/div>\n<\/div>\n<div class=\"standard_wrapper\">\n<div  class=\"one_half withsmallpadding ppb_text\" style=\"padding:30px 0 30px 0;\" >\n<div class=\"standard_wrapper\">\n<div class=\"page_content_wrapper\">\n<div class=\"inner\">\n<div style=\"margin:auto;width:100%\">\n<h1 style=\"text-align: left;\"><span style=\"color: #99cc00;\">SENRA &#8211; CIRUJALES<br \/>\n<\/span><\/h1>\n<p style=\"text-align: justify;\">Partimos desde Senra, exactamente desde su fuente. Pasamos por los arenales y siguiendo el r\u00edo Oma\u00f1a seguiremos la senda principal hasta cruzar el arroyo de Muriaserina.<\/p>\n<p style=\"text-align: justify;\">Una vez que crucemos el arroyo seguiremos la senda, dejando otra a nuestra derecha y m\u00e1s adelante otra tambi\u00e9n a la derecha. Seguiremos siempre la senda principal sin tomar ning\u00fan tipo de desv\u00edo, primero nos ascender\u00e1 hac\u00eda la Bra\u00f1uela, descenderemos un poco hacia la Or\u00f1uela y volveremos a ascender hasta llegar a la Campona, desde aqu\u00ed nos permitir\u00e1 seguir por el Arzado, la Pe\u00f1a el Miro, Pozas de Linares, Cerro Posada, el Collado de San Vicente y, por \u00faltimo, atravesaremos el Manantial de las Llamas del Cuerno.<\/p>\n<p style=\"text-align: justify;\">Una vez que pasamos por el Manantial y comenzamos a descender un poco por el Collado Mar\u00edn, encontraremos un cruce donde seguiremos la senda de la izquierda, la cual nos llevar\u00e1 hasta el pueblo de Villar de Oma\u00f1a.<\/p>\n<p>Desde Villar de Oma\u00f1a atravesaremos el pueblo y seguiremos la carretera que nos lleva hasta el pueblo de Cirujales.<\/p>\n<p>Para regresar a Senra volveremos sobre nuestros pasos.<\/p>\n<p>\u00a0<\/p>\n<\/div>\n<\/div>\n<\/div>\n<\/div>\n<\/div>\n<\/div>\n<div class=\"standard_wrapper\">\n<div  class=\"one_half withsmallpadding ppb_text\" style=\"padding:30px 0 30px 0;\" >\n<div class=\"standard_wrapper\">\n<div class=\"page_content_wrapper\">\n<div class=\"inner\">\n<div style=\"margin:auto;width:100%\">\n<h1 style=\"text-align: left;\"><span style=\"color: #99cc00;\">SENRA &#8211; CIRUJALES<br \/>\n<\/span><\/h1>\n<p style=\"text-align: justify;\">Partimos desde Senra, exactamente desde su fuente. Pasamos por los arenales y siguiendo el r\u00edo Oma\u00f1a seguiremos la senda principal hasta cruzar el arroyo de Muriaserina.<\/p>\n<p style=\"text-align: justify;\">Una vez que crucemos el arroyo seguiremos la senda, dejando otra a nuestra derecha y m\u00e1s adelante otra tambi\u00e9n a la derecha. Seguiremos siempre la senda principal sin tomar ning\u00fan tipo de desv\u00edo, primero nos ascender\u00e1 hac\u00eda la Bra\u00f1uela, descenderemos un poco hacia la Or\u00f1uela y volveremos a ascender hasta llegar a la Campona, desde aqu\u00ed nos permitir\u00e1 seguir por el Arzado, la Pe\u00f1a el Miro, Pozas de Linares, Cerro Posada, el Collado de San Vicente y, por \u00faltimo, atravesaremos el Manantial de las Llamas del Cuerno.<\/p>\n<p style=\"text-align: justify;\">Una vez que pasamos por el Manantial y comenzamos a descender un poco por el Collado Mar\u00edn, encontraremos un cruce donde seguiremos la senda de la izquierda, la cual nos llevar\u00e1 hasta el pueblo de Villar de Oma\u00f1a.<\/p>\n<p>Desde Villar de Oma\u00f1a atravesaremos el pueblo y seguiremos la carretera que nos lleva hasta el pueblo de Cirujales.<\/p>\n<p>Para regresar a Senra volveremos sobre nuestros pasos.<\/p>\n<p>\u00a0<\/p>\n<\/div>\n<\/div>\n<\/div>\n<\/div>\n<\/div>\n<\/div>\n<div class=\"standard_wrapper\">\n<div  class=\"one_half withsmallpadding ppb_text\" style=\"padding:30px 0 30px 0;\" >\n<div class=\"standard_wrapper\">\n<div class=\"page_content_wrapper\">\n<div class=\"inner\">\n<div style=\"margin:auto;width:100%\">\n<h3><span style=\"text-decoration: underline; color: #000000;\">MUNICIPIO<\/span><\/h3>\n<p style=\"padding-left: 30px;\">Murias de Paredes<\/p>\n<h3><span style=\"text-decoration: underline; color: #000000;\">TIPO DE SENDA<\/span><\/h3>\n<p style=\"padding-left: 30px;\">Peatonal con tramos para cicloturismo (BTT)<\/p>\n<p style=\"padding-left: 30px;\">\n<\/div>\n<\/div>\n<\/div>\n<\/div>\n<\/div>\n<\/div>\n<div class=\"standard_wrapper\">\n<div  class=\"one_half last withsmallpadding ppb_text\" style=\"padding:30px 0 30px 0;\" >\n<div class=\"standard_wrapper\">\n<div class=\"page_content_wrapper\">\n<div class=\"inner\">\n<div style=\"margin:auto;width:100%\">\n<h3><span style=\"text-decoration: underline; color: #99cc00;\"><span style=\"color: #000000; text-decoration: underline;\">DATOS T\u00c9CNICOS<\/span><br \/>\n<\/span><\/h3>\n<p style=\"padding-left: 40px;\">Duraci\u00f3n aproximada: 13h 15min (Ida y vuelta)<br \/>\nDistancia: 39\u00b42 km (Ida y vuelta)<br \/>\nTipo de ruta: Lineal<br \/>\nDificultad: Media<br \/>\nDesnivel: 674 m<br \/>\nCota m\u00e1xima: 1.790<br \/>\nCota m\u00ednima: 1.116<\/p>\n<p>\u00a0<\/p>\n<\/div>\n<\/div>\n<\/div>\n<\/div>\n<\/div>\n<\/div>\n<div class=\"standard_wrapper\">\n<div  class=\"one_half last withsmallpadding ppb_text\" style=\"padding:30px 0 30px 0;\" >\n<div class=\"standard_wrapper\">\n<div class=\"page_content_wrapper\">\n<div class=\"inner\">\n<div style=\"margin:auto;width:100%\">\n<h3><span style=\"text-decoration: underline; color: #99cc00;\"><span style=\"color: #000000; text-decoration: underline;\">DATOS T\u00c9CNICOS<\/span><br \/>\n<\/span><\/h3>\n<p style=\"padding-left: 40px;\">Duraci\u00f3n aproximada: 13h 15min (Ida y vuelta)<br \/>\nDistancia: 39\u00b42 km (Ida y vuelta)<br \/>\nTipo de ruta: Lineal<br \/>\nDificultad: Media<br \/>\nDesnivel: 674 m<br \/>\nCota m\u00e1xima: 1.790<br \/>\nCota m\u00ednima: 1.116<\/p>\n<p>\u00a0<\/p>\n<\/div>\n<\/div>\n<\/div>\n<\/div>\n<\/div>\n<\/div>\n<div  class=\"one withsmallpadding ppb_text\" style=\"padding:30px;\" >\n<p><iframe loading=\"lazy\" src=\"https:\/\/www.google.com\/maps\/d\/embed?mid=1N55BrAOlA1CXQxptXqAm6fiX393B52A8\" width=\"100%\" height=\"600\"><\/iframe><\/p>\n<\/div>\n<div  class=\"one withsmallpadding ppb_header \" style=\"text-align:left;padding:30px 0 30px 0;\" >\n<div class=\"standard_wrapper\">\n<div class=\"page_content_wrapper\">\n<div class=\"inner\">\n<div style=\"margin:auto;width:100%\">\n<h2 class=\"ppb_title\" style=\"\">DESCARGA LA RUTA<\/h2>\n<hr class=\"title_break left\" style=\"\"\/>\n<div class=\"ppb_header_content\">\n<p>Pincha en las diferentes versiones y desc\u00e1rgate la ruta, directamente a tu dispositivo gps o smartphone. \u00a1Camina con toda la info en tu mano!<\/p>\n<\/div>\n<\/div>\n<\/div>\n<\/div>\n<\/div>\n<\/div>\n<div class=\"standard_wrapper\">\n<div  class=\"one_third withsmallpadding ppb_text\" style=\"padding:30px 0 30px 0;\" >\n<div class=\"standard_wrapper\">\n<div class=\"page_content_wrapper\">\n<div class=\"inner\">\n<div style=\"margin:auto;width:100%\">\n<p><a href=\"https:\/\/drive.google.com\/file\/d\/1s_7DZfreoiFjI2aUjaa_yJS_qveKKjud\/view?usp=sharing\"><img decoding=\"async\" loading=\"lazy\" class=\"size-full wp-image-12121 aligncenter\" src=\"https:\/\/sienteomana.com\/wp-content\/uploads\/sites\/2\/2019\/04\/gpx1-e1556101291655.png\" alt=\"\" width=\"50\" height=\"107\" \/><\/a><\/p>\n<\/div>\n<\/div>\n<\/div>\n<\/div>\n<\/div>\n<\/div>\n<div class=\"standard_wrapper\">\n<div  class=\"one_third withsmallpadding ppb_text\" style=\"padding:30px 0 30px 0;\" >\n<div class=\"standard_wrapper\">\n<div class=\"page_content_wrapper\">\n<div class=\"inner\">\n<div style=\"margin:auto;width:100%\">\n<p><a href=\"https:\/\/drive.google.com\/file\/d\/1WtzezE53v8jWOeDvXzLiuiEbMzuPv1Ak\/view?usp=sharing\"><img decoding=\"async\" loading=\"lazy\" class=\"size-full wp-image-12120 aligncenter\" src=\"https:\/\/sienteomana.com\/wp-content\/uploads\/sites\/2\/2019\/04\/kmz1-e1556101305482.png\" alt=\"\" width=\"50\" height=\"107\" \/><\/a><\/p>\n<\/div>\n<\/div>\n<\/div>\n<\/div>\n<\/div>\n<\/div>\n<div class=\"standard_wrapper\">\n<div  class=\"one_third last withsmallpadding ppb_text\" style=\"padding:30px 0 30px 0;\" >\n<div class=\"standard_wrapper\">\n<div class=\"page_content_wrapper\">\n<div class=\"inner\">\n<div style=\"margin:auto;width:100%\">\n<p><a href=\"https:\/\/www.google.com\/maps\/d\/edit?mid=1N55BrAOlA1CXQxptXqAm6fiX393B52A8&#038;usp=sharing\"><img decoding=\"async\" loading=\"lazy\" class=\"size-full wp-image-12111 aligncenter\" src=\"https:\/\/sienteomana.com\/wp-content\/uploads\/sites\/2\/2019\/04\/phone-e1556100835250.png\" alt=\"\" width=\"50\" height=\"107\" \/><\/a><\/p>\n<\/div>\n<\/div>\n<\/div>\n<\/div>\n<\/div>\n<\/div>\n","protected":false},"excerpt":{"rendered":"<p>SENRA &#8211; CIRUJALES Partimos desde Senra, exactamente desde su fuente. Pasamos por los arenales y siguiendo el r\u00edo Oma\u00f1a seguiremos la senda principal hasta cruzar el arroyo de Muriaserina. Una vez que crucemos el arroyo seguiremos la senda, dejando otra [&hellip;]<\/p>\n","protected":false},"author":1,"featured_media":0,"parent":0,"menu_order":0,"comment_status":"closed","ping_status":"closed","template":"","meta":{"inline_featured_image":false,"footnotes":""},"class_list":["post-13105","page","type-page","status-publish","hentry"],"yoast_head":"<!-- This site is optimized with the Yoast SEO plugin v27.3 - https:\/\/yoast.com\/product\/yoast-seo-wordpress\/ -->\n<title>SENRA - CIRUJALES - (EN) Siente Oma\u00f1a<\/title>\n<meta name=\"robots\" content=\"index, follow, max-snippet:-1, max-image-preview:large, max-video-preview:-1\" \/>\n<link rel=\"canonical\" href=\"https:\/\/sienteomana.com\/en\/senra-cirujales\/\" \/>\n<meta property=\"og:locale\" content=\"es_ES\" \/>\n<meta property=\"og:type\" content=\"article\" \/>\n<meta property=\"og:title\" content=\"SENRA - CIRUJALES - (EN) Siente Oma\u00f1a\" \/>\n<meta property=\"og:description\" content=\"SENRA &#8211; CIRUJALES Partimos desde Senra, exactamente desde su fuente. Pasamos por los arenales y siguiendo el r\u00edo Oma\u00f1a seguiremos la senda principal hasta cruzar el arroyo de Muriaserina. Una vez que crucemos el arroyo seguiremos la senda, dejando otra [&hellip;]\" \/>\n<meta property=\"og:url\" content=\"https:\/\/sienteomana.com\/en\/senra-cirujales\/\" \/>\n<meta property=\"og:site_name\" content=\"(EN) Siente Oma\u00f1a\" \/>\n<meta property=\"article:modified_time\" content=\"2021-09-23T11:46:09+00:00\" \/>\n<meta property=\"og:image\" content=\"https:\/\/sienteomana.com\/wp-content\/uploads\/sites\/2\/2019\/04\/gpx1-e1556101291655.png\" \/>\n<meta name=\"twitter:card\" content=\"summary_large_image\" \/>\n<meta name=\"twitter:label1\" content=\"Tiempo de lectura\" \/>\n\t<meta name=\"twitter:data1\" content=\"3 minutos\" \/>\n<script type=\"application\/ld+json\" class=\"yoast-schema-graph\">{\"@context\":\"https:\\\/\\\/schema.org\",\"@graph\":[{\"@type\":\"WebPage\",\"@id\":\"https:\\\/\\\/sienteomana.com\\\/en\\\/senra-cirujales\\\/\",\"url\":\"https:\\\/\\\/sienteomana.com\\\/en\\\/senra-cirujales\\\/\",\"name\":\"SENRA - CIRUJALES - (EN) Siente Oma\u00f1a\",\"isPartOf\":{\"@id\":\"https:\\\/\\\/sienteomana.com\\\/en\\\/#website\"},\"primaryImageOfPage\":{\"@id\":\"https:\\\/\\\/sienteomana.com\\\/en\\\/senra-cirujales\\\/#primaryimage\"},\"image\":{\"@id\":\"https:\\\/\\\/sienteomana.com\\\/en\\\/senra-cirujales\\\/#primaryimage\"},\"thumbnailUrl\":\"https:\\\/\\\/sienteomana.com\\\/wp-content\\\/uploads\\\/sites\\\/2\\\/2019\\\/04\\\/gpx1-e1556101291655.png\",\"datePublished\":\"2020-11-26T12:35:08+00:00\",\"dateModified\":\"2021-09-23T11:46:09+00:00\",\"breadcrumb\":{\"@id\":\"https:\\\/\\\/sienteomana.com\\\/en\\\/senra-cirujales\\\/#breadcrumb\"},\"inLanguage\":\"es\",\"potentialAction\":[{\"@type\":\"ReadAction\",\"target\":[\"https:\\\/\\\/sienteomana.com\\\/en\\\/senra-cirujales\\\/\"]}]},{\"@type\":\"ImageObject\",\"inLanguage\":\"es\",\"@id\":\"https:\\\/\\\/sienteomana.com\\\/en\\\/senra-cirujales\\\/#primaryimage\",\"url\":\"https:\\\/\\\/sienteomana.com\\\/wp-content\\\/uploads\\\/sites\\\/2\\\/2019\\\/04\\\/gpx1-e1556101291655.png\",\"contentUrl\":\"https:\\\/\\\/sienteomana.com\\\/wp-content\\\/uploads\\\/sites\\\/2\\\/2019\\\/04\\\/gpx1-e1556101291655.png\"},{\"@type\":\"BreadcrumbList\",\"@id\":\"https:\\\/\\\/sienteomana.com\\\/en\\\/senra-cirujales\\\/#breadcrumb\",\"itemListElement\":[{\"@type\":\"ListItem\",\"position\":1,\"name\":\"Home\",\"item\":\"https:\\\/\\\/sienteomana.com\\\/en\\\/\"},{\"@type\":\"ListItem\",\"position\":2,\"name\":\"SENRA &#8211; CIRUJALES\"}]},{\"@type\":\"WebSite\",\"@id\":\"https:\\\/\\\/sienteomana.com\\\/en\\\/#website\",\"url\":\"https:\\\/\\\/sienteomana.com\\\/en\\\/\",\"name\":\"(EN) Siente Oma\u00f1a\",\"description\":\"Oma\u00f1a\",\"potentialAction\":[{\"@type\":\"SearchAction\",\"target\":{\"@type\":\"EntryPoint\",\"urlTemplate\":\"https:\\\/\\\/sienteomana.com\\\/en\\\/?s={search_term_string}\"},\"query-input\":{\"@type\":\"PropertyValueSpecification\",\"valueRequired\":true,\"valueName\":\"search_term_string\"}}],\"inLanguage\":\"es\"}]}<\/script>\n<!-- \/ Yoast SEO plugin. -->","yoast_head_json":{"title":"SENRA - CIRUJALES - (EN) Siente Oma\u00f1a","robots":{"index":"index","follow":"follow","max-snippet":"max-snippet:-1","max-image-preview":"max-image-preview:large","max-video-preview":"max-video-preview:-1"},"canonical":"https:\/\/sienteomana.com\/en\/senra-cirujales\/","og_locale":"es_ES","og_type":"article","og_title":"SENRA - CIRUJALES - (EN) Siente Oma\u00f1a","og_description":"SENRA &#8211; CIRUJALES Partimos desde Senra, exactamente desde su fuente. Pasamos por los arenales y siguiendo el r\u00edo Oma\u00f1a seguiremos la senda principal hasta cruzar el arroyo de Muriaserina. Una vez que crucemos el arroyo seguiremos la senda, dejando otra [&hellip;]","og_url":"https:\/\/sienteomana.com\/en\/senra-cirujales\/","og_site_name":"(EN) Siente Oma\u00f1a","article_modified_time":"2021-09-23T11:46:09+00:00","og_image":[{"url":"https:\/\/sienteomana.com\/wp-content\/uploads\/sites\/2\/2019\/04\/gpx1-e1556101291655.png","type":"","width":"","height":""}],"twitter_card":"summary_large_image","twitter_misc":{"Tiempo de lectura":"3 minutos"},"schema":{"@context":"https:\/\/schema.org","@graph":[{"@type":"WebPage","@id":"https:\/\/sienteomana.com\/en\/senra-cirujales\/","url":"https:\/\/sienteomana.com\/en\/senra-cirujales\/","name":"SENRA - CIRUJALES - (EN) Siente Oma\u00f1a","isPartOf":{"@id":"https:\/\/sienteomana.com\/en\/#website"},"primaryImageOfPage":{"@id":"https:\/\/sienteomana.com\/en\/senra-cirujales\/#primaryimage"},"image":{"@id":"https:\/\/sienteomana.com\/en\/senra-cirujales\/#primaryimage"},"thumbnailUrl":"https:\/\/sienteomana.com\/wp-content\/uploads\/sites\/2\/2019\/04\/gpx1-e1556101291655.png","datePublished":"2020-11-26T12:35:08+00:00","dateModified":"2021-09-23T11:46:09+00:00","breadcrumb":{"@id":"https:\/\/sienteomana.com\/en\/senra-cirujales\/#breadcrumb"},"inLanguage":"es","potentialAction":[{"@type":"ReadAction","target":["https:\/\/sienteomana.com\/en\/senra-cirujales\/"]}]},{"@type":"ImageObject","inLanguage":"es","@id":"https:\/\/sienteomana.com\/en\/senra-cirujales\/#primaryimage","url":"https:\/\/sienteomana.com\/wp-content\/uploads\/sites\/2\/2019\/04\/gpx1-e1556101291655.png","contentUrl":"https:\/\/sienteomana.com\/wp-content\/uploads\/sites\/2\/2019\/04\/gpx1-e1556101291655.png"},{"@type":"BreadcrumbList","@id":"https:\/\/sienteomana.com\/en\/senra-cirujales\/#breadcrumb","itemListElement":[{"@type":"ListItem","position":1,"name":"Home","item":"https:\/\/sienteomana.com\/en\/"},{"@type":"ListItem","position":2,"name":"SENRA &#8211; CIRUJALES"}]},{"@type":"WebSite","@id":"https:\/\/sienteomana.com\/en\/#website","url":"https:\/\/sienteomana.com\/en\/","name":"(EN) Siente Oma\u00f1a","description":"Oma\u00f1a","potentialAction":[{"@type":"SearchAction","target":{"@type":"EntryPoint","urlTemplate":"https:\/\/sienteomana.com\/en\/?s={search_term_string}"},"query-input":{"@type":"PropertyValueSpecification","valueRequired":true,"valueName":"search_term_string"}}],"inLanguage":"es"}]}},"_links":{"self":[{"href":"https:\/\/sienteomana.com\/en\/wp-json\/wp\/v2\/pages\/13105","targetHints":{"allow":["GET"]}}],"collection":[{"href":"https:\/\/sienteomana.com\/en\/wp-json\/wp\/v2\/pages"}],"about":[{"href":"https:\/\/sienteomana.com\/en\/wp-json\/wp\/v2\/types\/page"}],"author":[{"embeddable":true,"href":"https:\/\/sienteomana.com\/en\/wp-json\/wp\/v2\/users\/1"}],"replies":[{"embeddable":true,"href":"https:\/\/sienteomana.com\/en\/wp-json\/wp\/v2\/comments?post=13105"}],"version-history":[{"count":18,"href":"https:\/\/sienteomana.com\/en\/wp-json\/wp\/v2\/pages\/13105\/revisions"}],"predecessor-version":[{"id":14181,"href":"https:\/\/sienteomana.com\/en\/wp-json\/wp\/v2\/pages\/13105\/revisions\/14181"}],"wp:attachment":[{"href":"https:\/\/sienteomana.com\/en\/wp-json\/wp\/v2\/media?parent=13105"}],"curies":[{"name":"wp","href":"https:\/\/api.w.org\/{rel}","templated":true}]}}