{"id":13063,"date":"2020-11-26T12:21:19","date_gmt":"2020-11-26T12:21:19","guid":{"rendered":"https:\/\/sienteomana.com\/en\/?page_id=13063"},"modified":"2023-08-24T09:08:34","modified_gmt":"2023-08-24T09:08:34","slug":"puerto-de-la-magdalena-tambaron-murias-de-paredes","status":"publish","type":"page","link":"https:\/\/sienteomana.com\/en\/puerto-de-la-magdalena-tambaron-murias-de-paredes\/","title":{"rendered":"PUERTO DE LA MAGDALENA &#8211; TAMBARO\u0301N &#8211; MURIAS DE PAREDES"},"content":{"rendered":"<div  class=\"one\" style=\"padding:0px 0 0px 0;\" >\n<div class=\"page_content_wrapper withbg\" style=\"background-image:url(https:\/\/sienteomana.com\/wp-content\/uploads\/sites\/2\/2019\/03\/caminar-y-btt.jpg);background-size:cover;background-position:center bottom;height:830px;position:relative;\"><\/div>\n<\/div>\n<div class=\"standard_wrapper\">\n<div  class=\"one_half withsmallpadding ppb_text\" style=\"padding:30px 0 30px 0;\" >\n<div class=\"standard_wrapper\">\n<div class=\"page_content_wrapper\">\n<div class=\"inner\">\n<div style=\"margin:auto;width:100%\">\n<h1 style=\"text-align: left;\"><span style=\"color: #99cc00;\">PUERTO DE LA MAGDALENA &#8211; TAMBARO\u0301N &#8211; MURIAS DE PAREDES<br \/>\n<\/span><\/h1>\n<p style=\"text-align: justify;\">The route starts at the Puerto de La Magdalena, where we can leave the car without any problem.<\/p>\n<p>We take the forest track heading northwest along the base of the mountain, with this route we can see the Fasgar\u00f3n birch grove, and we begin to enter the valley that leads to the meadows of Fasgar\u00f3n.<\/p>\n<p>We continue along the track, entering the first steep slope, going deeper into the hill that separates the Fasgar\u00f3n valley from the Vivero valley. Along this track we continue ascending until we reach the Mular estate.<\/p>\n<p>From here, following the metal fence of the Mular estate, we start to descend towards the village of Salientes until we find a path that allows us to cross the fence.<\/p>\n<p>Once again we ascend until we reach a flat stretch and a final slope up to Tambar\u00f3n (2,099 m). We then continue straight on until we reach the Pe\u00f1ona and find a path on our left that will take us down to the Fuente del Cuadro near the Caba\u00f1a del Mular.<\/p>\n<p>We will take the route that follows the Fuentes del Oma\u00f1a route and go back towards Montrondo.<\/p>\n<p>From Montrondo we follow the road to the beginning of the village and from there, less than a kilometre further on, we reach Murias de Paredes.<\/p>\n<p>From Murias, we follow the road towards Villablino and once we have passed the Pharmacy we continue along this street until we enter a path that runs along Mount Cubich\u00f3n (1516 m). We follow the path, along which we will find the Fuente del Bombo fountain, until we reach the Puerto de La Magdalena, where we left the car at the beginning.<\/p>\n<\/div>\n<\/div>\n<\/div>\n<\/div>\n<\/div>\n<\/div>\n<div class=\"standard_wrapper\">\n<div  class=\"one_half last\" style=\"padding:30px 0 30px 0;\" >\n<div class=\"page_content_wrapper\">\n<div class=\"inner\">\n<div class=\"image_classic_frame expand animate\">\n<div class=\"image_wrapper\"><a href=\"https:\/\/sienteomana.com\/wp-content\/uploads\/sites\/2\/2020\/11\/PUERTO-DE-LA-MAGDALENA-TAMBARO\u0301N-MURIAS-DE-PAREDES.png\" class=\"img_frame\"><img decoding=\"async\" src=\"https:\/\/sienteomana.com\/wp-content\/uploads\/sites\/2\/2020\/11\/PUERTO-DE-LA-MAGDALENA-TAMBARO\u0301N-MURIAS-DE-PAREDES.png\" alt=\"\" class=\"portfolio_img\"\/><\/a><\/div>\n<\/div>\n<\/div>\n<\/div>\n<\/div>\n<\/div>\n<div class=\"divider one\">&nbsp;<\/div>\n<div class=\"standard_wrapper\">\n<div  class=\"one_half withsmallpadding ppb_text\" style=\"padding:30px 0 30px 0;background-color:#f2f2f2;\" >\n<div class=\"standard_wrapper\">\n<div class=\"page_content_wrapper\">\n<div class=\"inner\">\n<div style=\"margin:auto;width:80%\">\n<h3><span style=\"text-decoration: underline; color: #000000;\">MUNICIPALITY<\/span><\/h3>\n<p style=\"padding-left: 30px;\">Murias de Paredes<\/p>\n<h3><span style=\"text-decoration: underline; color: #000000;\">TYPE OF PATH<\/span><\/h3>\n<p style=\"padding-left: 30px;\">Pedestrian walkway with cycle touring sections (MTB)<\/p>\n<h3><span style=\"text-decoration: underline; color: #000000;\">COORDINATES<\/span><\/h3>\n<p style=\"padding-left: 30px;\">Start and finish: <span id=\"coordinates\"><span class=\"plainlinks nourlexpansion\"><span class=\"geo-default\"><span class=\"geo-dms\" title=\"Mapas, fotos y otros datos de 42\u00b050\u203256\u2033N 6\u00b011\u203228\u2033O\"><span class=\"latitude\">2\u00b050\u203256\u2033N <\/span><span class=\"longitude\">6\u00b011\u203228\u2033O<\/span><\/span><\/span><\/span><\/span><\/p>\n<\/div>\n<\/div>\n<\/div>\n<\/div>\n<\/div>\n<\/div>\n<div class=\"standard_wrapper\">\n<div  class=\"one_half last withsmallpadding ppb_text\" style=\"padding:30px 0 30px 0;background-color:#f2f2f2;\" >\n<div class=\"standard_wrapper\">\n<div class=\"page_content_wrapper\">\n<div class=\"inner\">\n<div style=\"margin:auto;width:80%\">\n<h3><span style=\"text-decoration: underline; color: #99cc00;\"><span style=\"color: #000000; text-decoration: underline;\">TECHNICAL DATA<\/span><\/span><\/h3>\n<p style=\"padding-left: 40px;\">Approximate duration: 5 h 20 min<br \/>\nDistance: 21&#8217;50 km<br \/>\nType of route: Circular<br \/>\nDifficulty: Medium<br \/>\nDifference in altitude: 840 m<br \/>\nMaximum altitude: 2.095 m<br \/>\nMinimum altitude: 1.255 m<\/p>\n<\/div>\n<\/div>\n<\/div>\n<\/div>\n<\/div>\n<\/div>\n<div class=\"divider one\">&nbsp;<\/div>\n<div  class=\"one withsmallpadding ppb_text\" style=\"padding:0px;\" >\n<p><iframe loading=\"lazy\" src=\"https:\/\/www.google.com\/maps\/d\/embed?mid=1hIZNZamiQYj0DmRJzIO33Tuxf4U7FlCn\" width=\"100%\" height=\"600\"><\/iframe><\/p>\n<\/div>\n<div  class=\"one withsmallpadding ppb_header \" style=\"text-align:center;padding:30px 0 30px 0;\" >\n<div class=\"standard_wrapper\">\n<div class=\"page_content_wrapper\">\n<div class=\"inner\">\n<div style=\"margin:auto;width:100%\">\n<h2 class=\"ppb_title\" style=\"\">DOWNLOAD THE ROUTE<\/h2>\n<hr class=\"title_break center\" style=\"\"\/>\n<div class=\"ppb_header_content\">\n<p>Click on the different versions and download the route directly to your gps device or smartphone &#8211; walk with all the info at your fingertips!<\/p>\n<\/div>\n<\/div>\n<\/div>\n<\/div>\n<\/div>\n<\/div>\n<div class=\"standard_wrapper\">\n<div  class=\"one_third withsmallpadding ppb_text\" style=\"padding:30px 0 30px 0;\" >\n<div class=\"standard_wrapper\">\n<div class=\"page_content_wrapper\">\n<div class=\"inner\">\n<div style=\"margin:auto;width:100%\">\n<p><a href=\"https:\/\/drive.google.com\/file\/d\/1hjnqp_haU3wPm6aNWtislleqILtf2uSN\/view?usp=sharing\"><img decoding=\"async\" loading=\"lazy\" class=\"size-full wp-image-12121 aligncenter\" src=\"https:\/\/sienteomana.com\/wp-content\/uploads\/sites\/2\/2019\/04\/gpx1-e1556101291655.png\" alt=\"\" width=\"50\" height=\"107\" \/><\/a><\/p>\n<\/div>\n<\/div>\n<\/div>\n<\/div>\n<\/div>\n<\/div>\n<div class=\"standard_wrapper\">\n<div  class=\"one_third withsmallpadding ppb_text\" style=\"padding:30px 0 30px 0;\" >\n<div class=\"standard_wrapper\">\n<div class=\"page_content_wrapper\">\n<div class=\"inner\">\n<div style=\"margin:auto;width:100%\">\n<p><a href=\"https:\/\/drive.google.com\/file\/d\/1fOCzhEruNgfIxitEReuilBNXUweSJVTb\/view?usp=sharing\"><img decoding=\"async\" loading=\"lazy\" class=\"size-full wp-image-12120 aligncenter\" src=\"https:\/\/sienteomana.com\/wp-content\/uploads\/sites\/2\/2019\/04\/kmz1-e1556101305482.png\" alt=\"\" width=\"50\" height=\"107\" \/><\/a><\/p>\n<\/div>\n<\/div>\n<\/div>\n<\/div>\n<\/div>\n<\/div>\n<div class=\"standard_wrapper\">\n<div  class=\"one_third last withsmallpadding ppb_text\" style=\"padding:30px 0 30px 0;\" >\n<div class=\"standard_wrapper\">\n<div class=\"page_content_wrapper\">\n<div class=\"inner\">\n<div style=\"margin:auto;width:100%\">\n<p><a href=\"https:\/\/www.google.com\/maps\/d\/edit?mid=1hIZNZamiQYj0DmRJzIO33Tuxf4U7FlCn&#038;usp=sharing\"><img decoding=\"async\" loading=\"lazy\" class=\"size-full wp-image-12111 aligncenter\" src=\"https:\/\/sienteomana.com\/wp-content\/uploads\/sites\/2\/2019\/04\/phone-e1556100835250.png\" alt=\"\" width=\"50\" height=\"107\" \/><\/a><\/p>\n<\/div>\n<\/div>\n<\/div>\n<\/div>\n<\/div>\n<\/div>\n","protected":false},"excerpt":{"rendered":"<p>PUERTO DE LA MAGDALENA &#8211; TAMBARO\u0301N &#8211; MURIAS DE PAREDES The route starts at the Puerto de La Magdalena, where we can leave the car without any problem. We take the forest track heading northwest along the base of the [&hellip;]<\/p>\n","protected":false},"author":1,"featured_media":0,"parent":0,"menu_order":0,"comment_status":"closed","ping_status":"closed","template":"","meta":{"inline_featured_image":false,"footnotes":""},"class_list":["post-13063","page","type-page","status-publish","hentry"],"yoast_head":"<!-- This site is optimized with the Yoast SEO plugin v27.3 - https:\/\/yoast.com\/product\/yoast-seo-wordpress\/ -->\n<title>PUERTO DE LA MAGDALENA - TAMBARO\u0301N - MURIAS DE PAREDES - (EN) Siente Oma\u00f1a<\/title>\n<meta name=\"robots\" content=\"index, follow, max-snippet:-1, max-image-preview:large, max-video-preview:-1\" \/>\n<link rel=\"canonical\" href=\"https:\/\/sienteomana.com\/en\/puerto-de-la-magdalena-tambaron-murias-de-paredes\/\" \/>\n<meta property=\"og:locale\" content=\"es_ES\" \/>\n<meta property=\"og:type\" content=\"article\" \/>\n<meta property=\"og:title\" content=\"PUERTO DE LA MAGDALENA - TAMBARO\u0301N - MURIAS DE PAREDES - (EN) Siente Oma\u00f1a\" \/>\n<meta property=\"og:description\" content=\"PUERTO DE LA MAGDALENA &#8211; TAMBARO\u0301N &#8211; MURIAS DE PAREDES The route starts at the Puerto de La Magdalena, where we can leave the car without any problem. We take the forest track heading northwest along the base of the [&hellip;]\" \/>\n<meta property=\"og:url\" content=\"https:\/\/sienteomana.com\/en\/puerto-de-la-magdalena-tambaron-murias-de-paredes\/\" \/>\n<meta property=\"og:site_name\" content=\"(EN) Siente Oma\u00f1a\" \/>\n<meta property=\"article:modified_time\" content=\"2023-08-24T09:08:34+00:00\" \/>\n<meta property=\"og:image\" content=\"https:\/\/sienteomana.com\/wp-content\/uploads\/sites\/2\/2019\/04\/gpx1-e1556101291655.png\" \/>\n<meta name=\"twitter:card\" content=\"summary_large_image\" \/>\n<meta name=\"twitter:label1\" content=\"Tiempo de lectura\" \/>\n\t<meta name=\"twitter:data1\" content=\"3 minutos\" \/>\n<script type=\"application\/ld+json\" class=\"yoast-schema-graph\">{\"@context\":\"https:\\\/\\\/schema.org\",\"@graph\":[{\"@type\":\"WebPage\",\"@id\":\"https:\\\/\\\/sienteomana.com\\\/en\\\/puerto-de-la-magdalena-tambaron-murias-de-paredes\\\/\",\"url\":\"https:\\\/\\\/sienteomana.com\\\/en\\\/puerto-de-la-magdalena-tambaron-murias-de-paredes\\\/\",\"name\":\"PUERTO DE LA MAGDALENA - TAMBARO\u0301N - MURIAS DE PAREDES - (EN) Siente Oma\u00f1a\",\"isPartOf\":{\"@id\":\"https:\\\/\\\/sienteomana.com\\\/en\\\/#website\"},\"primaryImageOfPage\":{\"@id\":\"https:\\\/\\\/sienteomana.com\\\/en\\\/puerto-de-la-magdalena-tambaron-murias-de-paredes\\\/#primaryimage\"},\"image\":{\"@id\":\"https:\\\/\\\/sienteomana.com\\\/en\\\/puerto-de-la-magdalena-tambaron-murias-de-paredes\\\/#primaryimage\"},\"thumbnailUrl\":\"https:\\\/\\\/sienteomana.com\\\/wp-content\\\/uploads\\\/sites\\\/2\\\/2019\\\/04\\\/gpx1-e1556101291655.png\",\"datePublished\":\"2020-11-26T12:21:19+00:00\",\"dateModified\":\"2023-08-24T09:08:34+00:00\",\"breadcrumb\":{\"@id\":\"https:\\\/\\\/sienteomana.com\\\/en\\\/puerto-de-la-magdalena-tambaron-murias-de-paredes\\\/#breadcrumb\"},\"inLanguage\":\"es\",\"potentialAction\":[{\"@type\":\"ReadAction\",\"target\":[\"https:\\\/\\\/sienteomana.com\\\/en\\\/puerto-de-la-magdalena-tambaron-murias-de-paredes\\\/\"]}]},{\"@type\":\"ImageObject\",\"inLanguage\":\"es\",\"@id\":\"https:\\\/\\\/sienteomana.com\\\/en\\\/puerto-de-la-magdalena-tambaron-murias-de-paredes\\\/#primaryimage\",\"url\":\"https:\\\/\\\/sienteomana.com\\\/wp-content\\\/uploads\\\/sites\\\/2\\\/2019\\\/04\\\/gpx1-e1556101291655.png\",\"contentUrl\":\"https:\\\/\\\/sienteomana.com\\\/wp-content\\\/uploads\\\/sites\\\/2\\\/2019\\\/04\\\/gpx1-e1556101291655.png\"},{\"@type\":\"BreadcrumbList\",\"@id\":\"https:\\\/\\\/sienteomana.com\\\/en\\\/puerto-de-la-magdalena-tambaron-murias-de-paredes\\\/#breadcrumb\",\"itemListElement\":[{\"@type\":\"ListItem\",\"position\":1,\"name\":\"Home\",\"item\":\"https:\\\/\\\/sienteomana.com\\\/en\\\/\"},{\"@type\":\"ListItem\",\"position\":2,\"name\":\"PUERTO DE LA MAGDALENA &#8211; TAMBARO\u0301N &#8211; MURIAS DE PAREDES\"}]},{\"@type\":\"WebSite\",\"@id\":\"https:\\\/\\\/sienteomana.com\\\/en\\\/#website\",\"url\":\"https:\\\/\\\/sienteomana.com\\\/en\\\/\",\"name\":\"(EN) Siente Oma\u00f1a\",\"description\":\"Oma\u00f1a\",\"potentialAction\":[{\"@type\":\"SearchAction\",\"target\":{\"@type\":\"EntryPoint\",\"urlTemplate\":\"https:\\\/\\\/sienteomana.com\\\/en\\\/?s={search_term_string}\"},\"query-input\":{\"@type\":\"PropertyValueSpecification\",\"valueRequired\":true,\"valueName\":\"search_term_string\"}}],\"inLanguage\":\"es\"}]}<\/script>\n<!-- \/ Yoast SEO plugin. -->","yoast_head_json":{"title":"PUERTO DE LA MAGDALENA - TAMBARO\u0301N - MURIAS DE PAREDES - (EN) Siente Oma\u00f1a","robots":{"index":"index","follow":"follow","max-snippet":"max-snippet:-1","max-image-preview":"max-image-preview:large","max-video-preview":"max-video-preview:-1"},"canonical":"https:\/\/sienteomana.com\/en\/puerto-de-la-magdalena-tambaron-murias-de-paredes\/","og_locale":"es_ES","og_type":"article","og_title":"PUERTO DE LA MAGDALENA - TAMBARO\u0301N - MURIAS DE PAREDES - (EN) Siente Oma\u00f1a","og_description":"PUERTO DE LA MAGDALENA &#8211; TAMBARO\u0301N &#8211; MURIAS DE PAREDES The route starts at the Puerto de La Magdalena, where we can leave the car without any problem. We take the forest track heading northwest along the base of the [&hellip;]","og_url":"https:\/\/sienteomana.com\/en\/puerto-de-la-magdalena-tambaron-murias-de-paredes\/","og_site_name":"(EN) Siente Oma\u00f1a","article_modified_time":"2023-08-24T09:08:34+00:00","og_image":[{"url":"https:\/\/sienteomana.com\/wp-content\/uploads\/sites\/2\/2019\/04\/gpx1-e1556101291655.png","type":"","width":"","height":""}],"twitter_card":"summary_large_image","twitter_misc":{"Tiempo de lectura":"3 minutos"},"schema":{"@context":"https:\/\/schema.org","@graph":[{"@type":"WebPage","@id":"https:\/\/sienteomana.com\/en\/puerto-de-la-magdalena-tambaron-murias-de-paredes\/","url":"https:\/\/sienteomana.com\/en\/puerto-de-la-magdalena-tambaron-murias-de-paredes\/","name":"PUERTO DE LA MAGDALENA - TAMBARO\u0301N - MURIAS DE PAREDES - (EN) Siente Oma\u00f1a","isPartOf":{"@id":"https:\/\/sienteomana.com\/en\/#website"},"primaryImageOfPage":{"@id":"https:\/\/sienteomana.com\/en\/puerto-de-la-magdalena-tambaron-murias-de-paredes\/#primaryimage"},"image":{"@id":"https:\/\/sienteomana.com\/en\/puerto-de-la-magdalena-tambaron-murias-de-paredes\/#primaryimage"},"thumbnailUrl":"https:\/\/sienteomana.com\/wp-content\/uploads\/sites\/2\/2019\/04\/gpx1-e1556101291655.png","datePublished":"2020-11-26T12:21:19+00:00","dateModified":"2023-08-24T09:08:34+00:00","breadcrumb":{"@id":"https:\/\/sienteomana.com\/en\/puerto-de-la-magdalena-tambaron-murias-de-paredes\/#breadcrumb"},"inLanguage":"es","potentialAction":[{"@type":"ReadAction","target":["https:\/\/sienteomana.com\/en\/puerto-de-la-magdalena-tambaron-murias-de-paredes\/"]}]},{"@type":"ImageObject","inLanguage":"es","@id":"https:\/\/sienteomana.com\/en\/puerto-de-la-magdalena-tambaron-murias-de-paredes\/#primaryimage","url":"https:\/\/sienteomana.com\/wp-content\/uploads\/sites\/2\/2019\/04\/gpx1-e1556101291655.png","contentUrl":"https:\/\/sienteomana.com\/wp-content\/uploads\/sites\/2\/2019\/04\/gpx1-e1556101291655.png"},{"@type":"BreadcrumbList","@id":"https:\/\/sienteomana.com\/en\/puerto-de-la-magdalena-tambaron-murias-de-paredes\/#breadcrumb","itemListElement":[{"@type":"ListItem","position":1,"name":"Home","item":"https:\/\/sienteomana.com\/en\/"},{"@type":"ListItem","position":2,"name":"PUERTO DE LA MAGDALENA &#8211; TAMBARO\u0301N &#8211; MURIAS DE PAREDES"}]},{"@type":"WebSite","@id":"https:\/\/sienteomana.com\/en\/#website","url":"https:\/\/sienteomana.com\/en\/","name":"(EN) Siente Oma\u00f1a","description":"Oma\u00f1a","potentialAction":[{"@type":"SearchAction","target":{"@type":"EntryPoint","urlTemplate":"https:\/\/sienteomana.com\/en\/?s={search_term_string}"},"query-input":{"@type":"PropertyValueSpecification","valueRequired":true,"valueName":"search_term_string"}}],"inLanguage":"es"}]}},"_links":{"self":[{"href":"https:\/\/sienteomana.com\/en\/wp-json\/wp\/v2\/pages\/13063","targetHints":{"allow":["GET"]}}],"collection":[{"href":"https:\/\/sienteomana.com\/en\/wp-json\/wp\/v2\/pages"}],"about":[{"href":"https:\/\/sienteomana.com\/en\/wp-json\/wp\/v2\/types\/page"}],"author":[{"embeddable":true,"href":"https:\/\/sienteomana.com\/en\/wp-json\/wp\/v2\/users\/1"}],"replies":[{"embeddable":true,"href":"https:\/\/sienteomana.com\/en\/wp-json\/wp\/v2\/comments?post=13063"}],"version-history":[{"count":19,"href":"https:\/\/sienteomana.com\/en\/wp-json\/wp\/v2\/pages\/13063\/revisions"}],"predecessor-version":[{"id":14920,"href":"https:\/\/sienteomana.com\/en\/wp-json\/wp\/v2\/pages\/13063\/revisions\/14920"}],"wp:attachment":[{"href":"https:\/\/sienteomana.com\/en\/wp-json\/wp\/v2\/media?parent=13063"}],"curies":[{"name":"wp","href":"https:\/\/api.w.org\/{rel}","templated":true}]}}