{"id":12983,"date":"2020-11-26T11:43:53","date_gmt":"2020-11-26T11:43:53","guid":{"rendered":"https:\/\/sienteomana.com\/en\/?page_id=12983"},"modified":"2023-08-24T08:06:44","modified_gmt":"2023-08-24T08:06:44","slug":"hasta-la-cabana-de-villanueva-de-oman%cc%83a","status":"publish","type":"page","link":"https:\/\/sienteomana.com\/en\/hasta-la-cabana-de-villanueva-de-oman%cc%83a\/","title":{"rendered":"TO THE CABIN OF VILLANUEVA DE OMA\u00d1A"},"content":{"rendered":"<div class=\"standard_wrapper\">\n<div  class=\"one_half withsmallpadding ppb_text\" style=\"padding:30px 0 30px 0;\" >\n<div class=\"standard_wrapper\">\n<div class=\"page_content_wrapper\">\n<div class=\"inner\">\n<div style=\"margin:auto;width:100%\">\n<h1 style=\"text-align: left;\"><span style=\"color: #99cc00;\">HASTA LA CABA\u00d1A DE VILLANUEVA DE OMAN\u0303A<br \/>\n<\/span><\/h1>\n<p style=\"text-align: justify;\">We start from the village of Villanueva de Oma\u00f1a and begin to ascend along a dirt track where we will find a beautiful oak grove and some rowan trees.<\/p>\n<p>We follow the path and come across the Villanueva hut, where we can rest.<\/p>\n<p>To return to Villanueva de Oma\u00f1a we return along the same path.<\/p>\n<\/div>\n<\/div>\n<\/div>\n<\/div>\n<\/div>\n<\/div>\n<div class=\"standard_wrapper\">\n<div  class=\"one_half withsmallpadding ppb_text\" style=\"padding:30px 0 30px 0;\" >\n<div class=\"standard_wrapper\">\n<div class=\"page_content_wrapper\">\n<div class=\"inner\">\n<div style=\"margin:auto;width:100%\">\n<h1 style=\"text-align: left;\"><span style=\"color: #99cc00;\">HASTA LA CABA\u00d1A DE VILLANUEVA DE OMAN\u0303A<br \/>\n<\/span><\/h1>\n<p style=\"text-align: justify;\">We start from the village of Villanueva de Oma\u00f1a and begin to ascend along a dirt track where we will find a beautiful oak grove and some rowan trees.<\/p>\n<p>We follow the path and come across the Villanueva hut, where we can rest.<\/p>\n<p>To return to Villanueva de Oma\u00f1a we return along the same path.<\/p>\n<\/div>\n<\/div>\n<\/div>\n<\/div>\n<\/div>\n<\/div>\n<div class=\"standard_wrapper\">\n<div  class=\"one_half withsmallpadding ppb_text\" style=\"padding:30px 0 30px 0;\" >\n<div class=\"standard_wrapper\">\n<div class=\"page_content_wrapper\">\n<div class=\"inner\">\n<div style=\"margin:auto;width:100%\">\n<h1 style=\"text-align: left;\"><span style=\"color: #99cc00;\">HASTA LA CABA\u00d1A DE VILLANUEVA DE OMAN\u0303A<br \/>\n<\/span><\/h1>\n<p style=\"text-align: justify;\">We start from the village of Villanueva de Oma\u00f1a and begin to ascend along a dirt track where we will find a beautiful oak grove and some rowan trees.<\/p>\n<p>We follow the path and come across the Villanueva hut, where we can rest.<\/p>\n<p>To return to Villanueva de Oma\u00f1a we return along the same path.<\/p>\n<\/div>\n<\/div>\n<\/div>\n<\/div>\n<\/div>\n<\/div>\n<div class=\"standard_wrapper\">\n<div  class=\"one_half withsmallpadding ppb_text\" style=\"padding:30px 0 30px 0;\" >\n<div class=\"standard_wrapper\">\n<div class=\"page_content_wrapper\">\n<div class=\"inner\">\n<div style=\"margin:auto;width:100%\">\n<h3><span style=\"text-decoration: underline; color: #000000;\">MUNICIPALITY<\/span><\/h3>\n<p style=\"padding-left: 30px;\">Murias de Paredes<\/p>\n<h3><span style=\"text-decoration: underline; color: #000000;\">TYPE OF PATH<\/span><\/h3>\n<p style=\"padding-left: 30px;\">Pedestrian walkway with cycle touring sections (MTB)<\/p>\n<\/div>\n<\/div>\n<\/div>\n<\/div>\n<\/div>\n<\/div>\n<div class=\"standard_wrapper\">\n<div  class=\"one_half last withsmallpadding ppb_text\" style=\"padding:30px 0 30px 0;\" >\n<div class=\"standard_wrapper\">\n<div class=\"page_content_wrapper\">\n<div class=\"inner\">\n<div style=\"margin:auto;width:100%\">\n<h3><span style=\"text-decoration: underline; color: #99cc00;\"><span style=\"color: #000000; text-decoration: underline;\">DATOS T\u00c9CNICOS<\/span><\/span><\/h3>\n<p style=\"padding-left: 40px;\">Duraci\u00f3n aproximada: 5h 20 min (Ida y vuelta)<br \/>\nDistancia: 9\u00b41 km (Ida y vuelta)<br \/>\nTipo de ruta: Lineal<br \/>\nDificultad: Media<br \/>\nDesnivel: 448 m<br \/>\nCota m\u00e1xima: 1.613 m<br \/>\nCota m\u00ednima: 1.165 m<\/p>\n<\/div>\n<\/div>\n<\/div>\n<\/div>\n<\/div>\n<\/div>\n<div class=\"standard_wrapper\">\n<div  class=\"one_half last withsmallpadding ppb_text\" style=\"padding:30px 0 30px 0;\" >\n<div class=\"standard_wrapper\">\n<div class=\"page_content_wrapper\">\n<div class=\"inner\">\n<div style=\"margin:auto;width:100%\">\n<h3><span style=\"text-decoration: underline; color: #99cc00;\"><span style=\"color: #000000; text-decoration: underline;\">DATOS T\u00c9CNICOS<\/span><\/span><\/h3>\n<p style=\"padding-left: 40px;\">Duraci\u00f3n aproximada: 5h 20 min (Ida y vuelta)<br \/>\nDistancia: 9\u00b41 km (Ida y vuelta)<br \/>\nTipo de ruta: Lineal<br \/>\nDificultad: Media<br \/>\nDesnivel: 448 m<br \/>\nCota m\u00e1xima: 1.613 m<br \/>\nCota m\u00ednima: 1.165 m<\/p>\n<\/div>\n<\/div>\n<\/div>\n<\/div>\n<\/div>\n<\/div>\n<div  class=\"one withsmallpadding ppb_text\" style=\"padding:30px;\" >\n<p><iframe loading=\"lazy\" src=\"https:\/\/www.google.com\/maps\/d\/embed?mid=1fJODD9hTibLDFaaoBf0EdecZuS3E421x\" width=\"100%\" height=\"600\"><\/iframe><\/p>\n<\/div>\n<div  class=\"one withsmallpadding ppb_header \" style=\"text-align:left;padding:30px 0 30px 0;\" >\n<div class=\"standard_wrapper\">\n<div class=\"page_content_wrapper\">\n<div class=\"inner\">\n<div style=\"margin:auto;width:100%\">\n<h2 class=\"ppb_title\" style=\"\">DESCARGA LA RUTA<\/h2>\n<hr class=\"title_break left\" style=\"\"\/>\n<div class=\"ppb_header_content\">\n<p>Pincha en las diferentes versiones y desc\u00e1rgate la ruta, directamente a tu dispositivo gps o smartphone. \u00a1Camina con toda la info en tu mano!<\/p>\n<\/div>\n<\/div>\n<\/div>\n<\/div>\n<\/div>\n<\/div>\n<div class=\"standard_wrapper\">\n<div  class=\"one_third withsmallpadding ppb_text\" style=\"padding:30px 0 30px 0;\" >\n<div class=\"standard_wrapper\">\n<div class=\"page_content_wrapper\">\n<div class=\"inner\">\n<div style=\"margin:auto;width:100%\">\n<p><a href=\"https:\/\/drive.google.com\/file\/d\/1H7KDO9OJtWXkUWIPGH6fkgmcpwX5N1HI\/view?usp=sharing\"><img decoding=\"async\" loading=\"lazy\" class=\"size-full wp-image-12121 aligncenter\" src=\"https:\/\/sienteomana.com\/wp-content\/uploads\/sites\/2\/2019\/04\/gpx1-e1556101291655.png\" alt=\"\" width=\"50\" height=\"107\" \/><\/a><\/p>\n<\/div>\n<\/div>\n<\/div>\n<\/div>\n<\/div>\n<\/div>\n<div class=\"standard_wrapper\">\n<div  class=\"one_third withsmallpadding ppb_text\" style=\"padding:30px 0 30px 0;\" >\n<div class=\"standard_wrapper\">\n<div class=\"page_content_wrapper\">\n<div class=\"inner\">\n<div style=\"margin:auto;width:100%\">\n<p><a href=\"https:\/\/drive.google.com\/file\/d\/1h-3BTjsRns_SSwbHV07Gp4jOr05U9PQZ\/view?usp=sharing\"><img decoding=\"async\" loading=\"lazy\" class=\"size-full wp-image-12120 aligncenter\" src=\"https:\/\/sienteomana.com\/wp-content\/uploads\/sites\/2\/2019\/04\/kmz1-e1556101305482.png\" alt=\"\" width=\"50\" height=\"107\" \/><\/a><\/p>\n<\/div>\n<\/div>\n<\/div>\n<\/div>\n<\/div>\n<\/div>\n<div class=\"standard_wrapper\">\n<div  class=\"one_third last withsmallpadding ppb_text\" style=\"padding:30px 0 30px 0;\" >\n<div class=\"standard_wrapper\">\n<div class=\"page_content_wrapper\">\n<div class=\"inner\">\n<div style=\"margin:auto;width:100%\">\n<p><a href=\"https:\/\/www.google.com\/maps\/d\/edit?mid=1fJODD9hTibLDFaaoBf0EdecZuS3E421x&#038;usp=sharing\"><img decoding=\"async\" loading=\"lazy\" class=\"size-full wp-image-12111 aligncenter\" src=\"https:\/\/sienteomana.com\/wp-content\/uploads\/sites\/2\/2019\/04\/phone-e1556100835250.png\" alt=\"\" width=\"50\" height=\"107\" \/><\/a><\/p>\n<\/div>\n<\/div>\n<\/div>\n<\/div>\n<\/div>\n<\/div>\n","protected":false},"excerpt":{"rendered":"<p>HASTA LA CABA\u00d1A DE VILLANUEVA DE OMAN\u0303A We start from the village of Villanueva de Oma\u00f1a and begin to ascend along a dirt track where we will find a beautiful oak grove and some rowan trees. We follow the path [&hellip;]<\/p>\n","protected":false},"author":1,"featured_media":0,"parent":0,"menu_order":0,"comment_status":"closed","ping_status":"closed","template":"","meta":{"inline_featured_image":false,"footnotes":""},"class_list":["post-12983","page","type-page","status-publish","hentry"],"yoast_head":"<!-- This site is optimized with the Yoast SEO plugin v27.3 - https:\/\/yoast.com\/product\/yoast-seo-wordpress\/ -->\n<title>TO THE CABIN OF VILLANUEVA DE OMA\u00d1A - (EN) Siente Oma\u00f1a<\/title>\n<meta name=\"robots\" content=\"index, follow, max-snippet:-1, max-image-preview:large, max-video-preview:-1\" \/>\n<link rel=\"canonical\" href=\"https:\/\/sienteomana.com\/en\/hasta-la-cabana-de-villanueva-de-oman\u0303a\/\" \/>\n<meta property=\"og:locale\" content=\"es_ES\" \/>\n<meta property=\"og:type\" content=\"article\" \/>\n<meta property=\"og:title\" content=\"TO THE CABIN OF VILLANUEVA DE OMA\u00d1A - (EN) Siente Oma\u00f1a\" \/>\n<meta property=\"og:description\" content=\"HASTA LA CABA\u00d1A DE VILLANUEVA DE OMAN\u0303A We start from the village of Villanueva de Oma\u00f1a and begin to ascend along a dirt track where we will find a beautiful oak grove and some rowan trees. We follow the path [&hellip;]\" \/>\n<meta property=\"og:url\" content=\"https:\/\/sienteomana.com\/en\/hasta-la-cabana-de-villanueva-de-oman\u0303a\/\" \/>\n<meta property=\"og:site_name\" content=\"(EN) Siente Oma\u00f1a\" \/>\n<meta property=\"article:modified_time\" content=\"2023-08-24T08:06:44+00:00\" \/>\n<meta property=\"og:image\" content=\"https:\/\/sienteomana.com\/wp-content\/uploads\/sites\/2\/2019\/04\/gpx1-e1556101291655.png\" \/>\n<meta name=\"twitter:card\" content=\"summary_large_image\" \/>\n<meta name=\"twitter:label1\" content=\"Tiempo de lectura\" \/>\n\t<meta name=\"twitter:data1\" content=\"2 minutos\" \/>\n<script type=\"application\/ld+json\" class=\"yoast-schema-graph\">{\"@context\":\"https:\\\/\\\/schema.org\",\"@graph\":[{\"@type\":\"WebPage\",\"@id\":\"https:\\\/\\\/sienteomana.com\\\/en\\\/hasta-la-cabana-de-villanueva-de-oman%cc%83a\\\/\",\"url\":\"https:\\\/\\\/sienteomana.com\\\/en\\\/hasta-la-cabana-de-villanueva-de-oman%cc%83a\\\/\",\"name\":\"TO THE CABIN OF VILLANUEVA DE OMA\u00d1A - (EN) Siente Oma\u00f1a\",\"isPartOf\":{\"@id\":\"https:\\\/\\\/sienteomana.com\\\/en\\\/#website\"},\"primaryImageOfPage\":{\"@id\":\"https:\\\/\\\/sienteomana.com\\\/en\\\/hasta-la-cabana-de-villanueva-de-oman%cc%83a\\\/#primaryimage\"},\"image\":{\"@id\":\"https:\\\/\\\/sienteomana.com\\\/en\\\/hasta-la-cabana-de-villanueva-de-oman%cc%83a\\\/#primaryimage\"},\"thumbnailUrl\":\"https:\\\/\\\/sienteomana.com\\\/wp-content\\\/uploads\\\/sites\\\/2\\\/2019\\\/04\\\/gpx1-e1556101291655.png\",\"datePublished\":\"2020-11-26T11:43:53+00:00\",\"dateModified\":\"2023-08-24T08:06:44+00:00\",\"breadcrumb\":{\"@id\":\"https:\\\/\\\/sienteomana.com\\\/en\\\/hasta-la-cabana-de-villanueva-de-oman%cc%83a\\\/#breadcrumb\"},\"inLanguage\":\"es\",\"potentialAction\":[{\"@type\":\"ReadAction\",\"target\":[\"https:\\\/\\\/sienteomana.com\\\/en\\\/hasta-la-cabana-de-villanueva-de-oman%cc%83a\\\/\"]}]},{\"@type\":\"ImageObject\",\"inLanguage\":\"es\",\"@id\":\"https:\\\/\\\/sienteomana.com\\\/en\\\/hasta-la-cabana-de-villanueva-de-oman%cc%83a\\\/#primaryimage\",\"url\":\"https:\\\/\\\/sienteomana.com\\\/wp-content\\\/uploads\\\/sites\\\/2\\\/2019\\\/04\\\/gpx1-e1556101291655.png\",\"contentUrl\":\"https:\\\/\\\/sienteomana.com\\\/wp-content\\\/uploads\\\/sites\\\/2\\\/2019\\\/04\\\/gpx1-e1556101291655.png\"},{\"@type\":\"BreadcrumbList\",\"@id\":\"https:\\\/\\\/sienteomana.com\\\/en\\\/hasta-la-cabana-de-villanueva-de-oman%cc%83a\\\/#breadcrumb\",\"itemListElement\":[{\"@type\":\"ListItem\",\"position\":1,\"name\":\"Home\",\"item\":\"https:\\\/\\\/sienteomana.com\\\/en\\\/\"},{\"@type\":\"ListItem\",\"position\":2,\"name\":\"TO THE CABIN OF VILLANUEVA DE OMA\u00d1A\"}]},{\"@type\":\"WebSite\",\"@id\":\"https:\\\/\\\/sienteomana.com\\\/en\\\/#website\",\"url\":\"https:\\\/\\\/sienteomana.com\\\/en\\\/\",\"name\":\"(EN) Siente Oma\u00f1a\",\"description\":\"Oma\u00f1a\",\"potentialAction\":[{\"@type\":\"SearchAction\",\"target\":{\"@type\":\"EntryPoint\",\"urlTemplate\":\"https:\\\/\\\/sienteomana.com\\\/en\\\/?s={search_term_string}\"},\"query-input\":{\"@type\":\"PropertyValueSpecification\",\"valueRequired\":true,\"valueName\":\"search_term_string\"}}],\"inLanguage\":\"es\"}]}<\/script>\n<!-- \/ Yoast SEO plugin. -->","yoast_head_json":{"title":"TO THE CABIN OF VILLANUEVA DE OMA\u00d1A - (EN) Siente Oma\u00f1a","robots":{"index":"index","follow":"follow","max-snippet":"max-snippet:-1","max-image-preview":"max-image-preview:large","max-video-preview":"max-video-preview:-1"},"canonical":"https:\/\/sienteomana.com\/en\/hasta-la-cabana-de-villanueva-de-oman\u0303a\/","og_locale":"es_ES","og_type":"article","og_title":"TO THE CABIN OF VILLANUEVA DE OMA\u00d1A - (EN) Siente Oma\u00f1a","og_description":"HASTA LA CABA\u00d1A DE VILLANUEVA DE OMAN\u0303A We start from the village of Villanueva de Oma\u00f1a and begin to ascend along a dirt track where we will find a beautiful oak grove and some rowan trees. We follow the path [&hellip;]","og_url":"https:\/\/sienteomana.com\/en\/hasta-la-cabana-de-villanueva-de-oman\u0303a\/","og_site_name":"(EN) Siente Oma\u00f1a","article_modified_time":"2023-08-24T08:06:44+00:00","og_image":[{"url":"https:\/\/sienteomana.com\/wp-content\/uploads\/sites\/2\/2019\/04\/gpx1-e1556101291655.png","type":"","width":"","height":""}],"twitter_card":"summary_large_image","twitter_misc":{"Tiempo de lectura":"2 minutos"},"schema":{"@context":"https:\/\/schema.org","@graph":[{"@type":"WebPage","@id":"https:\/\/sienteomana.com\/en\/hasta-la-cabana-de-villanueva-de-oman%cc%83a\/","url":"https:\/\/sienteomana.com\/en\/hasta-la-cabana-de-villanueva-de-oman%cc%83a\/","name":"TO THE CABIN OF VILLANUEVA DE OMA\u00d1A - (EN) Siente Oma\u00f1a","isPartOf":{"@id":"https:\/\/sienteomana.com\/en\/#website"},"primaryImageOfPage":{"@id":"https:\/\/sienteomana.com\/en\/hasta-la-cabana-de-villanueva-de-oman%cc%83a\/#primaryimage"},"image":{"@id":"https:\/\/sienteomana.com\/en\/hasta-la-cabana-de-villanueva-de-oman%cc%83a\/#primaryimage"},"thumbnailUrl":"https:\/\/sienteomana.com\/wp-content\/uploads\/sites\/2\/2019\/04\/gpx1-e1556101291655.png","datePublished":"2020-11-26T11:43:53+00:00","dateModified":"2023-08-24T08:06:44+00:00","breadcrumb":{"@id":"https:\/\/sienteomana.com\/en\/hasta-la-cabana-de-villanueva-de-oman%cc%83a\/#breadcrumb"},"inLanguage":"es","potentialAction":[{"@type":"ReadAction","target":["https:\/\/sienteomana.com\/en\/hasta-la-cabana-de-villanueva-de-oman%cc%83a\/"]}]},{"@type":"ImageObject","inLanguage":"es","@id":"https:\/\/sienteomana.com\/en\/hasta-la-cabana-de-villanueva-de-oman%cc%83a\/#primaryimage","url":"https:\/\/sienteomana.com\/wp-content\/uploads\/sites\/2\/2019\/04\/gpx1-e1556101291655.png","contentUrl":"https:\/\/sienteomana.com\/wp-content\/uploads\/sites\/2\/2019\/04\/gpx1-e1556101291655.png"},{"@type":"BreadcrumbList","@id":"https:\/\/sienteomana.com\/en\/hasta-la-cabana-de-villanueva-de-oman%cc%83a\/#breadcrumb","itemListElement":[{"@type":"ListItem","position":1,"name":"Home","item":"https:\/\/sienteomana.com\/en\/"},{"@type":"ListItem","position":2,"name":"TO THE CABIN OF VILLANUEVA DE OMA\u00d1A"}]},{"@type":"WebSite","@id":"https:\/\/sienteomana.com\/en\/#website","url":"https:\/\/sienteomana.com\/en\/","name":"(EN) Siente Oma\u00f1a","description":"Oma\u00f1a","potentialAction":[{"@type":"SearchAction","target":{"@type":"EntryPoint","urlTemplate":"https:\/\/sienteomana.com\/en\/?s={search_term_string}"},"query-input":{"@type":"PropertyValueSpecification","valueRequired":true,"valueName":"search_term_string"}}],"inLanguage":"es"}]}},"_links":{"self":[{"href":"https:\/\/sienteomana.com\/en\/wp-json\/wp\/v2\/pages\/12983","targetHints":{"allow":["GET"]}}],"collection":[{"href":"https:\/\/sienteomana.com\/en\/wp-json\/wp\/v2\/pages"}],"about":[{"href":"https:\/\/sienteomana.com\/en\/wp-json\/wp\/v2\/types\/page"}],"author":[{"embeddable":true,"href":"https:\/\/sienteomana.com\/en\/wp-json\/wp\/v2\/users\/1"}],"replies":[{"embeddable":true,"href":"https:\/\/sienteomana.com\/en\/wp-json\/wp\/v2\/comments?post=12983"}],"version-history":[{"count":19,"href":"https:\/\/sienteomana.com\/en\/wp-json\/wp\/v2\/pages\/12983\/revisions"}],"predecessor-version":[{"id":14884,"href":"https:\/\/sienteomana.com\/en\/wp-json\/wp\/v2\/pages\/12983\/revisions\/14884"}],"wp:attachment":[{"href":"https:\/\/sienteomana.com\/en\/wp-json\/wp\/v2\/media?parent=12983"}],"curies":[{"name":"wp","href":"https:\/\/api.w.org\/{rel}","templated":true}]}}