{"id":12857,"date":"2020-11-26T10:32:22","date_gmt":"2020-11-26T10:32:22","guid":{"rendered":"https:\/\/sienteomana.com\/en\/?page_id=12857"},"modified":"2023-08-23T14:58:53","modified_gmt":"2023-08-23T14:58:53","slug":"alto-de-la-can%cc%83ada-desde-villabandin","status":"publish","type":"page","link":"https:\/\/sienteomana.com\/en\/alto-de-la-can%cc%83ada-desde-villabandin\/","title":{"rendered":"ALTO DE LA CA\u00d1ADA FROM VILLABAND\u00cdN"},"content":{"rendered":"<div class=\"standard_wrapper\">\n<div  class=\"one_half withsmallpadding ppb_text\" style=\"padding:30px 0 30px 0;\" >\n<div class=\"standard_wrapper\">\n<div class=\"page_content_wrapper\">\n<div class=\"inner\">\n<div style=\"margin:auto;width:100%\">\n<h1><span style=\"color: #99cc00;\">ALTO DE LA CA\u00d1ADA FROM VILLABAND\u00cdN<br \/>\n<\/span><\/h1>\n<p>We leave the village of Villaband\u00edn along the road towards Rodicol. We will find a path on our left towards the river Estiello.<\/p>\n<p>When the path closes, we must take a path on our right and continue through the mountain until we come to a deep gap opened by the stream.<\/p>\n<p>We turn left and start to avoid the piornos. Following the ascent we will find a path that takes us into the valley in search of the stream.<\/p>\n<p>From the stream we will find a path that takes us to the hill towards the Chano del Estuliello.<\/p>\n<p>A little before arriving, we leave the path to the left to look for the hill on clear ground and continue along a path that takes us to Bra\u00f1a Llampa.<\/p>\n<p>Here we pass the stream we see on the right and going up a very steep slope we reach a ridge that descends from the Vidulina, we go up it and before reaching the top we continue towards the Alto de la Ca\u00f1ada following the ridge.<\/p>\n<\/div>\n<\/div>\n<\/div>\n<\/div>\n<\/div>\n<\/div>\n<div class=\"standard_wrapper\">\n<div  class=\"one_half withsmallpadding ppb_text\" style=\"padding:30px 0 30px 0;\" >\n<div class=\"standard_wrapper\">\n<div class=\"page_content_wrapper\">\n<div class=\"inner\">\n<div style=\"margin:auto;width:100%\">\n<h1><span style=\"color: #99cc00;\">ALTO DE LA CA\u00d1ADA FROM VILLABAND\u00cdN<br \/>\n<\/span><\/h1>\n<p>We leave the village of Villaband\u00edn along the road towards Rodicol. We will find a path on our left towards the river Estiello.<\/p>\n<p>When the path closes, we must take a path on our right and continue through the mountain until we come to a deep gap opened by the stream.<\/p>\n<p>We turn left and start to avoid the piornos. Following the ascent we will find a path that takes us into the valley in search of the stream.<\/p>\n<p>From the stream we will find a path that takes us to the hill towards the Chano del Estuliello.<\/p>\n<p>A little before arriving, we leave the path to the left to look for the hill on clear ground and continue along a path that takes us to Bra\u00f1a Llampa.<\/p>\n<p>Here we pass the stream we see on the right and going up a very steep slope we reach a ridge that descends from the Vidulina, we go up it and before reaching the top we continue towards the Alto de la Ca\u00f1ada following the ridge.<\/p>\n<\/div>\n<\/div>\n<\/div>\n<\/div>\n<\/div>\n<\/div>\n<div class=\"standard_wrapper\">\n<div  class=\"one_half withsmallpadding ppb_text\" style=\"padding:30px 0 30px 0;\" >\n<div class=\"standard_wrapper\">\n<div class=\"page_content_wrapper\">\n<div class=\"inner\">\n<div style=\"margin:auto;width:100%\">\n<h1><span style=\"color: #99cc00;\">ALTO DE LA CA\u00d1ADA FROM VILLABAND\u00cdN<br \/>\n<\/span><\/h1>\n<p>We leave the village of Villaband\u00edn along the road towards Rodicol. We will find a path on our left towards the river Estiello.<\/p>\n<p>When the path closes, we must take a path on our right and continue through the mountain until we come to a deep gap opened by the stream.<\/p>\n<p>We turn left and start to avoid the piornos. Following the ascent we will find a path that takes us into the valley in search of the stream.<\/p>\n<p>From the stream we will find a path that takes us to the hill towards the Chano del Estuliello.<\/p>\n<p>A little before arriving, we leave the path to the left to look for the hill on clear ground and continue along a path that takes us to Bra\u00f1a Llampa.<\/p>\n<p>Here we pass the stream we see on the right and going up a very steep slope we reach a ridge that descends from the Vidulina, we go up it and before reaching the top we continue towards the Alto de la Ca\u00f1ada following the ridge.<\/p>\n<\/div>\n<\/div>\n<\/div>\n<\/div>\n<\/div>\n<\/div>\n<div class=\"standard_wrapper\">\n<div  class=\"one_half withsmallpadding ppb_text\" style=\"padding:30px 0 30px 0;\" >\n<div class=\"standard_wrapper\">\n<div class=\"page_content_wrapper\">\n<div class=\"inner\">\n<div style=\"margin:auto;width:100%\">\n<h3><span style=\"text-decoration: underline; color: #000000;\">MUNICIPALITY<\/span><\/h3>\n<p style=\"padding-left: 30px;\">Murias de Paredes<\/p>\n<h3><span style=\"text-decoration: underline; color: #000000;\">TYPE OF PATH<\/span><\/h3>\n<p style=\"padding-left: 30px;\">Pedestrian walkway with cycle touring sections (MTB)<\/p>\n<p style=\"padding-left: 30px;\">\n<\/div>\n<\/div>\n<\/div>\n<\/div>\n<\/div>\n<\/div>\n<div class=\"standard_wrapper\">\n<div  class=\"one_half last withsmallpadding ppb_text\" style=\"padding:30px 0 30px 0;\" >\n<div class=\"standard_wrapper\">\n<div class=\"page_content_wrapper\">\n<div class=\"inner\">\n<div style=\"margin:auto;width:100%\">\n<h3><span style=\"text-decoration: underline; color: #99cc00;\"><span style=\"color: #000000; text-decoration: underline;\">TECHNICAL DATA<\/span><br \/>\n<\/span><\/h3>\n<p style=\"padding-left: 40px;\">Approximate duration: 5 h 30 min (Return trip)<br \/>\nDistance: 15&#8217;8 km (Round trip)<br \/>\nType of route: Linear<br \/>\nDifficulty: Medium<br \/>\nElevation gain: 932 m<br \/>\nMaximum altitude: 2.151 m<br \/>\nMinimum altitude: 1.219 m<\/p>\n<\/div>\n<\/div>\n<\/div>\n<\/div>\n<\/div>\n<\/div>\n<div class=\"standard_wrapper\">\n<div  class=\"one_half last withsmallpadding ppb_text\" style=\"padding:30px 0 30px 0;\" >\n<div class=\"standard_wrapper\">\n<div class=\"page_content_wrapper\">\n<div class=\"inner\">\n<div style=\"margin:auto;width:100%\">\n<h3><span style=\"text-decoration: underline; color: #99cc00;\"><span style=\"color: #000000; text-decoration: underline;\">TECHNICAL DATA<\/span><br \/>\n<\/span><\/h3>\n<p style=\"padding-left: 40px;\">Approximate duration: 5 h 30 min (Return trip)<br \/>\nDistance: 15&#8217;8 km (Round trip)<br \/>\nType of route: Linear<br \/>\nDifficulty: Medium<br \/>\nElevation gain: 932 m<br \/>\nMaximum altitude: 2.151 m<br \/>\nMinimum altitude: 1.219 m<\/p>\n<\/div>\n<\/div>\n<\/div>\n<\/div>\n<\/div>\n<\/div>\n<div  class=\"one withsmallpadding ppb_text\" style=\"padding:30px;\" >\n<p><iframe loading=\"lazy\" src=\"https:\/\/www.google.com\/maps\/d\/embed?mid=1G1KBXtIQ3yw0_wyGs2gh6EhEq_bjEFYE\" width=\"100%\" height=\"600\"><\/iframe><\/p>\n<\/div>\n<div  class=\"one withsmallpadding ppb_header \" style=\"text-align:left;padding:30px 0 30px 0;\" >\n<div class=\"standard_wrapper\">\n<div class=\"page_content_wrapper\">\n<div class=\"inner\">\n<div style=\"margin:auto;width:100%\">\n<h2 class=\"ppb_title\" style=\"\">DOWNLOAD THE ROUTE<\/h2>\n<hr class=\"title_break left\" style=\"\"\/>\n<div class=\"ppb_header_content\">\n<p>Click on the different versions and download the route directly to your gps device or smartphone &#8211; walk with all the info at your fingertips!<\/p>\n<\/div>\n<\/div>\n<\/div>\n<\/div>\n<\/div>\n<\/div>\n<div class=\"standard_wrapper\">\n<div  class=\"one_third withsmallpadding ppb_text\" style=\"padding:30px 0 30px 0;\" >\n<div class=\"standard_wrapper\">\n<div class=\"page_content_wrapper\">\n<div class=\"inner\">\n<div style=\"margin:auto;width:100%\">\n<p><a href=\"https:\/\/drive.google.com\/file\/d\/1UzCH4orpvqznlAd4HnAN1j0laNu4CbmG\/view?usp=sharing\"><img decoding=\"async\" loading=\"lazy\" class=\"size-full wp-image-12121 aligncenter\" src=\"https:\/\/sienteomana.com\/wp-content\/uploads\/sites\/2\/2019\/04\/gpx1-e1556101291655.png\" alt=\"\" width=\"50\" height=\"107\" \/><\/a><\/p>\n<\/div>\n<\/div>\n<\/div>\n<\/div>\n<\/div>\n<\/div>\n<div class=\"standard_wrapper\">\n<div  class=\"one_third withsmallpadding ppb_text\" style=\"padding:30px 0 30px 0;\" >\n<div class=\"standard_wrapper\">\n<div class=\"page_content_wrapper\">\n<div class=\"inner\">\n<div style=\"margin:auto;width:100%\">\n<p><a href=\"https:\/\/drive.google.com\/file\/d\/1Ea5k2lG9LzkvMKeDvnLn4ttwRz5S4jVB\/view?usp=sharing\"><img decoding=\"async\" loading=\"lazy\" class=\"size-full wp-image-12120 aligncenter\" src=\"https:\/\/sienteomana.com\/wp-content\/uploads\/sites\/2\/2019\/04\/kmz1-e1556101305482.png\" alt=\"\" width=\"50\" height=\"107\" \/><\/a><\/p>\n<\/div>\n<\/div>\n<\/div>\n<\/div>\n<\/div>\n<\/div>\n<div class=\"standard_wrapper\">\n<div  class=\"one_third last withsmallpadding ppb_text\" style=\"padding:30px 0 30px 0;\" >\n<div class=\"standard_wrapper\">\n<div class=\"page_content_wrapper\">\n<div class=\"inner\">\n<div style=\"margin:auto;width:100%\">\n<p><a href=\"https:\/\/www.google.com\/maps\/d\/edit?mid=1G1KBXtIQ3yw0_wyGs2gh6EhEq_bjEFYE&#038;usp=sharing\"><img decoding=\"async\" loading=\"lazy\" class=\"size-full wp-image-12111 aligncenter\" src=\"https:\/\/sienteomana.com\/wp-content\/uploads\/sites\/2\/2019\/04\/phone-e1556100835250.png\" alt=\"\" width=\"50\" height=\"107\" \/><\/a><\/p>\n<\/div>\n<\/div>\n<\/div>\n<\/div>\n<\/div>\n<\/div>\n","protected":false},"excerpt":{"rendered":"<p>ALTO DE LA CA\u00d1ADA FROM VILLABAND\u00cdN We leave the village of Villaband\u00edn along the road towards Rodicol. We will find a path on our left towards the river Estiello. When the path closes, we must take a path on our [&hellip;]<\/p>\n","protected":false},"author":1,"featured_media":0,"parent":0,"menu_order":0,"comment_status":"closed","ping_status":"closed","template":"","meta":{"inline_featured_image":false,"footnotes":""},"class_list":["post-12857","page","type-page","status-publish","hentry"],"yoast_head":"<!-- This site is optimized with the Yoast SEO plugin v27.3 - https:\/\/yoast.com\/product\/yoast-seo-wordpress\/ -->\n<title>ALTO DE LA CA\u00d1ADA FROM VILLABAND\u00cdN - (EN) Siente Oma\u00f1a<\/title>\n<meta name=\"robots\" content=\"index, follow, max-snippet:-1, max-image-preview:large, max-video-preview:-1\" \/>\n<link rel=\"canonical\" href=\"https:\/\/sienteomana.com\/en\/alto-de-la-can\u0303ada-desde-villabandin\/\" \/>\n<meta property=\"og:locale\" content=\"es_ES\" \/>\n<meta property=\"og:type\" content=\"article\" \/>\n<meta property=\"og:title\" content=\"ALTO DE LA CA\u00d1ADA FROM VILLABAND\u00cdN - (EN) Siente Oma\u00f1a\" \/>\n<meta property=\"og:description\" content=\"ALTO DE LA CA\u00d1ADA FROM VILLABAND\u00cdN We leave the village of Villaband\u00edn along the road towards Rodicol. We will find a path on our left towards the river Estiello. When the path closes, we must take a path on our [&hellip;]\" \/>\n<meta property=\"og:url\" content=\"https:\/\/sienteomana.com\/en\/alto-de-la-can\u0303ada-desde-villabandin\/\" \/>\n<meta property=\"og:site_name\" content=\"(EN) Siente Oma\u00f1a\" \/>\n<meta property=\"article:modified_time\" content=\"2023-08-23T14:58:53+00:00\" \/>\n<meta property=\"og:image\" content=\"https:\/\/sienteomana.com\/wp-content\/uploads\/sites\/2\/2019\/04\/gpx1-e1556101291655.png\" \/>\n<meta name=\"twitter:card\" content=\"summary_large_image\" \/>\n<meta name=\"twitter:label1\" content=\"Tiempo de lectura\" \/>\n\t<meta name=\"twitter:data1\" content=\"4 minutos\" \/>\n<script type=\"application\/ld+json\" class=\"yoast-schema-graph\">{\"@context\":\"https:\\\/\\\/schema.org\",\"@graph\":[{\"@type\":\"WebPage\",\"@id\":\"https:\\\/\\\/sienteomana.com\\\/en\\\/alto-de-la-can%cc%83ada-desde-villabandin\\\/\",\"url\":\"https:\\\/\\\/sienteomana.com\\\/en\\\/alto-de-la-can%cc%83ada-desde-villabandin\\\/\",\"name\":\"ALTO DE LA CA\u00d1ADA FROM VILLABAND\u00cdN - (EN) Siente Oma\u00f1a\",\"isPartOf\":{\"@id\":\"https:\\\/\\\/sienteomana.com\\\/en\\\/#website\"},\"primaryImageOfPage\":{\"@id\":\"https:\\\/\\\/sienteomana.com\\\/en\\\/alto-de-la-can%cc%83ada-desde-villabandin\\\/#primaryimage\"},\"image\":{\"@id\":\"https:\\\/\\\/sienteomana.com\\\/en\\\/alto-de-la-can%cc%83ada-desde-villabandin\\\/#primaryimage\"},\"thumbnailUrl\":\"https:\\\/\\\/sienteomana.com\\\/wp-content\\\/uploads\\\/sites\\\/2\\\/2019\\\/04\\\/gpx1-e1556101291655.png\",\"datePublished\":\"2020-11-26T10:32:22+00:00\",\"dateModified\":\"2023-08-23T14:58:53+00:00\",\"breadcrumb\":{\"@id\":\"https:\\\/\\\/sienteomana.com\\\/en\\\/alto-de-la-can%cc%83ada-desde-villabandin\\\/#breadcrumb\"},\"inLanguage\":\"es\",\"potentialAction\":[{\"@type\":\"ReadAction\",\"target\":[\"https:\\\/\\\/sienteomana.com\\\/en\\\/alto-de-la-can%cc%83ada-desde-villabandin\\\/\"]}]},{\"@type\":\"ImageObject\",\"inLanguage\":\"es\",\"@id\":\"https:\\\/\\\/sienteomana.com\\\/en\\\/alto-de-la-can%cc%83ada-desde-villabandin\\\/#primaryimage\",\"url\":\"https:\\\/\\\/sienteomana.com\\\/wp-content\\\/uploads\\\/sites\\\/2\\\/2019\\\/04\\\/gpx1-e1556101291655.png\",\"contentUrl\":\"https:\\\/\\\/sienteomana.com\\\/wp-content\\\/uploads\\\/sites\\\/2\\\/2019\\\/04\\\/gpx1-e1556101291655.png\"},{\"@type\":\"BreadcrumbList\",\"@id\":\"https:\\\/\\\/sienteomana.com\\\/en\\\/alto-de-la-can%cc%83ada-desde-villabandin\\\/#breadcrumb\",\"itemListElement\":[{\"@type\":\"ListItem\",\"position\":1,\"name\":\"Home\",\"item\":\"https:\\\/\\\/sienteomana.com\\\/en\\\/\"},{\"@type\":\"ListItem\",\"position\":2,\"name\":\"ALTO DE LA CA\u00d1ADA FROM VILLABAND\u00cdN\"}]},{\"@type\":\"WebSite\",\"@id\":\"https:\\\/\\\/sienteomana.com\\\/en\\\/#website\",\"url\":\"https:\\\/\\\/sienteomana.com\\\/en\\\/\",\"name\":\"(EN) Siente Oma\u00f1a\",\"description\":\"Oma\u00f1a\",\"potentialAction\":[{\"@type\":\"SearchAction\",\"target\":{\"@type\":\"EntryPoint\",\"urlTemplate\":\"https:\\\/\\\/sienteomana.com\\\/en\\\/?s={search_term_string}\"},\"query-input\":{\"@type\":\"PropertyValueSpecification\",\"valueRequired\":true,\"valueName\":\"search_term_string\"}}],\"inLanguage\":\"es\"}]}<\/script>\n<!-- \/ Yoast SEO plugin. -->","yoast_head_json":{"title":"ALTO DE LA CA\u00d1ADA FROM VILLABAND\u00cdN - (EN) Siente Oma\u00f1a","robots":{"index":"index","follow":"follow","max-snippet":"max-snippet:-1","max-image-preview":"max-image-preview:large","max-video-preview":"max-video-preview:-1"},"canonical":"https:\/\/sienteomana.com\/en\/alto-de-la-can\u0303ada-desde-villabandin\/","og_locale":"es_ES","og_type":"article","og_title":"ALTO DE LA CA\u00d1ADA FROM VILLABAND\u00cdN - (EN) Siente Oma\u00f1a","og_description":"ALTO DE LA CA\u00d1ADA FROM VILLABAND\u00cdN We leave the village of Villaband\u00edn along the road towards Rodicol. We will find a path on our left towards the river Estiello. When the path closes, we must take a path on our [&hellip;]","og_url":"https:\/\/sienteomana.com\/en\/alto-de-la-can\u0303ada-desde-villabandin\/","og_site_name":"(EN) Siente Oma\u00f1a","article_modified_time":"2023-08-23T14:58:53+00:00","og_image":[{"url":"https:\/\/sienteomana.com\/wp-content\/uploads\/sites\/2\/2019\/04\/gpx1-e1556101291655.png","type":"","width":"","height":""}],"twitter_card":"summary_large_image","twitter_misc":{"Tiempo de lectura":"4 minutos"},"schema":{"@context":"https:\/\/schema.org","@graph":[{"@type":"WebPage","@id":"https:\/\/sienteomana.com\/en\/alto-de-la-can%cc%83ada-desde-villabandin\/","url":"https:\/\/sienteomana.com\/en\/alto-de-la-can%cc%83ada-desde-villabandin\/","name":"ALTO DE LA CA\u00d1ADA FROM VILLABAND\u00cdN - (EN) Siente Oma\u00f1a","isPartOf":{"@id":"https:\/\/sienteomana.com\/en\/#website"},"primaryImageOfPage":{"@id":"https:\/\/sienteomana.com\/en\/alto-de-la-can%cc%83ada-desde-villabandin\/#primaryimage"},"image":{"@id":"https:\/\/sienteomana.com\/en\/alto-de-la-can%cc%83ada-desde-villabandin\/#primaryimage"},"thumbnailUrl":"https:\/\/sienteomana.com\/wp-content\/uploads\/sites\/2\/2019\/04\/gpx1-e1556101291655.png","datePublished":"2020-11-26T10:32:22+00:00","dateModified":"2023-08-23T14:58:53+00:00","breadcrumb":{"@id":"https:\/\/sienteomana.com\/en\/alto-de-la-can%cc%83ada-desde-villabandin\/#breadcrumb"},"inLanguage":"es","potentialAction":[{"@type":"ReadAction","target":["https:\/\/sienteomana.com\/en\/alto-de-la-can%cc%83ada-desde-villabandin\/"]}]},{"@type":"ImageObject","inLanguage":"es","@id":"https:\/\/sienteomana.com\/en\/alto-de-la-can%cc%83ada-desde-villabandin\/#primaryimage","url":"https:\/\/sienteomana.com\/wp-content\/uploads\/sites\/2\/2019\/04\/gpx1-e1556101291655.png","contentUrl":"https:\/\/sienteomana.com\/wp-content\/uploads\/sites\/2\/2019\/04\/gpx1-e1556101291655.png"},{"@type":"BreadcrumbList","@id":"https:\/\/sienteomana.com\/en\/alto-de-la-can%cc%83ada-desde-villabandin\/#breadcrumb","itemListElement":[{"@type":"ListItem","position":1,"name":"Home","item":"https:\/\/sienteomana.com\/en\/"},{"@type":"ListItem","position":2,"name":"ALTO DE LA CA\u00d1ADA FROM VILLABAND\u00cdN"}]},{"@type":"WebSite","@id":"https:\/\/sienteomana.com\/en\/#website","url":"https:\/\/sienteomana.com\/en\/","name":"(EN) Siente Oma\u00f1a","description":"Oma\u00f1a","potentialAction":[{"@type":"SearchAction","target":{"@type":"EntryPoint","urlTemplate":"https:\/\/sienteomana.com\/en\/?s={search_term_string}"},"query-input":{"@type":"PropertyValueSpecification","valueRequired":true,"valueName":"search_term_string"}}],"inLanguage":"es"}]}},"_links":{"self":[{"href":"https:\/\/sienteomana.com\/en\/wp-json\/wp\/v2\/pages\/12857","targetHints":{"allow":["GET"]}}],"collection":[{"href":"https:\/\/sienteomana.com\/en\/wp-json\/wp\/v2\/pages"}],"about":[{"href":"https:\/\/sienteomana.com\/en\/wp-json\/wp\/v2\/types\/page"}],"author":[{"embeddable":true,"href":"https:\/\/sienteomana.com\/en\/wp-json\/wp\/v2\/users\/1"}],"replies":[{"embeddable":true,"href":"https:\/\/sienteomana.com\/en\/wp-json\/wp\/v2\/comments?post=12857"}],"version-history":[{"count":16,"href":"https:\/\/sienteomana.com\/en\/wp-json\/wp\/v2\/pages\/12857\/revisions"}],"predecessor-version":[{"id":14824,"href":"https:\/\/sienteomana.com\/en\/wp-json\/wp\/v2\/pages\/12857\/revisions\/14824"}],"wp:attachment":[{"href":"https:\/\/sienteomana.com\/en\/wp-json\/wp\/v2\/media?parent=12857"}],"curies":[{"name":"wp","href":"https:\/\/api.w.org\/{rel}","templated":true}]}}