{"id":11973,"date":"2019-04-22T16:42:09","date_gmt":"2019-04-22T16:42:09","guid":{"rendered":"https:\/\/sienteomana.com\/en\/?page_id=11973"},"modified":"2023-04-18T11:58:58","modified_gmt":"2023-04-18T11:58:58","slug":"el-camino-olvidado-a-santiago","status":"publish","type":"page","link":"https:\/\/sienteomana.com\/en\/el-camino-olvidado-a-santiago\/","title":{"rendered":"The forgotten way to Santiago"},"content":{"rendered":"<div class=\"standard_wrapper\">\n<div  class=\"two_third last withsmallpadding ppb_text\" style=\"padding:30px 0 30px 0;\" >\n<div class=\"standard_wrapper\">\n<div class=\"page_content_wrapper\">\n<div class=\"inner\">\n<div style=\"margin:auto;width:100%\">\n<div class=\"one withsmallpadding ppb_text\">\n<div class=\"standard_wrapper\">\n<div class=\"page_content_wrapper\">\n<div class=\"inner\">\n<div>\n<p>These villages and paths received from the 11TH to 13TH centuries many pilgrims as they passed through the old Camino de Santiago, or forgotten path, before being replaced by the current French road after the Muslim fold of the peninsula. A history of spirituality that now attracts new pilgrims from the 21ST century.<\/p>\n<p>The forgotten road part of Bilbao and joins the French road in Villafranca del Bierzo. Its stages 17 and 18 travel Oma\u00f1a Alta, between the villages of Marz\u00e1n and Fasgar to climb the mythical slope of the Ocidiello towards the Campo de Santiago de Mart\u00edn Moro Toledano. A route that will not leave you indifferent.<\/p>\n<p>At present, the municipality of Murias de Paredes is developing an active task to signal and maintain this section of the road in correct conditions for the pilgrims who travel.<\/p>\n<\/div>\n<\/div>\n<\/div>\n<\/div>\n<\/div>\n<\/div>\n<\/div>\n<\/div>\n<\/div>\n<\/div>\n<\/div>\n<div class=\"standard_wrapper\">\n<div  class=\"two_third last withsmallpadding ppb_text\" style=\"padding:30px 0 30px 0;\" >\n<div class=\"standard_wrapper\">\n<div class=\"page_content_wrapper\">\n<div class=\"inner\">\n<div style=\"margin:auto;width:100%\">\n<div class=\"one withsmallpadding ppb_text\">\n<div class=\"standard_wrapper\">\n<div class=\"page_content_wrapper\">\n<div class=\"inner\">\n<div>\n<p>These villages and paths received from the 11TH to 13TH centuries many pilgrims as they passed through the old Camino de Santiago, or forgotten path, before being replaced by the current French road after the Muslim fold of the peninsula. A history of spirituality that now attracts new pilgrims from the 21ST century.<\/p>\n<p>The forgotten road part of Bilbao and joins the French road in Villafranca del Bierzo. Its stages 17 and 18 travel Oma\u00f1a Alta, between the villages of Marz\u00e1n and Fasgar to climb the mythical slope of the Ocidiello towards the Campo de Santiago de Mart\u00edn Moro Toledano. A route that will not leave you indifferent.<\/p>\n<p>At present, the municipality of Murias de Paredes is developing an active task to signal and maintain this section of the road in correct conditions for the pilgrims who travel.<\/p>\n<\/div>\n<\/div>\n<\/div>\n<\/div>\n<\/div>\n<\/div>\n<\/div>\n<\/div>\n<\/div>\n<\/div>\n<\/div>\n<div class=\"standard_wrapper\">\n<div  class=\"one_third last withsmallpadding ppb_text\" style=\"padding:30px 0 30px 0;\" >\n<div class=\"standard_wrapper\">\n<div class=\"page_content_wrapper\">\n<div class=\"inner\">\n<div style=\"margin:auto;width:100%\">\n<p><strong>Stage 17 (28.2 km) Riello-Fasgar<\/strong><\/p>\n<p>Leave Riello through the leafy oak grove that climbs up to Pandorado and its venerated Marian hermitage, full of tradition. The route continues, descending to the beautiful village of Oma\u00f1uela, and along the magnificent banks of the Oma\u00f1a, between alder groves and fresh meadows, it then follows the course of the river, from one bank to the other, through successive villages with hermitages, churches and shrines. Now in the Valle Gordo, it enters Oma\u00f1a Alta in the village of Marz\u00e1n. Barrio de la Puente will show you its magnificent medieval bridge, which some attribute to the Roman period. The same happens in Vegapuj\u00edn, where there is evidence of a road. And in Fasgar, with its stone and slate houses, you can admire its bridges and its hidden chapel of Santiago, in the idyllic landscape of the Campo de Santiago, where the roars of a battle won by the Muslims during the Reconquista still resonate.<\/p>\n<\/div>\n<\/div>\n<\/div>\n<\/div>\n<\/div>\n<\/div>\n<div class=\"standard_wrapper\">\n<div  class=\"one_third last withsmallpadding ppb_text\" style=\"padding:30px 0 30px 0;\" >\n<div class=\"standard_wrapper\">\n<div class=\"page_content_wrapper\">\n<div class=\"inner\">\n<div style=\"margin:auto;width:100%\">\n<p><strong>Stage 17 (28.2 km) Riello-Fasgar<\/strong><\/p>\n<p>Leave Riello through the leafy oak grove that climbs up to Pandorado and its venerated Marian hermitage, full of tradition. The route continues, descending to the beautiful village of Oma\u00f1uela, and along the magnificent banks of the Oma\u00f1a, between alder groves and fresh meadows, it then follows the course of the river, from one bank to the other, through successive villages with hermitages, churches and shrines. Now in the Valle Gordo, it enters Oma\u00f1a Alta in the village of Marz\u00e1n. Barrio de la Puente will show you its magnificent medieval bridge, which some attribute to the Roman period. The same happens in Vegapuj\u00edn, where there is evidence of a road. And in Fasgar, with its stone and slate houses, you can admire its bridges and its hidden chapel of Santiago, in the idyllic landscape of the Campo de Santiago, where the roars of a battle won by the Muslims during the Reconquista still resonate.<\/p>\n<\/div>\n<\/div>\n<\/div>\n<\/div>\n<\/div>\n<\/div>\n<div class=\"standard_wrapper\">\n<div  class=\"one_third last withsmallpadding ppb_text\" style=\"padding:30px 0 30px 0;\" >\n<div class=\"standard_wrapper\">\n<div class=\"page_content_wrapper\">\n<div class=\"inner\">\n<div style=\"margin:auto;width:100%\">\n<p><strong>Stage 17 (28.2 km) Riello-Fasgar<\/strong><\/p>\n<p>Leave Riello through the leafy oak grove that climbs up to Pandorado and its venerated Marian hermitage, full of tradition. The route continues, descending to the beautiful village of Oma\u00f1uela, and along the magnificent banks of the Oma\u00f1a, between alder groves and fresh meadows, it then follows the course of the river, from one bank to the other, through successive villages with hermitages, churches and shrines. Now in the Valle Gordo, it enters Oma\u00f1a Alta in the village of Marz\u00e1n. Barrio de la Puente will show you its magnificent medieval bridge, which some attribute to the Roman period. The same happens in Vegapuj\u00edn, where there is evidence of a road. And in Fasgar, with its stone and slate houses, you can admire its bridges and its hidden chapel of Santiago, in the idyllic landscape of the Campo de Santiago, where the roars of a battle won by the Muslims during the Reconquista still resonate.<\/p>\n<\/div>\n<\/div>\n<\/div>\n<\/div>\n<\/div>\n<\/div>\n<div class=\"standard_wrapper\">\n<div  class=\"one_third last withsmallpadding ppb_text\" style=\"padding:30px 0 30px 0;\" >\n<div class=\"standard_wrapper\">\n<div class=\"page_content_wrapper\">\n<div class=\"inner\">\n<div style=\"margin:auto;width:100%\">\n<p><strong>Stage 18 (18.5 km) Fasgar-Igue\u00f1a<\/strong><\/p>\n<p>Here you can see why the old forgotten Road was also called the mountain path. The three kilometres of ascent from Fasgar are more than offset by the splendorous path that follows the path between exclusive birch with servals, holly, oaks and yew trees. The fountains, with its three spouts of abundant water, are a must stop to regain strength. And by crowning the Collada, the landscape overtakes: the Sierra de Gistredo, with the haughty summits of the course and the Tambar\u00f3n, and underneath, the imposing glacier Vega that forms the Campo de Santiago, with its solitary hermitage and its shepherds &#8216; hut, at the bottom of the valley. After passing in front of the Hermitage, the road follows the wandering course of the Boeza River and in constant descent, reaches the hills of the Campo de Mart\u00edn Moro Toledano, elegant historic group declared well of Cultural interest, with the unmistakable arch of the Hermitage of the saint Christ and his craft activity. Attn the Boeza by the medieval bridge, there is still a good stretch to Igue\u00f1a, the final destination of this stage.<\/p>\n<\/div>\n<\/div>\n<\/div>\n<\/div>\n<\/div>\n<\/div>\n<div class=\"standard_wrapper\">\n<div  class=\"one_third last withsmallpadding ppb_text\" style=\"padding:30px 0 30px 0;\" >\n<div class=\"standard_wrapper\">\n<div class=\"page_content_wrapper\">\n<div class=\"inner\">\n<div style=\"margin:auto;width:100%\">\n<p><strong>Stage 18 (18.5 km) Fasgar-Igue\u00f1a<\/strong><\/p>\n<p>Here you can see why the old forgotten Road was also called the mountain path. The three kilometres of ascent from Fasgar are more than offset by the splendorous path that follows the path between exclusive birch with servals, holly, oaks and yew trees. The fountains, with its three spouts of abundant water, are a must stop to regain strength. And by crowning the Collada, the landscape overtakes: the Sierra de Gistredo, with the haughty summits of the course and the Tambar\u00f3n, and underneath, the imposing glacier Vega that forms the Campo de Santiago, with its solitary hermitage and its shepherds &#8216; hut, at the bottom of the valley. After passing in front of the Hermitage, the road follows the wandering course of the Boeza River and in constant descent, reaches the hills of the Campo de Mart\u00edn Moro Toledano, elegant historic group declared well of Cultural interest, with the unmistakable arch of the Hermitage of the saint Christ and his craft activity. Attn the Boeza by the medieval bridge, there is still a good stretch to Igue\u00f1a, the final destination of this stage.<\/p>\n<\/div>\n<\/div>\n<\/div>\n<\/div>\n<\/div>\n<\/div>\n<div class=\"standard_wrapper\">\n<div  class=\"one_third last withsmallpadding ppb_text\" style=\"padding:30px 0 30px 0;\" >\n<div class=\"standard_wrapper\">\n<div class=\"page_content_wrapper\">\n<div class=\"inner\">\n<div style=\"margin:auto;width:100%\">\n<p><strong>Stage 18 (18.5 km) Fasgar-Igue\u00f1a<\/strong><\/p>\n<p>Here you can see why the old forgotten Road was also called the mountain path. The three kilometres of ascent from Fasgar are more than offset by the splendorous path that follows the path between exclusive birch with servals, holly, oaks and yew trees. The fountains, with its three spouts of abundant water, are a must stop to regain strength. And by crowning the Collada, the landscape overtakes: the Sierra de Gistredo, with the haughty summits of the course and the Tambar\u00f3n, and underneath, the imposing glacier Vega that forms the Campo de Santiago, with its solitary hermitage and its shepherds &#8216; hut, at the bottom of the valley. After passing in front of the Hermitage, the road follows the wandering course of the Boeza River and in constant descent, reaches the hills of the Campo de Mart\u00edn Moro Toledano, elegant historic group declared well of Cultural interest, with the unmistakable arch of the Hermitage of the saint Christ and his craft activity. Attn the Boeza by the medieval bridge, there is still a good stretch to Igue\u00f1a, the final destination of this stage.<\/p>\n<\/div>\n<\/div>\n<\/div>\n<\/div>\n<\/div>\n<\/div>\n<div class=\"standard_wrapper\">\n<div  class=\"one_third last withsmallpadding ppb_text\" style=\"padding:30px 0 30px 0;\" >\n<div class=\"standard_wrapper\">\n<div class=\"page_content_wrapper\">\n<div class=\"inner\">\n<div style=\"margin:auto;width:100%\">\n<p><strong>Stage 18 (18.5 km) Fasgar-Igue\u00f1a<\/strong><\/p>\n<p>Here you can see why the old forgotten Road was also called the mountain path. The three kilometres of ascent from Fasgar are more than offset by the splendorous path that follows the path between exclusive birch with servals, holly, oaks and yew trees. The fountains, with its three spouts of abundant water, are a must stop to regain strength. And by crowning the Collada, the landscape overtakes: the Sierra de Gistredo, with the haughty summits of the course and the Tambar\u00f3n, and underneath, the imposing glacier Vega that forms the Campo de Santiago, with its solitary hermitage and its shepherds &#8216; hut, at the bottom of the valley. After passing in front of the Hermitage, the road follows the wandering course of the Boeza River and in constant descent, reaches the hills of the Campo de Mart\u00edn Moro Toledano, elegant historic group declared well of Cultural interest, with the unmistakable arch of the Hermitage of the saint Christ and his craft activity. Attn the Boeza by the medieval bridge, there is still a good stretch to Igue\u00f1a, the final destination of this stage.<\/p>\n<\/div>\n<\/div>\n<\/div>\n<\/div>\n<\/div>\n<\/div>\n<div  class=\"one withsmallpadding ppb_header \" style=\"text-align:left;padding:30px 0 30px 0;\" >\n<div class=\"standard_wrapper\">\n<div class=\"page_content_wrapper\">\n<div class=\"inner\">\n<div style=\"margin:auto;width:100%\">\n<h2 class=\"ppb_title\" style=\"\">Services<\/h2>\n<hr class=\"title_break left\" style=\"\"\/>\n<div class=\"ppb_header_content\">\n<p>Fasgar has a 10-seater Pilgrim&#8217;s Hostel and bar service.<\/p>\n<p>Phone: 607 027 949<\/p>\n<p>INFORMATION OF INTEREST<\/p>\n<p>Health Care-Emergencies: 112<br \/>\nGuardia Civil: 062<br \/>\nCivil Protection: 112<br \/>\nInformation Adif (TRAINS): 902240202<br \/>\nAirport: 902404704<\/p>\n<p>LINKS:<\/p>\n<p><a href=\"https:\/\/caminoolvidado.com\/\">Asociaci\u00f3n Leonesa del Camino Olvidado<\/a><\/p>\n<p><a href=\"http:\/\/www.turisleon.com\/es\/\">www.turisleon.com<\/a><br \/>\n<a href=\"https:\/\/www.caminosantiago.org\/cpperegrino\/comun\/inicio.asp\">www.caminosantiago.org<\/a><br \/>\n<a href=\"http:\/\/www.caminosantiagoleon.es\/\">www.caminosantiagoleon.es<\/a><br \/>\n<a href=\"http:\/\/www.caminodesantiagoastorga.com\/\">www.caminodesantiagoastorga.com<\/a><br \/>\n<a href=\"http:\/\/www.amigoscaminobierzo.org\/\">www.amigoscaminobierzo.org<\/a><\/p>\n<\/div>\n<\/div>\n<\/div>\n<\/div>\n<\/div>\n<\/div>\n","protected":false},"excerpt":{"rendered":"<p>These villages and paths received from the 11TH to 13TH centuries many pilgrims as they passed through the old Camino de Santiago, or forgotten path, before being replaced by the current French road after the Muslim fold of the peninsula. [&hellip;]<\/p>\n","protected":false},"author":2,"featured_media":0,"parent":0,"menu_order":0,"comment_status":"closed","ping_status":"closed","template":"","meta":{"inline_featured_image":false,"footnotes":""},"class_list":["post-11973","page","type-page","status-publish","hentry"],"yoast_head":"<!-- This site is optimized with the Yoast SEO plugin v27.3 - https:\/\/yoast.com\/product\/yoast-seo-wordpress\/ -->\n<title>The forgotten way to Santiago - (EN) Siente Oma\u00f1a<\/title>\n<meta name=\"robots\" content=\"index, follow, max-snippet:-1, max-image-preview:large, max-video-preview:-1\" \/>\n<link rel=\"canonical\" href=\"https:\/\/sienteomana.com\/en\/el-camino-olvidado-a-santiago\/\" \/>\n<meta property=\"og:locale\" content=\"es_ES\" \/>\n<meta property=\"og:type\" content=\"article\" \/>\n<meta property=\"og:title\" content=\"The forgotten way to Santiago - (EN) Siente Oma\u00f1a\" \/>\n<meta property=\"og:description\" content=\"These villages and paths received from the 11TH to 13TH centuries many pilgrims as they passed through the old Camino de Santiago, or forgotten path, before being replaced by the current French road after the Muslim fold of the peninsula. [&hellip;]\" \/>\n<meta property=\"og:url\" content=\"https:\/\/sienteomana.com\/en\/el-camino-olvidado-a-santiago\/\" \/>\n<meta property=\"og:site_name\" content=\"(EN) Siente Oma\u00f1a\" \/>\n<meta property=\"article:modified_time\" content=\"2023-04-18T11:58:58+00:00\" \/>\n<meta name=\"twitter:card\" content=\"summary_large_image\" \/>\n<meta name=\"twitter:label1\" content=\"Tiempo de lectura\" \/>\n\t<meta name=\"twitter:data1\" content=\"8 minutos\" \/>\n<script type=\"application\/ld+json\" class=\"yoast-schema-graph\">{\"@context\":\"https:\\\/\\\/schema.org\",\"@graph\":[{\"@type\":\"WebPage\",\"@id\":\"https:\\\/\\\/sienteomana.com\\\/en\\\/el-camino-olvidado-a-santiago\\\/\",\"url\":\"https:\\\/\\\/sienteomana.com\\\/en\\\/el-camino-olvidado-a-santiago\\\/\",\"name\":\"The forgotten way to Santiago - (EN) Siente Oma\u00f1a\",\"isPartOf\":{\"@id\":\"https:\\\/\\\/sienteomana.com\\\/en\\\/#website\"},\"datePublished\":\"2019-04-22T16:42:09+00:00\",\"dateModified\":\"2023-04-18T11:58:58+00:00\",\"breadcrumb\":{\"@id\":\"https:\\\/\\\/sienteomana.com\\\/en\\\/el-camino-olvidado-a-santiago\\\/#breadcrumb\"},\"inLanguage\":\"es\",\"potentialAction\":[{\"@type\":\"ReadAction\",\"target\":[\"https:\\\/\\\/sienteomana.com\\\/en\\\/el-camino-olvidado-a-santiago\\\/\"]}]},{\"@type\":\"BreadcrumbList\",\"@id\":\"https:\\\/\\\/sienteomana.com\\\/en\\\/el-camino-olvidado-a-santiago\\\/#breadcrumb\",\"itemListElement\":[{\"@type\":\"ListItem\",\"position\":1,\"name\":\"Home\",\"item\":\"https:\\\/\\\/sienteomana.com\\\/en\\\/\"},{\"@type\":\"ListItem\",\"position\":2,\"name\":\"The forgotten way to Santiago\"}]},{\"@type\":\"WebSite\",\"@id\":\"https:\\\/\\\/sienteomana.com\\\/en\\\/#website\",\"url\":\"https:\\\/\\\/sienteomana.com\\\/en\\\/\",\"name\":\"(EN) Siente Oma\u00f1a\",\"description\":\"Oma\u00f1a\",\"potentialAction\":[{\"@type\":\"SearchAction\",\"target\":{\"@type\":\"EntryPoint\",\"urlTemplate\":\"https:\\\/\\\/sienteomana.com\\\/en\\\/?s={search_term_string}\"},\"query-input\":{\"@type\":\"PropertyValueSpecification\",\"valueRequired\":true,\"valueName\":\"search_term_string\"}}],\"inLanguage\":\"es\"}]}<\/script>\n<!-- \/ Yoast SEO plugin. -->","yoast_head_json":{"title":"The forgotten way to Santiago - (EN) Siente Oma\u00f1a","robots":{"index":"index","follow":"follow","max-snippet":"max-snippet:-1","max-image-preview":"max-image-preview:large","max-video-preview":"max-video-preview:-1"},"canonical":"https:\/\/sienteomana.com\/en\/el-camino-olvidado-a-santiago\/","og_locale":"es_ES","og_type":"article","og_title":"The forgotten way to Santiago - (EN) Siente Oma\u00f1a","og_description":"These villages and paths received from the 11TH to 13TH centuries many pilgrims as they passed through the old Camino de Santiago, or forgotten path, before being replaced by the current French road after the Muslim fold of the peninsula. [&hellip;]","og_url":"https:\/\/sienteomana.com\/en\/el-camino-olvidado-a-santiago\/","og_site_name":"(EN) Siente Oma\u00f1a","article_modified_time":"2023-04-18T11:58:58+00:00","twitter_card":"summary_large_image","twitter_misc":{"Tiempo de lectura":"8 minutos"},"schema":{"@context":"https:\/\/schema.org","@graph":[{"@type":"WebPage","@id":"https:\/\/sienteomana.com\/en\/el-camino-olvidado-a-santiago\/","url":"https:\/\/sienteomana.com\/en\/el-camino-olvidado-a-santiago\/","name":"The forgotten way to Santiago - (EN) Siente Oma\u00f1a","isPartOf":{"@id":"https:\/\/sienteomana.com\/en\/#website"},"datePublished":"2019-04-22T16:42:09+00:00","dateModified":"2023-04-18T11:58:58+00:00","breadcrumb":{"@id":"https:\/\/sienteomana.com\/en\/el-camino-olvidado-a-santiago\/#breadcrumb"},"inLanguage":"es","potentialAction":[{"@type":"ReadAction","target":["https:\/\/sienteomana.com\/en\/el-camino-olvidado-a-santiago\/"]}]},{"@type":"BreadcrumbList","@id":"https:\/\/sienteomana.com\/en\/el-camino-olvidado-a-santiago\/#breadcrumb","itemListElement":[{"@type":"ListItem","position":1,"name":"Home","item":"https:\/\/sienteomana.com\/en\/"},{"@type":"ListItem","position":2,"name":"The forgotten way to Santiago"}]},{"@type":"WebSite","@id":"https:\/\/sienteomana.com\/en\/#website","url":"https:\/\/sienteomana.com\/en\/","name":"(EN) Siente Oma\u00f1a","description":"Oma\u00f1a","potentialAction":[{"@type":"SearchAction","target":{"@type":"EntryPoint","urlTemplate":"https:\/\/sienteomana.com\/en\/?s={search_term_string}"},"query-input":{"@type":"PropertyValueSpecification","valueRequired":true,"valueName":"search_term_string"}}],"inLanguage":"es"}]}},"_links":{"self":[{"href":"https:\/\/sienteomana.com\/en\/wp-json\/wp\/v2\/pages\/11973","targetHints":{"allow":["GET"]}}],"collection":[{"href":"https:\/\/sienteomana.com\/en\/wp-json\/wp\/v2\/pages"}],"about":[{"href":"https:\/\/sienteomana.com\/en\/wp-json\/wp\/v2\/types\/page"}],"author":[{"embeddable":true,"href":"https:\/\/sienteomana.com\/en\/wp-json\/wp\/v2\/users\/2"}],"replies":[{"embeddable":true,"href":"https:\/\/sienteomana.com\/en\/wp-json\/wp\/v2\/comments?post=11973"}],"version-history":[{"count":75,"href":"https:\/\/sienteomana.com\/en\/wp-json\/wp\/v2\/pages\/11973\/revisions"}],"predecessor-version":[{"id":14772,"href":"https:\/\/sienteomana.com\/en\/wp-json\/wp\/v2\/pages\/11973\/revisions\/14772"}],"wp:attachment":[{"href":"https:\/\/sienteomana.com\/en\/wp-json\/wp\/v2\/media?parent=11973"}],"curies":[{"name":"wp","href":"https:\/\/api.w.org\/{rel}","templated":true}]}}