{"id":11588,"date":"2019-04-02T18:21:46","date_gmt":"2019-04-02T18:21:46","guid":{"rendered":"https:\/\/sienteomana.com\/en\/?page_id=11588"},"modified":"2023-08-24T14:28:41","modified_gmt":"2023-08-24T14:28:41","slug":"ruta-viviero-nevadin","status":"publish","type":"page","link":"https:\/\/sienteomana.com\/en\/ruta-viviero-nevadin\/","title":{"rendered":"VIVERO &#8211; NEVAD\u00cdN ROUTE"},"content":{"rendered":"<div  class=\"one withsmallpadding ppb_text\" style=\"padding:30px 0 30px 0;\" >\n<div class=\"standard_wrapper\">\n<div class=\"page_content_wrapper\">\n<div class=\"inner\">\n<div style=\"margin:auto;width:100%\">\n<h1><span style=\"color: #99cc00;\">VIVERO &#8211; NEVAD\u00cdN ROUTE<\/span><\/h1>\n<p style=\"text-align: justify;\">We leave the village of Vivero following the calle de Arriba to reach the Bra\u00f1a de Vivero along a path in good condition and practically flat. We continue through a grassy meadow until we reach a branch that comes out on the left with a large stone milestone.<\/p>\n<p>We continue straight on until we cross the Portill\u00edn stream until we reach a cattle enclosure known as La Pradera. We take a small path to the left, ascending little by little until we reach a sharp bend where we must continue along a narrow valley with a steep climb until we find a forest track that will take us to the Fuentefr\u00eda pass and from there to the Nevad\u00edn peak. From here we can see the valleys of Vivero and Salientes, some lakes and the peaks of Pe\u00f1a Grande and Pe\u00f1a Vendimia.<\/p>\n<p>The route continues along these last two peaks to start descending the hillside until we find the well-trodden path that will take us back to Vivero.<\/p>\n<\/div>\n<\/div>\n<\/div>\n<\/div>\n<\/div>\n<div  class=\"one withsmallpadding ppb_text\" style=\"padding:30px 0 30px 0;\" >\n<div class=\"standard_wrapper\">\n<div class=\"page_content_wrapper\">\n<div class=\"inner\">\n<div style=\"margin:auto;width:100%\">\n<h1><span style=\"color: #99cc00;\">VIVERO &#8211; NEVAD\u00cdN ROUTE<\/span><\/h1>\n<p style=\"text-align: justify;\">We leave the village of Vivero following the calle de Arriba to reach the Bra\u00f1a de Vivero along a path in good condition and practically flat. We continue through a grassy meadow until we reach a branch that comes out on the left with a large stone milestone.<\/p>\n<p>We continue straight on until we cross the Portill\u00edn stream until we reach a cattle enclosure known as La Pradera. We take a small path to the left, ascending little by little until we reach a sharp bend where we must continue along a narrow valley with a steep climb until we find a forest track that will take us to the Fuentefr\u00eda pass and from there to the Nevad\u00edn peak. From here we can see the valleys of Vivero and Salientes, some lakes and the peaks of Pe\u00f1a Grande and Pe\u00f1a Vendimia.<\/p>\n<p>The route continues along these last two peaks to start descending the hillside until we find the well-trodden path that will take us back to Vivero.<\/p>\n<\/div>\n<\/div>\n<\/div>\n<\/div>\n<\/div>\n<div  class=\"one withsmallpadding ppb_text\" style=\"padding:30px 0 30px 0;\" >\n<div class=\"standard_wrapper\">\n<div class=\"page_content_wrapper\">\n<div class=\"inner\">\n<div style=\"margin:auto;width:100%\">\n<h1><span style=\"color: #99cc00;\">VIVERO &#8211; NEVAD\u00cdN ROUTE<\/span><\/h1>\n<p style=\"text-align: justify;\">We leave the village of Vivero following the calle de Arriba to reach the Bra\u00f1a de Vivero along a path in good condition and practically flat. We continue through a grassy meadow until we reach a branch that comes out on the left with a large stone milestone.<\/p>\n<p>We continue straight on until we cross the Portill\u00edn stream until we reach a cattle enclosure known as La Pradera. We take a small path to the left, ascending little by little until we reach a sharp bend where we must continue along a narrow valley with a steep climb until we find a forest track that will take us to the Fuentefr\u00eda pass and from there to the Nevad\u00edn peak. From here we can see the valleys of Vivero and Salientes, some lakes and the peaks of Pe\u00f1a Grande and Pe\u00f1a Vendimia.<\/p>\n<p>The route continues along these last two peaks to start descending the hillside until we find the well-trodden path that will take us back to Vivero.<\/p>\n<\/div>\n<\/div>\n<\/div>\n<\/div>\n<\/div>\n<div  class=\"one withsmallpadding ppb_text\" style=\"padding:30px 0 30px 0;\" >\n<div class=\"standard_wrapper\">\n<div class=\"page_content_wrapper\">\n<div class=\"inner\">\n<div style=\"margin:auto;width:100%\">\n<h1><span style=\"color: #99cc00;\">VIVERO &#8211; NEVAD\u00cdN ROUTE<\/span><\/h1>\n<p style=\"text-align: justify;\">We leave the village of Vivero following the calle de Arriba to reach the Bra\u00f1a de Vivero along a path in good condition and practically flat. We continue through a grassy meadow until we reach a branch that comes out on the left with a large stone milestone.<\/p>\n<p>We continue straight on until we cross the Portill\u00edn stream until we reach a cattle enclosure known as La Pradera. We take a small path to the left, ascending little by little until we reach a sharp bend where we must continue along a narrow valley with a steep climb until we find a forest track that will take us to the Fuentefr\u00eda pass and from there to the Nevad\u00edn peak. From here we can see the valleys of Vivero and Salientes, some lakes and the peaks of Pe\u00f1a Grande and Pe\u00f1a Vendimia.<\/p>\n<p>The route continues along these last two peaks to start descending the hillside until we find the well-trodden path that will take us back to Vivero.<\/p>\n<\/div>\n<\/div>\n<\/div>\n<\/div>\n<\/div>\n<div class=\"standard_wrapper\">\n<div  class=\"one_half withsmallpadding ppb_text\" style=\"padding:30px 0 30px 0;\" >\n<div class=\"standard_wrapper\">\n<div class=\"page_content_wrapper\">\n<div class=\"inner\">\n<div style=\"margin:auto;width:100%\">\n<h3><span style=\"text-decoration: underline; color: #000000;\">MUNICIPALITY<\/span><\/h3>\n<p style=\"padding-left: 30px;\">Murias de Paredes<\/p>\n<h3><span style=\"text-decoration: underline; color: #000000;\">TYPE OF PATH<\/span><\/h3>\n<p style=\"padding-left: 30px;\">Pedestrian and cycle touring (MTB) on some stretches<\/p>\n<h3><span style=\"text-decoration: underline; color: #000000;\">COORDINATES<\/span><\/h3>\n<p style=\"padding-left: 30px;\">Start and finish: <span title=\"Longitude\"><span title=\"Latitude\">42\u00b0\u00a052\u2032\u00a047\u2033\u00a0N<\/span>, 6\u00b0\u00a013\u2032\u00a055\u2033\u00a0W<\/span><\/p>\n<p>\u00a0<\/p>\n<\/div>\n<\/div>\n<\/div>\n<\/div>\n<\/div>\n<\/div>\n<div class=\"standard_wrapper\">\n<div  class=\"one_half last withsmallpadding ppb_text\" style=\"padding:30px 0 30px 0;\" >\n<div class=\"standard_wrapper\">\n<div class=\"page_content_wrapper\">\n<div class=\"inner\">\n<div style=\"margin:auto;width:100%\">\n<h3><span style=\"text-decoration: underline; color: #99cc00;\"><span style=\"color: #000000; text-decoration: underline;\">TECHNICAL DATA<\/span><br \/>\n<\/span><\/h3>\n<p style=\"padding-left: 30px;\">Itinerary: Vivero-Bra\u00f1as de Vivero-Collado de Fuentefr\u00eda-Nevad\u00edn-Pe\u00f1a Grande-Pe\u00f1a Vendimia-Vivero<\/p>\n<p>Red route:<\/p>\n<p style=\"padding-left: 40px;\">Approximate duration: 7 h.<br \/>\nDistance: 14 km<br \/>\nType of route: Circular<br \/>\nDifficulty: Medium<br \/>\nDifference in altitude ascent: 754 m<br \/>\nAltitude downhill: 860 m<br \/>\nMaximum altitude: 2.060 m<br \/>\nMinimum altitude: 1.377 m<\/p>\n<\/p>\n<p>Blue route:<\/p>\n<p style=\"padding-left: 40px;\">Approximate duration: 12 h (Roundtrip)<br \/>\nDistance: 16 km<br \/>\nType of route: Linear<br \/>\nDifficulty: Medium<br \/>\nDifference in altitude ascent: 170 m<br \/>\nAltitude downhill: 862 m<br \/>\nMaximum altitude: 2.057 m<br \/>\nMinimum altitude: 1.385 m<\/p>\n<\/div>\n<\/div>\n<\/div>\n<\/div>\n<\/div>\n<\/div>\n<div class=\"standard_wrapper\">\n<div  class=\"one_half last withsmallpadding ppb_text\" style=\"padding:30px 0 30px 0;\" >\n<div class=\"standard_wrapper\">\n<div class=\"page_content_wrapper\">\n<div class=\"inner\">\n<div style=\"margin:auto;width:100%\">\n<h3><span style=\"text-decoration: underline; color: #99cc00;\"><span style=\"color: #000000; text-decoration: underline;\">TECHNICAL DATA<\/span><br \/>\n<\/span><\/h3>\n<p style=\"padding-left: 30px;\">Itinerary: Vivero-Bra\u00f1as de Vivero-Collado de Fuentefr\u00eda-Nevad\u00edn-Pe\u00f1a Grande-Pe\u00f1a Vendimia-Vivero<\/p>\n<p>Red route:<\/p>\n<p style=\"padding-left: 40px;\">Approximate duration: 7 h.<br \/>\nDistance: 14 km<br \/>\nType of route: Circular<br \/>\nDifficulty: Medium<br \/>\nDifference in altitude ascent: 754 m<br \/>\nAltitude downhill: 860 m<br \/>\nMaximum altitude: 2.060 m<br \/>\nMinimum altitude: 1.377 m<\/p>\n<\/p>\n<p>Blue route:<\/p>\n<p style=\"padding-left: 40px;\">Approximate duration: 12 h (Roundtrip)<br \/>\nDistance: 16 km<br \/>\nType of route: Linear<br \/>\nDifficulty: Medium<br \/>\nDifference in altitude ascent: 170 m<br \/>\nAltitude downhill: 862 m<br \/>\nMaximum altitude: 2.057 m<br \/>\nMinimum altitude: 1.385 m<\/p>\n<\/div>\n<\/div>\n<\/div>\n<\/div>\n<\/div>\n<\/div>\n<div  class=\"one withsmallpadding ppb_text\" style=\"padding:30px;\" >\n<p><iframe loading=\"lazy\" src=\"https:\/\/www.google.com\/maps\/d\/u\/1\/embed?mid=1RMwoKEpV4ib6FUHLZj0Elv9qnrG8IUjc\" width=\"100%\" height=\"600\"><\/iframe><\/p>\n<\/div>\n<div  class=\"one withsmallpadding ppb_header \" style=\"text-align:left;padding:30px 0 30px 0;\" >\n<div class=\"standard_wrapper\">\n<div class=\"page_content_wrapper\">\n<div class=\"inner\">\n<div style=\"margin:auto;width:100%\">\n<h2 class=\"ppb_title\" style=\"\">DOWNLOAD THE ROUTE<\/h2>\n<hr class=\"title_break left\" style=\"\"\/>\n<div class=\"ppb_header_content\">\n<p>Click on the different versions and download the route directly to your gps device or smartphone &#8211; walk with all the info at your fingertips!<\/p>\n<\/div>\n<\/div>\n<\/div>\n<\/div>\n<\/div>\n<\/div>\n<div class=\"standard_wrapper\">\n<div  class=\"one_third withsmallpadding ppb_text\" style=\"padding:30px 0 30px 0;\" >\n<div class=\"standard_wrapper\">\n<div class=\"page_content_wrapper\">\n<div class=\"inner\">\n<div style=\"margin:auto;width:100%\">\n<p><a href=\"https:\/\/drive.google.com\/open?id=19jHbDT76KVgksGAKjdoEqykN6OYo-Zeh\"><img decoding=\"async\" loading=\"lazy\" class=\"size-full wp-image-12121 aligncenter\" src=\"https:\/\/sienteomana.com\/wp-content\/uploads\/sites\/2\/2019\/04\/gpx1-e1556101291655.png\" alt=\"\" width=\"50\" height=\"107\" \/><\/a><\/p>\n<\/div>\n<\/div>\n<\/div>\n<\/div>\n<\/div>\n<\/div>\n<div class=\"standard_wrapper\">\n<div  class=\"one_third withsmallpadding ppb_text\" style=\"padding:30px 0 30px 0;\" >\n<div class=\"standard_wrapper\">\n<div class=\"page_content_wrapper\">\n<div class=\"inner\">\n<div style=\"margin:auto;width:100%\">\n<p><a href=\"https:\/\/drive.google.com\/open?id=16FttYuJBiHka9a6pXl8YoRAyCLIHnsDp\"><img decoding=\"async\" loading=\"lazy\" class=\"size-full wp-image-12120 aligncenter\" src=\"https:\/\/sienteomana.com\/wp-content\/uploads\/sites\/2\/2019\/04\/kmz1-e1556101305482.png\" alt=\"\" width=\"50\" height=\"107\" \/><\/a><\/p>\n<\/div>\n<\/div>\n<\/div>\n<\/div>\n<\/div>\n<\/div>\n<div class=\"standard_wrapper\">\n<div  class=\"one_third last withsmallpadding ppb_text\" style=\"padding:30px 0 30px 0;\" >\n<div class=\"standard_wrapper\">\n<div class=\"page_content_wrapper\">\n<div class=\"inner\">\n<div style=\"margin:auto;width:100%\">\n<p><a href=\"https:\/\/drive.google.com\/open?id=1RMwoKEpV4ib6FUHLZj0Elv9qnrG8IUjc&#038;usp=sharing\"><img decoding=\"async\" loading=\"lazy\" class=\"size-full wp-image-12111 aligncenter\" src=\"https:\/\/sienteomana.com\/wp-content\/uploads\/sites\/2\/2019\/04\/phone-e1556100835250.png\" alt=\"\" width=\"50\" height=\"107\" \/><\/a><\/p>\n<\/div>\n<\/div>\n<\/div>\n<\/div>\n<\/div>\n<\/div>\n","protected":false},"excerpt":{"rendered":"<p>VIVERO &#8211; NEVAD\u00cdN ROUTE We leave the village of Vivero following the calle de Arriba to reach the Bra\u00f1a de Vivero along a path in good condition and practically flat. We continue through a grassy meadow until we reach a [&hellip;]<\/p>\n","protected":false},"author":1,"featured_media":0,"parent":0,"menu_order":0,"comment_status":"closed","ping_status":"closed","template":"","meta":{"inline_featured_image":false,"footnotes":""},"class_list":["post-11588","page","type-page","status-publish","hentry"],"yoast_head":"<!-- This site is optimized with the Yoast SEO plugin v27.3 - https:\/\/yoast.com\/product\/yoast-seo-wordpress\/ -->\n<title>VIVERO - NEVAD\u00cdN ROUTE - (EN) Siente Oma\u00f1a<\/title>\n<meta name=\"robots\" content=\"index, follow, max-snippet:-1, max-image-preview:large, max-video-preview:-1\" \/>\n<link rel=\"canonical\" href=\"https:\/\/sienteomana.com\/en\/ruta-viviero-nevadin\/\" \/>\n<meta property=\"og:locale\" content=\"es_ES\" \/>\n<meta property=\"og:type\" content=\"article\" \/>\n<meta property=\"og:title\" content=\"VIVERO - NEVAD\u00cdN ROUTE - (EN) Siente Oma\u00f1a\" \/>\n<meta property=\"og:description\" content=\"VIVERO &#8211; NEVAD\u00cdN ROUTE We leave the village of Vivero following the calle de Arriba to reach the Bra\u00f1a de Vivero along a path in good condition and practically flat. We continue through a grassy meadow until we reach a [&hellip;]\" \/>\n<meta property=\"og:url\" content=\"https:\/\/sienteomana.com\/en\/ruta-viviero-nevadin\/\" \/>\n<meta property=\"og:site_name\" content=\"(EN) Siente Oma\u00f1a\" \/>\n<meta property=\"article:modified_time\" content=\"2023-08-24T14:28:41+00:00\" \/>\n<meta property=\"og:image\" content=\"https:\/\/sienteomana.com\/wp-content\/uploads\/sites\/2\/2019\/04\/gpx1-e1556101291655.png\" \/>\n<meta name=\"twitter:card\" content=\"summary_large_image\" \/>\n<meta name=\"twitter:label1\" content=\"Tiempo de lectura\" \/>\n\t<meta name=\"twitter:data1\" content=\"5 minutos\" \/>\n<script type=\"application\/ld+json\" class=\"yoast-schema-graph\">{\"@context\":\"https:\\\/\\\/schema.org\",\"@graph\":[{\"@type\":\"WebPage\",\"@id\":\"https:\\\/\\\/sienteomana.com\\\/en\\\/ruta-viviero-nevadin\\\/\",\"url\":\"https:\\\/\\\/sienteomana.com\\\/en\\\/ruta-viviero-nevadin\\\/\",\"name\":\"VIVERO - NEVAD\u00cdN ROUTE - (EN) Siente Oma\u00f1a\",\"isPartOf\":{\"@id\":\"https:\\\/\\\/sienteomana.com\\\/en\\\/#website\"},\"primaryImageOfPage\":{\"@id\":\"https:\\\/\\\/sienteomana.com\\\/en\\\/ruta-viviero-nevadin\\\/#primaryimage\"},\"image\":{\"@id\":\"https:\\\/\\\/sienteomana.com\\\/en\\\/ruta-viviero-nevadin\\\/#primaryimage\"},\"thumbnailUrl\":\"https:\\\/\\\/sienteomana.com\\\/wp-content\\\/uploads\\\/sites\\\/2\\\/2019\\\/04\\\/gpx1-e1556101291655.png\",\"datePublished\":\"2019-04-02T18:21:46+00:00\",\"dateModified\":\"2023-08-24T14:28:41+00:00\",\"breadcrumb\":{\"@id\":\"https:\\\/\\\/sienteomana.com\\\/en\\\/ruta-viviero-nevadin\\\/#breadcrumb\"},\"inLanguage\":\"es\",\"potentialAction\":[{\"@type\":\"ReadAction\",\"target\":[\"https:\\\/\\\/sienteomana.com\\\/en\\\/ruta-viviero-nevadin\\\/\"]}]},{\"@type\":\"ImageObject\",\"inLanguage\":\"es\",\"@id\":\"https:\\\/\\\/sienteomana.com\\\/en\\\/ruta-viviero-nevadin\\\/#primaryimage\",\"url\":\"https:\\\/\\\/sienteomana.com\\\/wp-content\\\/uploads\\\/sites\\\/2\\\/2019\\\/04\\\/gpx1-e1556101291655.png\",\"contentUrl\":\"https:\\\/\\\/sienteomana.com\\\/wp-content\\\/uploads\\\/sites\\\/2\\\/2019\\\/04\\\/gpx1-e1556101291655.png\"},{\"@type\":\"BreadcrumbList\",\"@id\":\"https:\\\/\\\/sienteomana.com\\\/en\\\/ruta-viviero-nevadin\\\/#breadcrumb\",\"itemListElement\":[{\"@type\":\"ListItem\",\"position\":1,\"name\":\"Home\",\"item\":\"https:\\\/\\\/sienteomana.com\\\/en\\\/\"},{\"@type\":\"ListItem\",\"position\":2,\"name\":\"VIVERO &#8211; NEVAD\u00cdN ROUTE\"}]},{\"@type\":\"WebSite\",\"@id\":\"https:\\\/\\\/sienteomana.com\\\/en\\\/#website\",\"url\":\"https:\\\/\\\/sienteomana.com\\\/en\\\/\",\"name\":\"(EN) Siente Oma\u00f1a\",\"description\":\"Oma\u00f1a\",\"potentialAction\":[{\"@type\":\"SearchAction\",\"target\":{\"@type\":\"EntryPoint\",\"urlTemplate\":\"https:\\\/\\\/sienteomana.com\\\/en\\\/?s={search_term_string}\"},\"query-input\":{\"@type\":\"PropertyValueSpecification\",\"valueRequired\":true,\"valueName\":\"search_term_string\"}}],\"inLanguage\":\"es\"}]}<\/script>\n<!-- \/ Yoast SEO plugin. -->","yoast_head_json":{"title":"VIVERO - NEVAD\u00cdN ROUTE - (EN) Siente Oma\u00f1a","robots":{"index":"index","follow":"follow","max-snippet":"max-snippet:-1","max-image-preview":"max-image-preview:large","max-video-preview":"max-video-preview:-1"},"canonical":"https:\/\/sienteomana.com\/en\/ruta-viviero-nevadin\/","og_locale":"es_ES","og_type":"article","og_title":"VIVERO - NEVAD\u00cdN ROUTE - (EN) Siente Oma\u00f1a","og_description":"VIVERO &#8211; NEVAD\u00cdN ROUTE We leave the village of Vivero following the calle de Arriba to reach the Bra\u00f1a de Vivero along a path in good condition and practically flat. We continue through a grassy meadow until we reach a [&hellip;]","og_url":"https:\/\/sienteomana.com\/en\/ruta-viviero-nevadin\/","og_site_name":"(EN) Siente Oma\u00f1a","article_modified_time":"2023-08-24T14:28:41+00:00","og_image":[{"url":"https:\/\/sienteomana.com\/wp-content\/uploads\/sites\/2\/2019\/04\/gpx1-e1556101291655.png","type":"","width":"","height":""}],"twitter_card":"summary_large_image","twitter_misc":{"Tiempo de lectura":"5 minutos"},"schema":{"@context":"https:\/\/schema.org","@graph":[{"@type":"WebPage","@id":"https:\/\/sienteomana.com\/en\/ruta-viviero-nevadin\/","url":"https:\/\/sienteomana.com\/en\/ruta-viviero-nevadin\/","name":"VIVERO - NEVAD\u00cdN ROUTE - (EN) Siente Oma\u00f1a","isPartOf":{"@id":"https:\/\/sienteomana.com\/en\/#website"},"primaryImageOfPage":{"@id":"https:\/\/sienteomana.com\/en\/ruta-viviero-nevadin\/#primaryimage"},"image":{"@id":"https:\/\/sienteomana.com\/en\/ruta-viviero-nevadin\/#primaryimage"},"thumbnailUrl":"https:\/\/sienteomana.com\/wp-content\/uploads\/sites\/2\/2019\/04\/gpx1-e1556101291655.png","datePublished":"2019-04-02T18:21:46+00:00","dateModified":"2023-08-24T14:28:41+00:00","breadcrumb":{"@id":"https:\/\/sienteomana.com\/en\/ruta-viviero-nevadin\/#breadcrumb"},"inLanguage":"es","potentialAction":[{"@type":"ReadAction","target":["https:\/\/sienteomana.com\/en\/ruta-viviero-nevadin\/"]}]},{"@type":"ImageObject","inLanguage":"es","@id":"https:\/\/sienteomana.com\/en\/ruta-viviero-nevadin\/#primaryimage","url":"https:\/\/sienteomana.com\/wp-content\/uploads\/sites\/2\/2019\/04\/gpx1-e1556101291655.png","contentUrl":"https:\/\/sienteomana.com\/wp-content\/uploads\/sites\/2\/2019\/04\/gpx1-e1556101291655.png"},{"@type":"BreadcrumbList","@id":"https:\/\/sienteomana.com\/en\/ruta-viviero-nevadin\/#breadcrumb","itemListElement":[{"@type":"ListItem","position":1,"name":"Home","item":"https:\/\/sienteomana.com\/en\/"},{"@type":"ListItem","position":2,"name":"VIVERO &#8211; NEVAD\u00cdN ROUTE"}]},{"@type":"WebSite","@id":"https:\/\/sienteomana.com\/en\/#website","url":"https:\/\/sienteomana.com\/en\/","name":"(EN) Siente Oma\u00f1a","description":"Oma\u00f1a","potentialAction":[{"@type":"SearchAction","target":{"@type":"EntryPoint","urlTemplate":"https:\/\/sienteomana.com\/en\/?s={search_term_string}"},"query-input":{"@type":"PropertyValueSpecification","valueRequired":true,"valueName":"search_term_string"}}],"inLanguage":"es"}]}},"_links":{"self":[{"href":"https:\/\/sienteomana.com\/en\/wp-json\/wp\/v2\/pages\/11588","targetHints":{"allow":["GET"]}}],"collection":[{"href":"https:\/\/sienteomana.com\/en\/wp-json\/wp\/v2\/pages"}],"about":[{"href":"https:\/\/sienteomana.com\/en\/wp-json\/wp\/v2\/types\/page"}],"author":[{"embeddable":true,"href":"https:\/\/sienteomana.com\/en\/wp-json\/wp\/v2\/users\/1"}],"replies":[{"embeddable":true,"href":"https:\/\/sienteomana.com\/en\/wp-json\/wp\/v2\/comments?post=11588"}],"version-history":[{"count":115,"href":"https:\/\/sienteomana.com\/en\/wp-json\/wp\/v2\/pages\/11588\/revisions"}],"predecessor-version":[{"id":14955,"href":"https:\/\/sienteomana.com\/en\/wp-json\/wp\/v2\/pages\/11588\/revisions\/14955"}],"wp:attachment":[{"href":"https:\/\/sienteomana.com\/en\/wp-json\/wp\/v2\/media?parent=11588"}],"curies":[{"name":"wp","href":"https:\/\/api.w.org\/{rel}","templated":true}]}}