{"id":11577,"date":"2019-04-02T17:39:55","date_gmt":"2019-04-02T17:39:55","guid":{"rendered":"https:\/\/sienteomana.com\/en\/?page_id=11577"},"modified":"2023-08-24T14:22:14","modified_gmt":"2023-08-24T14:22:14","slug":"ruta-villabandin-alto-la-canada","status":"publish","type":"page","link":"https:\/\/sienteomana.com\/en\/ruta-villabandin-alto-la-canada\/","title":{"rendered":"VILLABAND\u00cdN ALTO LA CA\u00d1ADA ROUTE"},"content":{"rendered":"<div class=\"standard_wrapper\">\n<div  class=\"one_half withsmallpadding ppb_text\" style=\"padding:30px 0 30px 0;\" >\n<div class=\"standard_wrapper\">\n<div class=\"page_content_wrapper\">\n<div class=\"inner\">\n<div style=\"margin:auto;width:100%\">\n<h1><span style=\"color: #99cc00;\">VILLABAND\u00cdN ALTO LA CA\u00d1ADA ROUTE<\/span><\/h1>\n<p>PWe leave the village of Villaband\u00edn and take a path that goes along the left bank of the river Oceo. A few metres after taking this path, we leave it and take a barely visible path that zigzags and heads towards the Estiliello stream. At one point, this path ends and we leave it to the right to continue through the mountains until we reach a gap in the stream. At this point we turn left and start to climb along the edge of this gap between large pines.<\/p>\n<p>We go up until we find a clearing and a path that enters the valley until we reach the stream. We go up the stream until we find a path that goes up to the right hill, towards the Chano del Estupiello. Before reaching it, we leave the path to the left to continue along the hill and take a path that takes us to Bra\u00f1a Llampa.<\/p>\n<p>Here we go up the first stream we come across on the right, along a path that is easy to follow, and which takes us to one of the ridges that goes down from Vidulina. We go up this ridge and before reaching the summit of La Vidulina, we turn off slightly and continue towards the Alto de La Ca\u00f1ada following the ridge.<\/p>\n<p>From here, the route continues to Rabinalto, Pe\u00f1a de la Arena, with its two summits and Valgr\u00e1n. We then head towards Los Concichones and the Villaband\u00edn pass, where the path gets lost at times.<\/p>\n<p>From the pass we descend to the left to the bottom of the valley until we join the path that takes us back to Villaband\u00edn, passing by a spring that emerges from under a rock with a sign that says \u00abFuentes Blancas\u00bb (White Springs).<\/p>\n<p>\u00a0<\/p>\n<\/div>\n<\/div>\n<\/div>\n<\/div>\n<\/div>\n<\/div>\n<div class=\"standard_wrapper\">\n<div  class=\"one_half withsmallpadding ppb_text\" style=\"padding:30px 0 30px 0;\" >\n<div class=\"standard_wrapper\">\n<div class=\"page_content_wrapper\">\n<div class=\"inner\">\n<div style=\"margin:auto;width:100%\">\n<h1><span style=\"color: #99cc00;\">VILLABAND\u00cdN ALTO LA CA\u00d1ADA ROUTE<\/span><\/h1>\n<p>PWe leave the village of Villaband\u00edn and take a path that goes along the left bank of the river Oceo. A few metres after taking this path, we leave it and take a barely visible path that zigzags and heads towards the Estiliello stream. At one point, this path ends and we leave it to the right to continue through the mountains until we reach a gap in the stream. At this point we turn left and start to climb along the edge of this gap between large pines.<\/p>\n<p>We go up until we find a clearing and a path that enters the valley until we reach the stream. We go up the stream until we find a path that goes up to the right hill, towards the Chano del Estupiello. Before reaching it, we leave the path to the left to continue along the hill and take a path that takes us to Bra\u00f1a Llampa.<\/p>\n<p>Here we go up the first stream we come across on the right, along a path that is easy to follow, and which takes us to one of the ridges that goes down from Vidulina. We go up this ridge and before reaching the summit of La Vidulina, we turn off slightly and continue towards the Alto de La Ca\u00f1ada following the ridge.<\/p>\n<p>From here, the route continues to Rabinalto, Pe\u00f1a de la Arena, with its two summits and Valgr\u00e1n. We then head towards Los Concichones and the Villaband\u00edn pass, where the path gets lost at times.<\/p>\n<p>From the pass we descend to the left to the bottom of the valley until we join the path that takes us back to Villaband\u00edn, passing by a spring that emerges from under a rock with a sign that says \u00abFuentes Blancas\u00bb (White Springs).<\/p>\n<p>\u00a0<\/p>\n<\/div>\n<\/div>\n<\/div>\n<\/div>\n<\/div>\n<\/div>\n<div class=\"standard_wrapper\">\n<div  class=\"one_half withsmallpadding ppb_text\" style=\"padding:30px 0 30px 0;\" >\n<div class=\"standard_wrapper\">\n<div class=\"page_content_wrapper\">\n<div class=\"inner\">\n<div style=\"margin:auto;width:100%\">\n<h1><span style=\"color: #99cc00;\">VILLABAND\u00cdN ALTO LA CA\u00d1ADA ROUTE<\/span><\/h1>\n<p>PWe leave the village of Villaband\u00edn and take a path that goes along the left bank of the river Oceo. A few metres after taking this path, we leave it and take a barely visible path that zigzags and heads towards the Estiliello stream. At one point, this path ends and we leave it to the right to continue through the mountains until we reach a gap in the stream. At this point we turn left and start to climb along the edge of this gap between large pines.<\/p>\n<p>We go up until we find a clearing and a path that enters the valley until we reach the stream. We go up the stream until we find a path that goes up to the right hill, towards the Chano del Estupiello. Before reaching it, we leave the path to the left to continue along the hill and take a path that takes us to Bra\u00f1a Llampa.<\/p>\n<p>Here we go up the first stream we come across on the right, along a path that is easy to follow, and which takes us to one of the ridges that goes down from Vidulina. We go up this ridge and before reaching the summit of La Vidulina, we turn off slightly and continue towards the Alto de La Ca\u00f1ada following the ridge.<\/p>\n<p>From here, the route continues to Rabinalto, Pe\u00f1a de la Arena, with its two summits and Valgr\u00e1n. We then head towards Los Concichones and the Villaband\u00edn pass, where the path gets lost at times.<\/p>\n<p>From the pass we descend to the left to the bottom of the valley until we join the path that takes us back to Villaband\u00edn, passing by a spring that emerges from under a rock with a sign that says \u00abFuentes Blancas\u00bb (White Springs).<\/p>\n<p>\u00a0<\/p>\n<\/div>\n<\/div>\n<\/div>\n<\/div>\n<\/div>\n<\/div>\n<div class=\"standard_wrapper\">\n<div  class=\"one_half withsmallpadding ppb_text\" style=\"padding:30px 0 30px 0;\" >\n<div class=\"standard_wrapper\">\n<div class=\"page_content_wrapper\">\n<div class=\"inner\">\n<div style=\"margin:auto;width:100%\">\n<h3><span style=\"text-decoration: underline; color: #000000;\">MUNICIPALITY<\/span><\/h3>\n<p style=\"padding-left: 30px;\">Murias de Paredes<\/p>\n<h3><span style=\"text-decoration: underline; color: #000000;\">TYPE OF PATH<\/span><\/h3>\n<p style=\"padding-left: 30px;\">Pedestrian and cycle touring (MTB) some sections<\/p>\n<h3><span style=\"text-decoration: underline; color: #000000;\">COORDINATES<\/span><\/h3>\n<p style=\"padding-left: 30px;\">Start and finish: <span title=\"Longitude\"><span title=\"Latitude\">42\u00b0\u00a051\u2032\u00a033\u2033\u00a0N<\/span>, 6\u00b0\u00a08\u2032\u00a014\u2033\u00a0W<\/span><\/p>\n<p>\u00a0<\/p>\n<\/div>\n<\/div>\n<\/div>\n<\/div>\n<\/div>\n<\/div>\n<div class=\"standard_wrapper\">\n<div  class=\"one_half last withsmallpadding ppb_text\" style=\"padding:30px 0 30px 0;\" >\n<div class=\"standard_wrapper\">\n<div class=\"page_content_wrapper\">\n<div class=\"inner\">\n<div style=\"margin:auto;width:100%\">\n<h3><span style=\"text-decoration: underline; color: #99cc00;\"><span style=\"color: #000000; text-decoration: underline;\">TECHNICAL DATA<\/span><br \/>\n<\/span><\/h3>\n<p style=\"padding-left: 40px;\">Approximate duration: 9 h 20 min<br \/>\nDistance: 21&#8217;6 km<br \/>\nType of route: Circular<br \/>\nDifficulty: Medium<br \/>\nDifference in altitude ascent: 1.441 m<br \/>\nAltitude downhill: 1.445 m<br \/>\nMaximum altitude: 2.150 m<br \/>\nMinimum altitude: 1.235 m<\/p>\n<\/div>\n<\/div>\n<\/div>\n<\/div>\n<\/div>\n<\/div>\n<div class=\"standard_wrapper\">\n<div  class=\"one_half last withsmallpadding ppb_text\" style=\"padding:30px 0 30px 0;\" >\n<div class=\"standard_wrapper\">\n<div class=\"page_content_wrapper\">\n<div class=\"inner\">\n<div style=\"margin:auto;width:100%\">\n<h3><span style=\"text-decoration: underline; color: #99cc00;\"><span style=\"color: #000000; text-decoration: underline;\">TECHNICAL DATA<\/span><br \/>\n<\/span><\/h3>\n<p style=\"padding-left: 40px;\">Approximate duration: 9 h 20 min<br \/>\nDistance: 21&#8217;6 km<br \/>\nType of route: Circular<br \/>\nDifficulty: Medium<br \/>\nDifference in altitude ascent: 1.441 m<br \/>\nAltitude downhill: 1.445 m<br \/>\nMaximum altitude: 2.150 m<br \/>\nMinimum altitude: 1.235 m<\/p>\n<\/div>\n<\/div>\n<\/div>\n<\/div>\n<\/div>\n<\/div>\n<div  class=\"one withsmallpadding ppb_text\" style=\"padding:30px;\" >\n<p><iframe loading=\"lazy\" src=\"https:\/\/www.google.com\/maps\/d\/u\/1\/embed?mid=1rfvL3KOZ2p761ZVUPEyGGW_UTCOUg1zQ\" width=\"100%\" height=\"600\"><\/iframe><\/p>\n<\/div>\n<div  class=\"one withsmallpadding ppb_header \" style=\"text-align:left;padding:30px 0 30px 0;\" >\n<div class=\"standard_wrapper\">\n<div class=\"page_content_wrapper\">\n<div class=\"inner\">\n<div style=\"margin:auto;width:100%\">\n<h2 class=\"ppb_title\" style=\"\">DOWNLOAD THE ROUTE<\/h2>\n<hr class=\"title_break left\" style=\"\"\/>\n<div class=\"ppb_header_content\">\n<p>Click on the different versions and download the route directly to your gps device or smartphone &#8211; walk with all the info at your fingertips!<\/p>\n<\/div>\n<\/div>\n<\/div>\n<\/div>\n<\/div>\n<\/div>\n<div class=\"standard_wrapper\">\n<div  class=\"one_third withsmallpadding ppb_text\" style=\"padding:30px 0 30px 0;\" >\n<div class=\"standard_wrapper\">\n<div class=\"page_content_wrapper\">\n<div class=\"inner\">\n<div style=\"margin:auto;width:100%\">\n<p><a href=\"https:\/\/drive.google.com\/open?id=1YkeoucZHvEj5FfpT-yIhgHCLZ8N2Jtp9\"><img decoding=\"async\" loading=\"lazy\" class=\"size-full wp-image-12121 aligncenter\" src=\"https:\/\/sienteomana.com\/wp-content\/uploads\/sites\/2\/2019\/04\/gpx1-e1556101291655.png\" alt=\"\" width=\"50\" height=\"107\" \/><\/a><\/p>\n<\/div>\n<\/div>\n<\/div>\n<\/div>\n<\/div>\n<\/div>\n<div class=\"standard_wrapper\">\n<div  class=\"one_third withsmallpadding ppb_text\" style=\"padding:30px 0 30px 0;\" >\n<div class=\"standard_wrapper\">\n<div class=\"page_content_wrapper\">\n<div class=\"inner\">\n<div style=\"margin:auto;width:100%\">\n<p><a href=\"https:\/\/drive.google.com\/open?id=1gPQtIfJQGiPzctKcGXKkFnNrt5saf3bz\"><img decoding=\"async\" loading=\"lazy\" class=\"size-full wp-image-12120 aligncenter\" src=\"https:\/\/sienteomana.com\/wp-content\/uploads\/sites\/2\/2019\/04\/kmz1-e1556101305482.png\" alt=\"\" width=\"50\" height=\"107\" \/><\/a><\/p>\n<\/div>\n<\/div>\n<\/div>\n<\/div>\n<\/div>\n<\/div>\n<div class=\"standard_wrapper\">\n<div  class=\"one_third last withsmallpadding ppb_text\" style=\"padding:30px 0 30px 0;\" >\n<div class=\"standard_wrapper\">\n<div class=\"page_content_wrapper\">\n<div class=\"inner\">\n<div style=\"margin:auto;width:100%\">\n<p><a href=\"https:\/\/drive.google.com\/open?id=1rfvL3KOZ2p761ZVUPEyGGW_UTCOUg1zQ&#038;usp=sharing\"><img decoding=\"async\" loading=\"lazy\" class=\"size-full wp-image-12111 aligncenter\" src=\"https:\/\/sienteomana.com\/wp-content\/uploads\/sites\/2\/2019\/04\/phone-e1556100835250.png\" alt=\"\" width=\"50\" height=\"107\" \/><\/a><\/p>\n<\/div>\n<\/div>\n<\/div>\n<\/div>\n<\/div>\n<\/div>\n","protected":false},"excerpt":{"rendered":"<p>VILLABAND\u00cdN ALTO LA CA\u00d1ADA ROUTE PWe leave the village of Villaband\u00edn and take a path that goes along the left bank of the river Oceo. A few metres after taking this path, we leave it and take a barely visible [&hellip;]<\/p>\n","protected":false},"author":1,"featured_media":0,"parent":0,"menu_order":0,"comment_status":"closed","ping_status":"closed","template":"","meta":{"inline_featured_image":false,"footnotes":""},"class_list":["post-11577","page","type-page","status-publish","hentry"],"yoast_head":"<!-- This site is optimized with the Yoast SEO plugin v27.3 - https:\/\/yoast.com\/product\/yoast-seo-wordpress\/ -->\n<title>VILLABAND\u00cdN ALTO LA CA\u00d1ADA ROUTE - (EN) Siente Oma\u00f1a<\/title>\n<meta name=\"robots\" content=\"index, follow, max-snippet:-1, max-image-preview:large, max-video-preview:-1\" \/>\n<link rel=\"canonical\" href=\"https:\/\/sienteomana.com\/en\/ruta-villabandin-alto-la-canada\/\" \/>\n<meta property=\"og:locale\" content=\"es_ES\" \/>\n<meta property=\"og:type\" content=\"article\" \/>\n<meta property=\"og:title\" content=\"VILLABAND\u00cdN ALTO LA CA\u00d1ADA ROUTE - (EN) Siente Oma\u00f1a\" \/>\n<meta property=\"og:description\" content=\"VILLABAND\u00cdN ALTO LA CA\u00d1ADA ROUTE PWe leave the village of Villaband\u00edn and take a path that goes along the left bank of the river Oceo. A few metres after taking this path, we leave it and take a barely visible [&hellip;]\" \/>\n<meta property=\"og:url\" content=\"https:\/\/sienteomana.com\/en\/ruta-villabandin-alto-la-canada\/\" \/>\n<meta property=\"og:site_name\" content=\"(EN) Siente Oma\u00f1a\" \/>\n<meta property=\"article:modified_time\" content=\"2023-08-24T14:22:14+00:00\" \/>\n<meta property=\"og:image\" content=\"https:\/\/sienteomana.com\/wp-content\/uploads\/sites\/2\/2019\/04\/gpx1-e1556101291655.png\" \/>\n<meta name=\"twitter:card\" content=\"summary_large_image\" \/>\n<meta name=\"twitter:label1\" content=\"Tiempo de lectura\" \/>\n\t<meta name=\"twitter:data1\" content=\"6 minutos\" \/>\n<script type=\"application\/ld+json\" class=\"yoast-schema-graph\">{\"@context\":\"https:\\\/\\\/schema.org\",\"@graph\":[{\"@type\":\"WebPage\",\"@id\":\"https:\\\/\\\/sienteomana.com\\\/en\\\/ruta-villabandin-alto-la-canada\\\/\",\"url\":\"https:\\\/\\\/sienteomana.com\\\/en\\\/ruta-villabandin-alto-la-canada\\\/\",\"name\":\"VILLABAND\u00cdN ALTO LA CA\u00d1ADA ROUTE - (EN) Siente Oma\u00f1a\",\"isPartOf\":{\"@id\":\"https:\\\/\\\/sienteomana.com\\\/en\\\/#website\"},\"primaryImageOfPage\":{\"@id\":\"https:\\\/\\\/sienteomana.com\\\/en\\\/ruta-villabandin-alto-la-canada\\\/#primaryimage\"},\"image\":{\"@id\":\"https:\\\/\\\/sienteomana.com\\\/en\\\/ruta-villabandin-alto-la-canada\\\/#primaryimage\"},\"thumbnailUrl\":\"https:\\\/\\\/sienteomana.com\\\/wp-content\\\/uploads\\\/sites\\\/2\\\/2019\\\/04\\\/gpx1-e1556101291655.png\",\"datePublished\":\"2019-04-02T17:39:55+00:00\",\"dateModified\":\"2023-08-24T14:22:14+00:00\",\"breadcrumb\":{\"@id\":\"https:\\\/\\\/sienteomana.com\\\/en\\\/ruta-villabandin-alto-la-canada\\\/#breadcrumb\"},\"inLanguage\":\"es\",\"potentialAction\":[{\"@type\":\"ReadAction\",\"target\":[\"https:\\\/\\\/sienteomana.com\\\/en\\\/ruta-villabandin-alto-la-canada\\\/\"]}]},{\"@type\":\"ImageObject\",\"inLanguage\":\"es\",\"@id\":\"https:\\\/\\\/sienteomana.com\\\/en\\\/ruta-villabandin-alto-la-canada\\\/#primaryimage\",\"url\":\"https:\\\/\\\/sienteomana.com\\\/wp-content\\\/uploads\\\/sites\\\/2\\\/2019\\\/04\\\/gpx1-e1556101291655.png\",\"contentUrl\":\"https:\\\/\\\/sienteomana.com\\\/wp-content\\\/uploads\\\/sites\\\/2\\\/2019\\\/04\\\/gpx1-e1556101291655.png\"},{\"@type\":\"BreadcrumbList\",\"@id\":\"https:\\\/\\\/sienteomana.com\\\/en\\\/ruta-villabandin-alto-la-canada\\\/#breadcrumb\",\"itemListElement\":[{\"@type\":\"ListItem\",\"position\":1,\"name\":\"Home\",\"item\":\"https:\\\/\\\/sienteomana.com\\\/en\\\/\"},{\"@type\":\"ListItem\",\"position\":2,\"name\":\"VILLABAND\u00cdN ALTO LA CA\u00d1ADA ROUTE\"}]},{\"@type\":\"WebSite\",\"@id\":\"https:\\\/\\\/sienteomana.com\\\/en\\\/#website\",\"url\":\"https:\\\/\\\/sienteomana.com\\\/en\\\/\",\"name\":\"(EN) Siente Oma\u00f1a\",\"description\":\"Oma\u00f1a\",\"potentialAction\":[{\"@type\":\"SearchAction\",\"target\":{\"@type\":\"EntryPoint\",\"urlTemplate\":\"https:\\\/\\\/sienteomana.com\\\/en\\\/?s={search_term_string}\"},\"query-input\":{\"@type\":\"PropertyValueSpecification\",\"valueRequired\":true,\"valueName\":\"search_term_string\"}}],\"inLanguage\":\"es\"}]}<\/script>\n<!-- \/ Yoast SEO plugin. -->","yoast_head_json":{"title":"VILLABAND\u00cdN ALTO LA CA\u00d1ADA ROUTE - (EN) Siente Oma\u00f1a","robots":{"index":"index","follow":"follow","max-snippet":"max-snippet:-1","max-image-preview":"max-image-preview:large","max-video-preview":"max-video-preview:-1"},"canonical":"https:\/\/sienteomana.com\/en\/ruta-villabandin-alto-la-canada\/","og_locale":"es_ES","og_type":"article","og_title":"VILLABAND\u00cdN ALTO LA CA\u00d1ADA ROUTE - (EN) Siente Oma\u00f1a","og_description":"VILLABAND\u00cdN ALTO LA CA\u00d1ADA ROUTE PWe leave the village of Villaband\u00edn and take a path that goes along the left bank of the river Oceo. A few metres after taking this path, we leave it and take a barely visible [&hellip;]","og_url":"https:\/\/sienteomana.com\/en\/ruta-villabandin-alto-la-canada\/","og_site_name":"(EN) Siente Oma\u00f1a","article_modified_time":"2023-08-24T14:22:14+00:00","og_image":[{"url":"https:\/\/sienteomana.com\/wp-content\/uploads\/sites\/2\/2019\/04\/gpx1-e1556101291655.png","type":"","width":"","height":""}],"twitter_card":"summary_large_image","twitter_misc":{"Tiempo de lectura":"6 minutos"},"schema":{"@context":"https:\/\/schema.org","@graph":[{"@type":"WebPage","@id":"https:\/\/sienteomana.com\/en\/ruta-villabandin-alto-la-canada\/","url":"https:\/\/sienteomana.com\/en\/ruta-villabandin-alto-la-canada\/","name":"VILLABAND\u00cdN ALTO LA CA\u00d1ADA ROUTE - (EN) Siente Oma\u00f1a","isPartOf":{"@id":"https:\/\/sienteomana.com\/en\/#website"},"primaryImageOfPage":{"@id":"https:\/\/sienteomana.com\/en\/ruta-villabandin-alto-la-canada\/#primaryimage"},"image":{"@id":"https:\/\/sienteomana.com\/en\/ruta-villabandin-alto-la-canada\/#primaryimage"},"thumbnailUrl":"https:\/\/sienteomana.com\/wp-content\/uploads\/sites\/2\/2019\/04\/gpx1-e1556101291655.png","datePublished":"2019-04-02T17:39:55+00:00","dateModified":"2023-08-24T14:22:14+00:00","breadcrumb":{"@id":"https:\/\/sienteomana.com\/en\/ruta-villabandin-alto-la-canada\/#breadcrumb"},"inLanguage":"es","potentialAction":[{"@type":"ReadAction","target":["https:\/\/sienteomana.com\/en\/ruta-villabandin-alto-la-canada\/"]}]},{"@type":"ImageObject","inLanguage":"es","@id":"https:\/\/sienteomana.com\/en\/ruta-villabandin-alto-la-canada\/#primaryimage","url":"https:\/\/sienteomana.com\/wp-content\/uploads\/sites\/2\/2019\/04\/gpx1-e1556101291655.png","contentUrl":"https:\/\/sienteomana.com\/wp-content\/uploads\/sites\/2\/2019\/04\/gpx1-e1556101291655.png"},{"@type":"BreadcrumbList","@id":"https:\/\/sienteomana.com\/en\/ruta-villabandin-alto-la-canada\/#breadcrumb","itemListElement":[{"@type":"ListItem","position":1,"name":"Home","item":"https:\/\/sienteomana.com\/en\/"},{"@type":"ListItem","position":2,"name":"VILLABAND\u00cdN ALTO LA CA\u00d1ADA ROUTE"}]},{"@type":"WebSite","@id":"https:\/\/sienteomana.com\/en\/#website","url":"https:\/\/sienteomana.com\/en\/","name":"(EN) Siente Oma\u00f1a","description":"Oma\u00f1a","potentialAction":[{"@type":"SearchAction","target":{"@type":"EntryPoint","urlTemplate":"https:\/\/sienteomana.com\/en\/?s={search_term_string}"},"query-input":{"@type":"PropertyValueSpecification","valueRequired":true,"valueName":"search_term_string"}}],"inLanguage":"es"}]}},"_links":{"self":[{"href":"https:\/\/sienteomana.com\/en\/wp-json\/wp\/v2\/pages\/11577","targetHints":{"allow":["GET"]}}],"collection":[{"href":"https:\/\/sienteomana.com\/en\/wp-json\/wp\/v2\/pages"}],"about":[{"href":"https:\/\/sienteomana.com\/en\/wp-json\/wp\/v2\/types\/page"}],"author":[{"embeddable":true,"href":"https:\/\/sienteomana.com\/en\/wp-json\/wp\/v2\/users\/1"}],"replies":[{"embeddable":true,"href":"https:\/\/sienteomana.com\/en\/wp-json\/wp\/v2\/comments?post=11577"}],"version-history":[{"count":42,"href":"https:\/\/sienteomana.com\/en\/wp-json\/wp\/v2\/pages\/11577\/revisions"}],"predecessor-version":[{"id":14951,"href":"https:\/\/sienteomana.com\/en\/wp-json\/wp\/v2\/pages\/11577\/revisions\/14951"}],"wp:attachment":[{"href":"https:\/\/sienteomana.com\/en\/wp-json\/wp\/v2\/media?parent=11577"}],"curies":[{"name":"wp","href":"https:\/\/api.w.org\/{rel}","templated":true}]}}