{"id":11447,"date":"2019-03-27T15:19:22","date_gmt":"2019-03-27T15:19:22","guid":{"rendered":"https:\/\/sienteomana.com\/en\/?page_id=11447"},"modified":"2023-08-24T13:54:17","modified_gmt":"2023-08-24T13:54:17","slug":"ruta-subida-a-la-virgende-la-cas","status":"publish","type":"page","link":"https:\/\/sienteomana.com\/en\/ruta-subida-a-la-virgende-la-cas\/","title":{"rendered":"ASCENT TO THE VIRGIN OF PE\u00d1AFURADA"},"content":{"rendered":"<div class=\"standard_wrapper\">\n<div  class=\"one_half withsmallpadding ppb_text\" style=\"padding:30px 0 30px 0;\" >\n<div class=\"standard_wrapper\">\n<div class=\"page_content_wrapper\">\n<div class=\"inner\">\n<div style=\"margin:auto;width:100%\">\n<h1><span style=\"color: #99cc00;\">ASCENT TO THE VIRGIN OF PE\u00d1AFURADA<br \/>\n<\/span><\/h1>\n<p>We start the route in Posada de Oma\u00f1a, being a route for both pedestrians and cyclists, following a forest track where we can find some ancient remains of Roman canals that supplied water to aquifer farms.<\/p>\n<p>The route does not get lost as it is always following the same forest track. The hermitage of the Virgen de la Casa or Nuestra Se\u00f1ora de Pe\u00f1a Furada (Our Lady of Pe\u00f1a Furada), which we reach, brings together every 15th August the neighbours of the various adjoining municipalities such as Posada de Oma\u00f1a, Vegapuj\u00edn and Torrecillo, as well as those of the adjoining valley of Tremor.<\/p>\n<\/div>\n<\/div>\n<\/div>\n<\/div>\n<\/div>\n<\/div>\n<div class=\"standard_wrapper\">\n<div  class=\"one_half withsmallpadding ppb_text\" style=\"padding:30px 0 30px 0;\" >\n<div class=\"standard_wrapper\">\n<div class=\"page_content_wrapper\">\n<div class=\"inner\">\n<div style=\"margin:auto;width:100%\">\n<h1><span style=\"color: #99cc00;\">ASCENT TO THE VIRGIN OF PE\u00d1AFURADA<br \/>\n<\/span><\/h1>\n<p>We start the route in Posada de Oma\u00f1a, being a route for both pedestrians and cyclists, following a forest track where we can find some ancient remains of Roman canals that supplied water to aquifer farms.<\/p>\n<p>The route does not get lost as it is always following the same forest track. The hermitage of the Virgen de la Casa or Nuestra Se\u00f1ora de Pe\u00f1a Furada (Our Lady of Pe\u00f1a Furada), which we reach, brings together every 15th August the neighbours of the various adjoining municipalities such as Posada de Oma\u00f1a, Vegapuj\u00edn and Torrecillo, as well as those of the adjoining valley of Tremor.<\/p>\n<\/div>\n<\/div>\n<\/div>\n<\/div>\n<\/div>\n<\/div>\n<div class=\"standard_wrapper\">\n<div  class=\"one_half withsmallpadding ppb_text\" style=\"padding:30px 0 30px 0;\" >\n<div class=\"standard_wrapper\">\n<div class=\"page_content_wrapper\">\n<div class=\"inner\">\n<div style=\"margin:auto;width:100%\">\n<h1><span style=\"color: #99cc00;\">ASCENT TO THE VIRGIN OF PE\u00d1AFURADA<br \/>\n<\/span><\/h1>\n<p>We start the route in Posada de Oma\u00f1a, being a route for both pedestrians and cyclists, following a forest track where we can find some ancient remains of Roman canals that supplied water to aquifer farms.<\/p>\n<p>The route does not get lost as it is always following the same forest track. The hermitage of the Virgen de la Casa or Nuestra Se\u00f1ora de Pe\u00f1a Furada (Our Lady of Pe\u00f1a Furada), which we reach, brings together every 15th August the neighbours of the various adjoining municipalities such as Posada de Oma\u00f1a, Vegapuj\u00edn and Torrecillo, as well as those of the adjoining valley of Tremor.<\/p>\n<\/div>\n<\/div>\n<\/div>\n<\/div>\n<\/div>\n<\/div>\n<div class=\"standard_wrapper\">\n<div  class=\"one_half withsmallpadding ppb_text\" style=\"padding:30px 0 30px 0;\" >\n<div class=\"standard_wrapper\">\n<div class=\"page_content_wrapper\">\n<div class=\"inner\">\n<div style=\"margin:auto;width:100%\">\n<h3><span style=\"text-decoration: underline; color: #000000;\">MUNICIPALITY<\/span><\/h3>\n<p style=\"padding-left: 30px;\">Murias de Paredes<\/p>\n<h3><span style=\"text-decoration: underline; color: #000000;\">TYPE OF PATH<\/span><\/h3>\n<p style=\"padding-left: 30px;\">Pedestrian and cycle tourism (MTB)<\/p>\n<h3><span style=\"text-decoration: underline; color: #000000;\">COORDINATES<\/span><\/h3>\n<p style=\"padding-left: 30px;\">Start: <span id=\"coordinates\"><span class=\"plainlinks nourlexpansion\"><span class=\"geo-default\"><span class=\"geo-dms\" title=\"Mapas, fotos y otros datos de 42\u00b050\u203256\u2033N 6\u00b011\u203228\u2033O\"><span class=\"longitude\"><span title=\"Longitude\"><span title=\"Latitude\">42\u00b0\u00a047\u2032\u00a052\u2033\u00a0N<\/span>, 6\u00b0\u00a011\u2032\u00a05\u2033\u00a0W<br \/>\nArrival: 42\u00b045&#8217;58.46&#8243;N 6\u00b012&#8217;17.52&#8243;O<br \/>\n<\/span><\/span><\/span><\/span><\/span><\/span><\/p>\n<\/div>\n<\/div>\n<\/div>\n<\/div>\n<\/div>\n<\/div>\n<div class=\"standard_wrapper\">\n<div  class=\"one_half last withsmallpadding ppb_text\" style=\"padding:30px 0 30px 0;\" >\n<div class=\"standard_wrapper\">\n<div class=\"page_content_wrapper\">\n<div class=\"inner\">\n<div style=\"margin:auto;width:100%\">\n<h3><span style=\"text-decoration: underline; color: #99cc00;\"><span style=\"color: #000000; text-decoration: underline;\">TECHNICAL DATA<\/span><br \/>\n<\/span><\/h3>\n<p style=\"padding-left: 40px;\">Approximate duration: 8 h 50 min (Round trip)<br \/>\nDistance: 12 km (Round trip)<br \/>\nType of route: Linear<br \/>\nDifficulty: Easy<br \/>\nElevation gain: 455 m<br \/>\nMaximum altitude: 1.678 m<br \/>\nMinimum altitude: 1.240 m<\/p>\n<p style=\"padding-left: 40px;\">\n<\/div>\n<\/div>\n<\/div>\n<\/div>\n<\/div>\n<\/div>\n<div class=\"standard_wrapper\">\n<div  class=\"one_half last withsmallpadding ppb_text\" style=\"padding:30px 0 30px 0;\" >\n<div class=\"standard_wrapper\">\n<div class=\"page_content_wrapper\">\n<div class=\"inner\">\n<div style=\"margin:auto;width:100%\">\n<h3><span style=\"text-decoration: underline; color: #99cc00;\"><span style=\"color: #000000; text-decoration: underline;\">TECHNICAL DATA<\/span><br \/>\n<\/span><\/h3>\n<p style=\"padding-left: 40px;\">Approximate duration: 8 h 50 min (Round trip)<br \/>\nDistance: 12 km (Round trip)<br \/>\nType of route: Linear<br \/>\nDifficulty: Easy<br \/>\nElevation gain: 455 m<br \/>\nMaximum altitude: 1.678 m<br \/>\nMinimum altitude: 1.240 m<\/p>\n<p style=\"padding-left: 40px;\">\n<\/div>\n<\/div>\n<\/div>\n<\/div>\n<\/div>\n<\/div>\n<div  class=\"one withsmallpadding ppb_text\" style=\"padding:30px;\" >\n<p><iframe loading=\"lazy\" src=\"https:\/\/www.google.com\/maps\/d\/u\/4\/embed?mid=1bqJZse0dyZWFWHOLDA54MVzTtMnYv4_L\" width=\"100%\" height=\"600\"><\/iframe><\/p>\n<\/div>\n<div  class=\"one withsmallpadding ppb_header \" style=\"text-align:left;padding:30px 0 30px 0;\" >\n<div class=\"standard_wrapper\">\n<div class=\"page_content_wrapper\">\n<div class=\"inner\">\n<div style=\"margin:auto;width:100%\">\n<h2 class=\"ppb_title\" style=\"\">DOWNLOAD THE ROUTE<\/h2>\n<hr class=\"title_break left\" style=\"\"\/>\n<div class=\"ppb_header_content\">\n<p>Click on the different versions and download the route directly to your gps device or smartphone &#8211; walk with all the info at your fingertips!<\/p>\n<\/div>\n<\/div>\n<\/div>\n<\/div>\n<\/div>\n<\/div>\n<div class=\"standard_wrapper\">\n<div  class=\"one_third withsmallpadding ppb_text\" style=\"padding:30px 0 30px 0;\" >\n<div class=\"standard_wrapper\">\n<div class=\"page_content_wrapper\">\n<div class=\"inner\">\n<div style=\"margin:auto;width:100%\">\n<p><a href=\"https:\/\/drive.google.com\/open?id=1e2emAY6rhs2KTvTRPg4Fi5x4v9Plyw0D\"><img decoding=\"async\" loading=\"lazy\" class=\"alignnone size-full wp-image-12121 aligncenter\" src=\"https:\/\/sienteomana.com\/wp-content\/uploads\/sites\/2\/2019\/04\/gpx1-e1556101291655.png\" alt=\"\" width=\"50\" height=\"107\" \/><\/a><\/p>\n<\/div>\n<\/div>\n<\/div>\n<\/div>\n<\/div>\n<\/div>\n<div class=\"standard_wrapper\">\n<div  class=\"one_third withsmallpadding ppb_text\" style=\"padding:30px 0 30px 0;\" >\n<div class=\"standard_wrapper\">\n<div class=\"page_content_wrapper\">\n<div class=\"inner\">\n<div style=\"margin:auto;width:100%\">\n<p><a href=\"https:\/\/drive.google.com\/open?id=1csRoLt4zhaqqTHX9pkABUVJUZw5mEXmZ\"><img decoding=\"async\" loading=\"lazy\" class=\"size-full wp-image-12120 aligncenter\" src=\"https:\/\/sienteomana.com\/wp-content\/uploads\/sites\/2\/2019\/04\/kmz1-e1556101305482.png\" alt=\"\" width=\"50\" height=\"107\" \/><\/a><\/p>\n<\/div>\n<\/div>\n<\/div>\n<\/div>\n<\/div>\n<\/div>\n<div class=\"standard_wrapper\">\n<div  class=\"one_third last withsmallpadding ppb_text\" style=\"padding:30px 0 30px 0;\" >\n<div class=\"standard_wrapper\">\n<div class=\"page_content_wrapper\">\n<div class=\"inner\">\n<div style=\"margin:auto;width:100%\">\n<p><a href=\"https:\/\/drive.google.com\/open?id=1bqJZse0dyZWFWHOLDA54MVzTtMnYv4_L&#038;usp=sharing\"><img decoding=\"async\" loading=\"lazy\" class=\"size-full wp-image-12111 aligncenter\" src=\"https:\/\/sienteomana.com\/wp-content\/uploads\/sites\/2\/2019\/04\/phone-e1556100835250.png\" alt=\"\" width=\"50\" height=\"107\" \/><\/a><\/p>\n<\/div>\n<\/div>\n<\/div>\n<\/div>\n<\/div>\n<\/div>\n","protected":false},"excerpt":{"rendered":"<p>ASCENT TO THE VIRGIN OF PE\u00d1AFURADA We start the route in Posada de Oma\u00f1a, being a route for both pedestrians and cyclists, following a forest track where we can find some ancient remains of Roman canals that supplied water to [&hellip;]<\/p>\n","protected":false},"author":1,"featured_media":0,"parent":0,"menu_order":0,"comment_status":"closed","ping_status":"closed","template":"","meta":{"inline_featured_image":false,"footnotes":""},"class_list":["post-11447","page","type-page","status-publish","hentry"],"yoast_head":"<!-- This site is optimized with the Yoast SEO plugin v27.3 - https:\/\/yoast.com\/product\/yoast-seo-wordpress\/ -->\n<title>ASCENT TO THE VIRGIN OF PE\u00d1AFURADA - (EN) Siente Oma\u00f1a<\/title>\n<meta name=\"robots\" content=\"index, follow, max-snippet:-1, max-image-preview:large, max-video-preview:-1\" \/>\n<link rel=\"canonical\" href=\"https:\/\/sienteomana.com\/en\/ruta-subida-a-la-virgende-la-cas\/\" \/>\n<meta property=\"og:locale\" content=\"es_ES\" \/>\n<meta property=\"og:type\" content=\"article\" \/>\n<meta property=\"og:title\" content=\"ASCENT TO THE VIRGIN OF PE\u00d1AFURADA - (EN) Siente Oma\u00f1a\" \/>\n<meta property=\"og:description\" content=\"ASCENT TO THE VIRGIN OF PE\u00d1AFURADA We start the route in Posada de Oma\u00f1a, being a route for both pedestrians and cyclists, following a forest track where we can find some ancient remains of Roman canals that supplied water to [&hellip;]\" \/>\n<meta property=\"og:url\" content=\"https:\/\/sienteomana.com\/en\/ruta-subida-a-la-virgende-la-cas\/\" \/>\n<meta property=\"og:site_name\" content=\"(EN) Siente Oma\u00f1a\" \/>\n<meta property=\"article:modified_time\" content=\"2023-08-24T13:54:17+00:00\" \/>\n<meta property=\"og:image\" content=\"https:\/\/sienteomana.com\/wp-content\/uploads\/sites\/2\/2019\/04\/gpx1-e1556101291655.png\" \/>\n<meta name=\"twitter:card\" content=\"summary_large_image\" \/>\n<meta name=\"twitter:label1\" content=\"Tiempo de lectura\" \/>\n\t<meta name=\"twitter:data1\" content=\"3 minutos\" \/>\n<script type=\"application\/ld+json\" class=\"yoast-schema-graph\">{\"@context\":\"https:\\\/\\\/schema.org\",\"@graph\":[{\"@type\":\"WebPage\",\"@id\":\"https:\\\/\\\/sienteomana.com\\\/en\\\/ruta-subida-a-la-virgende-la-cas\\\/\",\"url\":\"https:\\\/\\\/sienteomana.com\\\/en\\\/ruta-subida-a-la-virgende-la-cas\\\/\",\"name\":\"ASCENT TO THE VIRGIN OF PE\u00d1AFURADA - (EN) Siente Oma\u00f1a\",\"isPartOf\":{\"@id\":\"https:\\\/\\\/sienteomana.com\\\/en\\\/#website\"},\"primaryImageOfPage\":{\"@id\":\"https:\\\/\\\/sienteomana.com\\\/en\\\/ruta-subida-a-la-virgende-la-cas\\\/#primaryimage\"},\"image\":{\"@id\":\"https:\\\/\\\/sienteomana.com\\\/en\\\/ruta-subida-a-la-virgende-la-cas\\\/#primaryimage\"},\"thumbnailUrl\":\"https:\\\/\\\/sienteomana.com\\\/wp-content\\\/uploads\\\/sites\\\/2\\\/2019\\\/04\\\/gpx1-e1556101291655.png\",\"datePublished\":\"2019-03-27T15:19:22+00:00\",\"dateModified\":\"2023-08-24T13:54:17+00:00\",\"breadcrumb\":{\"@id\":\"https:\\\/\\\/sienteomana.com\\\/en\\\/ruta-subida-a-la-virgende-la-cas\\\/#breadcrumb\"},\"inLanguage\":\"es\",\"potentialAction\":[{\"@type\":\"ReadAction\",\"target\":[\"https:\\\/\\\/sienteomana.com\\\/en\\\/ruta-subida-a-la-virgende-la-cas\\\/\"]}]},{\"@type\":\"ImageObject\",\"inLanguage\":\"es\",\"@id\":\"https:\\\/\\\/sienteomana.com\\\/en\\\/ruta-subida-a-la-virgende-la-cas\\\/#primaryimage\",\"url\":\"https:\\\/\\\/sienteomana.com\\\/wp-content\\\/uploads\\\/sites\\\/2\\\/2019\\\/04\\\/gpx1-e1556101291655.png\",\"contentUrl\":\"https:\\\/\\\/sienteomana.com\\\/wp-content\\\/uploads\\\/sites\\\/2\\\/2019\\\/04\\\/gpx1-e1556101291655.png\"},{\"@type\":\"BreadcrumbList\",\"@id\":\"https:\\\/\\\/sienteomana.com\\\/en\\\/ruta-subida-a-la-virgende-la-cas\\\/#breadcrumb\",\"itemListElement\":[{\"@type\":\"ListItem\",\"position\":1,\"name\":\"Home\",\"item\":\"https:\\\/\\\/sienteomana.com\\\/en\\\/\"},{\"@type\":\"ListItem\",\"position\":2,\"name\":\"ASCENT TO THE VIRGIN OF PE\u00d1AFURADA\"}]},{\"@type\":\"WebSite\",\"@id\":\"https:\\\/\\\/sienteomana.com\\\/en\\\/#website\",\"url\":\"https:\\\/\\\/sienteomana.com\\\/en\\\/\",\"name\":\"(EN) Siente Oma\u00f1a\",\"description\":\"Oma\u00f1a\",\"potentialAction\":[{\"@type\":\"SearchAction\",\"target\":{\"@type\":\"EntryPoint\",\"urlTemplate\":\"https:\\\/\\\/sienteomana.com\\\/en\\\/?s={search_term_string}\"},\"query-input\":{\"@type\":\"PropertyValueSpecification\",\"valueRequired\":true,\"valueName\":\"search_term_string\"}}],\"inLanguage\":\"es\"}]}<\/script>\n<!-- \/ Yoast SEO plugin. -->","yoast_head_json":{"title":"ASCENT TO THE VIRGIN OF PE\u00d1AFURADA - (EN) Siente Oma\u00f1a","robots":{"index":"index","follow":"follow","max-snippet":"max-snippet:-1","max-image-preview":"max-image-preview:large","max-video-preview":"max-video-preview:-1"},"canonical":"https:\/\/sienteomana.com\/en\/ruta-subida-a-la-virgende-la-cas\/","og_locale":"es_ES","og_type":"article","og_title":"ASCENT TO THE VIRGIN OF PE\u00d1AFURADA - (EN) Siente Oma\u00f1a","og_description":"ASCENT TO THE VIRGIN OF PE\u00d1AFURADA We start the route in Posada de Oma\u00f1a, being a route for both pedestrians and cyclists, following a forest track where we can find some ancient remains of Roman canals that supplied water to [&hellip;]","og_url":"https:\/\/sienteomana.com\/en\/ruta-subida-a-la-virgende-la-cas\/","og_site_name":"(EN) Siente Oma\u00f1a","article_modified_time":"2023-08-24T13:54:17+00:00","og_image":[{"url":"https:\/\/sienteomana.com\/wp-content\/uploads\/sites\/2\/2019\/04\/gpx1-e1556101291655.png","type":"","width":"","height":""}],"twitter_card":"summary_large_image","twitter_misc":{"Tiempo de lectura":"3 minutos"},"schema":{"@context":"https:\/\/schema.org","@graph":[{"@type":"WebPage","@id":"https:\/\/sienteomana.com\/en\/ruta-subida-a-la-virgende-la-cas\/","url":"https:\/\/sienteomana.com\/en\/ruta-subida-a-la-virgende-la-cas\/","name":"ASCENT TO THE VIRGIN OF PE\u00d1AFURADA - (EN) Siente Oma\u00f1a","isPartOf":{"@id":"https:\/\/sienteomana.com\/en\/#website"},"primaryImageOfPage":{"@id":"https:\/\/sienteomana.com\/en\/ruta-subida-a-la-virgende-la-cas\/#primaryimage"},"image":{"@id":"https:\/\/sienteomana.com\/en\/ruta-subida-a-la-virgende-la-cas\/#primaryimage"},"thumbnailUrl":"https:\/\/sienteomana.com\/wp-content\/uploads\/sites\/2\/2019\/04\/gpx1-e1556101291655.png","datePublished":"2019-03-27T15:19:22+00:00","dateModified":"2023-08-24T13:54:17+00:00","breadcrumb":{"@id":"https:\/\/sienteomana.com\/en\/ruta-subida-a-la-virgende-la-cas\/#breadcrumb"},"inLanguage":"es","potentialAction":[{"@type":"ReadAction","target":["https:\/\/sienteomana.com\/en\/ruta-subida-a-la-virgende-la-cas\/"]}]},{"@type":"ImageObject","inLanguage":"es","@id":"https:\/\/sienteomana.com\/en\/ruta-subida-a-la-virgende-la-cas\/#primaryimage","url":"https:\/\/sienteomana.com\/wp-content\/uploads\/sites\/2\/2019\/04\/gpx1-e1556101291655.png","contentUrl":"https:\/\/sienteomana.com\/wp-content\/uploads\/sites\/2\/2019\/04\/gpx1-e1556101291655.png"},{"@type":"BreadcrumbList","@id":"https:\/\/sienteomana.com\/en\/ruta-subida-a-la-virgende-la-cas\/#breadcrumb","itemListElement":[{"@type":"ListItem","position":1,"name":"Home","item":"https:\/\/sienteomana.com\/en\/"},{"@type":"ListItem","position":2,"name":"ASCENT TO THE VIRGIN OF PE\u00d1AFURADA"}]},{"@type":"WebSite","@id":"https:\/\/sienteomana.com\/en\/#website","url":"https:\/\/sienteomana.com\/en\/","name":"(EN) Siente Oma\u00f1a","description":"Oma\u00f1a","potentialAction":[{"@type":"SearchAction","target":{"@type":"EntryPoint","urlTemplate":"https:\/\/sienteomana.com\/en\/?s={search_term_string}"},"query-input":{"@type":"PropertyValueSpecification","valueRequired":true,"valueName":"search_term_string"}}],"inLanguage":"es"}]}},"_links":{"self":[{"href":"https:\/\/sienteomana.com\/en\/wp-json\/wp\/v2\/pages\/11447","targetHints":{"allow":["GET"]}}],"collection":[{"href":"https:\/\/sienteomana.com\/en\/wp-json\/wp\/v2\/pages"}],"about":[{"href":"https:\/\/sienteomana.com\/en\/wp-json\/wp\/v2\/types\/page"}],"author":[{"embeddable":true,"href":"https:\/\/sienteomana.com\/en\/wp-json\/wp\/v2\/users\/1"}],"replies":[{"embeddable":true,"href":"https:\/\/sienteomana.com\/en\/wp-json\/wp\/v2\/comments?post=11447"}],"version-history":[{"count":50,"href":"https:\/\/sienteomana.com\/en\/wp-json\/wp\/v2\/pages\/11447\/revisions"}],"predecessor-version":[{"id":14947,"href":"https:\/\/sienteomana.com\/en\/wp-json\/wp\/v2\/pages\/11447\/revisions\/14947"}],"wp:attachment":[{"href":"https:\/\/sienteomana.com\/en\/wp-json\/wp\/v2\/media?parent=11447"}],"curies":[{"name":"wp","href":"https:\/\/api.w.org\/{rel}","templated":true}]}}