{"id":11144,"date":"2019-03-25T16:53:18","date_gmt":"2019-03-25T16:53:18","guid":{"rendered":"https:\/\/sienteomana.com\/en\/?page_id=11144"},"modified":"2023-08-24T13:34:57","modified_gmt":"2023-08-24T13:34:57","slug":"fasgar-arcos-del-agua-penacefera-vegapujin-fasgar","status":"publish","type":"page","link":"https:\/\/sienteomana.com\/en\/fasgar-arcos-del-agua-penacefera-vegapujin-fasgar\/","title":{"rendered":"RUTA FASGAR &#8211; ARCOS DEL AGUA &#8211; PE\u00d1ACEFERA &#8211; VEGAPUJ\u00cdN &#8211; FASGAR"},"content":{"rendered":"<div  class=\"one\" style=\"padding:0px 0 0px 0;\" >\n<div class=\"page_content_wrapper withbg\" style=\"background-image:url(https:\/\/sienteomana.com\/wp-content\/uploads\/sites\/2\/2019\/03\/caminar-y-btt.jpg);background-size:cover;background-position:center bottom;height:830px;position:relative;\"><\/div>\n<\/div>\n<div class=\"standard_wrapper\">\n<div  class=\"one_half withsmallpadding ppb_text\" style=\"padding:30px 0 30px 0;\" >\n<div class=\"standard_wrapper\">\n<div class=\"page_content_wrapper\">\n<div class=\"inner\">\n<div style=\"margin:auto;width:100%\">\n<h1><span style=\"color: #99cc00;\">FASGAR \u2013 ARCOS DEL AGUA \u2013 PE\u00d1ACEFERA \u2013 VEGAPUJ\u00cdN \u2013 FASGAR<\/span><\/h1>\n<p style=\"text-align: justify;\">We start from Fasgar, from a stone bridge with a signpost in the direction of \u00abCampo de Santiago\u00bb. After passing it, we turn right and climb up to the water tank and the antennas. From here, we follow a path that runs along the lower part of the large birch grove of La Guariza. We then take a branch to the right and find a post indicating the direction to \u00abCampo de Santiago\u00bb and a yellow arrow painted on a stone on the ground, we follow the latter.<\/p>\n<p>We begin the Cuesta de Ocidiello and, as we go along the left side of the Urdiales valley, the slope increases until we come to Las Fuentes.<\/p>\n<p>We follow the path and arrive at Collado de Campo, where we find an explanatory panel and we can see, down in the valley, a hermitage, where every 25th July a pilgrimage is held in honour of the apostle St. James. At this pass we leave the path turning to the left and follow a faint path through heather.<\/p>\n<p>Passing through open countryside, we cross a watercourse to reach the place where the ridge begins. Once here, we reach the Sesteadero del Buey and del Fraile until we reach the base of the peak of Arcos del Agua, from where we can see the lagoons of Los Llaos or Bauc\u00edn.<\/p>\n<p>From here, we reach the last slope, reaching a place with two metal tubes in the shape of an inverted \u00abL\u00bb. We continue on and reach two large milestones and turn left to start descending a steep slope until we reach Pe\u00f1a Cefera from where we can go down to the stream of Becebr\u00edn which takes us to Vegapuj\u00edn.<\/p>\n<p>We pass the village of Vegapuj\u00edn on the left and next to it the houses further away, finding a panel with the path of the river Valle Gordo. We take the path to the left, which takes us from Vegapuj\u00edn to Fasgar. This path goes all along the plain following the river, a practically flat route until we reach Fasgar again.<\/p>\n<\/div>\n<\/div>\n<\/div>\n<\/div>\n<\/div>\n<\/div>\n<div class=\"standard_wrapper\">\n<div  class=\"one_half last\" style=\"padding:50px 0 50px 0;\" >\n<div class=\"page_content_wrapper\">\n<div class=\"inner\">\n<div class=\"image_classic_frame expand animate\">\n<div class=\"image_wrapper\"><a href=\"https:\/\/sienteomana.com\/wp-content\/uploads\/sites\/2\/2019\/03\/Fasgar-Arcos-del-Agua-Pen\u0303acefera-Vegapuji\u0301n-Fasgar.png\" class=\"img_frame\"><img decoding=\"async\" src=\"https:\/\/sienteomana.com\/wp-content\/uploads\/sites\/2\/2019\/03\/Fasgar-Arcos-del-Agua-Pen\u0303acefera-Vegapuji\u0301n-Fasgar.png\" alt=\"\" class=\"portfolio_img\"\/><\/a><\/div>\n<\/div>\n<\/div>\n<\/div>\n<\/div>\n<\/div>\n<div class=\"divider one\">&nbsp;<\/div>\n<div class=\"standard_wrapper\">\n<div  class=\"one_half withsmallpadding ppb_text\" style=\"padding:30px 0 30px 0;background-color:#f2f2f2;\" >\n<div class=\"standard_wrapper\">\n<div class=\"page_content_wrapper\">\n<div class=\"inner\">\n<div style=\"margin:auto;width:80%\">\n<h3><span style=\"text-decoration: underline; color: #000000;\">MUNICIPALITY<\/span><\/h3>\n<p style=\"padding-left: 30px;\">Murias de Paredes<\/p>\n<h3><span style=\"text-decoration: underline; color: #000000;\">TYPE OF PATH<\/span><\/h3>\n<p style=\"padding-left: 30px;\">Pedestrian<\/p>\n<h3><span style=\"text-decoration: underline; color: #000000;\">COORDINATES<\/span><\/h3>\n<p style=\"padding-left: 30px;\">Start and finish: <span id=\"coordinates\"><span class=\"plainlinks nourlexpansion\"><span class=\"geo-default\"><span class=\"geo-dms\" title=\"Mapas, fotos y otros datos de 42\u00b050\u203256\u2033N 6\u00b011\u203228\u2033O\"><span class=\"longitude\"><span title=\"Latitude\">42\u00b0\u00a048\u2032\u00a034\u2033\u00a0N<\/span>, <span title=\"Longitude\">6\u00b0\u00a013\u2032\u00a029\u2033\u00a0W<\/span><\/span><\/span><\/span><\/span><\/span><\/p>\n<\/div>\n<\/div>\n<\/div>\n<\/div>\n<\/div>\n<\/div>\n<div class=\"standard_wrapper\">\n<div  class=\"one_half last withsmallpadding ppb_text\" style=\"padding:30px 0 30px 0;background-color:#f2f2f2;\" >\n<div class=\"standard_wrapper\">\n<div class=\"page_content_wrapper\">\n<div class=\"inner\">\n<div style=\"margin:auto;width:80%\">\n<h3><span style=\"text-decoration: underline; color: #99cc00;\"><span style=\"color: #000000; text-decoration: underline;\">TECHNICAL DATA<\/span><br \/>\n<\/span><\/h3>\n<p style=\"padding-left: 40px;\">Approximate duration: 7 h 30 min<br \/>\nDistance: 14&#8217;4 km<br \/>\nType of route: Circular<br \/>\nDifficulty: High<br \/>\nDifference in altitude: 957 m<br \/>\nMaximum altitude: 2.063 m<br \/>\nMinimum altitude: 1.663 m<\/p>\n<\/div>\n<\/div>\n<\/div>\n<\/div>\n<\/div>\n<\/div>\n<div class=\"divider one\">&nbsp;<\/div>\n<div  class=\"one withsmallpadding ppb_text\" style=\"padding:0px;\" >\n<p><iframe loading=\"lazy\" src=\"https:\/\/www.google.com\/maps\/d\/u\/4\/embed?mid=16f-FB2lInpsDVCD-_k0-i4SkHvcdqcQF\" width=\"100%\" height=\"600\"><\/iframe><\/p>\n<\/div>\n<div  class=\"one withsmallpadding ppb_header \" style=\"text-align:center;padding:30px 0 30px 0;\" >\n<div class=\"standard_wrapper\">\n<div class=\"page_content_wrapper\">\n<div class=\"inner\">\n<div style=\"margin:auto;width:100%\">\n<h2 class=\"ppb_title\" style=\"\">DOWNLOAD THE ROUTE<\/h2>\n<hr class=\"title_break center\" style=\"\"\/>\n<div class=\"ppb_header_content\">\n<p>Click on the different versions and download the route directly to your gps device or smartphone &#8211; walk with all the info at your fingertips!<\/p>\n<\/div>\n<\/div>\n<\/div>\n<\/div>\n<\/div>\n<\/div>\n<div class=\"standard_wrapper\">\n<div  class=\"one_third withsmallpadding ppb_text\" style=\"padding:30px 0 30px 0;\" >\n<div class=\"standard_wrapper\">\n<div class=\"page_content_wrapper\">\n<div class=\"inner\">\n<div style=\"margin:auto;width:100%\">\n<p><a href=\"https:\/\/drive.google.com\/open?id=1yGs97BRyf2Jl7lq_C74Mz8OSrNIZ0me5\"><img decoding=\"async\" loading=\"lazy\" class=\"size-full wp-image-12121 aligncenter\" src=\"https:\/\/sienteomana.com\/wp-content\/uploads\/sites\/2\/2019\/04\/gpx1-e1556101291655.png\" alt=\"\" width=\"50\" height=\"107\" \/><\/a><\/p>\n<\/div>\n<\/div>\n<\/div>\n<\/div>\n<\/div>\n<\/div>\n<div class=\"standard_wrapper\">\n<div  class=\"one_third withsmallpadding ppb_text\" style=\"padding:30px 0 30px 0;\" >\n<div class=\"standard_wrapper\">\n<div class=\"page_content_wrapper\">\n<div class=\"inner\">\n<div style=\"margin:auto;width:100%\">\n<p><a href=\"https:\/\/drive.google.com\/open?id=1Gl1fn1HdIRfb2VphuO6UNXE_gjbABk_Q\"><img decoding=\"async\" loading=\"lazy\" class=\"size-full wp-image-12120 aligncenter\" src=\"https:\/\/sienteomana.com\/wp-content\/uploads\/sites\/2\/2019\/04\/kmz1-e1556101305482.png\" alt=\"\" width=\"50\" height=\"107\" \/><\/a><\/p>\n<\/div>\n<\/div>\n<\/div>\n<\/div>\n<\/div>\n<\/div>\n<div class=\"standard_wrapper\">\n<div  class=\"one_third last withsmallpadding ppb_text\" style=\"padding:30px 0 30px 0;\" >\n<div class=\"standard_wrapper\">\n<div class=\"page_content_wrapper\">\n<div class=\"inner\">\n<div style=\"margin:auto;width:100%\">\n<p><a href=\"https:\/\/drive.google.com\/open?id=16f-FB2lInpsDVCD-_k0-i4SkHvcdqcQF&#038;usp=sharing\"><img decoding=\"async\" loading=\"lazy\" class=\"size-full wp-image-12111 aligncenter\" src=\"https:\/\/sienteomana.com\/wp-content\/uploads\/sites\/2\/2019\/04\/phone-e1556100835250.png\" alt=\"\" width=\"50\" height=\"107\" \/><\/a><\/p>\n<\/div>\n<\/div>\n<\/div>\n<\/div>\n<\/div>\n<\/div>\n","protected":false},"excerpt":{"rendered":"<p>FASGAR \u2013 ARCOS DEL AGUA \u2013 PE\u00d1ACEFERA \u2013 VEGAPUJ\u00cdN \u2013 FASGAR We start from Fasgar, from a stone bridge with a signpost in the direction of \u00abCampo de Santiago\u00bb. After passing it, we turn right and climb up to the [&hellip;]<\/p>\n","protected":false},"author":1,"featured_media":0,"parent":0,"menu_order":0,"comment_status":"closed","ping_status":"closed","template":"","meta":{"inline_featured_image":false,"footnotes":""},"class_list":["post-11144","page","type-page","status-publish","hentry"],"yoast_head":"<!-- This site is optimized with the Yoast SEO plugin v27.3 - https:\/\/yoast.com\/product\/yoast-seo-wordpress\/ -->\n<title>RUTA FASGAR - ARCOS DEL AGUA - PE\u00d1ACEFERA - VEGAPUJ\u00cdN - FASGAR - (EN) Siente Oma\u00f1a<\/title>\n<meta name=\"robots\" content=\"index, follow, max-snippet:-1, max-image-preview:large, max-video-preview:-1\" \/>\n<link rel=\"canonical\" href=\"https:\/\/sienteomana.com\/en\/fasgar-arcos-del-agua-penacefera-vegapujin-fasgar\/\" \/>\n<meta property=\"og:locale\" content=\"es_ES\" \/>\n<meta property=\"og:type\" content=\"article\" \/>\n<meta property=\"og:title\" content=\"RUTA FASGAR - ARCOS DEL AGUA - PE\u00d1ACEFERA - VEGAPUJ\u00cdN - FASGAR - (EN) Siente Oma\u00f1a\" \/>\n<meta property=\"og:description\" content=\"FASGAR \u2013 ARCOS DEL AGUA \u2013 PE\u00d1ACEFERA \u2013 VEGAPUJ\u00cdN \u2013 FASGAR We start from Fasgar, from a stone bridge with a signpost in the direction of \u00abCampo de Santiago\u00bb. After passing it, we turn right and climb up to the [&hellip;]\" \/>\n<meta property=\"og:url\" content=\"https:\/\/sienteomana.com\/en\/fasgar-arcos-del-agua-penacefera-vegapujin-fasgar\/\" \/>\n<meta property=\"og:site_name\" content=\"(EN) Siente Oma\u00f1a\" \/>\n<meta property=\"article:modified_time\" content=\"2023-08-24T13:34:57+00:00\" \/>\n<meta property=\"og:image\" content=\"https:\/\/sienteomana.com\/wp-content\/uploads\/sites\/2\/2019\/04\/gpx1-e1556101291655.png\" \/>\n<meta name=\"twitter:card\" content=\"summary_large_image\" \/>\n<meta name=\"twitter:label1\" content=\"Tiempo de lectura\" \/>\n\t<meta name=\"twitter:data1\" content=\"6 minutos\" \/>\n<script type=\"application\/ld+json\" class=\"yoast-schema-graph\">{\"@context\":\"https:\\\/\\\/schema.org\",\"@graph\":[{\"@type\":\"WebPage\",\"@id\":\"https:\\\/\\\/sienteomana.com\\\/en\\\/fasgar-arcos-del-agua-penacefera-vegapujin-fasgar\\\/\",\"url\":\"https:\\\/\\\/sienteomana.com\\\/en\\\/fasgar-arcos-del-agua-penacefera-vegapujin-fasgar\\\/\",\"name\":\"RUTA FASGAR - ARCOS DEL AGUA - PE\u00d1ACEFERA - VEGAPUJ\u00cdN - FASGAR - (EN) Siente Oma\u00f1a\",\"isPartOf\":{\"@id\":\"https:\\\/\\\/sienteomana.com\\\/en\\\/#website\"},\"primaryImageOfPage\":{\"@id\":\"https:\\\/\\\/sienteomana.com\\\/en\\\/fasgar-arcos-del-agua-penacefera-vegapujin-fasgar\\\/#primaryimage\"},\"image\":{\"@id\":\"https:\\\/\\\/sienteomana.com\\\/en\\\/fasgar-arcos-del-agua-penacefera-vegapujin-fasgar\\\/#primaryimage\"},\"thumbnailUrl\":\"https:\\\/\\\/sienteomana.com\\\/wp-content\\\/uploads\\\/sites\\\/2\\\/2019\\\/04\\\/gpx1-e1556101291655.png\",\"datePublished\":\"2019-03-25T16:53:18+00:00\",\"dateModified\":\"2023-08-24T13:34:57+00:00\",\"breadcrumb\":{\"@id\":\"https:\\\/\\\/sienteomana.com\\\/en\\\/fasgar-arcos-del-agua-penacefera-vegapujin-fasgar\\\/#breadcrumb\"},\"inLanguage\":\"es\",\"potentialAction\":[{\"@type\":\"ReadAction\",\"target\":[\"https:\\\/\\\/sienteomana.com\\\/en\\\/fasgar-arcos-del-agua-penacefera-vegapujin-fasgar\\\/\"]}]},{\"@type\":\"ImageObject\",\"inLanguage\":\"es\",\"@id\":\"https:\\\/\\\/sienteomana.com\\\/en\\\/fasgar-arcos-del-agua-penacefera-vegapujin-fasgar\\\/#primaryimage\",\"url\":\"https:\\\/\\\/sienteomana.com\\\/wp-content\\\/uploads\\\/sites\\\/2\\\/2019\\\/04\\\/gpx1-e1556101291655.png\",\"contentUrl\":\"https:\\\/\\\/sienteomana.com\\\/wp-content\\\/uploads\\\/sites\\\/2\\\/2019\\\/04\\\/gpx1-e1556101291655.png\"},{\"@type\":\"BreadcrumbList\",\"@id\":\"https:\\\/\\\/sienteomana.com\\\/en\\\/fasgar-arcos-del-agua-penacefera-vegapujin-fasgar\\\/#breadcrumb\",\"itemListElement\":[{\"@type\":\"ListItem\",\"position\":1,\"name\":\"Home\",\"item\":\"https:\\\/\\\/sienteomana.com\\\/en\\\/\"},{\"@type\":\"ListItem\",\"position\":2,\"name\":\"RUTA FASGAR &#8211; ARCOS DEL AGUA &#8211; PE\u00d1ACEFERA &#8211; VEGAPUJ\u00cdN &#8211; FASGAR\"}]},{\"@type\":\"WebSite\",\"@id\":\"https:\\\/\\\/sienteomana.com\\\/en\\\/#website\",\"url\":\"https:\\\/\\\/sienteomana.com\\\/en\\\/\",\"name\":\"(EN) Siente Oma\u00f1a\",\"description\":\"Oma\u00f1a\",\"potentialAction\":[{\"@type\":\"SearchAction\",\"target\":{\"@type\":\"EntryPoint\",\"urlTemplate\":\"https:\\\/\\\/sienteomana.com\\\/en\\\/?s={search_term_string}\"},\"query-input\":{\"@type\":\"PropertyValueSpecification\",\"valueRequired\":true,\"valueName\":\"search_term_string\"}}],\"inLanguage\":\"es\"}]}<\/script>\n<!-- \/ Yoast SEO plugin. -->","yoast_head_json":{"title":"RUTA FASGAR - ARCOS DEL AGUA - PE\u00d1ACEFERA - VEGAPUJ\u00cdN - FASGAR - (EN) Siente Oma\u00f1a","robots":{"index":"index","follow":"follow","max-snippet":"max-snippet:-1","max-image-preview":"max-image-preview:large","max-video-preview":"max-video-preview:-1"},"canonical":"https:\/\/sienteomana.com\/en\/fasgar-arcos-del-agua-penacefera-vegapujin-fasgar\/","og_locale":"es_ES","og_type":"article","og_title":"RUTA FASGAR - ARCOS DEL AGUA - PE\u00d1ACEFERA - VEGAPUJ\u00cdN - FASGAR - (EN) Siente Oma\u00f1a","og_description":"FASGAR \u2013 ARCOS DEL AGUA \u2013 PE\u00d1ACEFERA \u2013 VEGAPUJ\u00cdN \u2013 FASGAR We start from Fasgar, from a stone bridge with a signpost in the direction of \u00abCampo de Santiago\u00bb. After passing it, we turn right and climb up to the [&hellip;]","og_url":"https:\/\/sienteomana.com\/en\/fasgar-arcos-del-agua-penacefera-vegapujin-fasgar\/","og_site_name":"(EN) Siente Oma\u00f1a","article_modified_time":"2023-08-24T13:34:57+00:00","og_image":[{"url":"https:\/\/sienteomana.com\/wp-content\/uploads\/sites\/2\/2019\/04\/gpx1-e1556101291655.png","type":"","width":"","height":""}],"twitter_card":"summary_large_image","twitter_misc":{"Tiempo de lectura":"6 minutos"},"schema":{"@context":"https:\/\/schema.org","@graph":[{"@type":"WebPage","@id":"https:\/\/sienteomana.com\/en\/fasgar-arcos-del-agua-penacefera-vegapujin-fasgar\/","url":"https:\/\/sienteomana.com\/en\/fasgar-arcos-del-agua-penacefera-vegapujin-fasgar\/","name":"RUTA FASGAR - ARCOS DEL AGUA - PE\u00d1ACEFERA - VEGAPUJ\u00cdN - FASGAR - (EN) Siente Oma\u00f1a","isPartOf":{"@id":"https:\/\/sienteomana.com\/en\/#website"},"primaryImageOfPage":{"@id":"https:\/\/sienteomana.com\/en\/fasgar-arcos-del-agua-penacefera-vegapujin-fasgar\/#primaryimage"},"image":{"@id":"https:\/\/sienteomana.com\/en\/fasgar-arcos-del-agua-penacefera-vegapujin-fasgar\/#primaryimage"},"thumbnailUrl":"https:\/\/sienteomana.com\/wp-content\/uploads\/sites\/2\/2019\/04\/gpx1-e1556101291655.png","datePublished":"2019-03-25T16:53:18+00:00","dateModified":"2023-08-24T13:34:57+00:00","breadcrumb":{"@id":"https:\/\/sienteomana.com\/en\/fasgar-arcos-del-agua-penacefera-vegapujin-fasgar\/#breadcrumb"},"inLanguage":"es","potentialAction":[{"@type":"ReadAction","target":["https:\/\/sienteomana.com\/en\/fasgar-arcos-del-agua-penacefera-vegapujin-fasgar\/"]}]},{"@type":"ImageObject","inLanguage":"es","@id":"https:\/\/sienteomana.com\/en\/fasgar-arcos-del-agua-penacefera-vegapujin-fasgar\/#primaryimage","url":"https:\/\/sienteomana.com\/wp-content\/uploads\/sites\/2\/2019\/04\/gpx1-e1556101291655.png","contentUrl":"https:\/\/sienteomana.com\/wp-content\/uploads\/sites\/2\/2019\/04\/gpx1-e1556101291655.png"},{"@type":"BreadcrumbList","@id":"https:\/\/sienteomana.com\/en\/fasgar-arcos-del-agua-penacefera-vegapujin-fasgar\/#breadcrumb","itemListElement":[{"@type":"ListItem","position":1,"name":"Home","item":"https:\/\/sienteomana.com\/en\/"},{"@type":"ListItem","position":2,"name":"RUTA FASGAR &#8211; ARCOS DEL AGUA &#8211; PE\u00d1ACEFERA &#8211; VEGAPUJ\u00cdN &#8211; FASGAR"}]},{"@type":"WebSite","@id":"https:\/\/sienteomana.com\/en\/#website","url":"https:\/\/sienteomana.com\/en\/","name":"(EN) Siente Oma\u00f1a","description":"Oma\u00f1a","potentialAction":[{"@type":"SearchAction","target":{"@type":"EntryPoint","urlTemplate":"https:\/\/sienteomana.com\/en\/?s={search_term_string}"},"query-input":{"@type":"PropertyValueSpecification","valueRequired":true,"valueName":"search_term_string"}}],"inLanguage":"es"}]}},"_links":{"self":[{"href":"https:\/\/sienteomana.com\/en\/wp-json\/wp\/v2\/pages\/11144","targetHints":{"allow":["GET"]}}],"collection":[{"href":"https:\/\/sienteomana.com\/en\/wp-json\/wp\/v2\/pages"}],"about":[{"href":"https:\/\/sienteomana.com\/en\/wp-json\/wp\/v2\/types\/page"}],"author":[{"embeddable":true,"href":"https:\/\/sienteomana.com\/en\/wp-json\/wp\/v2\/users\/1"}],"replies":[{"embeddable":true,"href":"https:\/\/sienteomana.com\/en\/wp-json\/wp\/v2\/comments?post=11144"}],"version-history":[{"count":37,"href":"https:\/\/sienteomana.com\/en\/wp-json\/wp\/v2\/pages\/11144\/revisions"}],"predecessor-version":[{"id":14944,"href":"https:\/\/sienteomana.com\/en\/wp-json\/wp\/v2\/pages\/11144\/revisions\/14944"}],"wp:attachment":[{"href":"https:\/\/sienteomana.com\/en\/wp-json\/wp\/v2\/media?parent=11144"}],"curies":[{"name":"wp","href":"https:\/\/api.w.org\/{rel}","templated":true}]}}