{"id":11135,"date":"2019-03-25T16:48:25","date_gmt":"2019-03-25T16:48:25","guid":{"rendered":"https:\/\/sienteomana.com\/en\/?page_id=11135"},"modified":"2023-08-24T09:14:30","modified_gmt":"2023-08-24T09:14:30","slug":"camino-olvidado-de-la-montana-fasgar-iguena","status":"publish","type":"page","link":"https:\/\/sienteomana.com\/en\/camino-olvidado-de-la-montana-fasgar-iguena\/","title":{"rendered":"CAMINO OLVIDADO DE LA MONTA\u00d1A  FASGAR-IGUE\u00d1A"},"content":{"rendered":"<div class=\"standard_wrapper\">\n<div  class=\"one_half withsmallpadding ppb_text\" style=\"padding:30px 0 30px 0;\" >\n<div class=\"standard_wrapper\">\n<div class=\"page_content_wrapper\">\n<div class=\"inner\">\n<div style=\"margin:auto;width:100%\">\n<h1><span style=\"color: #99cc00;\">CAMINO OLVIDADO DE LA MONTA\u00d1A FASGAR-IGUE\u00d1A<\/span><\/h1>\n<p style=\"text-align: justify;\">This stage of the Camino Olvidado corresponds to stage 17 and starts in Fasgar. From here we climb up to the water tank and the telephone antenna. We will continue along a wide track where we will find the crystalline waters of Las Fuentes and we will reach Campo de Santiago, after reaching the pass and descending along the same track until we reach the hermitage, which celebrates its festival every 25th July. Here we take a path on the left.<\/p>\n<p>Further on we start to descend through the gorge towards Colinas de Campo, passing a stone monolith that marks the separation of the valleys, leaving Murias de Paredes behind us and entering the Alto Bierzo. We continue descending until we cross two bridges.<\/p>\n<p>From here the path begins to widen. We will pass the Fuente San Juliano and further on we will reach the village of Colinas del Campo de Mart\u00edn Moro Toledano. On the way we will find what used to be an old pilgrims&#8217; hospital and magnificent holly and yew woods.<\/p>\n<p>We pass through the curious arch of the hermitage of Santa Dorotea and continue along the road for a while, turning a little further on to the right to continue along a track on the left bank of the river and then, after passing a bridge, on the right bank.<\/p>\n<p>We will come across another spring and come out onto the road until we reach Igue\u00f1a.<br \/>\nIf we want to return to the starting point, we must bear in mind that it is a long route, but we must simply retrace our steps.<\/p>\n<\/div>\n<\/div>\n<\/div>\n<\/div>\n<\/div>\n<\/div>\n<div class=\"standard_wrapper\">\n<div  class=\"one_half withsmallpadding ppb_text\" style=\"padding:30px 0 30px 0;\" >\n<div class=\"standard_wrapper\">\n<div class=\"page_content_wrapper\">\n<div class=\"inner\">\n<div style=\"margin:auto;width:100%\">\n<h1><span style=\"color: #99cc00;\">CAMINO OLVIDADO DE LA MONTA\u00d1A FASGAR-IGUE\u00d1A<\/span><\/h1>\n<p style=\"text-align: justify;\">This stage of the Camino Olvidado corresponds to stage 17 and starts in Fasgar. From here we climb up to the water tank and the telephone antenna. We will continue along a wide track where we will find the crystalline waters of Las Fuentes and we will reach Campo de Santiago, after reaching the pass and descending along the same track until we reach the hermitage, which celebrates its festival every 25th July. Here we take a path on the left.<\/p>\n<p>Further on we start to descend through the gorge towards Colinas de Campo, passing a stone monolith that marks the separation of the valleys, leaving Murias de Paredes behind us and entering the Alto Bierzo. We continue descending until we cross two bridges.<\/p>\n<p>From here the path begins to widen. We will pass the Fuente San Juliano and further on we will reach the village of Colinas del Campo de Mart\u00edn Moro Toledano. On the way we will find what used to be an old pilgrims&#8217; hospital and magnificent holly and yew woods.<\/p>\n<p>We pass through the curious arch of the hermitage of Santa Dorotea and continue along the road for a while, turning a little further on to the right to continue along a track on the left bank of the river and then, after passing a bridge, on the right bank.<\/p>\n<p>We will come across another spring and come out onto the road until we reach Igue\u00f1a.<br \/>\nIf we want to return to the starting point, we must bear in mind that it is a long route, but we must simply retrace our steps.<\/p>\n<\/div>\n<\/div>\n<\/div>\n<\/div>\n<\/div>\n<\/div>\n<div class=\"standard_wrapper\">\n<div  class=\"one_half withsmallpadding ppb_text\" style=\"padding:30px 0 30px 0;\" >\n<div class=\"standard_wrapper\">\n<div class=\"page_content_wrapper\">\n<div class=\"inner\">\n<div style=\"margin:auto;width:100%\">\n<h1><span style=\"color: #99cc00;\">CAMINO OLVIDADO DE LA MONTA\u00d1A FASGAR-IGUE\u00d1A<\/span><\/h1>\n<p style=\"text-align: justify;\">This stage of the Camino Olvidado corresponds to stage 17 and starts in Fasgar. From here we climb up to the water tank and the telephone antenna. We will continue along a wide track where we will find the crystalline waters of Las Fuentes and we will reach Campo de Santiago, after reaching the pass and descending along the same track until we reach the hermitage, which celebrates its festival every 25th July. Here we take a path on the left.<\/p>\n<p>Further on we start to descend through the gorge towards Colinas de Campo, passing a stone monolith that marks the separation of the valleys, leaving Murias de Paredes behind us and entering the Alto Bierzo. We continue descending until we cross two bridges.<\/p>\n<p>From here the path begins to widen. We will pass the Fuente San Juliano and further on we will reach the village of Colinas del Campo de Mart\u00edn Moro Toledano. On the way we will find what used to be an old pilgrims&#8217; hospital and magnificent holly and yew woods.<\/p>\n<p>We pass through the curious arch of the hermitage of Santa Dorotea and continue along the road for a while, turning a little further on to the right to continue along a track on the left bank of the river and then, after passing a bridge, on the right bank.<\/p>\n<p>We will come across another spring and come out onto the road until we reach Igue\u00f1a.<br \/>\nIf we want to return to the starting point, we must bear in mind that it is a long route, but we must simply retrace our steps.<\/p>\n<\/div>\n<\/div>\n<\/div>\n<\/div>\n<\/div>\n<\/div>\n<div class=\"standard_wrapper\">\n<div  class=\"one_half withsmallpadding ppb_text\" style=\"padding:30px 0 30px 0;\" >\n<div class=\"standard_wrapper\">\n<div class=\"page_content_wrapper\">\n<div class=\"inner\">\n<div style=\"margin:auto;width:100%\">\n<h3><span style=\"text-decoration: underline; color: #000000;\">MUNICIPALITIES<\/span><\/h3>\n<p style=\"padding-left: 30px;\">Murias de Paredes-Igue\u00f1a<\/p>\n<h3><span style=\"text-decoration: underline; color: #000000;\">TYPE OF PATH<\/span><\/h3>\n<p style=\"padding-left: 30px;\">Pedestrian and cycle tourism (MTB)<\/p>\n<h3><span style=\"text-decoration: underline; color: #000000;\">COORDINATES<\/span><\/h3>\n<p style=\"padding-left: 30px;\">Start: <span title=\"Latitude\">42\u00b0\u00a048\u2032\u00a034\u2033\u00a0N<\/span>, <span title=\"Longitude\">6\u00b0\u00a013\u2032\u00a029\u2033\u00a0W<br \/>\nArrival: <span title=\"Latitude\">42\u00b0\u00a043\u2032\u00a044\u2033\u00a0N<\/span>, 6\u00b0\u00a016\u2032\u00a035\u2033\u00a0W<br \/>\n<\/span><\/p>\n<\/div>\n<\/div>\n<\/div>\n<\/div>\n<\/div>\n<\/div>\n<div class=\"standard_wrapper\">\n<div  class=\"one_half last withsmallpadding ppb_text\" style=\"padding:30px 0 30px 0;\" >\n<div class=\"standard_wrapper\">\n<div class=\"page_content_wrapper\">\n<div class=\"inner\">\n<div style=\"margin:auto;width:100%\">\n<h3><span style=\"text-decoration: underline; color: #99cc00;\"><span style=\"color: #000000; text-decoration: underline;\">TECHNICAL DATA<\/span><br \/>\n<\/span><\/h3>\n<p style=\"padding-left: 40px;\">Approximate duration: 8 h 12 min (return trip)<br \/>\nDistance: 38&#8217;8 km (round trip) 19&#8217;4 km (one way)<br \/>\nType of route: Linear<br \/>\nDifficulty: Easy<br \/>\nAltitude downhill: 345 m<br \/>\nDifference in altitude ascent: 738 m<br \/>\nMaximum altitude: 1.642 m<br \/>\nMinimum altitude: 912 m<\/p>\n<p style=\"padding-left: 40px;\">\n<\/div>\n<\/div>\n<\/div>\n<\/div>\n<\/div>\n<\/div>\n<div class=\"standard_wrapper\">\n<div  class=\"one_half last withsmallpadding ppb_text\" style=\"padding:30px 0 30px 0;\" >\n<div class=\"standard_wrapper\">\n<div class=\"page_content_wrapper\">\n<div class=\"inner\">\n<div style=\"margin:auto;width:100%\">\n<h3><span style=\"text-decoration: underline; color: #99cc00;\"><span style=\"color: #000000; text-decoration: underline;\">TECHNICAL DATA<\/span><br \/>\n<\/span><\/h3>\n<p style=\"padding-left: 40px;\">Approximate duration: 8 h 12 min (return trip)<br \/>\nDistance: 38&#8217;8 km (round trip) 19&#8217;4 km (one way)<br \/>\nType of route: Linear<br \/>\nDifficulty: Easy<br \/>\nAltitude downhill: 345 m<br \/>\nDifference in altitude ascent: 738 m<br \/>\nMaximum altitude: 1.642 m<br \/>\nMinimum altitude: 912 m<\/p>\n<p style=\"padding-left: 40px;\">\n<\/div>\n<\/div>\n<\/div>\n<\/div>\n<\/div>\n<\/div>\n<div  class=\"one withsmallpadding ppb_text\" style=\"padding:30px;\" >\n<p><iframe loading=\"lazy\" src=\"https:\/\/www.google.com\/maps\/d\/u\/4\/embed?mid=1TegCSjT_2g4ZYlR8umGtwQHk1z8ZjAIG\" width=\"100%\" height=\"600\"><\/iframe><\/p>\n<\/div>\n<div  class=\"one withsmallpadding ppb_header \" style=\"text-align:left;padding:30px 0 30px 0;\" >\n<div class=\"standard_wrapper\">\n<div class=\"page_content_wrapper\">\n<div class=\"inner\">\n<div style=\"margin:auto;width:100%\">\n<h2 class=\"ppb_title\" style=\"\">DOWNLOAD THE ROUTE<\/h2>\n<hr class=\"title_break left\" style=\"\"\/>\n<div class=\"ppb_header_content\">\n<p>Click on the different versions and download the route directly to your gps device or smartphone &#8211; walk with all the info at your fingertips!<\/p>\n<\/div>\n<\/div>\n<\/div>\n<\/div>\n<\/div>\n<\/div>\n<div class=\"standard_wrapper\">\n<div  class=\"one_third withsmallpadding ppb_text\" style=\"padding:30px 0 30px 0;\" >\n<div class=\"standard_wrapper\">\n<div class=\"page_content_wrapper\">\n<div class=\"inner\">\n<div style=\"margin:auto;width:100%\">\n<p><a href=\"https:\/\/drive.google.com\/open?id=1u1iABQpye0z7GQGUx1t2PujI2QY0by5F\"><img decoding=\"async\" loading=\"lazy\" class=\"size-full wp-image-12121 aligncenter\" src=\"https:\/\/sienteomana.com\/wp-content\/uploads\/sites\/2\/2019\/04\/gpx1-e1556101291655.png\" alt=\"\" width=\"50\" height=\"107\" \/><\/a><\/p>\n<\/div>\n<\/div>\n<\/div>\n<\/div>\n<\/div>\n<\/div>\n<div class=\"standard_wrapper\">\n<div  class=\"one_third withsmallpadding ppb_text\" style=\"padding:30px 0 30px 0;\" >\n<div class=\"standard_wrapper\">\n<div class=\"page_content_wrapper\">\n<div class=\"inner\">\n<div style=\"margin:auto;width:100%\">\n<p><a href=\"https:\/\/drive.google.com\/open?id=1T4EfA2J1OGxST3jCbSWDwjJD6OWj0tmt\"><img decoding=\"async\" loading=\"lazy\" class=\"alignnone size-full wp-image-12120 aligncenter\" src=\"https:\/\/sienteomana.com\/wp-content\/uploads\/sites\/2\/2019\/04\/kmz1-e1556101305482.png\" alt=\"\" width=\"50\" height=\"107\" \/><\/a><\/p>\n<\/div>\n<\/div>\n<\/div>\n<\/div>\n<\/div>\n<\/div>\n<div class=\"standard_wrapper\">\n<div  class=\"one_third last withsmallpadding ppb_text\" style=\"padding:30px 0 30px 0;\" >\n<div class=\"standard_wrapper\">\n<div class=\"page_content_wrapper\">\n<div class=\"inner\">\n<div style=\"margin:auto;width:100%\">\n<p><a href=\"https:\/\/drive.google.com\/open?id=1TegCSjT_2g4ZYlR8umGtwQHk1z8ZjAIG&#038;usp=sharing\"><img decoding=\"async\" loading=\"lazy\" class=\"alignnone size-full wp-image-12111 aligncenter\" src=\"https:\/\/sienteomana.com\/wp-content\/uploads\/sites\/2\/2019\/04\/phone-e1556100835250.png\" alt=\"\" width=\"50\" height=\"107\" \/><\/a><\/p>\n<\/div>\n<\/div>\n<\/div>\n<\/div>\n<\/div>\n<\/div>\n","protected":false},"excerpt":{"rendered":"<p>CAMINO OLVIDADO DE LA MONTA\u00d1A FASGAR-IGUE\u00d1A This stage of the Camino Olvidado corresponds to stage 17 and starts in Fasgar. From here we climb up to the water tank and the telephone antenna. We will continue along a wide track [&hellip;]<\/p>\n","protected":false},"author":1,"featured_media":0,"parent":0,"menu_order":0,"comment_status":"closed","ping_status":"closed","template":"","meta":{"inline_featured_image":false,"footnotes":""},"class_list":["post-11135","page","type-page","status-publish","hentry"],"yoast_head":"<!-- This site is optimized with the Yoast SEO plugin v27.3 - https:\/\/yoast.com\/product\/yoast-seo-wordpress\/ -->\n<title>CAMINO OLVIDADO DE LA MONTA\u00d1A FASGAR-IGUE\u00d1A - (EN) Siente Oma\u00f1a<\/title>\n<meta name=\"robots\" content=\"index, follow, max-snippet:-1, max-image-preview:large, max-video-preview:-1\" \/>\n<link rel=\"canonical\" href=\"https:\/\/sienteomana.com\/en\/camino-olvidado-de-la-montana-fasgar-iguena\/\" \/>\n<meta property=\"og:locale\" content=\"es_ES\" \/>\n<meta property=\"og:type\" content=\"article\" \/>\n<meta property=\"og:title\" content=\"CAMINO OLVIDADO DE LA MONTA\u00d1A FASGAR-IGUE\u00d1A - (EN) Siente Oma\u00f1a\" \/>\n<meta property=\"og:description\" content=\"CAMINO OLVIDADO DE LA MONTA\u00d1A FASGAR-IGUE\u00d1A This stage of the Camino Olvidado corresponds to stage 17 and starts in Fasgar. From here we climb up to the water tank and the telephone antenna. We will continue along a wide track [&hellip;]\" \/>\n<meta property=\"og:url\" content=\"https:\/\/sienteomana.com\/en\/camino-olvidado-de-la-montana-fasgar-iguena\/\" \/>\n<meta property=\"og:site_name\" content=\"(EN) Siente Oma\u00f1a\" \/>\n<meta property=\"article:modified_time\" content=\"2023-08-24T09:14:30+00:00\" \/>\n<meta property=\"og:image\" content=\"https:\/\/sienteomana.com\/wp-content\/uploads\/sites\/2\/2019\/04\/gpx1-e1556101291655.png\" \/>\n<meta name=\"twitter:card\" content=\"summary_large_image\" \/>\n<meta name=\"twitter:label1\" content=\"Tiempo de lectura\" \/>\n\t<meta name=\"twitter:data1\" content=\"5 minutos\" \/>\n<script type=\"application\/ld+json\" class=\"yoast-schema-graph\">{\"@context\":\"https:\\\/\\\/schema.org\",\"@graph\":[{\"@type\":\"WebPage\",\"@id\":\"https:\\\/\\\/sienteomana.com\\\/en\\\/camino-olvidado-de-la-montana-fasgar-iguena\\\/\",\"url\":\"https:\\\/\\\/sienteomana.com\\\/en\\\/camino-olvidado-de-la-montana-fasgar-iguena\\\/\",\"name\":\"CAMINO OLVIDADO DE LA MONTA\u00d1A FASGAR-IGUE\u00d1A - (EN) Siente Oma\u00f1a\",\"isPartOf\":{\"@id\":\"https:\\\/\\\/sienteomana.com\\\/en\\\/#website\"},\"primaryImageOfPage\":{\"@id\":\"https:\\\/\\\/sienteomana.com\\\/en\\\/camino-olvidado-de-la-montana-fasgar-iguena\\\/#primaryimage\"},\"image\":{\"@id\":\"https:\\\/\\\/sienteomana.com\\\/en\\\/camino-olvidado-de-la-montana-fasgar-iguena\\\/#primaryimage\"},\"thumbnailUrl\":\"https:\\\/\\\/sienteomana.com\\\/wp-content\\\/uploads\\\/sites\\\/2\\\/2019\\\/04\\\/gpx1-e1556101291655.png\",\"datePublished\":\"2019-03-25T16:48:25+00:00\",\"dateModified\":\"2023-08-24T09:14:30+00:00\",\"breadcrumb\":{\"@id\":\"https:\\\/\\\/sienteomana.com\\\/en\\\/camino-olvidado-de-la-montana-fasgar-iguena\\\/#breadcrumb\"},\"inLanguage\":\"es\",\"potentialAction\":[{\"@type\":\"ReadAction\",\"target\":[\"https:\\\/\\\/sienteomana.com\\\/en\\\/camino-olvidado-de-la-montana-fasgar-iguena\\\/\"]}]},{\"@type\":\"ImageObject\",\"inLanguage\":\"es\",\"@id\":\"https:\\\/\\\/sienteomana.com\\\/en\\\/camino-olvidado-de-la-montana-fasgar-iguena\\\/#primaryimage\",\"url\":\"https:\\\/\\\/sienteomana.com\\\/wp-content\\\/uploads\\\/sites\\\/2\\\/2019\\\/04\\\/gpx1-e1556101291655.png\",\"contentUrl\":\"https:\\\/\\\/sienteomana.com\\\/wp-content\\\/uploads\\\/sites\\\/2\\\/2019\\\/04\\\/gpx1-e1556101291655.png\"},{\"@type\":\"BreadcrumbList\",\"@id\":\"https:\\\/\\\/sienteomana.com\\\/en\\\/camino-olvidado-de-la-montana-fasgar-iguena\\\/#breadcrumb\",\"itemListElement\":[{\"@type\":\"ListItem\",\"position\":1,\"name\":\"Home\",\"item\":\"https:\\\/\\\/sienteomana.com\\\/en\\\/\"},{\"@type\":\"ListItem\",\"position\":2,\"name\":\"CAMINO OLVIDADO DE LA MONTA\u00d1A FASGAR-IGUE\u00d1A\"}]},{\"@type\":\"WebSite\",\"@id\":\"https:\\\/\\\/sienteomana.com\\\/en\\\/#website\",\"url\":\"https:\\\/\\\/sienteomana.com\\\/en\\\/\",\"name\":\"(EN) Siente Oma\u00f1a\",\"description\":\"Oma\u00f1a\",\"potentialAction\":[{\"@type\":\"SearchAction\",\"target\":{\"@type\":\"EntryPoint\",\"urlTemplate\":\"https:\\\/\\\/sienteomana.com\\\/en\\\/?s={search_term_string}\"},\"query-input\":{\"@type\":\"PropertyValueSpecification\",\"valueRequired\":true,\"valueName\":\"search_term_string\"}}],\"inLanguage\":\"es\"}]}<\/script>\n<!-- \/ Yoast SEO plugin. -->","yoast_head_json":{"title":"CAMINO OLVIDADO DE LA MONTA\u00d1A FASGAR-IGUE\u00d1A - (EN) Siente Oma\u00f1a","robots":{"index":"index","follow":"follow","max-snippet":"max-snippet:-1","max-image-preview":"max-image-preview:large","max-video-preview":"max-video-preview:-1"},"canonical":"https:\/\/sienteomana.com\/en\/camino-olvidado-de-la-montana-fasgar-iguena\/","og_locale":"es_ES","og_type":"article","og_title":"CAMINO OLVIDADO DE LA MONTA\u00d1A FASGAR-IGUE\u00d1A - (EN) Siente Oma\u00f1a","og_description":"CAMINO OLVIDADO DE LA MONTA\u00d1A FASGAR-IGUE\u00d1A This stage of the Camino Olvidado corresponds to stage 17 and starts in Fasgar. From here we climb up to the water tank and the telephone antenna. We will continue along a wide track [&hellip;]","og_url":"https:\/\/sienteomana.com\/en\/camino-olvidado-de-la-montana-fasgar-iguena\/","og_site_name":"(EN) Siente Oma\u00f1a","article_modified_time":"2023-08-24T09:14:30+00:00","og_image":[{"url":"https:\/\/sienteomana.com\/wp-content\/uploads\/sites\/2\/2019\/04\/gpx1-e1556101291655.png","type":"","width":"","height":""}],"twitter_card":"summary_large_image","twitter_misc":{"Tiempo de lectura":"5 minutos"},"schema":{"@context":"https:\/\/schema.org","@graph":[{"@type":"WebPage","@id":"https:\/\/sienteomana.com\/en\/camino-olvidado-de-la-montana-fasgar-iguena\/","url":"https:\/\/sienteomana.com\/en\/camino-olvidado-de-la-montana-fasgar-iguena\/","name":"CAMINO OLVIDADO DE LA MONTA\u00d1A FASGAR-IGUE\u00d1A - (EN) Siente Oma\u00f1a","isPartOf":{"@id":"https:\/\/sienteomana.com\/en\/#website"},"primaryImageOfPage":{"@id":"https:\/\/sienteomana.com\/en\/camino-olvidado-de-la-montana-fasgar-iguena\/#primaryimage"},"image":{"@id":"https:\/\/sienteomana.com\/en\/camino-olvidado-de-la-montana-fasgar-iguena\/#primaryimage"},"thumbnailUrl":"https:\/\/sienteomana.com\/wp-content\/uploads\/sites\/2\/2019\/04\/gpx1-e1556101291655.png","datePublished":"2019-03-25T16:48:25+00:00","dateModified":"2023-08-24T09:14:30+00:00","breadcrumb":{"@id":"https:\/\/sienteomana.com\/en\/camino-olvidado-de-la-montana-fasgar-iguena\/#breadcrumb"},"inLanguage":"es","potentialAction":[{"@type":"ReadAction","target":["https:\/\/sienteomana.com\/en\/camino-olvidado-de-la-montana-fasgar-iguena\/"]}]},{"@type":"ImageObject","inLanguage":"es","@id":"https:\/\/sienteomana.com\/en\/camino-olvidado-de-la-montana-fasgar-iguena\/#primaryimage","url":"https:\/\/sienteomana.com\/wp-content\/uploads\/sites\/2\/2019\/04\/gpx1-e1556101291655.png","contentUrl":"https:\/\/sienteomana.com\/wp-content\/uploads\/sites\/2\/2019\/04\/gpx1-e1556101291655.png"},{"@type":"BreadcrumbList","@id":"https:\/\/sienteomana.com\/en\/camino-olvidado-de-la-montana-fasgar-iguena\/#breadcrumb","itemListElement":[{"@type":"ListItem","position":1,"name":"Home","item":"https:\/\/sienteomana.com\/en\/"},{"@type":"ListItem","position":2,"name":"CAMINO OLVIDADO DE LA MONTA\u00d1A FASGAR-IGUE\u00d1A"}]},{"@type":"WebSite","@id":"https:\/\/sienteomana.com\/en\/#website","url":"https:\/\/sienteomana.com\/en\/","name":"(EN) Siente Oma\u00f1a","description":"Oma\u00f1a","potentialAction":[{"@type":"SearchAction","target":{"@type":"EntryPoint","urlTemplate":"https:\/\/sienteomana.com\/en\/?s={search_term_string}"},"query-input":{"@type":"PropertyValueSpecification","valueRequired":true,"valueName":"search_term_string"}}],"inLanguage":"es"}]}},"_links":{"self":[{"href":"https:\/\/sienteomana.com\/en\/wp-json\/wp\/v2\/pages\/11135","targetHints":{"allow":["GET"]}}],"collection":[{"href":"https:\/\/sienteomana.com\/en\/wp-json\/wp\/v2\/pages"}],"about":[{"href":"https:\/\/sienteomana.com\/en\/wp-json\/wp\/v2\/types\/page"}],"author":[{"embeddable":true,"href":"https:\/\/sienteomana.com\/en\/wp-json\/wp\/v2\/users\/1"}],"replies":[{"embeddable":true,"href":"https:\/\/sienteomana.com\/en\/wp-json\/wp\/v2\/comments?post=11135"}],"version-history":[{"count":123,"href":"https:\/\/sienteomana.com\/en\/wp-json\/wp\/v2\/pages\/11135\/revisions"}],"predecessor-version":[{"id":14924,"href":"https:\/\/sienteomana.com\/en\/wp-json\/wp\/v2\/pages\/11135\/revisions\/14924"}],"wp:attachment":[{"href":"https:\/\/sienteomana.com\/en\/wp-json\/wp\/v2\/media?parent=11135"}],"curies":[{"name":"wp","href":"https:\/\/api.w.org\/{rel}","templated":true}]}}