{"id":11118,"date":"2019-03-25T15:17:24","date_gmt":"2019-03-25T15:17:24","guid":{"rendered":"https:\/\/sienteomana.com\/en\/?page_id=11118"},"modified":"2023-08-24T10:23:28","modified_gmt":"2023-08-24T10:23:28","slug":"ruta-de-las-fuentes-del-omana","status":"publish","type":"page","link":"https:\/\/sienteomana.com\/en\/ruta-de-las-fuentes-del-omana\/","title":{"rendered":"ROUTE OF \u00abLAS FUENTES DEL OMA\u00d1A\u00bb."},"content":{"rendered":"<div class=\"standard_wrapper\">\n<div  class=\"one_half withsmallpadding ppb_text\" style=\"padding:30px 0 30px 0;\" >\n<div class=\"standard_wrapper\">\n<div class=\"page_content_wrapper\">\n<div class=\"inner\">\n<div style=\"margin:auto;width:100%\">\n<h1><span style=\"color: #99cc00;\">RUTA DE LAS FUENTES DEL OMA\u00d1A<br \/>\n<\/span><\/h1>\n<p style=\"text-align: justify;\">Starting in the town of Murias de Paredes, the route of Las Fuentes del Oma\u00f1a, runs in a circular way along 17.2 km. The route starts in Murias and heads towards Montrondo. It continues through the village and continues through the valley, with a slight slope, until it reaches a birch tree with an explanatory panel.<\/p>\n<p>Ascending the slopes of Tambar\u00f3n to the head of the valley, you will find the source of the river Oma\u00f1a and the Fuente del Miro Viejo.<\/p>\n<p>Continuing along the path that runs parallel to the existing fence and following a series of hills, it will lead us through the valley of Fasgar\u00f3n until we reach the pass of La Magdalena and its hermitage.<\/p>\n<p>From here, following the old path of the pass, we can easily return to Murias de Paredes.<\/p>\n<p>Along the route we can observe different elements of interest such as traditional architecture, medieval bridges and hermitages.<\/p>\n<p>Birch forests, glacial valleys and river catches flood the landscape of the Las Fuentes del Oma\u00f1a route, where the presence of protected species such as the brown bear or the capercaillie stands out.<\/p>\n<\/div>\n<\/div>\n<\/div>\n<\/div>\n<\/div>\n<\/div>\n<div class=\"standard_wrapper\">\n<div  class=\"one_half withsmallpadding ppb_text\" style=\"padding:30px 0 30px 0;\" >\n<div class=\"standard_wrapper\">\n<div class=\"page_content_wrapper\">\n<div class=\"inner\">\n<div style=\"margin:auto;width:100%\">\n<h1><span style=\"color: #99cc00;\">RUTA DE LAS FUENTES DEL OMA\u00d1A<br \/>\n<\/span><\/h1>\n<p style=\"text-align: justify;\">Starting in the town of Murias de Paredes, the route of Las Fuentes del Oma\u00f1a, runs in a circular way along 17.2 km. The route starts in Murias and heads towards Montrondo. It continues through the village and continues through the valley, with a slight slope, until it reaches a birch tree with an explanatory panel.<\/p>\n<p>Ascending the slopes of Tambar\u00f3n to the head of the valley, you will find the source of the river Oma\u00f1a and the Fuente del Miro Viejo.<\/p>\n<p>Continuing along the path that runs parallel to the existing fence and following a series of hills, it will lead us through the valley of Fasgar\u00f3n until we reach the pass of La Magdalena and its hermitage.<\/p>\n<p>From here, following the old path of the pass, we can easily return to Murias de Paredes.<\/p>\n<p>Along the route we can observe different elements of interest such as traditional architecture, medieval bridges and hermitages.<\/p>\n<p>Birch forests, glacial valleys and river catches flood the landscape of the Las Fuentes del Oma\u00f1a route, where the presence of protected species such as the brown bear or the capercaillie stands out.<\/p>\n<\/div>\n<\/div>\n<\/div>\n<\/div>\n<\/div>\n<\/div>\n<div class=\"standard_wrapper\">\n<div  class=\"one_half withsmallpadding ppb_text\" style=\"padding:30px 0 30px 0;\" >\n<div class=\"standard_wrapper\">\n<div class=\"page_content_wrapper\">\n<div class=\"inner\">\n<div style=\"margin:auto;width:100%\">\n<h1><span style=\"color: #99cc00;\">RUTA DE LAS FUENTES DEL OMA\u00d1A<br \/>\n<\/span><\/h1>\n<p style=\"text-align: justify;\">Starting in the town of Murias de Paredes, the route of Las Fuentes del Oma\u00f1a, runs in a circular way along 17.2 km. The route starts in Murias and heads towards Montrondo. It continues through the village and continues through the valley, with a slight slope, until it reaches a birch tree with an explanatory panel.<\/p>\n<p>Ascending the slopes of Tambar\u00f3n to the head of the valley, you will find the source of the river Oma\u00f1a and the Fuente del Miro Viejo.<\/p>\n<p>Continuing along the path that runs parallel to the existing fence and following a series of hills, it will lead us through the valley of Fasgar\u00f3n until we reach the pass of La Magdalena and its hermitage.<\/p>\n<p>From here, following the old path of the pass, we can easily return to Murias de Paredes.<\/p>\n<p>Along the route we can observe different elements of interest such as traditional architecture, medieval bridges and hermitages.<\/p>\n<p>Birch forests, glacial valleys and river catches flood the landscape of the Las Fuentes del Oma\u00f1a route, where the presence of protected species such as the brown bear or the capercaillie stands out.<\/p>\n<\/div>\n<\/div>\n<\/div>\n<\/div>\n<\/div>\n<\/div>\n<div class=\"standard_wrapper\">\n<div  class=\"one_half withsmallpadding ppb_text\" style=\"padding:30px 0 30px 0;\" >\n<div class=\"standard_wrapper\">\n<div class=\"page_content_wrapper\">\n<div class=\"inner\">\n<div style=\"margin:auto;width:100%\">\n<h3><span style=\"text-decoration: underline; color: #000000;\">MUNICIPALITY<\/span><\/h3>\n<p style=\"padding-left: 30px;\">Murias de Paredes<\/p>\n<h3><span style=\"text-decoration: underline; color: #000000;\">TYPE OF PATH<\/span><\/h3>\n<p style=\"padding-left: 30px;\">Pedestrian walkway with cycle touring sections (MTB)<\/p>\n<h3><span style=\"text-decoration: underline; color: #000000;\">COORDINATES<\/span><\/h3>\n<p style=\"padding-left: 30px;\">Start and finish: <span id=\"coordinates\"><span class=\"plainlinks nourlexpansion\"><span class=\"geo-default\"><span class=\"geo-dms\" title=\"Mapas, fotos y otros datos de 42\u00b050\u203256\u2033N 6\u00b011\u203228\u2033O\"><span class=\"latitude\">2\u00b050\u203256\u2033N <\/span><span class=\"longitude\">6\u00b011\u203228\u2033O<\/span><\/span><\/span><\/span><\/span><\/p>\n<\/div>\n<\/div>\n<\/div>\n<\/div>\n<\/div>\n<\/div>\n<div class=\"standard_wrapper\">\n<div  class=\"one_half last withsmallpadding ppb_text\" style=\"padding:30px 0 30px 0;\" >\n<div class=\"standard_wrapper\">\n<div class=\"page_content_wrapper\">\n<div class=\"inner\">\n<div style=\"margin:auto;width:100%\">\n<h3><span style=\"text-decoration: underline; color: #99cc00;\"><span style=\"color: #000000; text-decoration: underline;\">TECHNICAL DATA<\/span><br \/>\n<\/span><\/h3>\n<p style=\"padding-left: 30px;\">Circular route: Murias de Paredes (1250 m) &#8211; Montrondo (1300 m) &#8211; Montrondo Valley (1385 m) &#8211; Fuente del Cuadro (1530 m) &#8211; Finca del Molar (1605 m) &#8211; Arroyo del Tronco (1690 m) &#8211; Collada Los Negreros (1767 m) &#8211; Llano Verdasca (1753 m) &#8211; Manantial de las Llampas &#8211; Valle Fasgar\u00f3n (1544 m) &#8211; Carretera La Magdalena Km 40 (1434 m) &#8211; Puerto La Magdalena (1438 m) &#8211; Fuente y arroyo del Cativo (1325 m) &#8211; Murias de Paredes (1250 m).<\/p>\n<p>Length: 17.2 km<br \/>\nDifference in altitude going up: 700 m<br \/>\nDescent in altitude: 700 m<br \/>\nMaximum altitude: 1767 m<br \/>\nMinimum altitude: 1250 m<br \/>\nTime: 6h (hiking)<br \/>\nDifficulty: High<\/p>\n<\/div>\n<\/div>\n<\/div>\n<\/div>\n<\/div>\n<\/div>\n<div class=\"standard_wrapper\">\n<div  class=\"one_half last withsmallpadding ppb_text\" style=\"padding:30px 0 30px 0;\" >\n<div class=\"standard_wrapper\">\n<div class=\"page_content_wrapper\">\n<div class=\"inner\">\n<div style=\"margin:auto;width:100%\">\n<h3><span style=\"text-decoration: underline; color: #99cc00;\"><span style=\"color: #000000; text-decoration: underline;\">TECHNICAL DATA<\/span><br \/>\n<\/span><\/h3>\n<p style=\"padding-left: 30px;\">Circular route: Murias de Paredes (1250 m) &#8211; Montrondo (1300 m) &#8211; Montrondo Valley (1385 m) &#8211; Fuente del Cuadro (1530 m) &#8211; Finca del Molar (1605 m) &#8211; Arroyo del Tronco (1690 m) &#8211; Collada Los Negreros (1767 m) &#8211; Llano Verdasca (1753 m) &#8211; Manantial de las Llampas &#8211; Valle Fasgar\u00f3n (1544 m) &#8211; Carretera La Magdalena Km 40 (1434 m) &#8211; Puerto La Magdalena (1438 m) &#8211; Fuente y arroyo del Cativo (1325 m) &#8211; Murias de Paredes (1250 m).<\/p>\n<p>Length: 17.2 km<br \/>\nDifference in altitude going up: 700 m<br \/>\nDescent in altitude: 700 m<br \/>\nMaximum altitude: 1767 m<br \/>\nMinimum altitude: 1250 m<br \/>\nTime: 6h (hiking)<br \/>\nDifficulty: High<\/p>\n<\/div>\n<\/div>\n<\/div>\n<\/div>\n<\/div>\n<\/div>\n<div  class=\"one withsmallpadding ppb_text\" style=\"padding:30px;\" >\n<p><iframe loading=\"lazy\" src=\"https:\/\/www.google.com\/maps\/d\/u\/4\/embed?mid=1LRtBWuHhkxybc8g0ty7rmIPiW8XFCPNA\" width=\"100%\" height=\"600\"><\/iframe><\/p>\n<\/div>\n<div  class=\"one withsmallpadding ppb_header \" style=\"text-align:left;padding:30px 0 30px 0;\" >\n<div class=\"standard_wrapper\">\n<div class=\"page_content_wrapper\">\n<div class=\"inner\">\n<div style=\"margin:auto;width:100%\">\n<h2 class=\"ppb_title\" style=\"\">DOWNLOAD THE ROUTE<\/h2>\n<hr class=\"title_break left\" style=\"\"\/>\n<div class=\"ppb_header_content\">\n<p>Click on the different versions and download the route directly to your gps device or smartphone &#8211; walk with all the info at your fingertips!<\/p>\n<\/div>\n<\/div>\n<\/div>\n<\/div>\n<\/div>\n<\/div>\n<div class=\"standard_wrapper\">\n<div  class=\"one_third withsmallpadding ppb_text\" style=\"padding:30px 0 30px 0;\" >\n<div class=\"standard_wrapper\">\n<div class=\"page_content_wrapper\">\n<div class=\"inner\">\n<div style=\"margin:auto;width:100%\">\n<p><a href=\"https:\/\/drive.google.com\/open?id=1QeKSb9HFS5qPIsuG0dm88f4plEsMMxSt\"><img decoding=\"async\" loading=\"lazy\" class=\"size-full wp-image-12121 aligncenter\" src=\"https:\/\/sienteomana.com\/wp-content\/uploads\/sites\/2\/2019\/04\/gpx1-e1556101291655.png\" alt=\"\" width=\"50\" height=\"107\" \/><\/a><\/p>\n<\/div>\n<\/div>\n<\/div>\n<\/div>\n<\/div>\n<\/div>\n<div class=\"standard_wrapper\">\n<div  class=\"one_third withsmallpadding ppb_text\" style=\"padding:30px 0 30px 0;\" >\n<div class=\"standard_wrapper\">\n<div class=\"page_content_wrapper\">\n<div class=\"inner\">\n<div style=\"margin:auto;width:100%\">\n<p><a href=\"https:\/\/drive.google.com\/open?id=1hqTR2IGF5045rpOKeK8S3R7mMzlY2Pd0\"><img decoding=\"async\" loading=\"lazy\" class=\"size-full wp-image-12120 aligncenter\" src=\"https:\/\/sienteomana.com\/wp-content\/uploads\/sites\/2\/2019\/04\/kmz1-e1556101305482.png\" alt=\"\" width=\"50\" height=\"107\" \/><\/a><\/p>\n<\/div>\n<\/div>\n<\/div>\n<\/div>\n<\/div>\n<\/div>\n<div class=\"standard_wrapper\">\n<div  class=\"one_third last withsmallpadding ppb_text\" style=\"padding:30px 0 30px 0;\" >\n<div class=\"standard_wrapper\">\n<div class=\"page_content_wrapper\">\n<div class=\"inner\">\n<div style=\"margin:auto;width:100%\">\n<p><a href=\"https:\/\/drive.google.com\/open?id=1LRtBWuHhkxybc8g0ty7rmIPiW8XFCPNA&#038;usp=sharing\"><img decoding=\"async\" loading=\"lazy\" class=\"size-full wp-image-12111 aligncenter\" src=\"https:\/\/sienteomana.com\/wp-content\/uploads\/sites\/2\/2019\/04\/phone-e1556100835250.png\" alt=\"\" width=\"50\" height=\"107\" \/><\/a><\/p>\n<\/div>\n<\/div>\n<\/div>\n<\/div>\n<\/div>\n<\/div>\n","protected":false},"excerpt":{"rendered":"<p>RUTA DE LAS FUENTES DEL OMA\u00d1A Starting in the town of Murias de Paredes, the route of Las Fuentes del Oma\u00f1a, runs in a circular way along 17.2 km. The route starts in Murias and heads towards Montrondo. It continues [&hellip;]<\/p>\n","protected":false},"author":2,"featured_media":0,"parent":0,"menu_order":0,"comment_status":"closed","ping_status":"closed","template":"","meta":{"inline_featured_image":false,"footnotes":""},"class_list":["post-11118","page","type-page","status-publish","hentry"],"yoast_head":"<!-- This site is optimized with the Yoast SEO plugin v27.3 - https:\/\/yoast.com\/product\/yoast-seo-wordpress\/ -->\n<title>ROUTE OF &quot;LAS FUENTES DEL OMA\u00d1A&quot;. - (EN) Siente Oma\u00f1a<\/title>\n<meta name=\"robots\" content=\"index, follow, max-snippet:-1, max-image-preview:large, max-video-preview:-1\" \/>\n<link rel=\"canonical\" href=\"https:\/\/sienteomana.com\/en\/ruta-de-las-fuentes-del-omana\/\" \/>\n<meta property=\"og:locale\" content=\"es_ES\" \/>\n<meta property=\"og:type\" content=\"article\" \/>\n<meta property=\"og:title\" content=\"ROUTE OF &quot;LAS FUENTES DEL OMA\u00d1A&quot;. - (EN) Siente Oma\u00f1a\" \/>\n<meta property=\"og:description\" content=\"RUTA DE LAS FUENTES DEL OMA\u00d1A Starting in the town of Murias de Paredes, the route of Las Fuentes del Oma\u00f1a, runs in a circular way along 17.2 km. The route starts in Murias and heads towards Montrondo. It continues [&hellip;]\" \/>\n<meta property=\"og:url\" content=\"https:\/\/sienteomana.com\/en\/ruta-de-las-fuentes-del-omana\/\" \/>\n<meta property=\"og:site_name\" content=\"(EN) Siente Oma\u00f1a\" \/>\n<meta property=\"article:modified_time\" content=\"2023-08-24T10:23:28+00:00\" \/>\n<meta property=\"og:image\" content=\"https:\/\/sienteomana.com\/wp-content\/uploads\/sites\/2\/2019\/04\/gpx1-e1556101291655.png\" \/>\n<meta name=\"twitter:card\" content=\"summary_large_image\" \/>\n<meta name=\"twitter:label1\" content=\"Tiempo de lectura\" \/>\n\t<meta name=\"twitter:data1\" content=\"5 minutos\" \/>\n<script type=\"application\/ld+json\" class=\"yoast-schema-graph\">{\"@context\":\"https:\\\/\\\/schema.org\",\"@graph\":[{\"@type\":\"WebPage\",\"@id\":\"https:\\\/\\\/sienteomana.com\\\/en\\\/ruta-de-las-fuentes-del-omana\\\/\",\"url\":\"https:\\\/\\\/sienteomana.com\\\/en\\\/ruta-de-las-fuentes-del-omana\\\/\",\"name\":\"ROUTE OF \\\"LAS FUENTES DEL OMA\u00d1A\\\". - (EN) Siente Oma\u00f1a\",\"isPartOf\":{\"@id\":\"https:\\\/\\\/sienteomana.com\\\/en\\\/#website\"},\"primaryImageOfPage\":{\"@id\":\"https:\\\/\\\/sienteomana.com\\\/en\\\/ruta-de-las-fuentes-del-omana\\\/#primaryimage\"},\"image\":{\"@id\":\"https:\\\/\\\/sienteomana.com\\\/en\\\/ruta-de-las-fuentes-del-omana\\\/#primaryimage\"},\"thumbnailUrl\":\"https:\\\/\\\/sienteomana.com\\\/wp-content\\\/uploads\\\/sites\\\/2\\\/2019\\\/04\\\/gpx1-e1556101291655.png\",\"datePublished\":\"2019-03-25T15:17:24+00:00\",\"dateModified\":\"2023-08-24T10:23:28+00:00\",\"breadcrumb\":{\"@id\":\"https:\\\/\\\/sienteomana.com\\\/en\\\/ruta-de-las-fuentes-del-omana\\\/#breadcrumb\"},\"inLanguage\":\"es\",\"potentialAction\":[{\"@type\":\"ReadAction\",\"target\":[\"https:\\\/\\\/sienteomana.com\\\/en\\\/ruta-de-las-fuentes-del-omana\\\/\"]}]},{\"@type\":\"ImageObject\",\"inLanguage\":\"es\",\"@id\":\"https:\\\/\\\/sienteomana.com\\\/en\\\/ruta-de-las-fuentes-del-omana\\\/#primaryimage\",\"url\":\"https:\\\/\\\/sienteomana.com\\\/wp-content\\\/uploads\\\/sites\\\/2\\\/2019\\\/04\\\/gpx1-e1556101291655.png\",\"contentUrl\":\"https:\\\/\\\/sienteomana.com\\\/wp-content\\\/uploads\\\/sites\\\/2\\\/2019\\\/04\\\/gpx1-e1556101291655.png\"},{\"@type\":\"BreadcrumbList\",\"@id\":\"https:\\\/\\\/sienteomana.com\\\/en\\\/ruta-de-las-fuentes-del-omana\\\/#breadcrumb\",\"itemListElement\":[{\"@type\":\"ListItem\",\"position\":1,\"name\":\"Home\",\"item\":\"https:\\\/\\\/sienteomana.com\\\/en\\\/\"},{\"@type\":\"ListItem\",\"position\":2,\"name\":\"ROUTE OF \u00abLAS FUENTES DEL OMA\u00d1A\u00bb.\"}]},{\"@type\":\"WebSite\",\"@id\":\"https:\\\/\\\/sienteomana.com\\\/en\\\/#website\",\"url\":\"https:\\\/\\\/sienteomana.com\\\/en\\\/\",\"name\":\"(EN) Siente Oma\u00f1a\",\"description\":\"Oma\u00f1a\",\"potentialAction\":[{\"@type\":\"SearchAction\",\"target\":{\"@type\":\"EntryPoint\",\"urlTemplate\":\"https:\\\/\\\/sienteomana.com\\\/en\\\/?s={search_term_string}\"},\"query-input\":{\"@type\":\"PropertyValueSpecification\",\"valueRequired\":true,\"valueName\":\"search_term_string\"}}],\"inLanguage\":\"es\"}]}<\/script>\n<!-- \/ Yoast SEO plugin. -->","yoast_head_json":{"title":"ROUTE OF \"LAS FUENTES DEL OMA\u00d1A\". - (EN) Siente Oma\u00f1a","robots":{"index":"index","follow":"follow","max-snippet":"max-snippet:-1","max-image-preview":"max-image-preview:large","max-video-preview":"max-video-preview:-1"},"canonical":"https:\/\/sienteomana.com\/en\/ruta-de-las-fuentes-del-omana\/","og_locale":"es_ES","og_type":"article","og_title":"ROUTE OF \"LAS FUENTES DEL OMA\u00d1A\". - (EN) Siente Oma\u00f1a","og_description":"RUTA DE LAS FUENTES DEL OMA\u00d1A Starting in the town of Murias de Paredes, the route of Las Fuentes del Oma\u00f1a, runs in a circular way along 17.2 km. The route starts in Murias and heads towards Montrondo. It continues [&hellip;]","og_url":"https:\/\/sienteomana.com\/en\/ruta-de-las-fuentes-del-omana\/","og_site_name":"(EN) Siente Oma\u00f1a","article_modified_time":"2023-08-24T10:23:28+00:00","og_image":[{"url":"https:\/\/sienteomana.com\/wp-content\/uploads\/sites\/2\/2019\/04\/gpx1-e1556101291655.png","type":"","width":"","height":""}],"twitter_card":"summary_large_image","twitter_misc":{"Tiempo de lectura":"5 minutos"},"schema":{"@context":"https:\/\/schema.org","@graph":[{"@type":"WebPage","@id":"https:\/\/sienteomana.com\/en\/ruta-de-las-fuentes-del-omana\/","url":"https:\/\/sienteomana.com\/en\/ruta-de-las-fuentes-del-omana\/","name":"ROUTE OF \"LAS FUENTES DEL OMA\u00d1A\". - (EN) Siente Oma\u00f1a","isPartOf":{"@id":"https:\/\/sienteomana.com\/en\/#website"},"primaryImageOfPage":{"@id":"https:\/\/sienteomana.com\/en\/ruta-de-las-fuentes-del-omana\/#primaryimage"},"image":{"@id":"https:\/\/sienteomana.com\/en\/ruta-de-las-fuentes-del-omana\/#primaryimage"},"thumbnailUrl":"https:\/\/sienteomana.com\/wp-content\/uploads\/sites\/2\/2019\/04\/gpx1-e1556101291655.png","datePublished":"2019-03-25T15:17:24+00:00","dateModified":"2023-08-24T10:23:28+00:00","breadcrumb":{"@id":"https:\/\/sienteomana.com\/en\/ruta-de-las-fuentes-del-omana\/#breadcrumb"},"inLanguage":"es","potentialAction":[{"@type":"ReadAction","target":["https:\/\/sienteomana.com\/en\/ruta-de-las-fuentes-del-omana\/"]}]},{"@type":"ImageObject","inLanguage":"es","@id":"https:\/\/sienteomana.com\/en\/ruta-de-las-fuentes-del-omana\/#primaryimage","url":"https:\/\/sienteomana.com\/wp-content\/uploads\/sites\/2\/2019\/04\/gpx1-e1556101291655.png","contentUrl":"https:\/\/sienteomana.com\/wp-content\/uploads\/sites\/2\/2019\/04\/gpx1-e1556101291655.png"},{"@type":"BreadcrumbList","@id":"https:\/\/sienteomana.com\/en\/ruta-de-las-fuentes-del-omana\/#breadcrumb","itemListElement":[{"@type":"ListItem","position":1,"name":"Home","item":"https:\/\/sienteomana.com\/en\/"},{"@type":"ListItem","position":2,"name":"ROUTE OF \u00abLAS FUENTES DEL OMA\u00d1A\u00bb."}]},{"@type":"WebSite","@id":"https:\/\/sienteomana.com\/en\/#website","url":"https:\/\/sienteomana.com\/en\/","name":"(EN) Siente Oma\u00f1a","description":"Oma\u00f1a","potentialAction":[{"@type":"SearchAction","target":{"@type":"EntryPoint","urlTemplate":"https:\/\/sienteomana.com\/en\/?s={search_term_string}"},"query-input":{"@type":"PropertyValueSpecification","valueRequired":true,"valueName":"search_term_string"}}],"inLanguage":"es"}]}},"_links":{"self":[{"href":"https:\/\/sienteomana.com\/en\/wp-json\/wp\/v2\/pages\/11118","targetHints":{"allow":["GET"]}}],"collection":[{"href":"https:\/\/sienteomana.com\/en\/wp-json\/wp\/v2\/pages"}],"about":[{"href":"https:\/\/sienteomana.com\/en\/wp-json\/wp\/v2\/types\/page"}],"author":[{"embeddable":true,"href":"https:\/\/sienteomana.com\/en\/wp-json\/wp\/v2\/users\/2"}],"replies":[{"embeddable":true,"href":"https:\/\/sienteomana.com\/en\/wp-json\/wp\/v2\/comments?post=11118"}],"version-history":[{"count":55,"href":"https:\/\/sienteomana.com\/en\/wp-json\/wp\/v2\/pages\/11118\/revisions"}],"predecessor-version":[{"id":14940,"href":"https:\/\/sienteomana.com\/en\/wp-json\/wp\/v2\/pages\/11118\/revisions\/14940"}],"wp:attachment":[{"href":"https:\/\/sienteomana.com\/en\/wp-json\/wp\/v2\/media?parent=11118"}],"curies":[{"name":"wp","href":"https:\/\/api.w.org\/{rel}","templated":true}]}}