{"id":11001,"date":"2019-03-23T11:05:44","date_gmt":"2019-03-23T11:05:44","guid":{"rendered":"https:\/\/sienteomana.com\/en\/?page_id=11001"},"modified":"2023-08-23T14:30:34","modified_gmt":"2023-08-23T14:30:34","slug":"villanueva-de-omana","status":"publish","type":"page","link":"https:\/\/sienteomana.com\/en\/villanueva-de-omana\/","title":{"rendered":"Villanueva de Oma\u00f1a"},"content":{"rendered":"<div  class=\"one\" style=\"padding:0px 0 0px 0;\" >\n<div class=\"page_content_wrapper withbg\" style=\"background-image:url(https:\/\/sienteomana.com\/wp-content\/uploads\/sites\/2\/2019\/03\/casavillanueva.jpg);background-size:cover;background-position:center bottom;height:815px;position:relative;\"><\/div>\n<\/div>\n<div class=\"standard_wrapper\">\n<div  class=\"one_third withsmallpadding ppb_text\" style=\"padding:30px 0 30px 0;\" >\n<div class=\"standard_wrapper\">\n<div class=\"page_content_wrapper\">\n<div class=\"inner\">\n<div style=\"margin:auto;width:100%\">\n<h1 style=\"text-align: right;\"><span style=\"color: #99cc00;\">Villanueva de Oma\u00f1a<br \/>\n<\/span><\/h1>\n<\/div>\n<\/div>\n<\/div>\n<\/div>\n<\/div>\n<\/div>\n<div class=\"standard_wrapper\">\n<div  class=\"two_third last withsmallpadding ppb_text\" style=\"padding:30px 0 30px 0;\" >\n<div class=\"standard_wrapper\">\n<div class=\"page_content_wrapper\">\n<div class=\"inner\">\n<div style=\"margin:auto;width:100%\">\n<p>Villanueva de Oma\u00f1a has its main festival on 24 June, San Juan. It still preserves a mill, a dairy and some traditional houses. In its municipal district is the valley of the R\u00edo Peque\u00f1o, which is home to one of the biological jewels of Le\u00f3n: the holly oak grove of \u00abAcebos\u00bb.<\/p>\n<\/div>\n<\/div>\n<\/div>\n<\/div>\n<\/div>\n<\/div>\n<div class=\"one\" >\n<div class=\"horizontal_gallery\">\n<table class=\"horizontal_gallery_wrapper\">\n<tbody>\n<tr>\n<td><a data-caption=\"\"class=\"fancy-gallery\" href=\"https:\/\/sienteomana.com\/en\/wp-content\/uploads\/sites\/2\/2019\/03\/casas-1.jpg\"><\/p>\n<div class=\"gallery_image_wrapper\">\n\t\t\t\t    \t<img decoding=\"async\" src=\"https:\/\/sienteomana.com\/en\/wp-content\/uploads\/sites\/2\/2019\/03\/casas-1.jpg\" alt=\"\" class=\"horizontal_gallery_img\"\/><\/div>\n<p>\t    \t<\/a><\/p>\n<div class=\"wp-caption aligncenter\">\n<p class=\"wp-caption-text\">\n<\/div>\n<\/td>\n<td><a data-caption=\"\"class=\"fancy-gallery\" href=\"https:\/\/sienteomana.com\/en\/wp-content\/uploads\/sites\/2\/2019\/03\/cascada.jpg\"><\/p>\n<div class=\"gallery_image_wrapper\">\n\t\t\t\t    \t<img decoding=\"async\" src=\"https:\/\/sienteomana.com\/en\/wp-content\/uploads\/sites\/2\/2019\/03\/cascada.jpg\" alt=\"\" class=\"horizontal_gallery_img\"\/><\/div>\n<p>\t    \t<\/a><\/p>\n<div class=\"wp-caption aligncenter\">\n<p class=\"wp-caption-text\">\n<\/div>\n<\/td>\n<td><a data-caption=\"\"class=\"fancy-gallery\" href=\"https:\/\/sienteomana.com\/en\/wp-content\/uploads\/sites\/2\/2019\/03\/puerta-1.jpg\"><\/p>\n<div class=\"gallery_image_wrapper\">\n\t\t\t\t    \t<img decoding=\"async\" src=\"https:\/\/sienteomana.com\/en\/wp-content\/uploads\/sites\/2\/2019\/03\/puerta-1.jpg\" alt=\"\" class=\"horizontal_gallery_img\"\/><\/div>\n<p>\t    \t<\/a><\/p>\n<div class=\"wp-caption aligncenter\">\n<p class=\"wp-caption-text\">\n<\/div>\n<\/td>\n<td><a data-caption=\"\"class=\"fancy-gallery\" href=\"https:\/\/sienteomana.com\/en\/wp-content\/uploads\/sites\/2\/2019\/03\/herramientas.jpg\"><\/p>\n<div class=\"gallery_image_wrapper\">\n\t\t\t\t    \t<img decoding=\"async\" src=\"https:\/\/sienteomana.com\/en\/wp-content\/uploads\/sites\/2\/2019\/03\/herramientas.jpg\" alt=\"\" class=\"horizontal_gallery_img\"\/><\/div>\n<p>\t    \t<\/a><\/p>\n<div class=\"wp-caption aligncenter\">\n<p class=\"wp-caption-text\">\n<\/div>\n<\/td>\n<td><a data-caption=\"\"class=\"fancy-gallery\" href=\"https:\/\/sienteomana.com\/en\/wp-content\/uploads\/sites\/2\/2019\/03\/molino2.jpg\"><\/p>\n<div class=\"gallery_image_wrapper\">\n\t\t\t\t    \t<img decoding=\"async\" src=\"https:\/\/sienteomana.com\/en\/wp-content\/uploads\/sites\/2\/2019\/03\/molino2.jpg\" alt=\"\" class=\"horizontal_gallery_img\"\/><\/div>\n<p>\t    \t<\/a><\/p>\n<div class=\"wp-caption aligncenter\">\n<p class=\"wp-caption-text\">\n<\/div>\n<\/td>\n<td><a data-caption=\"\"class=\"fancy-gallery\" href=\"https:\/\/sienteomana.com\/en\/wp-content\/uploads\/sites\/2\/2019\/03\/molino-1.jpg\"><\/p>\n<div class=\"gallery_image_wrapper\">\n\t\t\t\t    \t<img decoding=\"async\" src=\"https:\/\/sienteomana.com\/en\/wp-content\/uploads\/sites\/2\/2019\/03\/molino-1.jpg\" alt=\"\" class=\"horizontal_gallery_img\"\/><\/div>\n<p>\t    \t<\/a><\/p>\n<div class=\"wp-caption aligncenter\">\n<p class=\"wp-caption-text\">\n<\/div>\n<\/td>\n<td><a data-caption=\"\"class=\"fancy-gallery\" href=\"https:\/\/sienteomana.com\/en\/wp-content\/uploads\/sites\/2\/2019\/03\/salon.jpg\"><\/p>\n<div class=\"gallery_image_wrapper\">\n\t\t\t\t    \t<img decoding=\"async\" src=\"https:\/\/sienteomana.com\/en\/wp-content\/uploads\/sites\/2\/2019\/03\/salon.jpg\" alt=\"\" class=\"horizontal_gallery_img\"\/><\/div>\n<p>\t    \t<\/a><\/p>\n<div class=\"wp-caption aligncenter\">\n<p class=\"wp-caption-text\">\n<\/div>\n<\/td>\n<td><a data-caption=\"\"class=\"fancy-gallery\" href=\"https:\/\/sienteomana.com\/en\/wp-content\/uploads\/sites\/2\/2019\/03\/acebal.jpg\"><\/p>\n<div class=\"gallery_image_wrapper\">\n\t\t\t\t    \t<img decoding=\"async\" src=\"https:\/\/sienteomana.com\/en\/wp-content\/uploads\/sites\/2\/2019\/03\/acebal.jpg\" alt=\"\" class=\"horizontal_gallery_img\"\/><\/div>\n<p>\t    \t<\/a><\/p>\n<div class=\"wp-caption aligncenter\">\n<p class=\"wp-caption-text\">\n<\/div>\n<\/td>\n<td><a data-caption=\"\"class=\"fancy-gallery\" href=\"https:\/\/sienteomana.com\/en\/wp-content\/uploads\/sites\/2\/2019\/03\/acebal2.jpg\"><\/p>\n<div class=\"gallery_image_wrapper\">\n\t\t\t\t    \t<img decoding=\"async\" src=\"https:\/\/sienteomana.com\/en\/wp-content\/uploads\/sites\/2\/2019\/03\/acebal2.jpg\" alt=\"\" class=\"horizontal_gallery_img\"\/><\/div>\n<p>\t    \t<\/a><\/p>\n<div class=\"wp-caption aligncenter\">\n<p class=\"wp-caption-text\">\n<\/div>\n<\/td>\n<\/tr>\n<\/tbody>\n<\/table><\/div>\n<\/p><\/div>\n<div class=\"divider one\">&nbsp;<\/div>\n<div class=\"map_shortcode_wrapper\" id=\"map16928010341822229386\" style=\"width:100%;height:520px\">\n<div class=\"map-marker\" data-latlng=\"42.820972,-6.1385\" ><\/div>\n<\/div>\n<p><script>\n\t\tjQuery(document).ready(function(){ jQuery(\"#map16928010341822229386\").simplegmaps({ MapOptions: { zoom: 18,scrollwheel: false,styles: [\n    {\n        \"featureType\": \"all\",\n        \"elementType\": \"all\",\n        \"stylers\": [\n            {\n                \"visibility\": \"on\"\n            }\n        ]\n    },\n    {\n        \"featureType\": \"administrative\",\n        \"elementType\": \"all\",\n        \"stylers\": [\n            {\n                \"saturation\": \"-100\"\n            }\n        ]\n    },\n    {\n        \"featureType\": \"administrative.province\",\n        \"elementType\": \"all\",\n        \"stylers\": [\n            {\n                \"visibility\": \"off\"\n            }\n        ]\n    },\n    {\n        \"featureType\": \"administrative.neighborhood\",\n        \"elementType\": \"all\",\n        \"stylers\": [\n            {\n                \"visibility\": \"off\"\n            }\n        ]\n    },\n    {\n        \"featureType\": \"landscape\",\n        \"elementType\": \"all\",\n        \"stylers\": [\n            {\n                \"saturation\": -100\n            },\n            {\n                \"lightness\": 65\n            },\n            {\n                \"visibility\": \"on\"\n            }\n        ]\n    },\n    {\n        \"featureType\": \"poi\",\n        \"elementType\": \"all\",\n        \"stylers\": [\n            {\n                \"saturation\": -100\n            },\n            {\n                \"lightness\": \"50\"\n            },\n            {\n                \"visibility\": \"off\"\n            }\n        ]\n    },\n    {\n        \"featureType\": \"road\",\n        \"elementType\": \"all\",\n        \"stylers\": [\n            {\n                \"saturation\": \"-100\"\n            }\n        ]\n    },\n    {\n        \"featureType\": \"road.highway\",\n        \"elementType\": \"all\",\n        \"stylers\": [\n            {\n                \"visibility\": \"simplified\"\n            }\n        ]\n    },\n    {\n        \"featureType\": \"road.arterial\",\n        \"elementType\": \"all\",\n        \"stylers\": [\n            {\n                \"lightness\": \"30\"\n            }\n        ]\n    },\n    {\n        \"featureType\": \"road.local\",\n        \"elementType\": \"all\",\n        \"stylers\": [\n            {\n                \"lightness\": \"40\"\n            }\n        ]\n    },\n    {\n        \"featureType\": \"transit\",\n        \"elementType\": \"all\",\n        \"stylers\": [\n            {\n                \"saturation\": -100\n            },\n            {\n                \"visibility\": \"simplified\"\n            }\n        ]\n    },\n    {\n        \"featureType\": \"water\",\n        \"elementType\": \"geometry\",\n        \"stylers\": [\n            {\n                \"hue\": \"#ffff00\"\n            },\n            {\n                \"lightness\": -25\n            },\n            {\n                \"saturation\": -97\n            }\n        ]\n    },\n    {\n        \"featureType\": \"water\",\n        \"elementType\": \"labels\",\n        \"stylers\": [\n            {\n                \"lightness\": -25\n            },\n            {\n                \"saturation\": -100\n            }\n        ]\n    }\n], } }); });\n\t<\/script><\/p>\n","protected":false},"excerpt":{"rendered":"<p>Villanueva de Oma\u00f1a Villanueva de Oma\u00f1a has its main festival on 24 June, San Juan. It still preserves a mill, a dairy and some traditional houses. In its municipal district is the valley of the R\u00edo Peque\u00f1o, which is home [&hellip;]<\/p>\n","protected":false},"author":2,"featured_media":0,"parent":0,"menu_order":0,"comment_status":"closed","ping_status":"closed","template":"","meta":{"inline_featured_image":false,"footnotes":""},"class_list":["post-11001","page","type-page","status-publish","hentry"],"yoast_head":"<!-- This site is optimized with the Yoast SEO plugin v27.3 - https:\/\/yoast.com\/product\/yoast-seo-wordpress\/ -->\n<title>Villanueva de Oma\u00f1a - (EN) Siente Oma\u00f1a<\/title>\n<meta name=\"robots\" content=\"index, follow, max-snippet:-1, max-image-preview:large, max-video-preview:-1\" \/>\n<link rel=\"canonical\" href=\"https:\/\/sienteomana.com\/en\/villanueva-de-omana\/\" \/>\n<meta property=\"og:locale\" content=\"es_ES\" \/>\n<meta property=\"og:type\" content=\"article\" \/>\n<meta property=\"og:title\" content=\"Villanueva de Oma\u00f1a - (EN) Siente Oma\u00f1a\" \/>\n<meta property=\"og:description\" content=\"Villanueva de Oma\u00f1a Villanueva de Oma\u00f1a has its main festival on 24 June, San Juan. It still preserves a mill, a dairy and some traditional houses. In its municipal district is the valley of the R\u00edo Peque\u00f1o, which is home [&hellip;]\" \/>\n<meta property=\"og:url\" content=\"https:\/\/sienteomana.com\/en\/villanueva-de-omana\/\" \/>\n<meta property=\"og:site_name\" content=\"(EN) Siente Oma\u00f1a\" \/>\n<meta property=\"article:modified_time\" content=\"2023-08-23T14:30:34+00:00\" \/>\n<meta property=\"og:image\" content=\"https:\/\/sienteomana.com\/en\/wp-content\/uploads\/sites\/2\/2019\/03\/casas-1.jpg\" \/>\n<meta name=\"twitter:card\" content=\"summary_large_image\" \/>\n<meta name=\"twitter:label1\" content=\"Tiempo de lectura\" \/>\n\t<meta name=\"twitter:data1\" content=\"1 minuto\" \/>\n<script type=\"application\/ld+json\" class=\"yoast-schema-graph\">{\"@context\":\"https:\\\/\\\/schema.org\",\"@graph\":[{\"@type\":\"WebPage\",\"@id\":\"https:\\\/\\\/sienteomana.com\\\/en\\\/villanueva-de-omana\\\/\",\"url\":\"https:\\\/\\\/sienteomana.com\\\/en\\\/villanueva-de-omana\\\/\",\"name\":\"Villanueva de Oma\u00f1a - (EN) Siente Oma\u00f1a\",\"isPartOf\":{\"@id\":\"https:\\\/\\\/sienteomana.com\\\/en\\\/#website\"},\"primaryImageOfPage\":{\"@id\":\"https:\\\/\\\/sienteomana.com\\\/en\\\/villanueva-de-omana\\\/#primaryimage\"},\"image\":{\"@id\":\"https:\\\/\\\/sienteomana.com\\\/en\\\/villanueva-de-omana\\\/#primaryimage\"},\"thumbnailUrl\":\"https:\\\/\\\/sienteomana.com\\\/en\\\/wp-content\\\/uploads\\\/sites\\\/2\\\/2019\\\/03\\\/casas-1.jpg\",\"datePublished\":\"2019-03-23T11:05:44+00:00\",\"dateModified\":\"2023-08-23T14:30:34+00:00\",\"breadcrumb\":{\"@id\":\"https:\\\/\\\/sienteomana.com\\\/en\\\/villanueva-de-omana\\\/#breadcrumb\"},\"inLanguage\":\"es\",\"potentialAction\":[{\"@type\":\"ReadAction\",\"target\":[\"https:\\\/\\\/sienteomana.com\\\/en\\\/villanueva-de-omana\\\/\"]}]},{\"@type\":\"ImageObject\",\"inLanguage\":\"es\",\"@id\":\"https:\\\/\\\/sienteomana.com\\\/en\\\/villanueva-de-omana\\\/#primaryimage\",\"url\":\"https:\\\/\\\/sienteomana.com\\\/en\\\/wp-content\\\/uploads\\\/sites\\\/2\\\/2019\\\/03\\\/casas-1.jpg\",\"contentUrl\":\"https:\\\/\\\/sienteomana.com\\\/en\\\/wp-content\\\/uploads\\\/sites\\\/2\\\/2019\\\/03\\\/casas-1.jpg\"},{\"@type\":\"BreadcrumbList\",\"@id\":\"https:\\\/\\\/sienteomana.com\\\/en\\\/villanueva-de-omana\\\/#breadcrumb\",\"itemListElement\":[{\"@type\":\"ListItem\",\"position\":1,\"name\":\"Home\",\"item\":\"https:\\\/\\\/sienteomana.com\\\/en\\\/\"},{\"@type\":\"ListItem\",\"position\":2,\"name\":\"Villanueva de Oma\u00f1a\"}]},{\"@type\":\"WebSite\",\"@id\":\"https:\\\/\\\/sienteomana.com\\\/en\\\/#website\",\"url\":\"https:\\\/\\\/sienteomana.com\\\/en\\\/\",\"name\":\"(EN) Siente Oma\u00f1a\",\"description\":\"Oma\u00f1a\",\"potentialAction\":[{\"@type\":\"SearchAction\",\"target\":{\"@type\":\"EntryPoint\",\"urlTemplate\":\"https:\\\/\\\/sienteomana.com\\\/en\\\/?s={search_term_string}\"},\"query-input\":{\"@type\":\"PropertyValueSpecification\",\"valueRequired\":true,\"valueName\":\"search_term_string\"}}],\"inLanguage\":\"es\"}]}<\/script>\n<!-- \/ Yoast SEO plugin. -->","yoast_head_json":{"title":"Villanueva de Oma\u00f1a - (EN) Siente Oma\u00f1a","robots":{"index":"index","follow":"follow","max-snippet":"max-snippet:-1","max-image-preview":"max-image-preview:large","max-video-preview":"max-video-preview:-1"},"canonical":"https:\/\/sienteomana.com\/en\/villanueva-de-omana\/","og_locale":"es_ES","og_type":"article","og_title":"Villanueva de Oma\u00f1a - (EN) Siente Oma\u00f1a","og_description":"Villanueva de Oma\u00f1a Villanueva de Oma\u00f1a has its main festival on 24 June, San Juan. It still preserves a mill, a dairy and some traditional houses. In its municipal district is the valley of the R\u00edo Peque\u00f1o, which is home [&hellip;]","og_url":"https:\/\/sienteomana.com\/en\/villanueva-de-omana\/","og_site_name":"(EN) Siente Oma\u00f1a","article_modified_time":"2023-08-23T14:30:34+00:00","og_image":[{"url":"https:\/\/sienteomana.com\/en\/wp-content\/uploads\/sites\/2\/2019\/03\/casas-1.jpg","type":"","width":"","height":""}],"twitter_card":"summary_large_image","twitter_misc":{"Tiempo de lectura":"1 minuto"},"schema":{"@context":"https:\/\/schema.org","@graph":[{"@type":"WebPage","@id":"https:\/\/sienteomana.com\/en\/villanueva-de-omana\/","url":"https:\/\/sienteomana.com\/en\/villanueva-de-omana\/","name":"Villanueva de Oma\u00f1a - (EN) Siente Oma\u00f1a","isPartOf":{"@id":"https:\/\/sienteomana.com\/en\/#website"},"primaryImageOfPage":{"@id":"https:\/\/sienteomana.com\/en\/villanueva-de-omana\/#primaryimage"},"image":{"@id":"https:\/\/sienteomana.com\/en\/villanueva-de-omana\/#primaryimage"},"thumbnailUrl":"https:\/\/sienteomana.com\/en\/wp-content\/uploads\/sites\/2\/2019\/03\/casas-1.jpg","datePublished":"2019-03-23T11:05:44+00:00","dateModified":"2023-08-23T14:30:34+00:00","breadcrumb":{"@id":"https:\/\/sienteomana.com\/en\/villanueva-de-omana\/#breadcrumb"},"inLanguage":"es","potentialAction":[{"@type":"ReadAction","target":["https:\/\/sienteomana.com\/en\/villanueva-de-omana\/"]}]},{"@type":"ImageObject","inLanguage":"es","@id":"https:\/\/sienteomana.com\/en\/villanueva-de-omana\/#primaryimage","url":"https:\/\/sienteomana.com\/en\/wp-content\/uploads\/sites\/2\/2019\/03\/casas-1.jpg","contentUrl":"https:\/\/sienteomana.com\/en\/wp-content\/uploads\/sites\/2\/2019\/03\/casas-1.jpg"},{"@type":"BreadcrumbList","@id":"https:\/\/sienteomana.com\/en\/villanueva-de-omana\/#breadcrumb","itemListElement":[{"@type":"ListItem","position":1,"name":"Home","item":"https:\/\/sienteomana.com\/en\/"},{"@type":"ListItem","position":2,"name":"Villanueva de Oma\u00f1a"}]},{"@type":"WebSite","@id":"https:\/\/sienteomana.com\/en\/#website","url":"https:\/\/sienteomana.com\/en\/","name":"(EN) Siente Oma\u00f1a","description":"Oma\u00f1a","potentialAction":[{"@type":"SearchAction","target":{"@type":"EntryPoint","urlTemplate":"https:\/\/sienteomana.com\/en\/?s={search_term_string}"},"query-input":{"@type":"PropertyValueSpecification","valueRequired":true,"valueName":"search_term_string"}}],"inLanguage":"es"}]}},"_links":{"self":[{"href":"https:\/\/sienteomana.com\/en\/wp-json\/wp\/v2\/pages\/11001","targetHints":{"allow":["GET"]}}],"collection":[{"href":"https:\/\/sienteomana.com\/en\/wp-json\/wp\/v2\/pages"}],"about":[{"href":"https:\/\/sienteomana.com\/en\/wp-json\/wp\/v2\/types\/page"}],"author":[{"embeddable":true,"href":"https:\/\/sienteomana.com\/en\/wp-json\/wp\/v2\/users\/2"}],"replies":[{"embeddable":true,"href":"https:\/\/sienteomana.com\/en\/wp-json\/wp\/v2\/comments?post=11001"}],"version-history":[{"count":9,"href":"https:\/\/sienteomana.com\/en\/wp-json\/wp\/v2\/pages\/11001\/revisions"}],"predecessor-version":[{"id":14814,"href":"https:\/\/sienteomana.com\/en\/wp-json\/wp\/v2\/pages\/11001\/revisions\/14814"}],"wp:attachment":[{"href":"https:\/\/sienteomana.com\/en\/wp-json\/wp\/v2\/media?parent=11001"}],"curies":[{"name":"wp","href":"https:\/\/api.w.org\/{rel}","templated":true}]}}