{"id":10988,"date":"2019-03-23T10:50:35","date_gmt":"2019-03-23T10:50:35","guid":{"rendered":"https:\/\/sienteomana.com\/en\/?page_id=10988"},"modified":"2023-08-23T14:27:39","modified_gmt":"2023-08-23T14:27:39","slug":"villabandin","status":"publish","type":"page","link":"https:\/\/sienteomana.com\/en\/villabandin\/","title":{"rendered":"VILLABAND\u00cdN"},"content":{"rendered":"<div  class=\"one\" style=\"padding:0px 0 0px 0;\" >\n<div class=\"page_content_wrapper withbg\" style=\"background-image:url(https:\/\/sienteomana.com\/wp-content\/uploads\/sites\/2\/2019\/04\/entradavillavandi\u0301n.jpg);background-size:cover;background-position:center bottom;height:815px;position:relative;\"><\/div>\n<\/div>\n<div class=\"standard_wrapper\">\n<div  class=\"one_third withsmallpadding ppb_text\" style=\"padding:30px 0 30px 0;\" >\n<div class=\"standard_wrapper\">\n<div class=\"page_content_wrapper\">\n<div class=\"inner\">\n<div style=\"margin:auto;width:100%\">\n<h1 style=\"text-align: right;\"><span style=\"color: #99cc00;\">Villaband\u00edn<br \/>\n<\/span><\/h1>\n<\/div>\n<\/div>\n<\/div>\n<\/div>\n<\/div>\n<\/div>\n<div class=\"standard_wrapper\">\n<div  class=\"two_third last withsmallpadding ppb_text\" style=\"padding:30px 0 30px 0;\" >\n<div class=\"standard_wrapper\">\n<div class=\"page_content_wrapper\">\n<div class=\"inner\">\n<div style=\"margin:auto;width:100%\">\n<p>The main village of Valle Chico, it celebrates Corpus Christi and still preserves the mill and dairy. A privileged access point to the Alto de la Ca\u00f1ada, the main peak of Oma\u00f1a at 2,154 metres high, it gives its name to the Sierra de Villaband\u00edn, which stretches from east to west from the port of La Magdalena to the reservoir of Los Barrios de Luna. This mountain range exemplifies the boundary between the Atlantic and Mediterranean worlds, making it a point of international biological interest for its wide variety of plant species.<\/p>\n<p>One of the most admired pieces of historical-artistic heritage in the whole region is the altarpiece in the church of this town, whose construction dates back to the 17th century. Different scenes cover this altarpiece, such as The Flight into Egypt, the Resurrected Christ or Saint Anne carrying the still infant Virgin Mary in her arms, together with the image of Michael the Archangel, patron saint of this church.<\/p>\n<\/div>\n<\/div>\n<\/div>\n<\/div>\n<\/div>\n<\/div>\n<div class=\"one\" >\n<div class=\"horizontal_gallery\">\n<table class=\"horizontal_gallery_wrapper\">\n<tbody>\n<tr>\n<td><a data-caption=\"\"class=\"fancy-gallery\" href=\"https:\/\/sienteomana.com\/en\/wp-content\/uploads\/sites\/2\/2019\/03\/casas.jpg\"><\/p>\n<div class=\"gallery_image_wrapper\">\n\t\t\t\t    \t<img decoding=\"async\" src=\"https:\/\/sienteomana.com\/en\/wp-content\/uploads\/sites\/2\/2019\/03\/casas.jpg\" alt=\"\" class=\"horizontal_gallery_img\"\/><\/div>\n<p>\t    \t<\/a><\/p>\n<div class=\"wp-caption aligncenter\">\n<p class=\"wp-caption-text\">\n<\/div>\n<\/td>\n<td><a data-caption=\"\"class=\"fancy-gallery\" href=\"https:\/\/sienteomana.com\/en\/wp-content\/uploads\/sites\/2\/2019\/03\/escudovillabandin-2.jpg\"><\/p>\n<div class=\"gallery_image_wrapper\">\n\t\t\t\t    \t<img decoding=\"async\" src=\"https:\/\/sienteomana.com\/en\/wp-content\/uploads\/sites\/2\/2019\/03\/escudovillabandin-2.jpg\" alt=\"\" class=\"horizontal_gallery_img\"\/><\/div>\n<p>\t    \t<\/a><\/p>\n<div class=\"wp-caption aligncenter\">\n<p class=\"wp-caption-text\">\n<\/div>\n<\/td>\n<td><a data-caption=\"\"class=\"fancy-gallery\" href=\"https:\/\/sienteomana.com\/en\/wp-content\/uploads\/sites\/2\/2019\/03\/iglesia-3.jpg\"><\/p>\n<div class=\"gallery_image_wrapper\">\n\t\t\t\t    \t<img decoding=\"async\" src=\"https:\/\/sienteomana.com\/en\/wp-content\/uploads\/sites\/2\/2019\/03\/iglesia-3.jpg\" alt=\"\" class=\"horizontal_gallery_img\"\/><\/div>\n<p>\t    \t<\/a><\/p>\n<div class=\"wp-caption aligncenter\">\n<p class=\"wp-caption-text\">\n<\/div>\n<\/td>\n<td><a data-caption=\"\"class=\"fancy-gallery\" href=\"https:\/\/sienteomana.com\/en\/wp-content\/uploads\/sites\/2\/2019\/03\/imagenesiglesia.jpg\"><\/p>\n<div class=\"gallery_image_wrapper\">\n\t\t\t\t    \t<img decoding=\"async\" src=\"https:\/\/sienteomana.com\/en\/wp-content\/uploads\/sites\/2\/2019\/03\/imagenesiglesia.jpg\" alt=\"\" class=\"horizontal_gallery_img\"\/><\/div>\n<p>\t    \t<\/a><\/p>\n<div class=\"wp-caption aligncenter\">\n<p class=\"wp-caption-text\">\n<\/div>\n<\/td>\n<td><a data-caption=\"\"class=\"fancy-gallery\" href=\"https:\/\/sienteomana.com\/en\/wp-content\/uploads\/sites\/2\/2019\/03\/fuenteiglesia.jpg\"><\/p>\n<div class=\"gallery_image_wrapper\">\n\t\t\t\t    \t<img decoding=\"async\" src=\"https:\/\/sienteomana.com\/en\/wp-content\/uploads\/sites\/2\/2019\/03\/fuenteiglesia.jpg\" alt=\"\" class=\"horizontal_gallery_img\"\/><\/div>\n<p>\t    \t<\/a><\/p>\n<div class=\"wp-caption aligncenter\">\n<p class=\"wp-caption-text\">\n<\/div>\n<\/td>\n<\/tr>\n<\/tbody>\n<\/table><\/div>\n<\/p><\/div>\n<div class=\"divider one\">&nbsp;<\/div>\n<div class=\"map_shortcode_wrapper\" id=\"map1692800859602245872\" style=\"width:100%;height:520px\">\n<div class=\"map-marker\" data-latlng=\"42.860104,-6.137667\" ><\/div>\n<\/div>\n<p><script>\n\t\tjQuery(document).ready(function(){ jQuery(\"#map1692800859602245872\").simplegmaps({ MapOptions: { zoom: 18,scrollwheel: false,styles: [\n    {\n        \"featureType\": \"all\",\n        \"elementType\": \"all\",\n        \"stylers\": [\n            {\n                \"visibility\": \"on\"\n            }\n        ]\n    },\n    {\n        \"featureType\": \"administrative\",\n        \"elementType\": \"all\",\n        \"stylers\": [\n            {\n                \"saturation\": \"-100\"\n            }\n        ]\n    },\n    {\n        \"featureType\": \"administrative.province\",\n        \"elementType\": \"all\",\n        \"stylers\": [\n            {\n                \"visibility\": \"off\"\n            }\n        ]\n    },\n    {\n        \"featureType\": \"administrative.neighborhood\",\n        \"elementType\": \"all\",\n        \"stylers\": [\n            {\n                \"visibility\": \"off\"\n            }\n        ]\n    },\n    {\n        \"featureType\": \"landscape\",\n        \"elementType\": \"all\",\n        \"stylers\": [\n            {\n                \"saturation\": -100\n            },\n            {\n                \"lightness\": 65\n            },\n            {\n                \"visibility\": \"on\"\n            }\n        ]\n    },\n    {\n        \"featureType\": \"poi\",\n        \"elementType\": \"all\",\n        \"stylers\": [\n            {\n                \"saturation\": -100\n            },\n            {\n                \"lightness\": \"50\"\n            },\n            {\n                \"visibility\": \"off\"\n            }\n        ]\n    },\n    {\n        \"featureType\": \"road\",\n        \"elementType\": \"all\",\n        \"stylers\": [\n            {\n                \"saturation\": \"-100\"\n            }\n        ]\n    },\n    {\n        \"featureType\": \"road.highway\",\n        \"elementType\": \"all\",\n        \"stylers\": [\n            {\n                \"visibility\": \"simplified\"\n            }\n        ]\n    },\n    {\n        \"featureType\": \"road.arterial\",\n        \"elementType\": \"all\",\n        \"stylers\": [\n            {\n                \"lightness\": \"30\"\n            }\n        ]\n    },\n    {\n        \"featureType\": \"road.local\",\n        \"elementType\": \"all\",\n        \"stylers\": [\n            {\n                \"lightness\": \"40\"\n            }\n        ]\n    },\n    {\n        \"featureType\": \"transit\",\n        \"elementType\": \"all\",\n        \"stylers\": [\n            {\n                \"saturation\": -100\n            },\n            {\n                \"visibility\": \"simplified\"\n            }\n        ]\n    },\n    {\n        \"featureType\": \"water\",\n        \"elementType\": \"geometry\",\n        \"stylers\": [\n            {\n                \"hue\": \"#ffff00\"\n            },\n            {\n                \"lightness\": -25\n            },\n            {\n                \"saturation\": -97\n            }\n        ]\n    },\n    {\n        \"featureType\": \"water\",\n        \"elementType\": \"labels\",\n        \"stylers\": [\n            {\n                \"lightness\": -25\n            },\n            {\n                \"saturation\": -100\n            }\n        ]\n    }\n], } }); });\n\t<\/script><\/p>\n","protected":false},"excerpt":{"rendered":"<p>Villaband\u00edn The main village of Valle Chico, it celebrates Corpus Christi and still preserves the mill and dairy. A privileged access point to the Alto de la Ca\u00f1ada, the main peak of Oma\u00f1a at 2,154 metres high, it gives its [&hellip;]<\/p>\n","protected":false},"author":2,"featured_media":0,"parent":0,"menu_order":0,"comment_status":"closed","ping_status":"closed","template":"","meta":{"inline_featured_image":false,"footnotes":""},"class_list":["post-10988","page","type-page","status-publish","hentry"],"yoast_head":"<!-- This site is optimized with the Yoast SEO plugin v27.3 - https:\/\/yoast.com\/product\/yoast-seo-wordpress\/ -->\n<title>VILLABAND\u00cdN - (EN) Siente Oma\u00f1a<\/title>\n<meta name=\"robots\" content=\"index, follow, max-snippet:-1, max-image-preview:large, max-video-preview:-1\" \/>\n<link rel=\"canonical\" href=\"https:\/\/sienteomana.com\/en\/villabandin\/\" \/>\n<meta property=\"og:locale\" content=\"es_ES\" \/>\n<meta property=\"og:type\" content=\"article\" \/>\n<meta property=\"og:title\" content=\"VILLABAND\u00cdN - (EN) Siente Oma\u00f1a\" \/>\n<meta property=\"og:description\" content=\"Villaband\u00edn The main village of Valle Chico, it celebrates Corpus Christi and still preserves the mill and dairy. A privileged access point to the Alto de la Ca\u00f1ada, the main peak of Oma\u00f1a at 2,154 metres high, it gives its [&hellip;]\" \/>\n<meta property=\"og:url\" content=\"https:\/\/sienteomana.com\/en\/villabandin\/\" \/>\n<meta property=\"og:site_name\" content=\"(EN) Siente Oma\u00f1a\" \/>\n<meta property=\"article:modified_time\" content=\"2023-08-23T14:27:39+00:00\" \/>\n<meta property=\"og:image\" content=\"https:\/\/sienteomana.com\/en\/wp-content\/uploads\/sites\/2\/2019\/03\/casas.jpg\" \/>\n<meta name=\"twitter:card\" content=\"summary_large_image\" \/>\n<meta name=\"twitter:label1\" content=\"Tiempo de lectura\" \/>\n\t<meta name=\"twitter:data1\" content=\"3 minutos\" \/>\n<script type=\"application\/ld+json\" class=\"yoast-schema-graph\">{\"@context\":\"https:\\\/\\\/schema.org\",\"@graph\":[{\"@type\":\"WebPage\",\"@id\":\"https:\\\/\\\/sienteomana.com\\\/en\\\/villabandin\\\/\",\"url\":\"https:\\\/\\\/sienteomana.com\\\/en\\\/villabandin\\\/\",\"name\":\"VILLABAND\u00cdN - (EN) Siente Oma\u00f1a\",\"isPartOf\":{\"@id\":\"https:\\\/\\\/sienteomana.com\\\/en\\\/#website\"},\"primaryImageOfPage\":{\"@id\":\"https:\\\/\\\/sienteomana.com\\\/en\\\/villabandin\\\/#primaryimage\"},\"image\":{\"@id\":\"https:\\\/\\\/sienteomana.com\\\/en\\\/villabandin\\\/#primaryimage\"},\"thumbnailUrl\":\"https:\\\/\\\/sienteomana.com\\\/en\\\/wp-content\\\/uploads\\\/sites\\\/2\\\/2019\\\/03\\\/casas.jpg\",\"datePublished\":\"2019-03-23T10:50:35+00:00\",\"dateModified\":\"2023-08-23T14:27:39+00:00\",\"breadcrumb\":{\"@id\":\"https:\\\/\\\/sienteomana.com\\\/en\\\/villabandin\\\/#breadcrumb\"},\"inLanguage\":\"es\",\"potentialAction\":[{\"@type\":\"ReadAction\",\"target\":[\"https:\\\/\\\/sienteomana.com\\\/en\\\/villabandin\\\/\"]}]},{\"@type\":\"ImageObject\",\"inLanguage\":\"es\",\"@id\":\"https:\\\/\\\/sienteomana.com\\\/en\\\/villabandin\\\/#primaryimage\",\"url\":\"https:\\\/\\\/sienteomana.com\\\/en\\\/wp-content\\\/uploads\\\/sites\\\/2\\\/2019\\\/03\\\/casas.jpg\",\"contentUrl\":\"https:\\\/\\\/sienteomana.com\\\/en\\\/wp-content\\\/uploads\\\/sites\\\/2\\\/2019\\\/03\\\/casas.jpg\"},{\"@type\":\"BreadcrumbList\",\"@id\":\"https:\\\/\\\/sienteomana.com\\\/en\\\/villabandin\\\/#breadcrumb\",\"itemListElement\":[{\"@type\":\"ListItem\",\"position\":1,\"name\":\"Home\",\"item\":\"https:\\\/\\\/sienteomana.com\\\/en\\\/\"},{\"@type\":\"ListItem\",\"position\":2,\"name\":\"VILLABAND\u00cdN\"}]},{\"@type\":\"WebSite\",\"@id\":\"https:\\\/\\\/sienteomana.com\\\/en\\\/#website\",\"url\":\"https:\\\/\\\/sienteomana.com\\\/en\\\/\",\"name\":\"(EN) Siente Oma\u00f1a\",\"description\":\"Oma\u00f1a\",\"potentialAction\":[{\"@type\":\"SearchAction\",\"target\":{\"@type\":\"EntryPoint\",\"urlTemplate\":\"https:\\\/\\\/sienteomana.com\\\/en\\\/?s={search_term_string}\"},\"query-input\":{\"@type\":\"PropertyValueSpecification\",\"valueRequired\":true,\"valueName\":\"search_term_string\"}}],\"inLanguage\":\"es\"}]}<\/script>\n<!-- \/ Yoast SEO plugin. -->","yoast_head_json":{"title":"VILLABAND\u00cdN - (EN) Siente Oma\u00f1a","robots":{"index":"index","follow":"follow","max-snippet":"max-snippet:-1","max-image-preview":"max-image-preview:large","max-video-preview":"max-video-preview:-1"},"canonical":"https:\/\/sienteomana.com\/en\/villabandin\/","og_locale":"es_ES","og_type":"article","og_title":"VILLABAND\u00cdN - (EN) Siente Oma\u00f1a","og_description":"Villaband\u00edn The main village of Valle Chico, it celebrates Corpus Christi and still preserves the mill and dairy. A privileged access point to the Alto de la Ca\u00f1ada, the main peak of Oma\u00f1a at 2,154 metres high, it gives its [&hellip;]","og_url":"https:\/\/sienteomana.com\/en\/villabandin\/","og_site_name":"(EN) Siente Oma\u00f1a","article_modified_time":"2023-08-23T14:27:39+00:00","og_image":[{"url":"https:\/\/sienteomana.com\/en\/wp-content\/uploads\/sites\/2\/2019\/03\/casas.jpg","type":"","width":"","height":""}],"twitter_card":"summary_large_image","twitter_misc":{"Tiempo de lectura":"3 minutos"},"schema":{"@context":"https:\/\/schema.org","@graph":[{"@type":"WebPage","@id":"https:\/\/sienteomana.com\/en\/villabandin\/","url":"https:\/\/sienteomana.com\/en\/villabandin\/","name":"VILLABAND\u00cdN - (EN) Siente Oma\u00f1a","isPartOf":{"@id":"https:\/\/sienteomana.com\/en\/#website"},"primaryImageOfPage":{"@id":"https:\/\/sienteomana.com\/en\/villabandin\/#primaryimage"},"image":{"@id":"https:\/\/sienteomana.com\/en\/villabandin\/#primaryimage"},"thumbnailUrl":"https:\/\/sienteomana.com\/en\/wp-content\/uploads\/sites\/2\/2019\/03\/casas.jpg","datePublished":"2019-03-23T10:50:35+00:00","dateModified":"2023-08-23T14:27:39+00:00","breadcrumb":{"@id":"https:\/\/sienteomana.com\/en\/villabandin\/#breadcrumb"},"inLanguage":"es","potentialAction":[{"@type":"ReadAction","target":["https:\/\/sienteomana.com\/en\/villabandin\/"]}]},{"@type":"ImageObject","inLanguage":"es","@id":"https:\/\/sienteomana.com\/en\/villabandin\/#primaryimage","url":"https:\/\/sienteomana.com\/en\/wp-content\/uploads\/sites\/2\/2019\/03\/casas.jpg","contentUrl":"https:\/\/sienteomana.com\/en\/wp-content\/uploads\/sites\/2\/2019\/03\/casas.jpg"},{"@type":"BreadcrumbList","@id":"https:\/\/sienteomana.com\/en\/villabandin\/#breadcrumb","itemListElement":[{"@type":"ListItem","position":1,"name":"Home","item":"https:\/\/sienteomana.com\/en\/"},{"@type":"ListItem","position":2,"name":"VILLABAND\u00cdN"}]},{"@type":"WebSite","@id":"https:\/\/sienteomana.com\/en\/#website","url":"https:\/\/sienteomana.com\/en\/","name":"(EN) Siente Oma\u00f1a","description":"Oma\u00f1a","potentialAction":[{"@type":"SearchAction","target":{"@type":"EntryPoint","urlTemplate":"https:\/\/sienteomana.com\/en\/?s={search_term_string}"},"query-input":{"@type":"PropertyValueSpecification","valueRequired":true,"valueName":"search_term_string"}}],"inLanguage":"es"}]}},"_links":{"self":[{"href":"https:\/\/sienteomana.com\/en\/wp-json\/wp\/v2\/pages\/10988","targetHints":{"allow":["GET"]}}],"collection":[{"href":"https:\/\/sienteomana.com\/en\/wp-json\/wp\/v2\/pages"}],"about":[{"href":"https:\/\/sienteomana.com\/en\/wp-json\/wp\/v2\/types\/page"}],"author":[{"embeddable":true,"href":"https:\/\/sienteomana.com\/en\/wp-json\/wp\/v2\/users\/2"}],"replies":[{"embeddable":true,"href":"https:\/\/sienteomana.com\/en\/wp-json\/wp\/v2\/comments?post=10988"}],"version-history":[{"count":21,"href":"https:\/\/sienteomana.com\/en\/wp-json\/wp\/v2\/pages\/10988\/revisions"}],"predecessor-version":[{"id":14813,"href":"https:\/\/sienteomana.com\/en\/wp-json\/wp\/v2\/pages\/10988\/revisions\/14813"}],"wp:attachment":[{"href":"https:\/\/sienteomana.com\/en\/wp-json\/wp\/v2\/media?parent=10988"}],"curies":[{"name":"wp","href":"https:\/\/api.w.org\/{rel}","templated":true}]}}