{"id":10976,"date":"2019-03-23T10:40:39","date_gmt":"2019-03-23T10:40:39","guid":{"rendered":"https:\/\/sienteomana.com\/en\/?page_id=10976"},"modified":"2023-08-23T14:26:00","modified_gmt":"2023-08-23T14:26:00","slug":"vegapujin","status":"publish","type":"page","link":"https:\/\/sienteomana.com\/en\/vegapujin\/","title":{"rendered":"VEGAPUJ\u00cdN"},"content":{"rendered":"<div class=\"standard_wrapper\">\n<div  class=\"one_third withsmallpadding ppb_text\" style=\"padding:30px 0 30px 0;\" >\n<div class=\"standard_wrapper\">\n<div class=\"page_content_wrapper\">\n<div class=\"inner\">\n<div style=\"margin:auto;width:100%\">\n<h1 style=\"text-align: right;\"><span style=\"color: #99cc00;\">Vegapuj\u00edn<br \/>\n<\/span><\/h1>\n<\/div>\n<\/div>\n<\/div>\n<\/div>\n<\/div>\n<\/div>\n<div class=\"standard_wrapper\">\n<div  class=\"two_third last withsmallpadding ppb_text\" style=\"padding:30px 0 30px 0;\" >\n<div class=\"standard_wrapper\">\n<div class=\"page_content_wrapper\">\n<div class=\"inner\">\n<div style=\"margin:auto;width:100%\">\n<p>Vegapuj\u00edn has several architectural and ethnographic elements of special protection: the forge, the colt or the dairy.<\/p>\n<p>The peaks of Pe\u00f1a Cefera and Arcos del Agua, with their glacial lakes and the rocky glacier of Las Machadas, are located in the municipality.<\/p>\n<p>Vegapuj\u00edn celebrates its patron saint&#8217;s day on Epiphany.<\/p>\n<\/div>\n<\/div>\n<\/div>\n<\/div>\n<\/div>\n<\/div>\n<div class=\"standard_wrapper\">\n<div  class=\"two_third last withsmallpadding ppb_text\" style=\"padding:30px 0 30px 0;\" >\n<div class=\"standard_wrapper\">\n<div class=\"page_content_wrapper\">\n<div class=\"inner\">\n<div style=\"margin:auto;width:100%\">\n<p>Vegapuj\u00edn has several architectural and ethnographic elements of special protection: the forge, the colt or the dairy.<\/p>\n<p>The peaks of Pe\u00f1a Cefera and Arcos del Agua, with their glacial lakes and the rocky glacier of Las Machadas, are located in the municipality.<\/p>\n<p>Vegapuj\u00edn celebrates its patron saint&#8217;s day on Epiphany.<\/p>\n<\/div>\n<\/div>\n<\/div>\n<\/div>\n<\/div>\n<\/div>\n<div class=\"standard_wrapper\">\n<div  class=\"two_third last withsmallpadding ppb_text\" style=\"padding:30px 0 30px 0;\" >\n<div class=\"standard_wrapper\">\n<div class=\"page_content_wrapper\">\n<div class=\"inner\">\n<div style=\"margin:auto;width:100%\">\n<p>Vegapuj\u00edn has several architectural and ethnographic elements of special protection: the forge, the colt or the dairy.<\/p>\n<p>The peaks of Pe\u00f1a Cefera and Arcos del Agua, with their glacial lakes and the rocky glacier of Las Machadas, are located in the municipality.<\/p>\n<p>Vegapuj\u00edn celebrates its patron saint&#8217;s day on Epiphany.<\/p>\n<\/div>\n<\/div>\n<\/div>\n<\/div>\n<\/div>\n<\/div>\n<div class=\"standard_wrapper\">\n<div  class=\"two_third last withsmallpadding ppb_text\" style=\"padding:30px 0 30px 0;\" >\n<div class=\"standard_wrapper\">\n<div class=\"page_content_wrapper\">\n<div class=\"inner\">\n<div style=\"margin:auto;width:100%\">\n<p>Vegapuj\u00edn has several architectural and ethnographic elements of special protection: the forge, the colt or the dairy.<\/p>\n<p>The peaks of Pe\u00f1a Cefera and Arcos del Agua, with their glacial lakes and the rocky glacier of Las Machadas, are located in the municipality.<\/p>\n<p>Vegapuj\u00edn celebrates its patron saint&#8217;s day on Epiphany.<\/p>\n<\/div>\n<\/div>\n<\/div>\n<\/div>\n<\/div>\n<\/div>\n","protected":false},"excerpt":{"rendered":"<p>Vegapuj\u00edn Vegapuj\u00edn has several architectural and ethnographic elements of special protection: the forge, the colt or the dairy. The peaks of Pe\u00f1a Cefera and Arcos del Agua, with their glacial lakes and the rocky glacier of Las Machadas, are located [&hellip;]<\/p>\n","protected":false},"author":2,"featured_media":0,"parent":0,"menu_order":0,"comment_status":"closed","ping_status":"closed","template":"","meta":{"inline_featured_image":false,"footnotes":""},"class_list":["post-10976","page","type-page","status-publish","hentry"],"yoast_head":"<!-- This site is optimized with the Yoast SEO plugin v27.3 - https:\/\/yoast.com\/product\/yoast-seo-wordpress\/ -->\n<title>VEGAPUJ\u00cdN - (EN) Siente Oma\u00f1a<\/title>\n<meta name=\"robots\" content=\"index, follow, max-snippet:-1, max-image-preview:large, max-video-preview:-1\" \/>\n<link rel=\"canonical\" href=\"https:\/\/sienteomana.com\/en\/vegapujin\/\" \/>\n<meta property=\"og:locale\" content=\"es_ES\" \/>\n<meta property=\"og:type\" content=\"article\" \/>\n<meta property=\"og:title\" content=\"VEGAPUJ\u00cdN - (EN) Siente Oma\u00f1a\" \/>\n<meta property=\"og:description\" content=\"Vegapuj\u00edn Vegapuj\u00edn has several architectural and ethnographic elements of special protection: the forge, the colt or the dairy. The peaks of Pe\u00f1a Cefera and Arcos del Agua, with their glacial lakes and the rocky glacier of Las Machadas, are located [&hellip;]\" \/>\n<meta property=\"og:url\" content=\"https:\/\/sienteomana.com\/en\/vegapujin\/\" \/>\n<meta property=\"og:site_name\" content=\"(EN) Siente Oma\u00f1a\" \/>\n<meta property=\"article:modified_time\" content=\"2023-08-23T14:26:00+00:00\" \/>\n<meta name=\"twitter:card\" content=\"summary_large_image\" \/>\n<meta name=\"twitter:label1\" content=\"Tiempo de lectura\" \/>\n\t<meta name=\"twitter:data1\" content=\"1 minuto\" \/>\n<script type=\"application\/ld+json\" class=\"yoast-schema-graph\">{\"@context\":\"https:\\\/\\\/schema.org\",\"@graph\":[{\"@type\":\"WebPage\",\"@id\":\"https:\\\/\\\/sienteomana.com\\\/en\\\/vegapujin\\\/\",\"url\":\"https:\\\/\\\/sienteomana.com\\\/en\\\/vegapujin\\\/\",\"name\":\"VEGAPUJ\u00cdN - (EN) Siente Oma\u00f1a\",\"isPartOf\":{\"@id\":\"https:\\\/\\\/sienteomana.com\\\/en\\\/#website\"},\"datePublished\":\"2019-03-23T10:40:39+00:00\",\"dateModified\":\"2023-08-23T14:26:00+00:00\",\"breadcrumb\":{\"@id\":\"https:\\\/\\\/sienteomana.com\\\/en\\\/vegapujin\\\/#breadcrumb\"},\"inLanguage\":\"es\",\"potentialAction\":[{\"@type\":\"ReadAction\",\"target\":[\"https:\\\/\\\/sienteomana.com\\\/en\\\/vegapujin\\\/\"]}]},{\"@type\":\"BreadcrumbList\",\"@id\":\"https:\\\/\\\/sienteomana.com\\\/en\\\/vegapujin\\\/#breadcrumb\",\"itemListElement\":[{\"@type\":\"ListItem\",\"position\":1,\"name\":\"Home\",\"item\":\"https:\\\/\\\/sienteomana.com\\\/en\\\/\"},{\"@type\":\"ListItem\",\"position\":2,\"name\":\"VEGAPUJ\u00cdN\"}]},{\"@type\":\"WebSite\",\"@id\":\"https:\\\/\\\/sienteomana.com\\\/en\\\/#website\",\"url\":\"https:\\\/\\\/sienteomana.com\\\/en\\\/\",\"name\":\"(EN) Siente Oma\u00f1a\",\"description\":\"Oma\u00f1a\",\"potentialAction\":[{\"@type\":\"SearchAction\",\"target\":{\"@type\":\"EntryPoint\",\"urlTemplate\":\"https:\\\/\\\/sienteomana.com\\\/en\\\/?s={search_term_string}\"},\"query-input\":{\"@type\":\"PropertyValueSpecification\",\"valueRequired\":true,\"valueName\":\"search_term_string\"}}],\"inLanguage\":\"es\"}]}<\/script>\n<!-- \/ Yoast SEO plugin. -->","yoast_head_json":{"title":"VEGAPUJ\u00cdN - (EN) Siente Oma\u00f1a","robots":{"index":"index","follow":"follow","max-snippet":"max-snippet:-1","max-image-preview":"max-image-preview:large","max-video-preview":"max-video-preview:-1"},"canonical":"https:\/\/sienteomana.com\/en\/vegapujin\/","og_locale":"es_ES","og_type":"article","og_title":"VEGAPUJ\u00cdN - (EN) Siente Oma\u00f1a","og_description":"Vegapuj\u00edn Vegapuj\u00edn has several architectural and ethnographic elements of special protection: the forge, the colt or the dairy. The peaks of Pe\u00f1a Cefera and Arcos del Agua, with their glacial lakes and the rocky glacier of Las Machadas, are located [&hellip;]","og_url":"https:\/\/sienteomana.com\/en\/vegapujin\/","og_site_name":"(EN) Siente Oma\u00f1a","article_modified_time":"2023-08-23T14:26:00+00:00","twitter_card":"summary_large_image","twitter_misc":{"Tiempo de lectura":"1 minuto"},"schema":{"@context":"https:\/\/schema.org","@graph":[{"@type":"WebPage","@id":"https:\/\/sienteomana.com\/en\/vegapujin\/","url":"https:\/\/sienteomana.com\/en\/vegapujin\/","name":"VEGAPUJ\u00cdN - (EN) Siente Oma\u00f1a","isPartOf":{"@id":"https:\/\/sienteomana.com\/en\/#website"},"datePublished":"2019-03-23T10:40:39+00:00","dateModified":"2023-08-23T14:26:00+00:00","breadcrumb":{"@id":"https:\/\/sienteomana.com\/en\/vegapujin\/#breadcrumb"},"inLanguage":"es","potentialAction":[{"@type":"ReadAction","target":["https:\/\/sienteomana.com\/en\/vegapujin\/"]}]},{"@type":"BreadcrumbList","@id":"https:\/\/sienteomana.com\/en\/vegapujin\/#breadcrumb","itemListElement":[{"@type":"ListItem","position":1,"name":"Home","item":"https:\/\/sienteomana.com\/en\/"},{"@type":"ListItem","position":2,"name":"VEGAPUJ\u00cdN"}]},{"@type":"WebSite","@id":"https:\/\/sienteomana.com\/en\/#website","url":"https:\/\/sienteomana.com\/en\/","name":"(EN) Siente Oma\u00f1a","description":"Oma\u00f1a","potentialAction":[{"@type":"SearchAction","target":{"@type":"EntryPoint","urlTemplate":"https:\/\/sienteomana.com\/en\/?s={search_term_string}"},"query-input":{"@type":"PropertyValueSpecification","valueRequired":true,"valueName":"search_term_string"}}],"inLanguage":"es"}]}},"_links":{"self":[{"href":"https:\/\/sienteomana.com\/en\/wp-json\/wp\/v2\/pages\/10976","targetHints":{"allow":["GET"]}}],"collection":[{"href":"https:\/\/sienteomana.com\/en\/wp-json\/wp\/v2\/pages"}],"about":[{"href":"https:\/\/sienteomana.com\/en\/wp-json\/wp\/v2\/types\/page"}],"author":[{"embeddable":true,"href":"https:\/\/sienteomana.com\/en\/wp-json\/wp\/v2\/users\/2"}],"replies":[{"embeddable":true,"href":"https:\/\/sienteomana.com\/en\/wp-json\/wp\/v2\/comments?post=10976"}],"version-history":[{"count":20,"href":"https:\/\/sienteomana.com\/en\/wp-json\/wp\/v2\/pages\/10976\/revisions"}],"predecessor-version":[{"id":14812,"href":"https:\/\/sienteomana.com\/en\/wp-json\/wp\/v2\/pages\/10976\/revisions\/14812"}],"wp:attachment":[{"href":"https:\/\/sienteomana.com\/en\/wp-json\/wp\/v2\/media?parent=10976"}],"curies":[{"name":"wp","href":"https:\/\/api.w.org\/{rel}","templated":true}]}}