{"id":10948,"date":"2019-03-23T10:02:20","date_gmt":"2019-03-23T10:02:20","guid":{"rendered":"https:\/\/sienteomana.com\/en\/?page_id=10948"},"modified":"2023-08-23T14:12:16","modified_gmt":"2023-08-23T14:12:16","slug":"posada-de-omana","status":"publish","type":"page","link":"https:\/\/sienteomana.com\/en\/posada-de-omana\/","title":{"rendered":"POSADA DE OMA\u00d1A"},"content":{"rendered":"<div  class=\"one\" style=\"padding:0px 0 0px 0;\" >\n<div class=\"page_content_wrapper withbg\" style=\"background-image:url(https:\/\/sienteomana.com\/wp-content\/uploads\/sites\/2\/2019\/03\/corredorpoada.jpg);background-size:cover;background-position:center bottom;height:815px;position:relative;\"><\/div>\n<\/div>\n<div class=\"standard_wrapper\">\n<div  class=\"one_third withsmallpadding ppb_text\" style=\"padding:30px 0 30px 0;\" >\n<div class=\"standard_wrapper\">\n<div class=\"page_content_wrapper\">\n<div class=\"inner\">\n<div style=\"margin:auto;width:100%\">\n<h1 style=\"text-align: right;\"><span style=\"color: #99cc00;\">Posada de Oma\u00f1a<br \/>\n<\/span><\/h1>\n<\/div>\n<\/div>\n<\/div>\n<\/div>\n<\/div>\n<\/div>\n<div class=\"standard_wrapper\">\n<div  class=\"two_third last withsmallpadding ppb_text\" style=\"padding:30px 0 30px 0;\" >\n<div class=\"standard_wrapper\">\n<div class=\"page_content_wrapper\">\n<div class=\"inner\">\n<div style=\"margin:auto;width:100%\">\n<p>Located in the heart of the Valle Gordo, Posada de Oma\u00f1a is known for the high quality of the potatoes it grows. Today it still conserves important examples of houses with traditional wooden corridors.<\/p>\n<p>Every 15th August it is customary to go on a pilgrimage to the hermitage of Nuestra Se\u00f1ora de Pe\u00f1afurada, located halfway between Posada de Oma\u00f1a and Tremor de Arriba, in El Bierzo. On 16 August, the traditional \u00abbollas de San Roque\u00bb are handed out to the members of the Brotherhood. Since 2006, a Tapas Competition has also been held on the second Sunday in August to promote the Valle Gordo Potato.<\/p>\n<\/div>\n<\/div>\n<\/div>\n<\/div>\n<\/div>\n<\/div>\n<div class=\"one\" >\n<div class=\"horizontal_gallery\">\n<table class=\"horizontal_gallery_wrapper\">\n<tbody>\n<tr>\n<td><a data-caption=\"Posada desde el Campanario de la Iglesia\"class=\"fancy-gallery\" href=\"https:\/\/sienteomana.com\/en\/wp-content\/uploads\/sites\/2\/2019\/03\/campanaytejados.jpg\"><\/p>\n<div class=\"gallery_image_wrapper\">\n\t\t\t\t    \t<img decoding=\"async\" src=\"https:\/\/sienteomana.com\/en\/wp-content\/uploads\/sites\/2\/2019\/03\/campanaytejados.jpg\" alt=\"\" class=\"horizontal_gallery_img\"\/><\/div>\n<p>\t    \t<\/a><\/p>\n<div class=\"wp-caption aligncenter\">\n<p class=\"wp-caption-text\">Posada desde el Campanario de la Iglesia<\/p>\n<\/div>\n<\/td>\n<td><a data-caption=\"Arquitectura tradicional. Corredor y tejados de pizarra\"class=\"fancy-gallery\" href=\"https:\/\/sienteomana.com\/en\/wp-content\/uploads\/sites\/2\/2019\/03\/corredor1posada.jpg\"><\/p>\n<div class=\"gallery_image_wrapper\">\n\t\t\t\t    \t<img decoding=\"async\" src=\"https:\/\/sienteomana.com\/en\/wp-content\/uploads\/sites\/2\/2019\/03\/corredor1posada.jpg\" alt=\"\" class=\"horizontal_gallery_img\"\/><\/div>\n<p>\t    \t<\/a><\/p>\n<div class=\"wp-caption aligncenter\">\n<p class=\"wp-caption-text\">Arquitectura tradicional. Corredor y tejados de pizarra<\/p>\n<\/div>\n<\/td>\n<td><a data-caption=\"\"class=\"fancy-gallery\" href=\"https:\/\/sienteomana.com\/en\/wp-content\/uploads\/sites\/2\/2019\/03\/tejadosposada.jpg\"><\/p>\n<div class=\"gallery_image_wrapper\">\n\t\t\t\t    \t<img decoding=\"async\" src=\"https:\/\/sienteomana.com\/en\/wp-content\/uploads\/sites\/2\/2019\/03\/tejadosposada.jpg\" alt=\"\" class=\"horizontal_gallery_img\"\/><\/div>\n<p>\t    \t<\/a><\/p>\n<div class=\"wp-caption aligncenter\">\n<p class=\"wp-caption-text\">\n<\/div>\n<\/td>\n<td><a data-caption=\"Iglesia Parroquial \"class=\"fancy-gallery\" href=\"https:\/\/sienteomana.com\/en\/wp-content\/uploads\/sites\/2\/2019\/03\/iglesiaposada.jpg\"><\/p>\n<div class=\"gallery_image_wrapper\">\n\t\t\t\t    \t<img decoding=\"async\" src=\"https:\/\/sienteomana.com\/en\/wp-content\/uploads\/sites\/2\/2019\/03\/iglesiaposada.jpg\" alt=\"\" class=\"horizontal_gallery_img\"\/><\/div>\n<p>\t    \t<\/a><\/p>\n<div class=\"wp-caption aligncenter\">\n<p class=\"wp-caption-text\">Iglesia Parroquial <\/p>\n<\/div>\n<\/td>\n<td><a data-caption=\"Ermita\"class=\"fancy-gallery\" href=\"https:\/\/sienteomana.com\/en\/wp-content\/uploads\/sites\/2\/2019\/03\/ermitaposada1.jpg\"><\/p>\n<div class=\"gallery_image_wrapper\">\n\t\t\t\t    \t<img decoding=\"async\" src=\"https:\/\/sienteomana.com\/en\/wp-content\/uploads\/sites\/2\/2019\/03\/ermitaposada1.jpg\" alt=\"\" class=\"horizontal_gallery_img\"\/><\/div>\n<p>\t    \t<\/a><\/p>\n<div class=\"wp-caption aligncenter\">\n<p class=\"wp-caption-text\">Ermita<\/p>\n<\/div>\n<\/td>\n<td><a data-caption=\"Interior de la ermita de Nuestra Se\u00f1ora de la Casa\"class=\"fancy-gallery\" href=\"https:\/\/sienteomana.com\/en\/wp-content\/uploads\/sites\/2\/2019\/03\/ermita-de-la-casa.jpg\"><\/p>\n<div class=\"gallery_image_wrapper\">\n\t\t\t\t    \t<img decoding=\"async\" src=\"https:\/\/sienteomana.com\/en\/wp-content\/uploads\/sites\/2\/2019\/03\/ermita-de-la-casa.jpg\" alt=\"\" class=\"horizontal_gallery_img\"\/><\/div>\n<p>\t    \t<\/a><\/p>\n<div class=\"wp-caption aligncenter\">\n<p class=\"wp-caption-text\">Interior de la ermita de Nuestra Se\u00f1ora de la Casa<\/p>\n<\/div>\n<\/td>\n<\/tr>\n<\/tbody>\n<\/table><\/div>\n<\/p><\/div>\n<div class=\"divider one\">&nbsp;<\/div>\n<div class=\"map_shortcode_wrapper\" id=\"map16927999362089198777\" style=\"width:100%;height:520px\">\n<div class=\"map-marker\" data-latlng=\"42.797778,-6.184722\" ><\/div>\n<\/div>\n<p><script>\n\t\tjQuery(document).ready(function(){ jQuery(\"#map16927999362089198777\").simplegmaps({ MapOptions: { zoom: 18,scrollwheel: false,styles: [\n    {\n        \"featureType\": \"all\",\n        \"elementType\": \"all\",\n        \"stylers\": [\n            {\n                \"visibility\": \"on\"\n            }\n        ]\n    },\n    {\n        \"featureType\": \"administrative\",\n        \"elementType\": \"all\",\n        \"stylers\": [\n            {\n                \"saturation\": \"-100\"\n            }\n        ]\n    },\n    {\n        \"featureType\": \"administrative.province\",\n        \"elementType\": \"all\",\n        \"stylers\": [\n            {\n                \"visibility\": \"off\"\n            }\n        ]\n    },\n    {\n        \"featureType\": \"administrative.neighborhood\",\n        \"elementType\": \"all\",\n        \"stylers\": [\n            {\n                \"visibility\": \"off\"\n            }\n        ]\n    },\n    {\n        \"featureType\": \"landscape\",\n        \"elementType\": \"all\",\n        \"stylers\": [\n            {\n                \"saturation\": -100\n            },\n            {\n                \"lightness\": 65\n            },\n            {\n                \"visibility\": \"on\"\n            }\n        ]\n    },\n    {\n        \"featureType\": \"poi\",\n        \"elementType\": \"all\",\n        \"stylers\": [\n            {\n                \"saturation\": -100\n            },\n            {\n                \"lightness\": \"50\"\n            },\n            {\n                \"visibility\": \"off\"\n            }\n        ]\n    },\n    {\n        \"featureType\": \"road\",\n        \"elementType\": \"all\",\n        \"stylers\": [\n            {\n                \"saturation\": \"-100\"\n            }\n        ]\n    },\n    {\n        \"featureType\": \"road.highway\",\n        \"elementType\": \"all\",\n        \"stylers\": [\n            {\n                \"visibility\": \"simplified\"\n            }\n        ]\n    },\n    {\n        \"featureType\": \"road.arterial\",\n        \"elementType\": \"all\",\n        \"stylers\": [\n            {\n                \"lightness\": \"30\"\n            }\n        ]\n    },\n    {\n        \"featureType\": \"road.local\",\n        \"elementType\": \"all\",\n        \"stylers\": [\n            {\n                \"lightness\": \"40\"\n            }\n        ]\n    },\n    {\n        \"featureType\": \"transit\",\n        \"elementType\": \"all\",\n        \"stylers\": [\n            {\n                \"saturation\": -100\n            },\n            {\n                \"visibility\": \"simplified\"\n            }\n        ]\n    },\n    {\n        \"featureType\": \"water\",\n        \"elementType\": \"geometry\",\n        \"stylers\": [\n            {\n                \"hue\": \"#ffff00\"\n            },\n            {\n                \"lightness\": -25\n            },\n            {\n                \"saturation\": -97\n            }\n        ]\n    },\n    {\n        \"featureType\": \"water\",\n        \"elementType\": \"labels\",\n        \"stylers\": [\n            {\n                \"lightness\": -25\n            },\n            {\n                \"saturation\": -100\n            }\n        ]\n    }\n], } }); });\n\t<\/script><\/p>\n","protected":false},"excerpt":{"rendered":"<p>Posada de Oma\u00f1a Located in the heart of the Valle Gordo, Posada de Oma\u00f1a is known for the high quality of the potatoes it grows. Today it still conserves important examples of houses with traditional wooden corridors. Every 15th August [&hellip;]<\/p>\n","protected":false},"author":2,"featured_media":0,"parent":0,"menu_order":0,"comment_status":"closed","ping_status":"closed","template":"","meta":{"inline_featured_image":false,"footnotes":""},"class_list":["post-10948","page","type-page","status-publish","hentry"],"yoast_head":"<!-- This site is optimized with the Yoast SEO plugin v27.3 - https:\/\/yoast.com\/product\/yoast-seo-wordpress\/ -->\n<title>POSADA DE OMA\u00d1A - (EN) Siente Oma\u00f1a<\/title>\n<meta name=\"robots\" content=\"index, follow, max-snippet:-1, max-image-preview:large, max-video-preview:-1\" \/>\n<link rel=\"canonical\" href=\"https:\/\/sienteomana.com\/en\/posada-de-omana\/\" \/>\n<meta property=\"og:locale\" content=\"es_ES\" \/>\n<meta property=\"og:type\" content=\"article\" \/>\n<meta property=\"og:title\" content=\"POSADA DE OMA\u00d1A - (EN) Siente Oma\u00f1a\" \/>\n<meta property=\"og:description\" content=\"Posada de Oma\u00f1a Located in the heart of the Valle Gordo, Posada de Oma\u00f1a is known for the high quality of the potatoes it grows. Today it still conserves important examples of houses with traditional wooden corridors. Every 15th August [&hellip;]\" \/>\n<meta property=\"og:url\" content=\"https:\/\/sienteomana.com\/en\/posada-de-omana\/\" \/>\n<meta property=\"og:site_name\" content=\"(EN) Siente Oma\u00f1a\" \/>\n<meta property=\"article:modified_time\" content=\"2023-08-23T14:12:16+00:00\" \/>\n<meta property=\"og:image\" content=\"https:\/\/sienteomana.com\/en\/wp-content\/uploads\/sites\/2\/2019\/03\/campanaytejados.jpg\" \/>\n<meta name=\"twitter:card\" content=\"summary_large_image\" \/>\n<meta name=\"twitter:label1\" content=\"Tiempo de lectura\" \/>\n\t<meta name=\"twitter:data1\" content=\"3 minutos\" \/>\n<script type=\"application\/ld+json\" class=\"yoast-schema-graph\">{\"@context\":\"https:\\\/\\\/schema.org\",\"@graph\":[{\"@type\":\"WebPage\",\"@id\":\"https:\\\/\\\/sienteomana.com\\\/en\\\/posada-de-omana\\\/\",\"url\":\"https:\\\/\\\/sienteomana.com\\\/en\\\/posada-de-omana\\\/\",\"name\":\"POSADA DE OMA\u00d1A - (EN) Siente Oma\u00f1a\",\"isPartOf\":{\"@id\":\"https:\\\/\\\/sienteomana.com\\\/en\\\/#website\"},\"primaryImageOfPage\":{\"@id\":\"https:\\\/\\\/sienteomana.com\\\/en\\\/posada-de-omana\\\/#primaryimage\"},\"image\":{\"@id\":\"https:\\\/\\\/sienteomana.com\\\/en\\\/posada-de-omana\\\/#primaryimage\"},\"thumbnailUrl\":\"https:\\\/\\\/sienteomana.com\\\/en\\\/wp-content\\\/uploads\\\/sites\\\/2\\\/2019\\\/03\\\/campanaytejados.jpg\",\"datePublished\":\"2019-03-23T10:02:20+00:00\",\"dateModified\":\"2023-08-23T14:12:16+00:00\",\"breadcrumb\":{\"@id\":\"https:\\\/\\\/sienteomana.com\\\/en\\\/posada-de-omana\\\/#breadcrumb\"},\"inLanguage\":\"es\",\"potentialAction\":[{\"@type\":\"ReadAction\",\"target\":[\"https:\\\/\\\/sienteomana.com\\\/en\\\/posada-de-omana\\\/\"]}]},{\"@type\":\"ImageObject\",\"inLanguage\":\"es\",\"@id\":\"https:\\\/\\\/sienteomana.com\\\/en\\\/posada-de-omana\\\/#primaryimage\",\"url\":\"https:\\\/\\\/sienteomana.com\\\/en\\\/wp-content\\\/uploads\\\/sites\\\/2\\\/2019\\\/03\\\/campanaytejados.jpg\",\"contentUrl\":\"https:\\\/\\\/sienteomana.com\\\/en\\\/wp-content\\\/uploads\\\/sites\\\/2\\\/2019\\\/03\\\/campanaytejados.jpg\"},{\"@type\":\"BreadcrumbList\",\"@id\":\"https:\\\/\\\/sienteomana.com\\\/en\\\/posada-de-omana\\\/#breadcrumb\",\"itemListElement\":[{\"@type\":\"ListItem\",\"position\":1,\"name\":\"Home\",\"item\":\"https:\\\/\\\/sienteomana.com\\\/en\\\/\"},{\"@type\":\"ListItem\",\"position\":2,\"name\":\"POSADA DE OMA\u00d1A\"}]},{\"@type\":\"WebSite\",\"@id\":\"https:\\\/\\\/sienteomana.com\\\/en\\\/#website\",\"url\":\"https:\\\/\\\/sienteomana.com\\\/en\\\/\",\"name\":\"(EN) Siente Oma\u00f1a\",\"description\":\"Oma\u00f1a\",\"potentialAction\":[{\"@type\":\"SearchAction\",\"target\":{\"@type\":\"EntryPoint\",\"urlTemplate\":\"https:\\\/\\\/sienteomana.com\\\/en\\\/?s={search_term_string}\"},\"query-input\":{\"@type\":\"PropertyValueSpecification\",\"valueRequired\":true,\"valueName\":\"search_term_string\"}}],\"inLanguage\":\"es\"}]}<\/script>\n<!-- \/ Yoast SEO plugin. -->","yoast_head_json":{"title":"POSADA DE OMA\u00d1A - (EN) Siente Oma\u00f1a","robots":{"index":"index","follow":"follow","max-snippet":"max-snippet:-1","max-image-preview":"max-image-preview:large","max-video-preview":"max-video-preview:-1"},"canonical":"https:\/\/sienteomana.com\/en\/posada-de-omana\/","og_locale":"es_ES","og_type":"article","og_title":"POSADA DE OMA\u00d1A - (EN) Siente Oma\u00f1a","og_description":"Posada de Oma\u00f1a Located in the heart of the Valle Gordo, Posada de Oma\u00f1a is known for the high quality of the potatoes it grows. Today it still conserves important examples of houses with traditional wooden corridors. Every 15th August [&hellip;]","og_url":"https:\/\/sienteomana.com\/en\/posada-de-omana\/","og_site_name":"(EN) Siente Oma\u00f1a","article_modified_time":"2023-08-23T14:12:16+00:00","og_image":[{"url":"https:\/\/sienteomana.com\/en\/wp-content\/uploads\/sites\/2\/2019\/03\/campanaytejados.jpg","type":"","width":"","height":""}],"twitter_card":"summary_large_image","twitter_misc":{"Tiempo de lectura":"3 minutos"},"schema":{"@context":"https:\/\/schema.org","@graph":[{"@type":"WebPage","@id":"https:\/\/sienteomana.com\/en\/posada-de-omana\/","url":"https:\/\/sienteomana.com\/en\/posada-de-omana\/","name":"POSADA DE OMA\u00d1A - (EN) Siente Oma\u00f1a","isPartOf":{"@id":"https:\/\/sienteomana.com\/en\/#website"},"primaryImageOfPage":{"@id":"https:\/\/sienteomana.com\/en\/posada-de-omana\/#primaryimage"},"image":{"@id":"https:\/\/sienteomana.com\/en\/posada-de-omana\/#primaryimage"},"thumbnailUrl":"https:\/\/sienteomana.com\/en\/wp-content\/uploads\/sites\/2\/2019\/03\/campanaytejados.jpg","datePublished":"2019-03-23T10:02:20+00:00","dateModified":"2023-08-23T14:12:16+00:00","breadcrumb":{"@id":"https:\/\/sienteomana.com\/en\/posada-de-omana\/#breadcrumb"},"inLanguage":"es","potentialAction":[{"@type":"ReadAction","target":["https:\/\/sienteomana.com\/en\/posada-de-omana\/"]}]},{"@type":"ImageObject","inLanguage":"es","@id":"https:\/\/sienteomana.com\/en\/posada-de-omana\/#primaryimage","url":"https:\/\/sienteomana.com\/en\/wp-content\/uploads\/sites\/2\/2019\/03\/campanaytejados.jpg","contentUrl":"https:\/\/sienteomana.com\/en\/wp-content\/uploads\/sites\/2\/2019\/03\/campanaytejados.jpg"},{"@type":"BreadcrumbList","@id":"https:\/\/sienteomana.com\/en\/posada-de-omana\/#breadcrumb","itemListElement":[{"@type":"ListItem","position":1,"name":"Home","item":"https:\/\/sienteomana.com\/en\/"},{"@type":"ListItem","position":2,"name":"POSADA DE OMA\u00d1A"}]},{"@type":"WebSite","@id":"https:\/\/sienteomana.com\/en\/#website","url":"https:\/\/sienteomana.com\/en\/","name":"(EN) Siente Oma\u00f1a","description":"Oma\u00f1a","potentialAction":[{"@type":"SearchAction","target":{"@type":"EntryPoint","urlTemplate":"https:\/\/sienteomana.com\/en\/?s={search_term_string}"},"query-input":{"@type":"PropertyValueSpecification","valueRequired":true,"valueName":"search_term_string"}}],"inLanguage":"es"}]}},"_links":{"self":[{"href":"https:\/\/sienteomana.com\/en\/wp-json\/wp\/v2\/pages\/10948","targetHints":{"allow":["GET"]}}],"collection":[{"href":"https:\/\/sienteomana.com\/en\/wp-json\/wp\/v2\/pages"}],"about":[{"href":"https:\/\/sienteomana.com\/en\/wp-json\/wp\/v2\/types\/page"}],"author":[{"embeddable":true,"href":"https:\/\/sienteomana.com\/en\/wp-json\/wp\/v2\/users\/2"}],"replies":[{"embeddable":true,"href":"https:\/\/sienteomana.com\/en\/wp-json\/wp\/v2\/comments?post=10948"}],"version-history":[{"count":9,"href":"https:\/\/sienteomana.com\/en\/wp-json\/wp\/v2\/pages\/10948\/revisions"}],"predecessor-version":[{"id":14805,"href":"https:\/\/sienteomana.com\/en\/wp-json\/wp\/v2\/pages\/10948\/revisions\/14805"}],"wp:attachment":[{"href":"https:\/\/sienteomana.com\/en\/wp-json\/wp\/v2\/media?parent=10948"}],"curies":[{"name":"wp","href":"https:\/\/api.w.org\/{rel}","templated":true}]}}