{"id":10932,"date":"2019-03-22T20:01:07","date_gmt":"2019-03-22T20:01:07","guid":{"rendered":"https:\/\/sienteomana.com\/en\/?page_id=10932"},"modified":"2023-08-23T12:47:31","modified_gmt":"2023-08-23T12:47:31","slug":"montrondo","status":"publish","type":"page","link":"https:\/\/sienteomana.com\/en\/montrondo\/","title":{"rendered":"MONTRONDO"},"content":{"rendered":"<div  class=\"one\" style=\"padding:0px 0 0px 0;\" >\n<div class=\"page_content_wrapper withbg\" style=\"background-image:url(https:\/\/sienteomana.com\/wp-content\/uploads\/sites\/2\/2019\/03\/montrondo.jpg);background-size:cover;background-position:center bottom;height:815px;position:relative;\"><\/div>\n<\/div>\n<div class=\"standard_wrapper\">\n<div  class=\"one_third withsmallpadding ppb_text\" style=\"padding:30px 0 30px 0;\" >\n<div class=\"standard_wrapper\">\n<div class=\"page_content_wrapper\">\n<div class=\"inner\">\n<div style=\"margin:auto;width:100%\">\n<h1 style=\"text-align: right;\"><span style=\"color: #99cc00;\">Montrondo<br \/>\n<\/span><\/h1>\n<\/div>\n<\/div>\n<\/div>\n<\/div>\n<\/div>\n<\/div>\n<div class=\"standard_wrapper\">\n<div  class=\"two_third last withsmallpadding ppb_text\" style=\"padding:30px 0 30px 0;\" >\n<div class=\"standard_wrapper\">\n<div class=\"page_content_wrapper\">\n<div class=\"inner\">\n<div style=\"margin:auto;width:100%\">\n<p>It is the closest village to the source of the river that gives its name to the whole region, the Oma\u00f1a, and is the starting point to access the mythical mountain of the area: El Tambar\u00f3n (signposted route of Las Fuentes del Oma\u00f1a).<\/p>\n<p>From Montrondo you can visit El Llao or El Chao (The Lake), a relic of the glacial eras at the foot of the crag of Los Dados and very close to the south-western summit of El Tambar\u00f3n. The village celebrates Corpus Christi and Santa Marta.<\/p>\n<\/div>\n<\/div>\n<\/div>\n<\/div>\n<\/div>\n<\/div>\n<div class=\"one\" >\n<div class=\"horizontal_gallery\">\n<table class=\"horizontal_gallery_wrapper\">\n<tbody>\n<tr>\n<td><a data-caption=\"\"class=\"fancy-gallery\" href=\"https:\/\/sienteomana.com\/en\/wp-content\/uploads\/sites\/2\/2019\/03\/bancospueblo.jpg\"><\/p>\n<div class=\"gallery_image_wrapper\">\n\t\t\t\t    \t<img decoding=\"async\" src=\"https:\/\/sienteomana.com\/en\/wp-content\/uploads\/sites\/2\/2019\/03\/bancospueblo.jpg\" alt=\"\" class=\"horizontal_gallery_img\"\/><\/div>\n<p>\t    \t<\/a><\/p>\n<div class=\"wp-caption aligncenter\">\n<p class=\"wp-caption-text\">\n<\/div>\n<\/td>\n<td><a data-caption=\"\"class=\"fancy-gallery\" href=\"https:\/\/sienteomana.com\/en\/wp-content\/uploads\/sites\/2\/2019\/03\/indicador3.jpg\"><\/p>\n<div class=\"gallery_image_wrapper\">\n\t\t\t\t    \t<img decoding=\"async\" src=\"https:\/\/sienteomana.com\/en\/wp-content\/uploads\/sites\/2\/2019\/03\/indicador3.jpg\" alt=\"\" class=\"horizontal_gallery_img\"\/><\/div>\n<p>\t    \t<\/a><\/p>\n<div class=\"wp-caption aligncenter\">\n<p class=\"wp-caption-text\">\n<\/div>\n<\/td>\n<td><a data-caption=\"\"class=\"fancy-gallery\" href=\"https:\/\/sienteomana.com\/en\/wp-content\/uploads\/sites\/2\/2019\/03\/panoramicapueblo.jpg\"><\/p>\n<div class=\"gallery_image_wrapper\">\n\t\t\t\t    \t<img decoding=\"async\" src=\"https:\/\/sienteomana.com\/en\/wp-content\/uploads\/sites\/2\/2019\/03\/panoramicapueblo.jpg\" alt=\"\" class=\"horizontal_gallery_img\"\/><\/div>\n<p>\t    \t<\/a><\/p>\n<div class=\"wp-caption aligncenter\">\n<p class=\"wp-caption-text\">\n<\/div>\n<\/td>\n<td><a data-caption=\"Pil\u00f3n\"class=\"fancy-gallery\" href=\"https:\/\/sienteomana.com\/en\/wp-content\/uploads\/sites\/2\/2019\/03\/pilon.jpg\"><\/p>\n<div class=\"gallery_image_wrapper\">\n\t\t\t\t    \t<img decoding=\"async\" src=\"https:\/\/sienteomana.com\/en\/wp-content\/uploads\/sites\/2\/2019\/03\/pilon.jpg\" alt=\"\" class=\"horizontal_gallery_img\"\/><\/div>\n<p>\t    \t<\/a><\/p>\n<div class=\"wp-caption aligncenter\">\n<p class=\"wp-caption-text\">Pil\u00f3n<\/p>\n<\/div>\n<\/td>\n<td><a data-caption=\"Iglesia de Santa Marta. Campanario.\"class=\"fancy-gallery\" href=\"https:\/\/sienteomana.com\/en\/wp-content\/uploads\/sites\/2\/2019\/03\/iglesia-2.jpg\"><\/p>\n<div class=\"gallery_image_wrapper\">\n\t\t\t\t    \t<img decoding=\"async\" src=\"https:\/\/sienteomana.com\/en\/wp-content\/uploads\/sites\/2\/2019\/03\/iglesia-2.jpg\" alt=\"\" class=\"horizontal_gallery_img\"\/><\/div>\n<p>\t    \t<\/a><\/p>\n<div class=\"wp-caption aligncenter\">\n<p class=\"wp-caption-text\">Iglesia de Santa Marta. Campanario.<\/p>\n<\/div>\n<\/td>\n<td><a data-caption=\"Iglesia de Santa Marta\"class=\"fancy-gallery\" href=\"https:\/\/sienteomana.com\/en\/wp-content\/uploads\/sites\/2\/2019\/03\/iglesia2.jpg\"><\/p>\n<div class=\"gallery_image_wrapper\">\n\t\t\t\t    \t<img decoding=\"async\" src=\"https:\/\/sienteomana.com\/en\/wp-content\/uploads\/sites\/2\/2019\/03\/iglesia2.jpg\" alt=\"\" class=\"horizontal_gallery_img\"\/><\/div>\n<p>\t    \t<\/a><\/p>\n<div class=\"wp-caption aligncenter\">\n<p class=\"wp-caption-text\">Iglesia de Santa Marta<\/p>\n<\/div>\n<\/td>\n<td><a data-caption=\"Portal de la Iglesia de Santa Marta\"class=\"fancy-gallery\" href=\"https:\/\/sienteomana.com\/en\/wp-content\/uploads\/sites\/2\/2019\/03\/portadaiglesia-1.jpg\"><\/p>\n<div class=\"gallery_image_wrapper\">\n\t\t\t\t    \t<img decoding=\"async\" src=\"https:\/\/sienteomana.com\/en\/wp-content\/uploads\/sites\/2\/2019\/03\/portadaiglesia-1.jpg\" alt=\"\" class=\"horizontal_gallery_img\"\/><\/div>\n<p>\t    \t<\/a><\/p>\n<div class=\"wp-caption aligncenter\">\n<p class=\"wp-caption-text\">Portal de la Iglesia de Santa Marta<\/p>\n<\/div>\n<\/td>\n<td><a data-caption=\"Se\u00f1alizador Ruta Fuentes del Oma\u00f1a\"class=\"fancy-gallery\" href=\"https:\/\/sienteomana.com\/en\/wp-content\/uploads\/sites\/2\/2019\/03\/sen\u0303alizadorfuentesoman\u0303a.jpg\"><\/p>\n<div class=\"gallery_image_wrapper\">\n\t\t\t\t    \t<img decoding=\"async\" src=\"https:\/\/sienteomana.com\/en\/wp-content\/uploads\/sites\/2\/2019\/03\/sen\u0303alizadorfuentesoman\u0303a.jpg\" alt=\"\" class=\"horizontal_gallery_img\"\/><\/div>\n<p>\t    \t<\/a><\/p>\n<div class=\"wp-caption aligncenter\">\n<p class=\"wp-caption-text\">Se\u00f1alizador Ruta Fuentes del Oma\u00f1a<\/p>\n<\/div>\n<\/td>\n<\/tr>\n<\/tbody>\n<\/table><\/div>\n<\/p><\/div>\n<div  class=\"one withsmallpadding ppb_header \" style=\"text-align:left;padding:30px 0 30px 0;\" >\n<div class=\"standard_wrapper\">\n<div class=\"page_content_wrapper\">\n<div class=\"inner\">\n<div style=\"margin:auto;width:100%\">\n<h2 class=\"ppb_title\" style=\"\">LA LEYENDA DEL LLAO<\/h2>\n<\/div>\n<\/div>\n<\/div>\n<\/div>\n<\/div>\n<div class=\"standard_wrapper\">\n<div  class=\"one_half withsmallpadding ppb_text\" style=\"padding:30px 0 30px 0;\" >\n<div class=\"standard_wrapper\">\n<div class=\"page_content_wrapper\">\n<div class=\"inner\">\n<div style=\"margin:auto;width:100%\">\n<p>En los filandones se cuenta la leyenda del drag\u00f3n del Llao, remota morada de una serpiente descomunal que manten\u00eda aterrorizados a los feligreses del pueblo. El drag\u00f3n exig\u00eda a los vecinos que cada a\u00f1o por la fiesta de El Corpus le entregaran una doncella. La elecci\u00f3n de la joven se hac\u00eda por sorteo y en cierta ocasi\u00f3n le toc\u00f3 el turno a una familia poderosa que a base de dinero y coacciones logr\u00f3 sustituir a su hija por una moza de una casa muy pobre.<\/p>\n<\/div>\n<\/div>\n<\/div>\n<\/div>\n<\/div>\n<\/div>\n<div class=\"standard_wrapper\">\n<div  class=\"one_half last withsmallpadding ppb_text\" style=\"padding:30px 0 30px 0;\" >\n<div class=\"standard_wrapper\">\n<div class=\"page_content_wrapper\">\n<div class=\"inner\">\n<div style=\"margin:auto;width:100%\">\n<p>En v\u00edspera del Corpus, cuando la humilde muchacha\u00a0\u00a0 sub\u00eda al Llao, una hermosa y dulce anciana, para muchos la Virgen, entreg\u00e1ndole un rosario le advirti\u00f3: <em>\u201cCuando la serpiente asome la cabeza fuera del agua, \u00e9chaselo sobre las fauces\u201d<\/em>. Y as\u00ed fue como al arrojarle el rosario \u201c<em>la bicha muri\u00f3 entre horribles estertores, con la cruz atravesada en el tragadero\u201d<\/em> y desapareci\u00f3 en el fondo para siempre.<\/p>\n<\/div>\n<\/div>\n<\/div>\n<\/div>\n<\/div>\n<\/div>\n<div  class=\"parallax \" data-image=\"https:\/\/sienteomana.com\/wp-content\/uploads\/sites\/2\/2019\/03\/El-Llao-o-Lago-misterioso-de-Montrondo.jpg\" data-width=\"1200\" data-height=\"800\" style=\"height:600px; \"><\/div>\n<div class=\"divider one\">&nbsp;<\/div>\n<div class=\"map_shortcode_wrapper\" id=\"map1692794851335331896\" style=\"width:100%;height:520px\">\n<div class=\"map-marker\" data-latlng=\"42.850344,-6.211383\" ><\/div>\n<\/div>\n<p><script>\n\t\tjQuery(document).ready(function(){ jQuery(\"#map1692794851335331896\").simplegmaps({ MapOptions: { zoom: 18,scrollwheel: false,styles: [\n    {\n        \"featureType\": \"all\",\n        \"elementType\": \"all\",\n        \"stylers\": [\n            {\n                \"visibility\": \"on\"\n            }\n        ]\n    },\n    {\n        \"featureType\": \"administrative\",\n        \"elementType\": \"all\",\n        \"stylers\": [\n            {\n                \"saturation\": \"-100\"\n            }\n        ]\n    },\n    {\n        \"featureType\": \"administrative.province\",\n        \"elementType\": \"all\",\n        \"stylers\": [\n            {\n                \"visibility\": \"off\"\n            }\n        ]\n    },\n    {\n        \"featureType\": \"administrative.neighborhood\",\n        \"elementType\": \"all\",\n        \"stylers\": [\n            {\n                \"visibility\": \"off\"\n            }\n        ]\n    },\n    {\n        \"featureType\": \"landscape\",\n        \"elementType\": \"all\",\n        \"stylers\": [\n            {\n                \"saturation\": -100\n            },\n            {\n                \"lightness\": 65\n            },\n            {\n                \"visibility\": \"on\"\n            }\n        ]\n    },\n    {\n        \"featureType\": \"poi\",\n        \"elementType\": \"all\",\n        \"stylers\": [\n            {\n                \"saturation\": -100\n            },\n            {\n                \"lightness\": \"50\"\n            },\n            {\n                \"visibility\": \"off\"\n            }\n        ]\n    },\n    {\n        \"featureType\": \"road\",\n        \"elementType\": \"all\",\n        \"stylers\": [\n            {\n                \"saturation\": \"-100\"\n            }\n        ]\n    },\n    {\n        \"featureType\": \"road.highway\",\n        \"elementType\": \"all\",\n        \"stylers\": [\n            {\n                \"visibility\": \"simplified\"\n            }\n        ]\n    },\n    {\n        \"featureType\": \"road.arterial\",\n        \"elementType\": \"all\",\n        \"stylers\": [\n            {\n                \"lightness\": \"30\"\n            }\n        ]\n    },\n    {\n        \"featureType\": \"road.local\",\n        \"elementType\": \"all\",\n        \"stylers\": [\n            {\n                \"lightness\": \"40\"\n            }\n        ]\n    },\n    {\n        \"featureType\": \"transit\",\n        \"elementType\": \"all\",\n        \"stylers\": [\n            {\n                \"saturation\": -100\n            },\n            {\n                \"visibility\": \"simplified\"\n            }\n        ]\n    },\n    {\n        \"featureType\": \"water\",\n        \"elementType\": \"geometry\",\n        \"stylers\": [\n            {\n                \"hue\": \"#ffff00\"\n            },\n            {\n                \"lightness\": -25\n            },\n            {\n                \"saturation\": -97\n            }\n        ]\n    },\n    {\n        \"featureType\": \"water\",\n        \"elementType\": \"labels\",\n        \"stylers\": [\n            {\n                \"lightness\": -25\n            },\n            {\n                \"saturation\": -100\n            }\n        ]\n    }\n], } }); });\n\t<\/script><\/p>\n","protected":false},"excerpt":{"rendered":"<p>Montrondo It is the closest village to the source of the river that gives its name to the whole region, the Oma\u00f1a, and is the starting point to access the mythical mountain of the area: El Tambar\u00f3n (signposted route of [&hellip;]<\/p>\n","protected":false},"author":2,"featured_media":0,"parent":0,"menu_order":0,"comment_status":"closed","ping_status":"closed","template":"","meta":{"inline_featured_image":false,"footnotes":""},"class_list":["post-10932","page","type-page","status-publish","hentry"],"yoast_head":"<!-- This site is optimized with the Yoast SEO plugin v27.3 - https:\/\/yoast.com\/product\/yoast-seo-wordpress\/ -->\n<title>MONTRONDO - (EN) Siente Oma\u00f1a<\/title>\n<meta name=\"robots\" content=\"index, follow, max-snippet:-1, max-image-preview:large, max-video-preview:-1\" \/>\n<link rel=\"canonical\" href=\"https:\/\/sienteomana.com\/en\/montrondo\/\" \/>\n<meta property=\"og:locale\" content=\"es_ES\" \/>\n<meta property=\"og:type\" content=\"article\" \/>\n<meta property=\"og:title\" content=\"MONTRONDO - (EN) Siente Oma\u00f1a\" \/>\n<meta property=\"og:description\" content=\"Montrondo It is the closest village to the source of the river that gives its name to the whole region, the Oma\u00f1a, and is the starting point to access the mythical mountain of the area: El Tambar\u00f3n (signposted route of [&hellip;]\" \/>\n<meta property=\"og:url\" content=\"https:\/\/sienteomana.com\/en\/montrondo\/\" \/>\n<meta property=\"og:site_name\" content=\"(EN) Siente Oma\u00f1a\" \/>\n<meta property=\"article:modified_time\" content=\"2023-08-23T12:47:31+00:00\" \/>\n<meta property=\"og:image\" content=\"https:\/\/sienteomana.com\/en\/wp-content\/uploads\/sites\/2\/2019\/03\/bancospueblo.jpg\" \/>\n<meta name=\"twitter:card\" content=\"summary_large_image\" \/>\n<meta name=\"twitter:label1\" content=\"Tiempo de lectura\" \/>\n\t<meta name=\"twitter:data1\" content=\"3 minutos\" \/>\n<script type=\"application\/ld+json\" class=\"yoast-schema-graph\">{\"@context\":\"https:\\\/\\\/schema.org\",\"@graph\":[{\"@type\":\"WebPage\",\"@id\":\"https:\\\/\\\/sienteomana.com\\\/en\\\/montrondo\\\/\",\"url\":\"https:\\\/\\\/sienteomana.com\\\/en\\\/montrondo\\\/\",\"name\":\"MONTRONDO - (EN) Siente Oma\u00f1a\",\"isPartOf\":{\"@id\":\"https:\\\/\\\/sienteomana.com\\\/en\\\/#website\"},\"primaryImageOfPage\":{\"@id\":\"https:\\\/\\\/sienteomana.com\\\/en\\\/montrondo\\\/#primaryimage\"},\"image\":{\"@id\":\"https:\\\/\\\/sienteomana.com\\\/en\\\/montrondo\\\/#primaryimage\"},\"thumbnailUrl\":\"https:\\\/\\\/sienteomana.com\\\/en\\\/wp-content\\\/uploads\\\/sites\\\/2\\\/2019\\\/03\\\/bancospueblo.jpg\",\"datePublished\":\"2019-03-22T20:01:07+00:00\",\"dateModified\":\"2023-08-23T12:47:31+00:00\",\"breadcrumb\":{\"@id\":\"https:\\\/\\\/sienteomana.com\\\/en\\\/montrondo\\\/#breadcrumb\"},\"inLanguage\":\"es\",\"potentialAction\":[{\"@type\":\"ReadAction\",\"target\":[\"https:\\\/\\\/sienteomana.com\\\/en\\\/montrondo\\\/\"]}]},{\"@type\":\"ImageObject\",\"inLanguage\":\"es\",\"@id\":\"https:\\\/\\\/sienteomana.com\\\/en\\\/montrondo\\\/#primaryimage\",\"url\":\"https:\\\/\\\/sienteomana.com\\\/en\\\/wp-content\\\/uploads\\\/sites\\\/2\\\/2019\\\/03\\\/bancospueblo.jpg\",\"contentUrl\":\"https:\\\/\\\/sienteomana.com\\\/en\\\/wp-content\\\/uploads\\\/sites\\\/2\\\/2019\\\/03\\\/bancospueblo.jpg\"},{\"@type\":\"BreadcrumbList\",\"@id\":\"https:\\\/\\\/sienteomana.com\\\/en\\\/montrondo\\\/#breadcrumb\",\"itemListElement\":[{\"@type\":\"ListItem\",\"position\":1,\"name\":\"Home\",\"item\":\"https:\\\/\\\/sienteomana.com\\\/en\\\/\"},{\"@type\":\"ListItem\",\"position\":2,\"name\":\"MONTRONDO\"}]},{\"@type\":\"WebSite\",\"@id\":\"https:\\\/\\\/sienteomana.com\\\/en\\\/#website\",\"url\":\"https:\\\/\\\/sienteomana.com\\\/en\\\/\",\"name\":\"(EN) Siente Oma\u00f1a\",\"description\":\"Oma\u00f1a\",\"potentialAction\":[{\"@type\":\"SearchAction\",\"target\":{\"@type\":\"EntryPoint\",\"urlTemplate\":\"https:\\\/\\\/sienteomana.com\\\/en\\\/?s={search_term_string}\"},\"query-input\":{\"@type\":\"PropertyValueSpecification\",\"valueRequired\":true,\"valueName\":\"search_term_string\"}}],\"inLanguage\":\"es\"}]}<\/script>\n<!-- \/ Yoast SEO plugin. -->","yoast_head_json":{"title":"MONTRONDO - (EN) Siente Oma\u00f1a","robots":{"index":"index","follow":"follow","max-snippet":"max-snippet:-1","max-image-preview":"max-image-preview:large","max-video-preview":"max-video-preview:-1"},"canonical":"https:\/\/sienteomana.com\/en\/montrondo\/","og_locale":"es_ES","og_type":"article","og_title":"MONTRONDO - (EN) Siente Oma\u00f1a","og_description":"Montrondo It is the closest village to the source of the river that gives its name to the whole region, the Oma\u00f1a, and is the starting point to access the mythical mountain of the area: El Tambar\u00f3n (signposted route of [&hellip;]","og_url":"https:\/\/sienteomana.com\/en\/montrondo\/","og_site_name":"(EN) Siente Oma\u00f1a","article_modified_time":"2023-08-23T12:47:31+00:00","og_image":[{"url":"https:\/\/sienteomana.com\/en\/wp-content\/uploads\/sites\/2\/2019\/03\/bancospueblo.jpg","type":"","width":"","height":""}],"twitter_card":"summary_large_image","twitter_misc":{"Tiempo de lectura":"3 minutos"},"schema":{"@context":"https:\/\/schema.org","@graph":[{"@type":"WebPage","@id":"https:\/\/sienteomana.com\/en\/montrondo\/","url":"https:\/\/sienteomana.com\/en\/montrondo\/","name":"MONTRONDO - (EN) Siente Oma\u00f1a","isPartOf":{"@id":"https:\/\/sienteomana.com\/en\/#website"},"primaryImageOfPage":{"@id":"https:\/\/sienteomana.com\/en\/montrondo\/#primaryimage"},"image":{"@id":"https:\/\/sienteomana.com\/en\/montrondo\/#primaryimage"},"thumbnailUrl":"https:\/\/sienteomana.com\/en\/wp-content\/uploads\/sites\/2\/2019\/03\/bancospueblo.jpg","datePublished":"2019-03-22T20:01:07+00:00","dateModified":"2023-08-23T12:47:31+00:00","breadcrumb":{"@id":"https:\/\/sienteomana.com\/en\/montrondo\/#breadcrumb"},"inLanguage":"es","potentialAction":[{"@type":"ReadAction","target":["https:\/\/sienteomana.com\/en\/montrondo\/"]}]},{"@type":"ImageObject","inLanguage":"es","@id":"https:\/\/sienteomana.com\/en\/montrondo\/#primaryimage","url":"https:\/\/sienteomana.com\/en\/wp-content\/uploads\/sites\/2\/2019\/03\/bancospueblo.jpg","contentUrl":"https:\/\/sienteomana.com\/en\/wp-content\/uploads\/sites\/2\/2019\/03\/bancospueblo.jpg"},{"@type":"BreadcrumbList","@id":"https:\/\/sienteomana.com\/en\/montrondo\/#breadcrumb","itemListElement":[{"@type":"ListItem","position":1,"name":"Home","item":"https:\/\/sienteomana.com\/en\/"},{"@type":"ListItem","position":2,"name":"MONTRONDO"}]},{"@type":"WebSite","@id":"https:\/\/sienteomana.com\/en\/#website","url":"https:\/\/sienteomana.com\/en\/","name":"(EN) Siente Oma\u00f1a","description":"Oma\u00f1a","potentialAction":[{"@type":"SearchAction","target":{"@type":"EntryPoint","urlTemplate":"https:\/\/sienteomana.com\/en\/?s={search_term_string}"},"query-input":{"@type":"PropertyValueSpecification","valueRequired":true,"valueName":"search_term_string"}}],"inLanguage":"es"}]}},"_links":{"self":[{"href":"https:\/\/sienteomana.com\/en\/wp-json\/wp\/v2\/pages\/10932","targetHints":{"allow":["GET"]}}],"collection":[{"href":"https:\/\/sienteomana.com\/en\/wp-json\/wp\/v2\/pages"}],"about":[{"href":"https:\/\/sienteomana.com\/en\/wp-json\/wp\/v2\/types\/page"}],"author":[{"embeddable":true,"href":"https:\/\/sienteomana.com\/en\/wp-json\/wp\/v2\/users\/2"}],"replies":[{"embeddable":true,"href":"https:\/\/sienteomana.com\/en\/wp-json\/wp\/v2\/comments?post=10932"}],"version-history":[{"count":18,"href":"https:\/\/sienteomana.com\/en\/wp-json\/wp\/v2\/pages\/10932\/revisions"}],"predecessor-version":[{"id":14803,"href":"https:\/\/sienteomana.com\/en\/wp-json\/wp\/v2\/pages\/10932\/revisions\/14803"}],"wp:attachment":[{"href":"https:\/\/sienteomana.com\/en\/wp-json\/wp\/v2\/media?parent=10932"}],"curies":[{"name":"wp","href":"https:\/\/api.w.org\/{rel}","templated":true}]}}