{"id":10844,"date":"2019-03-21T15:24:01","date_gmt":"2019-03-21T15:24:01","guid":{"rendered":"https:\/\/sienteomana.com\/en\/?page_id=10844"},"modified":"2023-08-23T15:38:07","modified_gmt":"2023-08-23T15:38:07","slug":"murias-de-paredes","status":"publish","type":"page","link":"https:\/\/sienteomana.com\/en\/murias-de-paredes\/","title":{"rendered":"MURIAS DE PAREDES"},"content":{"rendered":"<div class=\"standard_wrapper\">\n<div  class=\"one_third withsmallpadding ppb_text\" style=\"padding:30px 0 30px 0;\" >\n<div class=\"standard_wrapper\">\n<div class=\"page_content_wrapper\">\n<div class=\"inner\">\n<div style=\"margin:auto;width:100%\">\n<h1 style=\"text-align: right;\"><span style=\"color: #99cc00;\">Murias de Paredes<br \/>\n<\/span><\/h1>\n<\/div>\n<\/div>\n<\/div>\n<\/div>\n<\/div>\n<\/div>\n<div class=\"standard_wrapper\">\n<div  class=\"two_third last withsmallpadding ppb_text\" style=\"padding:30px 0 30px 0;\" >\n<div class=\"standard_wrapper\">\n<div class=\"page_content_wrapper\">\n<div class=\"inner\">\n<div style=\"margin:auto;width:100%\">\n<p>It is said that its name comes from the ancestral custom of delimiting meadows and lands with dry-laid slate walls, although it could also be related to the nearby mountain of El Cuvich\u00f3n, located just above the village and where there could be remains of a pre-Roman settlement and work related to gold mining in Roman times. This is the Castro de Curuezas or El Cuvich\u00f3n, where legend also has it that there is a chasm in which anyone who looks in can hear \u00aba large pot full of gold nuggets boiling on a gush of gold\u00bb.<\/p>\n<p>Visit La Casona de Los Condes de Luna, former palace residence of the Qui\u00f1ones de Le\u00f3n and now restored Tourist Information Point, Interpretation Centre of the Biosphere Reserve of the Valleys of Oma\u00f1a and Luna and dynamic cultural activity.<\/p>\n<p>Admire its church and its spectacular bell tower with its cylindrical body and spiral staircase. Stroll along its arcades and go inside to contemplate the late Romanesque image of a virgin in its Baroque altarpiece.<\/p>\n<p>Stroll towards the medieval bridge of \u00abLa Lecher\u00eda\u00bb, built with overlapping stones, and discover its mills, washhouse and horseshoe colt, elements that are still well preserved.<br \/>\nNearby, in Puerto de La Magdalena, the medieval hermitage is another element of great architectural and scenic interest, although unfortunately it is now abandoned.<\/p>\n<\/div>\n<\/div>\n<\/div>\n<\/div>\n<\/div>\n<\/div>\n<div class=\"standard_wrapper\">\n<div  class=\"two_third last withsmallpadding ppb_text\" style=\"padding:30px 0 30px 0;\" >\n<div class=\"standard_wrapper\">\n<div class=\"page_content_wrapper\">\n<div class=\"inner\">\n<div style=\"margin:auto;width:100%\">\n<p>It is said that its name comes from the ancestral custom of delimiting meadows and lands with dry-laid slate walls, although it could also be related to the nearby mountain of El Cuvich\u00f3n, located just above the village and where there could be remains of a pre-Roman settlement and work related to gold mining in Roman times. This is the Castro de Curuezas or El Cuvich\u00f3n, where legend also has it that there is a chasm in which anyone who looks in can hear \u00aba large pot full of gold nuggets boiling on a gush of gold\u00bb.<\/p>\n<p>Visit La Casona de Los Condes de Luna, former palace residence of the Qui\u00f1ones de Le\u00f3n and now restored Tourist Information Point, Interpretation Centre of the Biosphere Reserve of the Valleys of Oma\u00f1a and Luna and dynamic cultural activity.<\/p>\n<p>Admire its church and its spectacular bell tower with its cylindrical body and spiral staircase. Stroll along its arcades and go inside to contemplate the late Romanesque image of a virgin in its Baroque altarpiece.<\/p>\n<p>Stroll towards the medieval bridge of \u00abLa Lecher\u00eda\u00bb, built with overlapping stones, and discover its mills, washhouse and horseshoe colt, elements that are still well preserved.<br \/>\nNearby, in Puerto de La Magdalena, the medieval hermitage is another element of great architectural and scenic interest, although unfortunately it is now abandoned.<\/p>\n<\/div>\n<\/div>\n<\/div>\n<\/div>\n<\/div>\n<\/div>\n<div class=\"standard_wrapper\">\n<div  class=\"two_third last withsmallpadding ppb_text\" style=\"padding:30px 0 30px 0;\" >\n<div class=\"standard_wrapper\">\n<div class=\"page_content_wrapper\">\n<div class=\"inner\">\n<div style=\"margin:auto;width:100%\">\n<p>It is said that its name comes from the ancestral custom of delimiting meadows and lands with dry-laid slate walls, although it could also be related to the nearby mountain of El Cuvich\u00f3n, located just above the village and where there could be remains of a pre-Roman settlement and work related to gold mining in Roman times. This is the Castro de Curuezas or El Cuvich\u00f3n, where legend also has it that there is a chasm in which anyone who looks in can hear \u00aba large pot full of gold nuggets boiling on a gush of gold\u00bb.<\/p>\n<p>Visit La Casona de Los Condes de Luna, former palace residence of the Qui\u00f1ones de Le\u00f3n and now restored Tourist Information Point, Interpretation Centre of the Biosphere Reserve of the Valleys of Oma\u00f1a and Luna and dynamic cultural activity.<\/p>\n<p>Admire its church and its spectacular bell tower with its cylindrical body and spiral staircase. Stroll along its arcades and go inside to contemplate the late Romanesque image of a virgin in its Baroque altarpiece.<\/p>\n<p>Stroll towards the medieval bridge of \u00abLa Lecher\u00eda\u00bb, built with overlapping stones, and discover its mills, washhouse and horseshoe colt, elements that are still well preserved.<br \/>\nNearby, in Puerto de La Magdalena, the medieval hermitage is another element of great architectural and scenic interest, although unfortunately it is now abandoned.<\/p>\n<\/div>\n<\/div>\n<\/div>\n<\/div>\n<\/div>\n<\/div>\n<div class=\"standard_wrapper\">\n<div  class=\"two_third last withsmallpadding ppb_text\" style=\"padding:30px 0 30px 0;\" >\n<div class=\"standard_wrapper\">\n<div class=\"page_content_wrapper\">\n<div class=\"inner\">\n<div style=\"margin:auto;width:100%\">\n<p>It is said that its name comes from the ancestral custom of delimiting meadows and lands with dry-laid slate walls, although it could also be related to the nearby mountain of El Cuvich\u00f3n, located just above the village and where there could be remains of a pre-Roman settlement and work related to gold mining in Roman times. This is the Castro de Curuezas or El Cuvich\u00f3n, where legend also has it that there is a chasm in which anyone who looks in can hear \u00aba large pot full of gold nuggets boiling on a gush of gold\u00bb.<\/p>\n<p>Visit La Casona de Los Condes de Luna, former palace residence of the Qui\u00f1ones de Le\u00f3n and now restored Tourist Information Point, Interpretation Centre of the Biosphere Reserve of the Valleys of Oma\u00f1a and Luna and dynamic cultural activity.<\/p>\n<p>Admire its church and its spectacular bell tower with its cylindrical body and spiral staircase. Stroll along its arcades and go inside to contemplate the late Romanesque image of a virgin in its Baroque altarpiece.<\/p>\n<p>Stroll towards the medieval bridge of \u00abLa Lecher\u00eda\u00bb, built with overlapping stones, and discover its mills, washhouse and horseshoe colt, elements that are still well preserved.<br \/>\nNearby, in Puerto de La Magdalena, the medieval hermitage is another element of great architectural and scenic interest, although unfortunately it is now abandoned.<\/p>\n<\/div>\n<\/div>\n<\/div>\n<\/div>\n<\/div>\n<\/div>\n","protected":false},"excerpt":{"rendered":"<p>Murias de Paredes It is said that its name comes from the ancestral custom of delimiting meadows and lands with dry-laid slate walls, although it could also be related to the nearby mountain of El Cuvich\u00f3n, located just above the [&hellip;]<\/p>\n","protected":false},"author":2,"featured_media":0,"parent":0,"menu_order":0,"comment_status":"closed","ping_status":"closed","template":"","meta":{"inline_featured_image":false,"footnotes":""},"class_list":["post-10844","page","type-page","status-publish","hentry"],"yoast_head":"<!-- This site is optimized with the Yoast SEO plugin v27.3 - https:\/\/yoast.com\/product\/yoast-seo-wordpress\/ -->\n<title>MURIAS DE PAREDES - (EN) Siente Oma\u00f1a<\/title>\n<meta name=\"robots\" content=\"index, follow, max-snippet:-1, max-image-preview:large, max-video-preview:-1\" \/>\n<link rel=\"canonical\" href=\"https:\/\/sienteomana.com\/en\/murias-de-paredes\/\" \/>\n<meta property=\"og:locale\" content=\"es_ES\" \/>\n<meta property=\"og:type\" content=\"article\" \/>\n<meta property=\"og:title\" content=\"MURIAS DE PAREDES - (EN) Siente Oma\u00f1a\" \/>\n<meta property=\"og:description\" content=\"Murias de Paredes It is said that its name comes from the ancestral custom of delimiting meadows and lands with dry-laid slate walls, although it could also be related to the nearby mountain of El Cuvich\u00f3n, located just above the [&hellip;]\" \/>\n<meta property=\"og:url\" content=\"https:\/\/sienteomana.com\/en\/murias-de-paredes\/\" \/>\n<meta property=\"og:site_name\" content=\"(EN) Siente Oma\u00f1a\" \/>\n<meta property=\"article:modified_time\" content=\"2023-08-23T15:38:07+00:00\" \/>\n<meta name=\"twitter:card\" content=\"summary_large_image\" \/>\n<meta name=\"twitter:label1\" content=\"Tiempo de lectura\" \/>\n\t<meta name=\"twitter:data1\" content=\"5 minutos\" \/>\n<script type=\"application\/ld+json\" class=\"yoast-schema-graph\">{\"@context\":\"https:\\\/\\\/schema.org\",\"@graph\":[{\"@type\":\"WebPage\",\"@id\":\"https:\\\/\\\/sienteomana.com\\\/en\\\/murias-de-paredes\\\/\",\"url\":\"https:\\\/\\\/sienteomana.com\\\/en\\\/murias-de-paredes\\\/\",\"name\":\"MURIAS DE PAREDES - (EN) Siente Oma\u00f1a\",\"isPartOf\":{\"@id\":\"https:\\\/\\\/sienteomana.com\\\/en\\\/#website\"},\"datePublished\":\"2019-03-21T15:24:01+00:00\",\"dateModified\":\"2023-08-23T15:38:07+00:00\",\"breadcrumb\":{\"@id\":\"https:\\\/\\\/sienteomana.com\\\/en\\\/murias-de-paredes\\\/#breadcrumb\"},\"inLanguage\":\"es\",\"potentialAction\":[{\"@type\":\"ReadAction\",\"target\":[\"https:\\\/\\\/sienteomana.com\\\/en\\\/murias-de-paredes\\\/\"]}]},{\"@type\":\"BreadcrumbList\",\"@id\":\"https:\\\/\\\/sienteomana.com\\\/en\\\/murias-de-paredes\\\/#breadcrumb\",\"itemListElement\":[{\"@type\":\"ListItem\",\"position\":1,\"name\":\"Home\",\"item\":\"https:\\\/\\\/sienteomana.com\\\/en\\\/\"},{\"@type\":\"ListItem\",\"position\":2,\"name\":\"MURIAS DE PAREDES\"}]},{\"@type\":\"WebSite\",\"@id\":\"https:\\\/\\\/sienteomana.com\\\/en\\\/#website\",\"url\":\"https:\\\/\\\/sienteomana.com\\\/en\\\/\",\"name\":\"(EN) Siente Oma\u00f1a\",\"description\":\"Oma\u00f1a\",\"potentialAction\":[{\"@type\":\"SearchAction\",\"target\":{\"@type\":\"EntryPoint\",\"urlTemplate\":\"https:\\\/\\\/sienteomana.com\\\/en\\\/?s={search_term_string}\"},\"query-input\":{\"@type\":\"PropertyValueSpecification\",\"valueRequired\":true,\"valueName\":\"search_term_string\"}}],\"inLanguage\":\"es\"}]}<\/script>\n<!-- \/ Yoast SEO plugin. -->","yoast_head_json":{"title":"MURIAS DE PAREDES - (EN) Siente Oma\u00f1a","robots":{"index":"index","follow":"follow","max-snippet":"max-snippet:-1","max-image-preview":"max-image-preview:large","max-video-preview":"max-video-preview:-1"},"canonical":"https:\/\/sienteomana.com\/en\/murias-de-paredes\/","og_locale":"es_ES","og_type":"article","og_title":"MURIAS DE PAREDES - (EN) Siente Oma\u00f1a","og_description":"Murias de Paredes It is said that its name comes from the ancestral custom of delimiting meadows and lands with dry-laid slate walls, although it could also be related to the nearby mountain of El Cuvich\u00f3n, located just above the [&hellip;]","og_url":"https:\/\/sienteomana.com\/en\/murias-de-paredes\/","og_site_name":"(EN) Siente Oma\u00f1a","article_modified_time":"2023-08-23T15:38:07+00:00","twitter_card":"summary_large_image","twitter_misc":{"Tiempo de lectura":"5 minutos"},"schema":{"@context":"https:\/\/schema.org","@graph":[{"@type":"WebPage","@id":"https:\/\/sienteomana.com\/en\/murias-de-paredes\/","url":"https:\/\/sienteomana.com\/en\/murias-de-paredes\/","name":"MURIAS DE PAREDES - (EN) Siente Oma\u00f1a","isPartOf":{"@id":"https:\/\/sienteomana.com\/en\/#website"},"datePublished":"2019-03-21T15:24:01+00:00","dateModified":"2023-08-23T15:38:07+00:00","breadcrumb":{"@id":"https:\/\/sienteomana.com\/en\/murias-de-paredes\/#breadcrumb"},"inLanguage":"es","potentialAction":[{"@type":"ReadAction","target":["https:\/\/sienteomana.com\/en\/murias-de-paredes\/"]}]},{"@type":"BreadcrumbList","@id":"https:\/\/sienteomana.com\/en\/murias-de-paredes\/#breadcrumb","itemListElement":[{"@type":"ListItem","position":1,"name":"Home","item":"https:\/\/sienteomana.com\/en\/"},{"@type":"ListItem","position":2,"name":"MURIAS DE PAREDES"}]},{"@type":"WebSite","@id":"https:\/\/sienteomana.com\/en\/#website","url":"https:\/\/sienteomana.com\/en\/","name":"(EN) Siente Oma\u00f1a","description":"Oma\u00f1a","potentialAction":[{"@type":"SearchAction","target":{"@type":"EntryPoint","urlTemplate":"https:\/\/sienteomana.com\/en\/?s={search_term_string}"},"query-input":{"@type":"PropertyValueSpecification","valueRequired":true,"valueName":"search_term_string"}}],"inLanguage":"es"}]}},"_links":{"self":[{"href":"https:\/\/sienteomana.com\/en\/wp-json\/wp\/v2\/pages\/10844","targetHints":{"allow":["GET"]}}],"collection":[{"href":"https:\/\/sienteomana.com\/en\/wp-json\/wp\/v2\/pages"}],"about":[{"href":"https:\/\/sienteomana.com\/en\/wp-json\/wp\/v2\/types\/page"}],"author":[{"embeddable":true,"href":"https:\/\/sienteomana.com\/en\/wp-json\/wp\/v2\/users\/2"}],"replies":[{"embeddable":true,"href":"https:\/\/sienteomana.com\/en\/wp-json\/wp\/v2\/comments?post=10844"}],"version-history":[{"count":43,"href":"https:\/\/sienteomana.com\/en\/wp-json\/wp\/v2\/pages\/10844\/revisions"}],"predecessor-version":[{"id":14849,"href":"https:\/\/sienteomana.com\/en\/wp-json\/wp\/v2\/pages\/10844\/revisions\/14849"}],"wp:attachment":[{"href":"https:\/\/sienteomana.com\/en\/wp-json\/wp\/v2\/media?parent=10844"}],"curies":[{"name":"wp","href":"https:\/\/api.w.org\/{rel}","templated":true}]}}