{"id":10776,"date":"2019-03-21T14:06:55","date_gmt":"2019-03-21T14:06:55","guid":{"rendered":"https:\/\/sienteomana.com\/en\/?page_id=10776"},"modified":"2023-04-18T11:14:24","modified_gmt":"2023-04-18T11:14:24","slug":"naturaleza-3","status":"publish","type":"page","link":"https:\/\/sienteomana.com\/en\/naturaleza-3\/","title":{"rendered":"NATURE"},"content":{"rendered":"<div class=\"standard_wrapper\">\n<div  class=\"two_third last withsmallpadding ppb_text\" style=\"padding:30px 0 30px 0;\" >\n<div class=\"standard_wrapper\">\n<div class=\"page_content_wrapper\">\n<div class=\"inner\">\n<div style=\"margin:auto;width:100%\">\n<p>From 2005, Murias de Paredes is part of the biosphere Reserve of the valleys of Oma\u00f1a and Luna, next to the municipalities of Sena and Barrios de Luna, Soto and Am\u00edo, Rielo and Valdesamario. UNESCO recognized the 86 population nuclei that form its botanical, zoool\u00f3gica and geological richness and the harmonious relationship between the population and the natural environment in centuries of human occupation.<\/p>\n<p>You can see this recognition walked among its magnificent birch and oak woods, where, if you look well, you could still surprise the Cantabrian grouse or brown bear.<\/p>\n<p>In its forests of oaks, Rebollos, Ashes, Poplars, alders or hollys you will be able to refresh a warm summer afternoon. But, beware!, do not step on gentian, highly valued medicinal plant, or blueberries; And be attentive to the visit of some of its inhabitants: wild boars, roe deer, chamois and even the legendary wolf.<\/p>\n<\/div>\n<\/div>\n<\/div>\n<\/div>\n<\/div>\n<\/div>\n<div class=\"standard_wrapper\">\n<div  class=\"two_third last withsmallpadding ppb_text\" style=\"padding:30px 0 30px 0;\" >\n<div class=\"standard_wrapper\">\n<div class=\"page_content_wrapper\">\n<div class=\"inner\">\n<div style=\"margin:auto;width:100%\">\n<p>From 2005, Murias de Paredes is part of the biosphere Reserve of the valleys of Oma\u00f1a and Luna, next to the municipalities of Sena and Barrios de Luna, Soto and Am\u00edo, Rielo and Valdesamario. UNESCO recognized the 86 population nuclei that form its botanical, zoool\u00f3gica and geological richness and the harmonious relationship between the population and the natural environment in centuries of human occupation.<\/p>\n<p>You can see this recognition walked among its magnificent birch and oak woods, where, if you look well, you could still surprise the Cantabrian grouse or brown bear.<\/p>\n<p>In its forests of oaks, Rebollos, Ashes, Poplars, alders or hollys you will be able to refresh a warm summer afternoon. But, beware!, do not step on gentian, highly valued medicinal plant, or blueberries; And be attentive to the visit of some of its inhabitants: wild boars, roe deer, chamois and even the legendary wolf.<\/p>\n<\/div>\n<\/div>\n<\/div>\n<\/div>\n<\/div>\n<\/div>\n<div  class=\"one withsmallpadding ppb_text\" style=\"padding:30px 0 30px 0;\" >\n<div class=\"standard_wrapper\">\n<div class=\"page_content_wrapper\">\n<div class=\"inner\">\n<div style=\"margin:auto;width:100%\">\n<h1>OMA\u00d1A AND LUNA VALLEYS BIOSPHERE RESERVE<\/h1>\n<\/div>\n<\/div>\n<\/div>\n<\/div>\n<\/div>\n<div class=\"standard_wrapper\">\n<div  class=\"one_third withsmallpadding ppb_text\" style=\"padding:30px 0 30px 0;\" >\n<div class=\"standard_wrapper\">\n<div class=\"page_content_wrapper\">\n<div class=\"inner\">\n<div style=\"margin:auto;width:100%\">\n<div class=\"wpb_column vc_column_container vc_col-sm-6\">\n<div class=\"vc_column-inner \">\n<div class=\"wpb_wrapper\">\n<div class=\"wpb_text_column wpb_content_element \">\n<div class=\"wpb_wrapper\">\n<p><strong>The biosphere Reserve of the valleys of Oma\u00f1a and Luna <\/strong>is one of the 7 biosphere reserves of the province of Le\u00f3n, and one of the 12 with which the Cantabrian Cordillera counts.<\/p>\n<p>It takes the name of the basins of the rivers Luna and Oma\u00f1a, and is formed by a succession of small and fertile valleys located in the mountainous foothills that unite the Cantabrian mountain range with the Montes de Le\u00f3n.<\/p>\n<\/div>\n<\/div>\n<\/div>\n<\/div>\n<\/div>\n<\/div>\n<\/div>\n<\/div>\n<\/div>\n<\/div>\n<\/div>\n<div class=\"standard_wrapper\">\n<div  class=\"one_third withsmallpadding ppb_text\" style=\"padding:30px 0 30px 0;\" >\n<div class=\"standard_wrapper\">\n<div class=\"page_content_wrapper\">\n<div class=\"inner\">\n<div style=\"margin:auto;width:100%\">\n<p>With a surface slightly higher than 81,000 hectares, throughout it is distributed a total of 86 localities, belonging to the 6 municipalities that make up the reserve: <em><strong> The neighborhoods of Luna (9 locations), Murias of Paredes (15), Rielo (37), Sena de Luna (8), Soto y Am\u00edo (12) and Valdesamario (5).<\/strong><\/em><\/p>\n<\/div>\n<\/div>\n<\/div>\n<\/div>\n<\/div>\n<\/div>\n<div class=\"standard_wrapper\">\n<div  class=\"one_third last withsmallpadding ppb_text\" style=\"padding:30px 0 30px 0;\" >\n<div class=\"standard_wrapper\">\n<div class=\"page_content_wrapper\">\n<div class=\"inner\">\n<div style=\"margin:auto;width:100%\">\n<p>The total population to date of 2016 is 2,813 inhabitants (INE, 2016), concentrating mainly on the headwaters of the municipalities.<\/p>\n<\/div>\n<\/div>\n<\/div>\n<\/div>\n<\/div>\n<\/div>\n<div class=\"standard_wrapper\">\n<div  class=\"one_third last withsmallpadding ppb_text\" style=\"padding:30px 0 30px 0;\" >\n<div class=\"standard_wrapper\">\n<div class=\"page_content_wrapper\">\n<div class=\"inner\">\n<div style=\"margin:auto;width:100%\">\n<p>The total population to date of 2016 is 2,813 inhabitants (INE, 2016), concentrating mainly on the headwaters of the municipalities.<\/p>\n<\/div>\n<\/div>\n<\/div>\n<\/div>\n<\/div>\n<\/div>\n<div  class=\"one withsmallpadding ppb_text\" style=\"padding:30px 0 30px 0;\" >\n<div class=\"standard_wrapper\">\n<div class=\"page_content_wrapper\">\n<div class=\"inner\">\n<div style=\"margin:auto;width:100%\">\n<p>In the biosphere Reserve of Oma\u00f1a and Luna we work to promote ecotourism in the territory by promoting specialized fairs, organizing activities in the Territory and developing concrete projects of conservation and communication.<\/p>\n<p>Small businesses in the territory that are part of the tourism supply in the Biosphere Reserve identify with this line of work and work together to advance a common ecotourism strategy.<\/p>\n<\/div>\n<\/div>\n<\/div>\n<\/div>\n<\/div>\n<div  class=\"one withsmallpadding ppb_text\" style=\"padding:30px 0 30px 0;\" >\n<div class=\"standard_wrapper\">\n<div class=\"page_content_wrapper\">\n<div class=\"inner\">\n<div style=\"margin:auto;width:100%\">\n<p><a href=\"https:\/\/omanayluna.com\/\" target=\"_blank\" rel=\"noopener\"><img decoding=\"async\" loading=\"lazy\" class=\"size-medium wp-image-11485 aligncenter\" src=\"https:\/\/sienteomana.com\/wp-content\/uploads\/sites\/2\/2019\/03\/logo-nuevo-portada-300x85.png\" alt=\"\" width=\"300\" height=\"85\" \/><\/a><\/p>\n<\/div>\n<\/div>\n<\/div>\n<\/div>\n<\/div>\n","protected":false},"excerpt":{"rendered":"<p>From 2005, Murias de Paredes is part of the biosphere Reserve of the valleys of Oma\u00f1a and Luna, next to the municipalities of Sena and Barrios de Luna, Soto and Am\u00edo, Rielo and Valdesamario. UNESCO recognized the 86 population nuclei [&hellip;]<\/p>\n","protected":false},"author":2,"featured_media":0,"parent":0,"menu_order":0,"comment_status":"closed","ping_status":"closed","template":"","meta":{"inline_featured_image":false,"footnotes":""},"class_list":["post-10776","page","type-page","status-publish","hentry"],"yoast_head":"<!-- This site is optimized with the Yoast SEO plugin v27.3 - https:\/\/yoast.com\/product\/yoast-seo-wordpress\/ -->\n<title>NATURE - (EN) Siente Oma\u00f1a<\/title>\n<meta name=\"robots\" content=\"index, follow, max-snippet:-1, max-image-preview:large, max-video-preview:-1\" \/>\n<link rel=\"canonical\" href=\"https:\/\/sienteomana.com\/en\/naturaleza-3\/\" \/>\n<meta property=\"og:locale\" content=\"es_ES\" \/>\n<meta property=\"og:type\" content=\"article\" \/>\n<meta property=\"og:title\" content=\"NATURE - (EN) Siente Oma\u00f1a\" \/>\n<meta property=\"og:description\" content=\"From 2005, Murias de Paredes is part of the biosphere Reserve of the valleys of Oma\u00f1a and Luna, next to the municipalities of Sena and Barrios de Luna, Soto and Am\u00edo, Rielo and Valdesamario. UNESCO recognized the 86 population nuclei [&hellip;]\" \/>\n<meta property=\"og:url\" content=\"https:\/\/sienteomana.com\/en\/naturaleza-3\/\" \/>\n<meta property=\"og:site_name\" content=\"(EN) Siente Oma\u00f1a\" \/>\n<meta property=\"article:modified_time\" content=\"2023-04-18T11:14:24+00:00\" \/>\n<meta property=\"og:image\" content=\"https:\/\/sienteomana.com\/wp-content\/uploads\/sites\/2\/2019\/03\/logo-nuevo-portada-300x85.png\" \/>\n<meta name=\"twitter:card\" content=\"summary_large_image\" \/>\n<meta name=\"twitter:label1\" content=\"Tiempo de lectura\" \/>\n\t<meta name=\"twitter:data1\" content=\"3 minutos\" \/>\n<script type=\"application\/ld+json\" class=\"yoast-schema-graph\">{\"@context\":\"https:\\\/\\\/schema.org\",\"@graph\":[{\"@type\":\"WebPage\",\"@id\":\"https:\\\/\\\/sienteomana.com\\\/en\\\/naturaleza-3\\\/\",\"url\":\"https:\\\/\\\/sienteomana.com\\\/en\\\/naturaleza-3\\\/\",\"name\":\"NATURE - (EN) Siente Oma\u00f1a\",\"isPartOf\":{\"@id\":\"https:\\\/\\\/sienteomana.com\\\/en\\\/#website\"},\"primaryImageOfPage\":{\"@id\":\"https:\\\/\\\/sienteomana.com\\\/en\\\/naturaleza-3\\\/#primaryimage\"},\"image\":{\"@id\":\"https:\\\/\\\/sienteomana.com\\\/en\\\/naturaleza-3\\\/#primaryimage\"},\"thumbnailUrl\":\"https:\\\/\\\/sienteomana.com\\\/wp-content\\\/uploads\\\/sites\\\/2\\\/2019\\\/03\\\/logo-nuevo-portada-300x85.png\",\"datePublished\":\"2019-03-21T14:06:55+00:00\",\"dateModified\":\"2023-04-18T11:14:24+00:00\",\"breadcrumb\":{\"@id\":\"https:\\\/\\\/sienteomana.com\\\/en\\\/naturaleza-3\\\/#breadcrumb\"},\"inLanguage\":\"es\",\"potentialAction\":[{\"@type\":\"ReadAction\",\"target\":[\"https:\\\/\\\/sienteomana.com\\\/en\\\/naturaleza-3\\\/\"]}]},{\"@type\":\"ImageObject\",\"inLanguage\":\"es\",\"@id\":\"https:\\\/\\\/sienteomana.com\\\/en\\\/naturaleza-3\\\/#primaryimage\",\"url\":\"https:\\\/\\\/sienteomana.com\\\/wp-content\\\/uploads\\\/sites\\\/2\\\/2019\\\/03\\\/logo-nuevo-portada-300x85.png\",\"contentUrl\":\"https:\\\/\\\/sienteomana.com\\\/wp-content\\\/uploads\\\/sites\\\/2\\\/2019\\\/03\\\/logo-nuevo-portada-300x85.png\"},{\"@type\":\"BreadcrumbList\",\"@id\":\"https:\\\/\\\/sienteomana.com\\\/en\\\/naturaleza-3\\\/#breadcrumb\",\"itemListElement\":[{\"@type\":\"ListItem\",\"position\":1,\"name\":\"Home\",\"item\":\"https:\\\/\\\/sienteomana.com\\\/en\\\/\"},{\"@type\":\"ListItem\",\"position\":2,\"name\":\"NATURE\"}]},{\"@type\":\"WebSite\",\"@id\":\"https:\\\/\\\/sienteomana.com\\\/en\\\/#website\",\"url\":\"https:\\\/\\\/sienteomana.com\\\/en\\\/\",\"name\":\"(EN) Siente Oma\u00f1a\",\"description\":\"Oma\u00f1a\",\"potentialAction\":[{\"@type\":\"SearchAction\",\"target\":{\"@type\":\"EntryPoint\",\"urlTemplate\":\"https:\\\/\\\/sienteomana.com\\\/en\\\/?s={search_term_string}\"},\"query-input\":{\"@type\":\"PropertyValueSpecification\",\"valueRequired\":true,\"valueName\":\"search_term_string\"}}],\"inLanguage\":\"es\"}]}<\/script>\n<!-- \/ Yoast SEO plugin. -->","yoast_head_json":{"title":"NATURE - (EN) Siente Oma\u00f1a","robots":{"index":"index","follow":"follow","max-snippet":"max-snippet:-1","max-image-preview":"max-image-preview:large","max-video-preview":"max-video-preview:-1"},"canonical":"https:\/\/sienteomana.com\/en\/naturaleza-3\/","og_locale":"es_ES","og_type":"article","og_title":"NATURE - (EN) Siente Oma\u00f1a","og_description":"From 2005, Murias de Paredes is part of the biosphere Reserve of the valleys of Oma\u00f1a and Luna, next to the municipalities of Sena and Barrios de Luna, Soto and Am\u00edo, Rielo and Valdesamario. UNESCO recognized the 86 population nuclei [&hellip;]","og_url":"https:\/\/sienteomana.com\/en\/naturaleza-3\/","og_site_name":"(EN) Siente Oma\u00f1a","article_modified_time":"2023-04-18T11:14:24+00:00","og_image":[{"url":"https:\/\/sienteomana.com\/wp-content\/uploads\/sites\/2\/2019\/03\/logo-nuevo-portada-300x85.png","type":"","width":"","height":""}],"twitter_card":"summary_large_image","twitter_misc":{"Tiempo de lectura":"3 minutos"},"schema":{"@context":"https:\/\/schema.org","@graph":[{"@type":"WebPage","@id":"https:\/\/sienteomana.com\/en\/naturaleza-3\/","url":"https:\/\/sienteomana.com\/en\/naturaleza-3\/","name":"NATURE - (EN) Siente Oma\u00f1a","isPartOf":{"@id":"https:\/\/sienteomana.com\/en\/#website"},"primaryImageOfPage":{"@id":"https:\/\/sienteomana.com\/en\/naturaleza-3\/#primaryimage"},"image":{"@id":"https:\/\/sienteomana.com\/en\/naturaleza-3\/#primaryimage"},"thumbnailUrl":"https:\/\/sienteomana.com\/wp-content\/uploads\/sites\/2\/2019\/03\/logo-nuevo-portada-300x85.png","datePublished":"2019-03-21T14:06:55+00:00","dateModified":"2023-04-18T11:14:24+00:00","breadcrumb":{"@id":"https:\/\/sienteomana.com\/en\/naturaleza-3\/#breadcrumb"},"inLanguage":"es","potentialAction":[{"@type":"ReadAction","target":["https:\/\/sienteomana.com\/en\/naturaleza-3\/"]}]},{"@type":"ImageObject","inLanguage":"es","@id":"https:\/\/sienteomana.com\/en\/naturaleza-3\/#primaryimage","url":"https:\/\/sienteomana.com\/wp-content\/uploads\/sites\/2\/2019\/03\/logo-nuevo-portada-300x85.png","contentUrl":"https:\/\/sienteomana.com\/wp-content\/uploads\/sites\/2\/2019\/03\/logo-nuevo-portada-300x85.png"},{"@type":"BreadcrumbList","@id":"https:\/\/sienteomana.com\/en\/naturaleza-3\/#breadcrumb","itemListElement":[{"@type":"ListItem","position":1,"name":"Home","item":"https:\/\/sienteomana.com\/en\/"},{"@type":"ListItem","position":2,"name":"NATURE"}]},{"@type":"WebSite","@id":"https:\/\/sienteomana.com\/en\/#website","url":"https:\/\/sienteomana.com\/en\/","name":"(EN) Siente Oma\u00f1a","description":"Oma\u00f1a","potentialAction":[{"@type":"SearchAction","target":{"@type":"EntryPoint","urlTemplate":"https:\/\/sienteomana.com\/en\/?s={search_term_string}"},"query-input":{"@type":"PropertyValueSpecification","valueRequired":true,"valueName":"search_term_string"}}],"inLanguage":"es"}]}},"_links":{"self":[{"href":"https:\/\/sienteomana.com\/en\/wp-json\/wp\/v2\/pages\/10776","targetHints":{"allow":["GET"]}}],"collection":[{"href":"https:\/\/sienteomana.com\/en\/wp-json\/wp\/v2\/pages"}],"about":[{"href":"https:\/\/sienteomana.com\/en\/wp-json\/wp\/v2\/types\/page"}],"author":[{"embeddable":true,"href":"https:\/\/sienteomana.com\/en\/wp-json\/wp\/v2\/users\/2"}],"replies":[{"embeddable":true,"href":"https:\/\/sienteomana.com\/en\/wp-json\/wp\/v2\/comments?post=10776"}],"version-history":[{"count":59,"href":"https:\/\/sienteomana.com\/en\/wp-json\/wp\/v2\/pages\/10776\/revisions"}],"predecessor-version":[{"id":14764,"href":"https:\/\/sienteomana.com\/en\/wp-json\/wp\/v2\/pages\/10776\/revisions\/14764"}],"wp:attachment":[{"href":"https:\/\/sienteomana.com\/en\/wp-json\/wp\/v2\/media?parent=10776"}],"curies":[{"name":"wp","href":"https:\/\/api.w.org\/{rel}","templated":true}]}}